{"id":5638,"date":"2021-07-13T09:49:25","date_gmt":"2021-07-13T06:49:25","guid":{"rendered":"https:\/\/portaltest.atauni.edu.tr\/bilgisayar-muhendisligi\/?page_id=5638"},"modified":"2021-12-01T14:08:58","modified_gmt":"2021-12-01T11:08:58","slug":"tarihce","status":"publish","type":"page","link":"https:\/\/atauni.edu.tr\/kimya-muhendisligi\/tarihce\/","title":{"rendered":"Tarih\u00e7e"},"content":{"rendered":"\t\t<div data-elementor-type=\"wp-page\" data-elementor-id=\"5638\" class=\"elementor elementor-5638\" data-elementor-post-type=\"page\">\n\t\t\t\t\t\t<section class=\"elementor-section elementor-top-section elementor-element elementor-element-730d320 elementor-section-boxed elementor-section-height-default elementor-section-height-default\" data-id=\"730d320\" data-element_type=\"section\">\n\t\t\t\t\t\t<div class=\"elementor-container elementor-column-gap-default\">\n\t\t\t\t\t<div class=\"elementor-column elementor-col-100 elementor-top-column elementor-element elementor-element-753d0860\" data-id=\"753d0860\" data-element_type=\"column\">\n\t\t\t<div class=\"elementor-widget-wrap\">\n\t\t\t\t\t\t\t<\/div>\n\t\t<\/div>\n\t\t\t\t\t<\/div>\n\t\t<\/section>\n\t\t\t\t<section class=\"elementor-section elementor-top-section elementor-element elementor-element-9be811a elementor-section-boxed elementor-section-height-default elementor-section-height-default\" data-id=\"9be811a\" data-element_type=\"section\">\n\t\t\t\t\t\t<div class=\"elementor-container elementor-column-gap-default\">\n\t\t\t\t\t<div class=\"elementor-column elementor-col-100 elementor-top-column elementor-element elementor-element-1ed847b7\" data-id=\"1ed847b7\" data-element_type=\"column\">\n\t\t\t<div class=\"elementor-widget-wrap elementor-element-populated\">\n\t\t\t\t\t\t<div class=\"elementor-element elementor-element-4ce0d07f elementor-widget elementor-widget-heading\" data-id=\"4ce0d07f\" data-element_type=\"widget\" data-widget_type=\"heading.default\">\n\t\t\t\t<div class=\"elementor-widget-container\">\n\t\t\t\t\t<h2 class=\"elementor-heading-title elementor-size-default\">Tarih\u00e7e<\/h2>\t\t\t\t<\/div>\n\t\t\t\t<\/div>\n\t\t\t\t<div class=\"elementor-element elementor-element-63260862 elementor-widget-divider--view-line elementor-widget elementor-widget-divider\" data-id=\"63260862\" data-element_type=\"widget\" data-widget_type=\"divider.default\">\n\t\t\t\t<div class=\"elementor-widget-container\">\n\t\t\t\t\t\t\t<div class=\"elementor-divider\">\n\t\t\t<span class=\"elementor-divider-separator\">\n\t\t\t\t\t\t<\/span>\n\t\t<\/div>\n\t\t\t\t\t\t<\/div>\n\t\t\t\t<\/div>\n\t\t\t\t\t<\/div>\n\t\t<\/div>\n\t\t\t\t\t<\/div>\n\t\t<\/section>\n\t\t\t\t<section class=\"elementor-section elementor-top-section elementor-element elementor-element-681db8b elementor-section-boxed elementor-section-height-default elementor-section-height-default\" data-id=\"681db8b\" data-element_type=\"section\">\n\t\t\t\t\t\t<div class=\"elementor-container elementor-column-gap-default\">\n\t\t\t\t\t<div class=\"elementor-column elementor-col-100 elementor-top-column elementor-element elementor-element-ad4dac5\" data-id=\"ad4dac5\" data-element_type=\"column\">\n\t\t\t<div class=\"elementor-widget-wrap elementor-element-populated\">\n\t\t\t\t\t\t<div class=\"elementor-element elementor-element-2f96b3d elementor-widget elementor-widget-text-editor\" data-id=\"2f96b3d\" data-element_type=\"widget\" data-widget_type=\"text-editor.default\">\n\t\t\t\t<div class=\"elementor-widget-container\">\n\t\t\t\t\t\t\t\t\t<p>Atat\u00fcrk \u00dcniversitesi M\u00fchendislik Fak\u00fcltesi Kimya M\u00fchendisli\u011fi B\u00f6l\u00fcm\u00fc, 1982 y\u0131l\u0131nda kurulmu\u015f olup toplam 25.000 m\u00b2\u2019lik alanda tesis edilen M\u00fchendislik Fak\u00fcltesi binas\u0131 i\u00e7inde yer almaktad\u0131r. Kimya M\u00fchendisli\u011fi B\u00f6l\u00fcm\u00fc, kuruldu\u011fu g\u00fcnden bug\u00fcne kadar personel ve te\u00e7hizat bak\u0131m\u0131ndan h\u0131zla geli\u015ferek g\u00fc\u00e7l\u00fc bir akademisyen kadrosu ve geni\u015f laboratuvar imk\u00e2nlar\u0131na kavu\u015fmu\u015ftur.<\/p><p>Kimya M\u00fchendisli\u011fi B\u00f6l\u00fcm\u00fc, Temel \u0130\u015flemler ve Termodinamik, Kimyasal Teknolojiler ile Proses ve Reakt\u00f6r Tasar\u0131m\u0131 olmak \u00fczere \u00fc\u00e7 temel ana bilim dal\u0131ndan olu\u015fmu\u015ftur. Bu ana bilim dallar\u0131nda on iki profes\u00f6r, be\u015f do\u00e7ent, yedi doktor \u00f6\u011fretim \u00fcyesi, be\u015f ara\u015ft\u0131rma g\u00f6revlisi, bir doktor ara\u015ft\u0131rma g\u00f6revlisi, bir uzman, bir kimyager, bir teknisyen ve bir \u00a0idari personel kadrosuyla hizmet vermektedir.<\/p><p>Kimya M\u00fchendisli\u011finin misyonu; temel m\u00fchendislik ve kimya bilgilerine sahip, teori ile uygulamay\u0131 birle\u015ftirebilen farkl\u0131 disiplinler ile ileti\u015fim kurabilen, ekip \u00e7al\u0131\u015fmas\u0131na uyumlu, ara\u015ft\u0131r\u0131c\u0131, etik de\u011ferlere sayg\u0131l\u0131, \u00fclke ve insanl\u0131k sorunlar\u0131na duyarl\u0131 m\u00fchendis ve bilim adam\u0131 yeti\u015ftirmek; b\u00f6lgesel ve ulusal geli\u015fmeye hizmet edecek projeler ger\u00e7ekle\u015ftirerek ulusal kalk\u0131nmaya katk\u0131da bulunan bir kimya m\u00fchendisli\u011fi b\u00f6l\u00fcm\u00fc olmakt\u0131r.<\/p><p>Kimya M\u00fchendisli\u011fi vizyonu; \u00a0verdi\u011fimiz e\u011fitim, sahip oldu\u011fumuz akademik kadro, sekt\u00f6rel ve bilimsel ara\u015ft\u0131rmalar\u0131m\u0131z ile \u00fclkenin en g\u00fc\u00e7l\u00fc Kimya M\u00fchendisli\u011fi b\u00f6l\u00fcmlerinden biri olmakt\u0131r.<\/p>\t\t\t\t\t\t\t\t<\/div>\n\t\t\t\t<\/div>\n\t\t\t\t\t<\/div>\n\t\t<\/div>\n\t\t\t\t\t<\/div>\n\t\t<\/section>\n\t\t\t\t<\/div>\n\t\t","protected":false},"excerpt":{"rendered":"<p>Tarih\u00e7e Atat\u00fcrk \u00dcniversitesi M\u00fchendislik Fak\u00fcltesi Kimya M\u00fchendisli\u011fi B\u00f6l\u00fcm\u00fc, 1982 y\u0131l\u0131nda kurulmu\u015f olup toplam 25.000 m\u00b2\u2019lik alanda tesis edilen M\u00fchendislik Fak\u00fcltesi binas\u0131 i\u00e7inde yer almaktad\u0131r. Kimya M\u00fchendisli\u011fi B\u00f6l\u00fcm\u00fc, kuruldu\u011fu g\u00fcnden bug\u00fcne kadar personel ve te\u00e7hizat bak\u0131m\u0131ndan h\u0131zla geli\u015ferek g\u00fc\u00e7l\u00fc bir akademisyen kadrosu ve geni\u015f laboratuvar imk\u00e2nlar\u0131na kavu\u015fmu\u015ftur. Kimya M\u00fchendisli\u011fi B\u00f6l\u00fcm\u00fc, Temel \u0130\u015flemler ve Termodinamik, Kimyasal Teknolojiler [&hellip;]<\/p>\n","protected":false},"author":1,"featured_media":0,"parent":0,"menu_order":0,"comment_status":"closed","ping_status":"closed","template":"","meta":{"footnotes":""},"class_list":["post-5638","page","type-page","status-publish","hentry"],"_links":{"self":[{"href":"https:\/\/atauni.edu.tr\/kimya-muhendisligi\/wp-json\/wp\/v2\/pages\/5638","targetHints":{"allow":["GET"]}}],"collection":[{"href":"https:\/\/atauni.edu.tr\/kimya-muhendisligi\/wp-json\/wp\/v2\/pages"}],"about":[{"href":"https:\/\/atauni.edu.tr\/kimya-muhendisligi\/wp-json\/wp\/v2\/types\/page"}],"author":[{"embeddable":true,"href":"https:\/\/atauni.edu.tr\/kimya-muhendisligi\/wp-json\/wp\/v2\/users\/1"}],"replies":[{"embeddable":true,"href":"https:\/\/atauni.edu.tr\/kimya-muhendisligi\/wp-json\/wp\/v2\/comments?post=5638"}],"version-history":[{"count":37,"href":"https:\/\/atauni.edu.tr\/kimya-muhendisligi\/wp-json\/wp\/v2\/pages\/5638\/revisions"}],"predecessor-version":[{"id":6193,"href":"https:\/\/atauni.edu.tr\/kimya-muhendisligi\/wp-json\/wp\/v2\/pages\/5638\/revisions\/6193"}],"wp:attachment":[{"href":"https:\/\/atauni.edu.tr\/kimya-muhendisligi\/wp-json\/wp\/v2\/media?parent=5638"}],"curies":[{"name":"wp","href":"https:\/\/api.w.org\/{rel}","templated":true}]}}