{"id":5751,"date":"2021-07-13T12:50:27","date_gmt":"2021-07-13T09:50:27","guid":{"rendered":"https:\/\/portaltest.atauni.edu.tr\/bilgisayar-muhendisligi\/?page_id=5751"},"modified":"2021-12-02T14:59:47","modified_gmt":"2021-12-02T11:59:47","slug":"lisansustu-ders-listesi","status":"publish","type":"page","link":"https:\/\/atauni.edu.tr\/kimya-muhendisligi\/lisansustu-ders-listesi\/","title":{"rendered":"Ders Listesi"},"content":{"rendered":"\t\t<div data-elementor-type=\"wp-page\" data-elementor-id=\"5751\" class=\"elementor elementor-5751\" data-elementor-post-type=\"page\">\n\t\t\t\t\t\t<section class=\"elementor-section elementor-top-section elementor-element elementor-element-730d320 elementor-section-boxed elementor-section-height-default elementor-section-height-default\" data-id=\"730d320\" data-element_type=\"section\">\n\t\t\t\t\t\t<div class=\"elementor-container elementor-column-gap-default\">\n\t\t\t\t\t<div class=\"elementor-column elementor-col-100 elementor-top-column elementor-element elementor-element-753d0860\" data-id=\"753d0860\" data-element_type=\"column\">\n\t\t\t<div class=\"elementor-widget-wrap\">\n\t\t\t\t\t\t\t<\/div>\n\t\t<\/div>\n\t\t\t\t\t<\/div>\n\t\t<\/section>\n\t\t\t\t<section class=\"elementor-section elementor-top-section elementor-element elementor-element-9be811a elementor-section-boxed elementor-section-height-default elementor-section-height-default\" data-id=\"9be811a\" data-element_type=\"section\">\n\t\t\t\t\t\t<div class=\"elementor-container elementor-column-gap-default\">\n\t\t\t\t\t<div class=\"elementor-column elementor-col-100 elementor-top-column elementor-element elementor-element-1ed847b7\" data-id=\"1ed847b7\" data-element_type=\"column\">\n\t\t\t<div class=\"elementor-widget-wrap elementor-element-populated\">\n\t\t\t\t\t\t<div class=\"elementor-element elementor-element-4ce0d07f elementor-widget elementor-widget-heading\" data-id=\"4ce0d07f\" data-element_type=\"widget\" data-widget_type=\"heading.default\">\n\t\t\t\t<div class=\"elementor-widget-container\">\n\t\t\t\t\t<h2 class=\"elementor-heading-title elementor-size-default\">Lisans\u00fcst\u00fc Ders Listesi<\/h2>\t\t\t\t<\/div>\n\t\t\t\t<\/div>\n\t\t\t\t<div class=\"elementor-element elementor-element-63260862 elementor-widget-divider--view-line elementor-widget elementor-widget-divider\" data-id=\"63260862\" data-element_type=\"widget\" data-widget_type=\"divider.default\">\n\t\t\t\t<div class=\"elementor-widget-container\">\n\t\t\t\t\t\t\t<div class=\"elementor-divider\">\n\t\t\t<span class=\"elementor-divider-separator\">\n\t\t\t\t\t\t<\/span>\n\t\t<\/div>\n\t\t\t\t\t\t<\/div>\n\t\t\t\t<\/div>\n\t\t\t\t\t<\/div>\n\t\t<\/div>\n\t\t\t\t\t<\/div>\n\t\t<\/section>\n\t\t\t\t<section class=\"elementor-section elementor-top-section elementor-element elementor-element-6a5b7ef elementor-section-boxed elementor-section-height-default elementor-section-height-default\" data-id=\"6a5b7ef\" data-element_type=\"section\">\n\t\t\t\t\t\t<div class=\"elementor-container elementor-column-gap-default\">\n\t\t\t\t\t<div class=\"elementor-column elementor-col-100 elementor-top-column elementor-element elementor-element-ce70762\" data-id=\"ce70762\" data-element_type=\"column\">\n\t\t\t<div class=\"elementor-widget-wrap elementor-element-populated\">\n\t\t\t\t\t\t<div class=\"elementor-element elementor-element-b780842 elementor-widget elementor-widget-text-editor\" data-id=\"b780842\" data-element_type=\"widget\" data-widget_type=\"text-editor.default\">\n\t\t\t\t<div class=\"elementor-widget-container\">\n\t\t\t\t\t\t\t\t\t<p>Kimya M\u00fchendisli\u011fi lisans\u00fcst\u00fc programlar\u0131na ait dersler\u00a0<\/p>\t\t\t\t\t\t\t\t<\/div>\n\t\t\t\t<\/div>\n\t\t\t\t<section class=\"elementor-section elementor-inner-section elementor-element elementor-element-36b701a elementor-section-boxed elementor-section-height-default elementor-section-height-default\" data-id=\"36b701a\" data-element_type=\"section\">\n\t\t\t\t\t\t<div class=\"elementor-container elementor-column-gap-default\">\n\t\t\t\t\t<div class=\"elementor-column elementor-col-50 elementor-inner-column elementor-element elementor-element-8dadedf\" data-id=\"8dadedf\" data-element_type=\"column\">\n\t\t\t<div class=\"elementor-widget-wrap elementor-element-populated\">\n\t\t\t\t\t\t<div class=\"elementor-element elementor-element-0545137 elementor-widget elementor-widget-text-editor\" data-id=\"0545137\" data-element_type=\"widget\" data-widget_type=\"text-editor.default\">\n\t\t\t\t<div class=\"elementor-widget-container\">\n\t\t\t\t\t\t\t\t\t<table><tbody><tr><td colspan=\"5\" width=\"614\"><strong>K\u0130MYA M\u00dcHEND\u0130SL\u0130\u011e\u0130 ANAB\u0130L\u0130M DALI DERSLER\u0130<\/strong><\/td><\/tr><tr><td colspan=\"5\" width=\"614\"><strong>Y\u00dcKSEK L\u0130SANS<\/strong><\/td><\/tr><tr><td width=\"132\">FBKM\u00c7503<\/td><td width=\"302\">Ta\u015f\u0131n\u0131m Olaylar\u0131 I<\/td><td width=\"66\">3<\/td><td width=\"57\">\u00c7<\/td><td width=\"56\">G<\/td><\/tr><tr><td width=\"132\">FBKMS501<\/td><td width=\"302\">Yak\u0131t Pilleri<\/td><td width=\"66\">3<\/td><td width=\"57\">S<\/td><td width=\"56\">G<\/td><\/tr><tr><td width=\"132\">FBKM\u00c7507<\/td><td width=\"302\">Membran Teknolojisinin Temel Prensipleri<\/td><td width=\"66\">3<\/td><td width=\"57\">\u00c7<\/td><td width=\"56\">G<\/td><\/tr><tr><td width=\"132\">FBKMS519<\/td><td width=\"302\">Proses Teknolojileri<\/td><td width=\"66\">3<\/td><td width=\"57\">S<\/td><td width=\"56\">G<\/td><\/tr><tr><td width=\"132\">FBKMS515<\/td><td width=\"302\">Hidrometalurjik S\u00fcre\u00e7lerin Kimyas\u0131<\/td><td width=\"66\">3<\/td><td width=\"57\">S<\/td><td width=\"56\">G<\/td><\/tr><tr><td width=\"132\">FBKM\u00c7505<\/td><td width=\"302\">Termal Analiz Y\u00f6ntemi Ve Uygulamalar\u0131<\/td><td width=\"66\">3<\/td><td width=\"57\">\u00c7<\/td><td width=\"56\">G<\/td><\/tr><tr><td width=\"132\">FBKM\u00c7511<\/td><td width=\"302\">\u0130leri Kimya M\u00fchendisli\u011fi Termodinami\u011fi I<\/td><td width=\"66\">3<\/td><td width=\"57\">\u00c7<\/td><td width=\"56\">G<\/td><\/tr><tr><td width=\"132\">FBKMS509<\/td><td width=\"302\">Is\u0131 Transferi \u0130yile\u015ftirme Teknikleri<\/td><td width=\"66\">3<\/td><td width=\"57\">S<\/td><td width=\"56\">G<\/td><\/tr><tr><td width=\"132\">FBKM\u00c7513<\/td><td width=\"302\">Kimya M\u00fchendisli\u011finde Biyotepkimeler<\/td><td width=\"66\">3<\/td><td width=\"57\">\u00c7<\/td><td width=\"56\">G<\/td><\/tr><tr><td width=\"132\">FBKMS517<\/td><td width=\"302\">Korozyon M\u00fchendisli\u011fi Ve Uygulamalar\u0131<\/td><td width=\"66\">3<\/td><td width=\"57\">S<\/td><td width=\"56\">G<\/td><\/tr><tr><td width=\"132\">FBKMS523<\/td><td width=\"302\">Mikroak\u0131\u015fkanlar Ve Mini-Mikro Kanallarda Transfer<\/td><td width=\"66\">3<\/td><td width=\"57\">S<\/td><td width=\"56\">G<\/td><\/tr><tr><td width=\"132\">FBKMS521<\/td><td width=\"302\">Yak\u0131tlar Ve Yanma Teknolojileri<\/td><td width=\"66\">3<\/td><td width=\"57\">S<\/td><td width=\"56\">G<\/td><\/tr><tr><td width=\"132\">FBKMS525<\/td><td width=\"302\">Biyobenzetim ve Uygulamalar\u0131<\/td><td width=\"66\">3<\/td><td width=\"57\">S<\/td><td width=\"56\">G<\/td><\/tr><tr><td width=\"132\">FBKMS527<\/td><td width=\"302\">Y\u00fczey Zenginle\u015ftirilmi\u015f Raman Spektroskopisi (SERS) ve Uygulamalar\u0131<\/td><td width=\"66\">3<\/td><td width=\"57\">S<\/td><td width=\"56\">G<\/td><\/tr><tr><td colspan=\"5\" width=\"614\"><strong>DOKTORA<\/strong><\/td><\/tr><tr><td width=\"132\">FBKMS603<\/td><td width=\"302\">Katalitik Reaksiyon M\u00fchendisli\u011fi<\/td><td width=\"66\">3<\/td><td width=\"57\">S<\/td><td width=\"56\">G<\/td><\/tr><tr><td width=\"132\">FBKM\u00c7605<\/td><td width=\"302\">Hidrometallurjik Proseslerin Esaslar\u0131<\/td><td width=\"66\">3<\/td><td width=\"57\">\u00c7<\/td><td width=\"56\">G<\/td><\/tr><tr><td width=\"132\">FBKM\u00c7609<\/td><td width=\"302\">\u0130leri Kimyasal Reaksiyon M\u00fchendisli\u011fi<\/td><td width=\"66\">3<\/td><td width=\"57\">\u00c7<\/td><td width=\"56\">G<\/td><\/tr><tr><td width=\"132\">FBKMS607<\/td><td width=\"302\">\u0130leri Biyoreakt\u00f6r Tasar\u0131m\u0131<\/td><td width=\"66\">3<\/td><td width=\"57\">S<\/td><td width=\"56\">G<\/td><\/tr><\/tbody><\/table>\t\t\t\t\t\t\t\t<\/div>\n\t\t\t\t<\/div>\n\t\t\t\t\t<\/div>\n\t\t<\/div>\n\t\t\t\t<div class=\"elementor-column elementor-col-50 elementor-inner-column elementor-element elementor-element-aa12582\" data-id=\"aa12582\" data-element_type=\"column\">\n\t\t\t<div class=\"elementor-widget-wrap elementor-element-populated\">\n\t\t\t\t\t\t\t<\/div>\n\t\t<\/div>\n\t\t\t\t\t<\/div>\n\t\t<\/section>\n\t\t\t\t\t<\/div>\n\t\t<\/div>\n\t\t\t\t\t<\/div>\n\t\t<\/section>\n\t\t\t\t<\/div>\n\t\t","protected":false},"excerpt":{"rendered":"<p>Lisans\u00fcst\u00fc Ders Listesi Kimya M\u00fchendisli\u011fi lisans\u00fcst\u00fc programlar\u0131na ait dersler\u00a0 K\u0130MYA M\u00dcHEND\u0130SL\u0130\u011e\u0130 ANAB\u0130L\u0130M DALI DERSLER\u0130 Y\u00dcKSEK L\u0130SANS FBKM\u00c7503 Ta\u015f\u0131n\u0131m Olaylar\u0131 I 3 \u00c7 G FBKMS501 Yak\u0131t Pilleri 3 S G FBKM\u00c7507 Membran Teknolojisinin Temel Prensipleri 3 \u00c7 G FBKMS519 Proses Teknolojileri 3 S G FBKMS515 Hidrometalurjik S\u00fcre\u00e7lerin Kimyas\u0131 3 S G FBKM\u00c7505 Termal Analiz Y\u00f6ntemi Ve [&hellip;]<\/p>\n","protected":false},"author":1,"featured_media":0,"parent":0,"menu_order":0,"comment_status":"closed","ping_status":"closed","template":"elementor_header_footer","meta":{"footnotes":""},"class_list":["post-5751","page","type-page","status-publish","hentry"],"_links":{"self":[{"href":"https:\/\/atauni.edu.tr\/kimya-muhendisligi\/wp-json\/wp\/v2\/pages\/5751","targetHints":{"allow":["GET"]}}],"collection":[{"href":"https:\/\/atauni.edu.tr\/kimya-muhendisligi\/wp-json\/wp\/v2\/pages"}],"about":[{"href":"https:\/\/atauni.edu.tr\/kimya-muhendisligi\/wp-json\/wp\/v2\/types\/page"}],"author":[{"embeddable":true,"href":"https:\/\/atauni.edu.tr\/kimya-muhendisligi\/wp-json\/wp\/v2\/users\/1"}],"replies":[{"embeddable":true,"href":"https:\/\/atauni.edu.tr\/kimya-muhendisligi\/wp-json\/wp\/v2\/comments?post=5751"}],"version-history":[{"count":14,"href":"https:\/\/atauni.edu.tr\/kimya-muhendisligi\/wp-json\/wp\/v2\/pages\/5751\/revisions"}],"predecessor-version":[{"id":6276,"href":"https:\/\/atauni.edu.tr\/kimya-muhendisligi\/wp-json\/wp\/v2\/pages\/5751\/revisions\/6276"}],"wp:attachment":[{"href":"https:\/\/atauni.edu.tr\/kimya-muhendisligi\/wp-json\/wp\/v2\/media?parent=5751"}],"curies":[{"name":"wp","href":"https:\/\/api.w.org\/{rel}","templated":true}]}}