{"id":5765,"date":"2021-07-13T12:56:51","date_gmt":"2021-07-13T09:56:51","guid":{"rendered":"https:\/\/portaltest.atauni.edu.tr\/bilgisayar-muhendisligi\/?page_id=5765"},"modified":"2025-03-13T17:02:10","modified_gmt":"2025-03-13T14:02:10","slug":"anabilim-dallari","status":"publish","type":"page","link":"https:\/\/atauni.edu.tr\/kimya-muhendisligi\/anabilim-dallari\/","title":{"rendered":"Anabilim Dallar\u0131"},"content":{"rendered":"\t\t<div data-elementor-type=\"wp-page\" data-elementor-id=\"5765\" class=\"elementor elementor-5765\" data-elementor-post-type=\"page\">\n\t\t\t\t\t\t<section class=\"elementor-section elementor-top-section elementor-element elementor-element-9be811a elementor-section-boxed elementor-section-height-default elementor-section-height-default\" data-id=\"9be811a\" data-element_type=\"section\">\n\t\t\t\t\t\t<div class=\"elementor-container elementor-column-gap-default\">\n\t\t\t\t\t<div class=\"elementor-column elementor-col-100 elementor-top-column elementor-element elementor-element-1ed847b7\" data-id=\"1ed847b7\" data-element_type=\"column\">\n\t\t\t<div class=\"elementor-widget-wrap elementor-element-populated\">\n\t\t\t\t\t\t<div class=\"elementor-element elementor-element-4ce0d07f elementor-widget elementor-widget-heading\" data-id=\"4ce0d07f\" data-element_type=\"widget\" data-widget_type=\"heading.default\">\n\t\t\t\t<div class=\"elementor-widget-container\">\n\t\t\t\t\t<h5 class=\"elementor-heading-title elementor-size-large\"><b>Anabilim Dallar\u0131<\/b><\/h5>\t\t\t\t<\/div>\n\t\t\t\t<\/div>\n\t\t\t\t<div class=\"elementor-element elementor-element-63260862 elementor-widget-divider--view-line elementor-widget elementor-widget-divider\" data-id=\"63260862\" data-element_type=\"widget\" data-widget_type=\"divider.default\">\n\t\t\t\t<div class=\"elementor-widget-container\">\n\t\t\t\t\t\t\t<div class=\"elementor-divider\">\n\t\t\t<span class=\"elementor-divider-separator\">\n\t\t\t\t\t\t<\/span>\n\t\t<\/div>\n\t\t\t\t\t\t<\/div>\n\t\t\t\t<\/div>\n\t\t\t\t\t<\/div>\n\t\t<\/div>\n\t\t\t\t\t<\/div>\n\t\t<\/section>\n\t\t\t\t<section class=\"elementor-section elementor-top-section elementor-element elementor-element-681db8b elementor-section-boxed elementor-section-height-default elementor-section-height-default\" data-id=\"681db8b\" data-element_type=\"section\">\n\t\t\t\t\t\t<div class=\"elementor-container elementor-column-gap-default\">\n\t\t\t\t\t<div class=\"elementor-column elementor-col-100 elementor-top-column elementor-element elementor-element-ad4dac5\" data-id=\"ad4dac5\" data-element_type=\"column\">\n\t\t\t<div class=\"elementor-widget-wrap elementor-element-populated\">\n\t\t\t\t\t\t<div class=\"elementor-element elementor-element-2f96b3d elementor-widget elementor-widget-text-editor\" data-id=\"2f96b3d\" data-element_type=\"widget\" data-widget_type=\"text-editor.default\">\n\t\t\t\t<div class=\"elementor-widget-container\">\n\t\t\t\t\t\t\t\t\t<div><ul><li><b>Temel \u0130\u015flemler ve Termodinamik<\/b><\/li><\/ul><\/div><p style=\"padding-left: 40px\">Prof. Dr. Fatih Sevim<br \/>Prof. Dr. \u00d6mer La\u00e7in<br \/>Prof. Dr. \u00d6zlem Korkut<br \/>Prof. Dr. Saliha Erent\u00fcrk<br \/>Do\u00e7. Dr. Bahar Bayrak<br \/>Do\u00e7. Dr. Hatice Bayrak\u00e7eken<br \/>Do\u00e7. Dr. M. Emin Arzutu\u011f<\/p>\t\t\t\t\t\t\t\t<\/div>\n\t\t\t\t<\/div>\n\t\t\t\t\t<\/div>\n\t\t<\/div>\n\t\t\t\t\t<\/div>\n\t\t<\/section>\n\t\t\t\t<section class=\"elementor-section elementor-top-section elementor-element elementor-element-31f898a elementor-section-boxed elementor-section-height-default elementor-section-height-default\" data-id=\"31f898a\" data-element_type=\"section\">\n\t\t\t\t\t\t<div class=\"elementor-container elementor-column-gap-default\">\n\t\t\t\t\t<div class=\"elementor-column elementor-col-100 elementor-top-column elementor-element elementor-element-4b6d32c\" data-id=\"4b6d32c\" data-element_type=\"column\">\n\t\t\t<div class=\"elementor-widget-wrap elementor-element-populated\">\n\t\t\t\t\t\t<div class=\"elementor-element elementor-element-8b2aba8 elementor-widget elementor-widget-text-editor\" data-id=\"8b2aba8\" data-element_type=\"widget\" data-widget_type=\"text-editor.default\">\n\t\t\t\t<div class=\"elementor-widget-container\">\n\t\t\t\t\t\t\t\t\t<ul><li><b>Kimyasal Teknolojiler<\/b><\/li><\/ul><p style=\"padding-left: 40px\">Prof. Dr. A. Vildan Be\u015fe<br \/>Prof. Dr. B\u00fcnyamin D\u00f6nmez<br \/>Prof. Dr. Fatih Demir<br \/>Prof. Dr. Osman Nuri Ata<br \/>Do\u00e7. Dr. Arzu Kanca<br \/>Dr. \u00d6\u011fr. \u00dcyesi Zafer Ekinci<br \/>Dr. \u00d6\u011fr. \u00dcyesi Meltem K\u0131z\u0131lca \u00c7oruh<br \/>Dr. \u00d6\u011fr. \u00dcyesi Serdar Aral<\/p>\t\t\t\t\t\t\t\t<\/div>\n\t\t\t\t<\/div>\n\t\t\t\t\t<\/div>\n\t\t<\/div>\n\t\t\t\t\t<\/div>\n\t\t<\/section>\n\t\t\t\t<section class=\"elementor-section elementor-top-section elementor-element elementor-element-d88fe94 elementor-section-boxed elementor-section-height-default elementor-section-height-default\" data-id=\"d88fe94\" data-element_type=\"section\">\n\t\t\t\t\t\t<div class=\"elementor-container elementor-column-gap-default\">\n\t\t\t\t\t<div class=\"elementor-column elementor-col-100 elementor-top-column elementor-element elementor-element-a51f631\" data-id=\"a51f631\" data-element_type=\"column\">\n\t\t\t<div class=\"elementor-widget-wrap elementor-element-populated\">\n\t\t\t\t\t\t<div class=\"elementor-element elementor-element-e88f61a elementor-widget elementor-widget-text-editor\" data-id=\"e88f61a\" data-element_type=\"widget\" data-widget_type=\"text-editor.default\">\n\t\t\t\t<div class=\"elementor-widget-container\">\n\t\t\t\t\t\t\t\t\t<div><ul><li><b>Proses ve Reakt\u00f6r Tasar\u0131m\u0131<\/b><\/li><\/ul><\/div><p style=\"padding-left: 40px\">Prof. Dr. A. Kadir \u00d6zer<br \/>Prof. Dr. Ay\u015fe Bayrak\u00e7eken<br \/>Prof. Dr. Enes \u015eayan<br \/>Prof. Dr. H\u00fcseyin Okur<br \/>Prof. Dr. Soner Ku\u015flu<br \/>Prof. Dr. Mehmet Y\u0131lmaz<br \/>Prof. Dr. Taner Tekin<br \/>Do\u00e7. Dr. Hakan K\u0131z\u0131lta\u015f<br \/>Do\u00e7. Dr. Hakan Temur<br \/>Do\u00e7. Dr. Jale Naktiyok<br \/>Do\u00e7. Dr. Tuba Hatice Do\u011fan<br \/>Dr. \u00d6\u011fr. \u00dcyesi \u00d6zlem Karag\u00f6z<br \/>Dr. \u00d6\u011fr. \u00dcyesi Ay\u015fenur \u00d6zt\u00fcrk Ayd\u0131n<br \/>Dr. \u00d6\u011fr. \u00dcyesi Berrak \u00c7al\u0131\u015fkan<br \/>Ar\u015f. G\u00f6r. Melis Irmak EREN<\/p>\t\t\t\t\t\t\t\t<\/div>\n\t\t\t\t<\/div>\n\t\t\t\t\t<\/div>\n\t\t<\/div>\n\t\t\t\t\t<\/div>\n\t\t<\/section>\n\t\t\t\t<\/div>\n\t\t","protected":false},"excerpt":{"rendered":"<p>Anabilim Dallar\u0131 Temel \u0130\u015flemler ve Termodinamik Prof. Dr. Fatih SevimProf. Dr. \u00d6mer La\u00e7inProf. Dr. \u00d6zlem KorkutProf. Dr. Saliha Erent\u00fcrkDo\u00e7. Dr. Bahar BayrakDo\u00e7. Dr. Hatice Bayrak\u00e7ekenDo\u00e7. Dr. M. Emin Arzutu\u011f Kimyasal Teknolojiler Prof. Dr. A. Vildan Be\u015feProf. Dr. B\u00fcnyamin D\u00f6nmezProf. Dr. Fatih DemirProf. Dr. Osman Nuri AtaDo\u00e7. Dr. Arzu KancaDr. \u00d6\u011fr. \u00dcyesi Zafer EkinciDr. \u00d6\u011fr. \u00dcyesi [&hellip;]<\/p>\n","protected":false},"author":1,"featured_media":0,"parent":0,"menu_order":0,"comment_status":"closed","ping_status":"closed","template":"elementor_header_footer","meta":{"footnotes":""},"class_list":["post-5765","page","type-page","status-publish","hentry"],"_links":{"self":[{"href":"https:\/\/atauni.edu.tr\/kimya-muhendisligi\/wp-json\/wp\/v2\/pages\/5765","targetHints":{"allow":["GET"]}}],"collection":[{"href":"https:\/\/atauni.edu.tr\/kimya-muhendisligi\/wp-json\/wp\/v2\/pages"}],"about":[{"href":"https:\/\/atauni.edu.tr\/kimya-muhendisligi\/wp-json\/wp\/v2\/types\/page"}],"author":[{"embeddable":true,"href":"https:\/\/atauni.edu.tr\/kimya-muhendisligi\/wp-json\/wp\/v2\/users\/1"}],"replies":[{"embeddable":true,"href":"https:\/\/atauni.edu.tr\/kimya-muhendisligi\/wp-json\/wp\/v2\/comments?post=5765"}],"version-history":[{"count":42,"href":"https:\/\/atauni.edu.tr\/kimya-muhendisligi\/wp-json\/wp\/v2\/pages\/5765\/revisions"}],"predecessor-version":[{"id":6738,"href":"https:\/\/atauni.edu.tr\/kimya-muhendisligi\/wp-json\/wp\/v2\/pages\/5765\/revisions\/6738"}],"wp:attachment":[{"href":"https:\/\/atauni.edu.tr\/kimya-muhendisligi\/wp-json\/wp\/v2\/media?parent=5765"}],"curies":[{"name":"wp","href":"https:\/\/api.w.org\/{rel}","templated":true}]}}