{"id":5791,"date":"2021-07-13T13:07:15","date_gmt":"2021-07-13T10:07:15","guid":{"rendered":"https:\/\/portaltest.atauni.edu.tr\/bilgisayar-muhendisligi\/?page_id=5791"},"modified":"2021-12-01T15:24:05","modified_gmt":"2021-12-01T12:24:05","slug":"staj","status":"publish","type":"page","link":"https:\/\/atauni.edu.tr\/kimya-muhendisligi\/staj\/","title":{"rendered":"Staj"},"content":{"rendered":"\t\t<div data-elementor-type=\"wp-page\" data-elementor-id=\"5791\" class=\"elementor elementor-5791\" data-elementor-post-type=\"page\">\n\t\t\t\t\t\t<section class=\"elementor-section elementor-top-section elementor-element elementor-element-9be811a elementor-section-boxed elementor-section-height-default elementor-section-height-default\" data-id=\"9be811a\" data-element_type=\"section\">\n\t\t\t\t\t\t<div class=\"elementor-container elementor-column-gap-default\">\n\t\t\t\t\t<div class=\"elementor-column elementor-col-100 elementor-top-column elementor-element elementor-element-1ed847b7\" data-id=\"1ed847b7\" data-element_type=\"column\">\n\t\t\t<div class=\"elementor-widget-wrap elementor-element-populated\">\n\t\t\t\t\t\t<div class=\"elementor-element elementor-element-4ce0d07f elementor-widget elementor-widget-heading\" data-id=\"4ce0d07f\" data-element_type=\"widget\" data-widget_type=\"heading.default\">\n\t\t\t\t<div class=\"elementor-widget-container\">\n\t\t\t\t\t<h2 class=\"elementor-heading-title elementor-size-default\">Staj<\/h2>\t\t\t\t<\/div>\n\t\t\t\t<\/div>\n\t\t\t\t<div class=\"elementor-element elementor-element-63260862 elementor-widget-divider--view-line elementor-widget elementor-widget-divider\" data-id=\"63260862\" data-element_type=\"widget\" data-widget_type=\"divider.default\">\n\t\t\t\t<div class=\"elementor-widget-container\">\n\t\t\t\t\t\t\t<div class=\"elementor-divider\">\n\t\t\t<span class=\"elementor-divider-separator\">\n\t\t\t\t\t\t<\/span>\n\t\t<\/div>\n\t\t\t\t\t\t<\/div>\n\t\t\t\t<\/div>\n\t\t\t\t\t<\/div>\n\t\t<\/div>\n\t\t\t\t\t<\/div>\n\t\t<\/section>\n\t\t\t\t<section class=\"elementor-section elementor-top-section elementor-element elementor-element-10e8347 elementor-section-boxed elementor-section-height-default elementor-section-height-default\" data-id=\"10e8347\" data-element_type=\"section\">\n\t\t\t\t\t\t<div class=\"elementor-container elementor-column-gap-default\">\n\t\t\t\t\t<div class=\"elementor-column elementor-col-100 elementor-top-column elementor-element elementor-element-795ab05\" data-id=\"795ab05\" data-element_type=\"column\">\n\t\t\t<div class=\"elementor-widget-wrap elementor-element-populated\">\n\t\t\t\t\t\t<div class=\"elementor-element elementor-element-4524745 elementor-widget elementor-widget-text-editor\" data-id=\"4524745\" data-element_type=\"widget\" data-widget_type=\"text-editor.default\">\n\t\t\t\t<div class=\"elementor-widget-container\">\n\t\t\t\t\t\t\t\t\t<div><p>Sevgili \u00f6\u011frencilerimiz staj i\u00e7in gerekli y\u00f6netmelik, dilek\u00e7e ve formlara a\u015fa\u011f\u0131daki linklerden ula\u015fabilirsiniz.<\/p><ul><li><span style=\"font-weight: normal\">Y\u00f6netmelik ve Uygulama Esaslar\u0131<\/span><\/li><\/ul><p>\u00a0 \u00a0 <a href=\"http:\/\/birimler.atauni.edu.tr\/kimya-muhendisligi\/wp-content\/uploads\/sites\/131\/2020\/07\/Ataturk-Universitesi-Staj-Yonergesi.pdf\"><span style=\"font-weight: normal\">Atat\u00fcrk \u00dcniversitesi Staj Y\u00f6nergesi<br \/><\/span><\/a><span style=\"font-weight: normal\">\u00a0 \u00a0 <a href=\"http:\/\/birimler.atauni.edu.tr\/kimya-muhendisligi\/wp-content\/uploads\/sites\/131\/2020\/07\/Kimya-Muhendisligi-Bolumu-icin-2018-2019-Oncesi-Staj-Yonetmeligi.pdf\">Kimya M\u00fchendisli\u011fi B\u00f6l\u00fcm\u00fc i\u00e7in 2018-2019 \u00d6ncesi Staj Y\u00f6netmeli\u011fi<br \/><\/a><\/span><span style=\"font-weight: normal\">\u00a0 \u00a0 <a href=\"http:\/\/birimler.atauni.edu.tr\/kimya-muhendisligi\/wp-content\/uploads\/sites\/131\/2020\/07\/Kimya-Muhendisligi-Bolumu-icin-2018-2019-Sonrasi-Staj-Yonetmeligi.pdf\">Kimya M\u00fchendisli\u011fi B\u00f6l\u00fcm\u00fc i\u00e7in 2018-2019 Sonras\u0131 Staj Y\u00f6netmeli\u011fi<\/a><\/span><\/p><ul><li><span style=\"text-align: -webkit-match-parent;letter-spacing: 0px\">Staj Ba\u015fvuru A\u015famalar\u0131<\/span><\/li><\/ul><div>\u00a0 \u00a0\u00a0<a href=\"http:\/\/birimler.atauni.edu.tr\/kimya-muhendisligi\/wp-content\/uploads\/sites\/131\/2020\/07\/Staj-Genel-Is-Akisi.pdf\">Staj Genel \u0130\u015f Ak\u0131\u015f\u0131<\/a><\/div><div>\u00a0 \u00a0 <a href=\"http:\/\/birimler.atauni.edu.tr\/kimya-muhendisligi\/wp-content\/uploads\/sites\/131\/2020\/07\/Staj-Sunusu.pdf\">Staj Sunusu<\/a><\/div><div>\u00a0 \u00a0 <a href=\"http:\/\/birimler.atauni.edu.tr\/kimya-muhendisligi\/wp-content\/uploads\/sites\/131\/2020\/07\/Ders-Doneminde-Staj-Yapabilme-Dilekcesi.pdf\">Ders D\u00f6neminde Staj Yapabilme Dilek\u00e7esi<\/a><\/div><div>\u00a0<\/div><ul><li>Gerekli Dilek\u00e7e ve Formlar<\/li><\/ul><div>\u00a0 \u00a0 <a href=\"http:\/\/birimler.atauni.edu.tr\/kimya-muhendisligi\/wp-content\/uploads\/sites\/131\/2020\/07\/Muafiyet-Dilekcesi-Calisanlar-Icin-Staj-Muafiyet-Dilekcesi.pdf\">Muafiyet Dilek\u00e7esi &#8211; \u00c7al\u0131\u015fanlar \u0130\u00e7in Staj Muafiyet Dilek\u00e7esi<\/a>\u00a0<\/div><div>\u00a0 \u00a0 <a href=\"http:\/\/birimler.atauni.edu.tr\/kimya-muhendisligi\/wp-content\/uploads\/sites\/131\/2020\/07\/Muafiyet-Dilekcesi-DGS-Yatay-Gecis-veya-Merkezi-Yerlestirmeyle-Gelen-Ogrenciler-Icin-Staj-Muafiyet-Dilekcesi.pdf\">Muafiyet Dilek\u00e7esi &#8211; DGS, Yatay Ge\u00e7i\u015f veya Merkezi Yerle\u015ftirmeyle Gelen \u00d6\u011frenciler \u0130\u00e7in Staj Muafiyet Dilek\u00e7esi<\/a><\/div><div>\u00a0 \u00a0 <a href=\"http:\/\/birimler.atauni.edu.tr\/kimya-muhendisligi\/wp-content\/uploads\/sites\/131\/2020\/07\/Staja-Baslarken-Is-Yeri-Yetkilisi-Icin-Staj-Degerlendirme-Formu.pdf\">Staja Ba\u015flarken &#8211; \u0130\u015f Yeri Yetkilisi \u0130\u00e7in Staj De\u011ferlendirme Formu<\/a><\/div><div>\u00a0 \u00a0 <a href=\"http:\/\/birimler.atauni.edu.tr\/kimya-muhendisligi\/wp-content\/uploads\/sites\/131\/2020\/07\/Staja-Baslarken-Ogrenci-Staj-Anketi.pdf\">Staja Ba\u015flarken &#8211; \u00d6\u011frenci Staj Anketi<\/a><\/div><div>\u00a0 \u00a0 <a href=\"http:\/\/birimler.atauni.edu.tr\/kimya-muhendisligi\/wp-content\/uploads\/sites\/131\/2020\/07\/Staja-Baslarken-Staj-Degerlendirme-Formu.pdf\">Staja Ba\u015flarken &#8211; Staj De\u011ferlendirme Formu<\/a><\/div><div>\u00a0 \u00a0 <a href=\"http:\/\/birimler.atauni.edu.tr\/kimya-muhendisligi\/wp-content\/uploads\/sites\/131\/2020\/07\/Staj-Sinavi-Icin-Egitsel-Ciktilar-Acisindan-Staj-Degerlendirme-Formu.pdf\">Staj S\u0131nav\u0131 \u0130\u00e7in &#8211; E\u011fitsel \u00c7\u0131kt\u0131lar A\u00e7\u0131s\u0131ndan Staj De\u011ferlendirme Formu<\/a><\/div><div>\u00a0 \u00a0 <a href=\"http:\/\/birimler.atauni.edu.tr\/kimya-muhendisligi\/wp-content\/uploads\/sites\/131\/2020\/07\/Staj-Sinavi-Icin-Staj-I-Laboratuvar-Degerlendirme-Formu.pdf\">Staj S\u0131nav\u0131 \u0130\u00e7in &#8211; Staj-I (Laboratuvar) De\u011ferlendirme Formu<\/a><\/div><div>\u00a0 \u00a0\u00a0<a href=\"http:\/\/birimler.atauni.edu.tr\/kimya-muhendisligi\/wp-content\/uploads\/sites\/131\/2020\/07\/Staj-Sinavi-Icin-Staj-II-Isletme-Degerlendirme-Formu.pdf\">Staj S\u0131nav\u0131 \u0130\u00e7in &#8211; Staj-II (\u0130\u015fletme) De\u011ferlendirme Formu<\/a><\/div><div>\u00a0 \u00a0 <a href=\"http:\/\/birimler.atauni.edu.tr\/kimya-muhendisligi\/wp-content\/uploads\/sites\/131\/2020\/07\/Kimya-Muhendisligi-Bolumu-Staj-Defteri.pdf\">Kimya M\u00fchendisli\u011fi B\u00f6l\u00fcm\u00fc Staj Defteri<\/a><\/div><\/div>\t\t\t\t\t\t\t\t<\/div>\n\t\t\t\t<\/div>\n\t\t\t\t\t<\/div>\n\t\t<\/div>\n\t\t\t\t\t<\/div>\n\t\t<\/section>\n\t\t\t\t<\/div>\n\t\t","protected":false},"excerpt":{"rendered":"<p>Staj Sevgili \u00f6\u011frencilerimiz staj i\u00e7in gerekli y\u00f6netmelik, dilek\u00e7e ve formlara a\u015fa\u011f\u0131daki linklerden ula\u015fabilirsiniz. Y\u00f6netmelik ve Uygulama Esaslar\u0131 \u00a0 \u00a0 Atat\u00fcrk \u00dcniversitesi Staj Y\u00f6nergesi\u00a0 \u00a0 Kimya M\u00fchendisli\u011fi B\u00f6l\u00fcm\u00fc i\u00e7in 2018-2019 \u00d6ncesi Staj Y\u00f6netmeli\u011fi\u00a0 \u00a0 Kimya M\u00fchendisli\u011fi B\u00f6l\u00fcm\u00fc i\u00e7in 2018-2019 Sonras\u0131 Staj Y\u00f6netmeli\u011fi Staj Ba\u015fvuru A\u015famalar\u0131 \u00a0 \u00a0\u00a0Staj Genel \u0130\u015f Ak\u0131\u015f\u0131\u00a0 \u00a0 Staj Sunusu\u00a0 \u00a0 Ders D\u00f6neminde [&hellip;]<\/p>\n","protected":false},"author":1,"featured_media":0,"parent":0,"menu_order":0,"comment_status":"closed","ping_status":"closed","template":"elementor_header_footer","meta":{"footnotes":""},"class_list":["post-5791","page","type-page","status-publish","hentry"],"_links":{"self":[{"href":"https:\/\/atauni.edu.tr\/kimya-muhendisligi\/wp-json\/wp\/v2\/pages\/5791","targetHints":{"allow":["GET"]}}],"collection":[{"href":"https:\/\/atauni.edu.tr\/kimya-muhendisligi\/wp-json\/wp\/v2\/pages"}],"about":[{"href":"https:\/\/atauni.edu.tr\/kimya-muhendisligi\/wp-json\/wp\/v2\/types\/page"}],"author":[{"embeddable":true,"href":"https:\/\/atauni.edu.tr\/kimya-muhendisligi\/wp-json\/wp\/v2\/users\/1"}],"replies":[{"embeddable":true,"href":"https:\/\/atauni.edu.tr\/kimya-muhendisligi\/wp-json\/wp\/v2\/comments?post=5791"}],"version-history":[{"count":26,"href":"https:\/\/atauni.edu.tr\/kimya-muhendisligi\/wp-json\/wp\/v2\/pages\/5791\/revisions"}],"predecessor-version":[{"id":6251,"href":"https:\/\/atauni.edu.tr\/kimya-muhendisligi\/wp-json\/wp\/v2\/pages\/5791\/revisions\/6251"}],"wp:attachment":[{"href":"https:\/\/atauni.edu.tr\/kimya-muhendisligi\/wp-json\/wp\/v2\/media?parent=5791"}],"curies":[{"name":"wp","href":"https:\/\/api.w.org\/{rel}","templated":true}]}}