{"id":6194,"date":"2021-12-01T14:14:45","date_gmt":"2021-12-01T11:14:45","guid":{"rendered":"http:\/\/birimler.atauni.edu.tr\/kimya-muhendisligi\/?page_id=6194"},"modified":"2026-02-18T16:17:08","modified_gmt":"2026-02-18T13:17:08","slug":"uygulamali-muhendislik-egitimi","status":"publish","type":"page","link":"https:\/\/atauni.edu.tr\/kimya-muhendisligi\/uygulamali-muhendislik-egitimi\/","title":{"rendered":"Uygulamal\u0131 M\u00fchendislik E\u011fitimi"},"content":{"rendered":"\t\t<div data-elementor-type=\"wp-page\" data-elementor-id=\"6194\" class=\"elementor elementor-6194\" data-elementor-post-type=\"page\">\n\t\t\t\t\t\t<section class=\"elementor-section elementor-top-section elementor-element elementor-element-92dd073 elementor-section-boxed elementor-section-height-default elementor-section-height-default\" data-id=\"92dd073\" data-element_type=\"section\">\n\t\t\t\t\t\t<div class=\"elementor-container elementor-column-gap-default\">\n\t\t\t\t\t<div class=\"elementor-column elementor-col-100 elementor-top-column elementor-element elementor-element-ed59d76\" data-id=\"ed59d76\" data-element_type=\"column\">\n\t\t\t<div class=\"elementor-widget-wrap elementor-element-populated\">\n\t\t\t\t\t\t<div class=\"elementor-element elementor-element-f5b55a4 elementor-widget elementor-widget-heading\" data-id=\"f5b55a4\" data-element_type=\"widget\" data-widget_type=\"heading.default\">\n\t\t\t\t<div class=\"elementor-widget-container\">\n\t\t\t\t\t<h2 class=\"elementor-heading-title elementor-size-default\"><br>\u0130\u015fletmede Mesleki E\u011fitim<\/h2>\t\t\t\t<\/div>\n\t\t\t\t<\/div>\n\t\t\t\t<div class=\"elementor-element elementor-element-5d3f4ac elementor-widget-divider--view-line elementor-widget elementor-widget-divider\" data-id=\"5d3f4ac\" data-element_type=\"widget\" data-widget_type=\"divider.default\">\n\t\t\t\t<div class=\"elementor-widget-container\">\n\t\t\t\t\t\t\t<div class=\"elementor-divider\">\n\t\t\t<span class=\"elementor-divider-separator\">\n\t\t\t\t\t\t<\/span>\n\t\t<\/div>\n\t\t\t\t\t\t<\/div>\n\t\t\t\t<\/div>\n\t\t\t\t\t<\/div>\n\t\t<\/div>\n\t\t\t\t\t<\/div>\n\t\t<\/section>\n\t\t\t\t<section class=\"elementor-section elementor-top-section elementor-element elementor-element-c71e83d elementor-section-boxed elementor-section-height-default elementor-section-height-default\" data-id=\"c71e83d\" data-element_type=\"section\">\n\t\t\t\t\t\t<div class=\"elementor-container elementor-column-gap-default\">\n\t\t\t\t\t<div class=\"elementor-column elementor-col-100 elementor-top-column elementor-element elementor-element-9d8b4e0\" data-id=\"9d8b4e0\" data-element_type=\"column\">\n\t\t\t<div class=\"elementor-widget-wrap elementor-element-populated\">\n\t\t\t\t\t\t<div class=\"elementor-element elementor-element-8cf587a elementor-widget elementor-widget-text-editor\" data-id=\"8cf587a\" data-element_type=\"widget\" data-widget_type=\"text-editor.default\">\n\t\t\t\t<div class=\"elementor-widget-container\">\n\t\t\t\t\t\t\t\t\t<p>\u0130\u015fletmede Mesleki E\u011fitim (IME) i\u00e7in gerekli bilgilere, y\u00f6netmelik ve ba\u015fvuru formlar\u0131na a\u015fa\u011f\u0131daki linklerden ula\u015fabilirsiniz.<\/p><p><a href=\"https:\/\/atauni.edu.tr\/kimya-muhendisligi\/wp-content\/uploads\/sites\/131\/2026\/02\/0-IME-ISLETMESI-ARASTIRMASINDA-BILINMESI-GEREKEN-HUSUSLAR.docx\">0-IME-ISLETMESI-ARASTIRMASINDA-BILINMESI-GEREKEN-HUSUSLAR<\/a><\/p><p><a href=\"https:\/\/birimler.atauni.edu.tr\/kimya-muhendisligi\/wp-content\/uploads\/sites\/131\/2026\/01\/1-Isletmede-Mesleki-Egitim-IME-Yonergesi_isleyis_ekler.docx\">1<\/a><a style=\"background-color: #ffffff;font-size: 1rem;letter-spacing: 0px\" href=\"https:\/\/birimler.atauni.edu.tr\/kimya-muhendisligi\/wp-content\/uploads\/sites\/131\/2026\/01\/1-Isletmede-Mesleki-Egitim-IME-Yonergesi_isleyis_ekler.docx\">-\u0130\u015fletmede Mesleki E\u011fitim Y\u00f6nergesi-\u0130\u015fleyi\u015f<\/a><\/p><p><a href=\"https:\/\/birimler.atauni.edu.tr\/kimya-muhendisligi\/wp-content\/uploads\/sites\/131\/2026\/01\/2-IME-Tercih-Formu-dilekce-_EK1.docx\">2-IME Tercih Formu-Dilek\u00e7e<\/a><\/p><p><a href=\"https:\/\/birimler.atauni.edu.tr\/kimya-muhendisligi\/wp-content\/uploads\/sites\/131\/2026\/01\/3-IME-Protokol.pdf\">3-IME-Protokol<\/a><\/p><p><a href=\"https:\/\/birimler.atauni.edu.tr\/kimya-muhendisligi\/wp-content\/uploads\/sites\/131\/2026\/01\/4-IME-Sozlesme.pdf\">4-IME S\u00f6zle\u015fme<\/a><\/p><p><a href=\"https:\/\/birimler.atauni.edu.tr\/kimya-muhendisligi\/wp-content\/uploads\/sites\/131\/2026\/01\/5-ONEMLI-BILGILER.pdf\">5-\u00d6nemli Bilgiler<\/a><\/p><p><a href=\"https:\/\/birimler.atauni.edu.tr\/kimya-muhendisligi\/wp-content\/uploads\/sites\/131\/2026\/01\/6-IME-Degerlendirme-Rubrigi.docx\">6-IME De\u011ferlendirme Rubri\u011fi<\/a><\/p><p><a href=\"https:\/\/birimler.atauni.edu.tr\/kimya-muhendisligi\/wp-content\/uploads\/sites\/131\/2026\/01\/7-IME-Denetci-Ogretim-Elemani-Degerlendirme-Formu_EK2.docx\">7-IME Denet\u00e7i \u00d6\u011fretim Eleman\u0131 De\u011ferlendirme Formu<\/a><\/p><p><a href=\"https:\/\/birimler.atauni.edu.tr\/kimya-muhendisligi\/wp-content\/uploads\/sites\/131\/2026\/01\/8ME-isyeri-denetcisi-degerlendirme-formu-Ek-3.docx\">8- IME \u0130\u015fyeri Denet\u00e7isi De\u011ferlendirme Formu<\/a><\/p><p><a href=\"https:\/\/birimler.atauni.edu.tr\/kimya-muhendisligi\/wp-content\/uploads\/sites\/131\/2026\/01\/9-IME-Dersi-Devam-Cizelgesi-Ek-4.doc\">9-IME Dersi Devam \u00c7izelgesi<\/a><\/p><p><a href=\"https:\/\/birimler.atauni.edu.tr\/kimya-muhendisligi\/wp-content\/uploads\/sites\/131\/2026\/01\/10-IME-Calisma-Takvimi-Ek-5.docx\">10-IME \u00c7al\u0131\u015fma Takvimi<\/a><\/p><p><a href=\"https:\/\/birimler.atauni.edu.tr\/kimya-muhendisligi\/wp-content\/uploads\/sites\/131\/2026\/01\/11-IME-Haftalik-Rapor-Formu-Ek-6.doc\">11-IME Haftal\u0131k Rapor Formu<\/a><\/p><p><a href=\"https:\/\/birimler.atauni.edu.tr\/kimya-muhendisligi\/wp-content\/uploads\/sites\/131\/2026\/01\/12-IME-Dosyasi-Ek-7.doc\">12-IME Dosyas\u0131<\/a><\/p><p><a href=\"https:\/\/birimler.atauni.edu.tr\/kimya-muhendisligi\/wp-content\/uploads\/sites\/131\/2026\/01\/13-IME-ISYERI-TEMSILCISI-BILGI-FORMU.docx\">13-IME \u0130\u015fyeri Temsilci Bilgi Formu<\/a><\/p><p><a href=\"https:\/\/birimler.atauni.edu.tr\/kimya-muhendisligi\/wp-content\/uploads\/sites\/131\/2026\/01\/14IME-Sureci-Boyunca-Onemli-Bilgiler.docx\">14-IME S\u00fcreci Boyunca \u00d6nemli Bilgiler<\/a><\/p><p><a href=\"https:\/\/birimler.atauni.edu.tr\/kimya-muhendisligi\/wp-content\/uploads\/sites\/131\/2026\/01\/15-SIK-SORULAN-SORULAR.pdf\">15-S\u0131k Sorulan Sorular<\/a><\/p><p><a style=\"font-weight: normal\" href=\"http:\/\/birimler.atauni.edu.tr\/kimya-muhendisligi\/wp-content\/uploads\/sites\/131\/2020\/07\/2018-2019-Sonrasi-Lisans-Programi.pdf\">16-2018-2019 Sonras\u0131 Lisans Program\u0131<\/a><\/p><p><a style=\"font-weight: normal\" href=\"http:\/\/birimler.atauni.edu.tr\/kimya-muhendisligi\/wp-content\/uploads\/sites\/131\/2020\/07\/UME-Gitmeyecek-Ogrenciler-Icin-Mufredat.pdf\">17-IME Gitmeyecek \u00d6\u011frenciler \u0130\u00e7in M\u00fcfredat<\/a><\/p><p><a style=\"font-weight: normal\" href=\"http:\/\/birimler.atauni.edu.tr\/kimya-muhendisligi\/wp-content\/uploads\/sites\/131\/2020\/07\/Kimya-Bolumu-UME-Protokol-Yapilan-Is-Yerleri.xlsx\">18-Kimya B\u00f6l\u00fcm\u00fc IME Protokol Yap\u0131lan \u0130\u015f Yerler<br \/><\/a><\/p>\t\t\t\t\t\t\t\t<\/div>\n\t\t\t\t<\/div>\n\t\t\t\t\t<\/div>\n\t\t<\/div>\n\t\t\t\t\t<\/div>\n\t\t<\/section>\n\t\t\t\t<section class=\"elementor-section elementor-top-section elementor-element elementor-element-c69828c elementor-section-boxed elementor-section-height-default elementor-section-height-default\" data-id=\"c69828c\" data-element_type=\"section\">\n\t\t\t\t\t\t<div class=\"elementor-container elementor-column-gap-default\">\n\t\t\t\t\t<div class=\"elementor-column elementor-col-100 elementor-top-column elementor-element elementor-element-2b2b654\" data-id=\"2b2b654\" data-element_type=\"column\">\n\t\t\t<div class=\"elementor-widget-wrap\">\n\t\t\t\t\t\t\t<\/div>\n\t\t<\/div>\n\t\t\t\t\t<\/div>\n\t\t<\/section>\n\t\t\t\t<\/div>\n\t\t","protected":false},"excerpt":{"rendered":"<p>\u0130\u015fletmede Mesleki E\u011fitim \u0130\u015fletmede Mesleki E\u011fitim (IME) i\u00e7in gerekli bilgilere, y\u00f6netmelik ve ba\u015fvuru formlar\u0131na a\u015fa\u011f\u0131daki linklerden ula\u015fabilirsiniz. 0-IME-ISLETMESI-ARASTIRMASINDA-BILINMESI-GEREKEN-HUSUSLAR 1-\u0130\u015fletmede Mesleki E\u011fitim Y\u00f6nergesi-\u0130\u015fleyi\u015f 2-IME Tercih Formu-Dilek\u00e7e 3-IME-Protokol 4-IME S\u00f6zle\u015fme 5-\u00d6nemli Bilgiler 6-IME De\u011ferlendirme Rubri\u011fi 7-IME Denet\u00e7i \u00d6\u011fretim Eleman\u0131 De\u011ferlendirme Formu 8- IME \u0130\u015fyeri Denet\u00e7isi De\u011ferlendirme Formu 9-IME Dersi Devam \u00c7izelgesi 10-IME \u00c7al\u0131\u015fma Takvimi 11-IME Haftal\u0131k Rapor [&hellip;]<\/p>\n","protected":false},"author":281,"featured_media":0,"parent":0,"menu_order":0,"comment_status":"closed","ping_status":"closed","template":"elementor_header_footer","meta":{"footnotes":""},"class_list":["post-6194","page","type-page","status-publish","hentry"],"_links":{"self":[{"href":"https:\/\/atauni.edu.tr\/kimya-muhendisligi\/wp-json\/wp\/v2\/pages\/6194","targetHints":{"allow":["GET"]}}],"collection":[{"href":"https:\/\/atauni.edu.tr\/kimya-muhendisligi\/wp-json\/wp\/v2\/pages"}],"about":[{"href":"https:\/\/atauni.edu.tr\/kimya-muhendisligi\/wp-json\/wp\/v2\/types\/page"}],"author":[{"embeddable":true,"href":"https:\/\/atauni.edu.tr\/kimya-muhendisligi\/wp-json\/wp\/v2\/users\/281"}],"replies":[{"embeddable":true,"href":"https:\/\/atauni.edu.tr\/kimya-muhendisligi\/wp-json\/wp\/v2\/comments?post=6194"}],"version-history":[{"count":41,"href":"https:\/\/atauni.edu.tr\/kimya-muhendisligi\/wp-json\/wp\/v2\/pages\/6194\/revisions"}],"predecessor-version":[{"id":6930,"href":"https:\/\/atauni.edu.tr\/kimya-muhendisligi\/wp-json\/wp\/v2\/pages\/6194\/revisions\/6930"}],"wp:attachment":[{"href":"https:\/\/atauni.edu.tr\/kimya-muhendisligi\/wp-json\/wp\/v2\/media?parent=6194"}],"curies":[{"name":"wp","href":"https:\/\/api.w.org\/{rel}","templated":true}]}}