{"id":6331,"date":"2021-12-19T18:42:03","date_gmt":"2021-12-19T15:42:03","guid":{"rendered":"https:\/\/birimler.atauni.edu.tr\/kimya-muhendisligi\/?page_id=6331"},"modified":"2021-12-19T18:52:25","modified_gmt":"2021-12-19T15:52:25","slug":"laboratuvarlar","status":"publish","type":"page","link":"https:\/\/atauni.edu.tr\/kimya-muhendisligi\/laboratuvarlar\/","title":{"rendered":"Laboratuvarlar"},"content":{"rendered":"\t\t<div data-elementor-type=\"wp-page\" data-elementor-id=\"6331\" class=\"elementor elementor-6331\" data-elementor-post-type=\"page\">\n\t\t\t\t\t\t<section class=\"elementor-section elementor-top-section elementor-element elementor-element-2cb0acf elementor-section-boxed elementor-section-height-default elementor-section-height-default\" data-id=\"2cb0acf\" data-element_type=\"section\">\n\t\t\t\t\t\t<div class=\"elementor-container elementor-column-gap-default\">\n\t\t\t\t\t<div class=\"elementor-column elementor-col-100 elementor-top-column elementor-element elementor-element-e48bde4\" data-id=\"e48bde4\" data-element_type=\"column\">\n\t\t\t<div class=\"elementor-widget-wrap elementor-element-populated\">\n\t\t\t\t\t\t<div class=\"elementor-element elementor-element-3f9c9fe elementor-widget elementor-widget-heading\" data-id=\"3f9c9fe\" data-element_type=\"widget\" data-widget_type=\"heading.default\">\n\t\t\t\t<div class=\"elementor-widget-container\">\n\t\t\t\t\t<h2 class=\"elementor-heading-title elementor-size-default\">Laboratuvarlar<\/h2>\t\t\t\t<\/div>\n\t\t\t\t<\/div>\n\t\t\t\t\t<\/div>\n\t\t<\/div>\n\t\t\t\t\t<\/div>\n\t\t<\/section>\n\t\t\t\t<section class=\"elementor-section elementor-top-section elementor-element elementor-element-f7f76c5 elementor-section-boxed elementor-section-height-default elementor-section-height-default\" data-id=\"f7f76c5\" data-element_type=\"section\">\n\t\t\t\t\t\t<div class=\"elementor-container elementor-column-gap-default\">\n\t\t\t\t\t<div class=\"elementor-column elementor-col-100 elementor-top-column elementor-element elementor-element-875adc9\" data-id=\"875adc9\" data-element_type=\"column\">\n\t\t\t<div class=\"elementor-widget-wrap elementor-element-populated\">\n\t\t\t\t\t\t<div class=\"elementor-element elementor-element-5a9df45 elementor-widget-divider--view-line elementor-widget elementor-widget-divider\" data-id=\"5a9df45\" data-element_type=\"widget\" data-widget_type=\"divider.default\">\n\t\t\t\t<div class=\"elementor-widget-container\">\n\t\t\t\t\t\t\t<div class=\"elementor-divider\">\n\t\t\t<span class=\"elementor-divider-separator\">\n\t\t\t\t\t\t<\/span>\n\t\t<\/div>\n\t\t\t\t\t\t<\/div>\n\t\t\t\t<\/div>\n\t\t\t\t\t<\/div>\n\t\t<\/div>\n\t\t\t\t\t<\/div>\n\t\t<\/section>\n\t\t\t\t<section class=\"elementor-section elementor-top-section elementor-element elementor-element-4a14b32 elementor-section-boxed elementor-section-height-default elementor-section-height-default\" data-id=\"4a14b32\" data-element_type=\"section\">\n\t\t\t\t\t\t<div class=\"elementor-container elementor-column-gap-default\">\n\t\t\t\t\t<div class=\"elementor-column elementor-col-100 elementor-top-column elementor-element elementor-element-8118b49\" data-id=\"8118b49\" data-element_type=\"column\">\n\t\t\t<div class=\"elementor-widget-wrap elementor-element-populated\">\n\t\t\t\t\t\t<div class=\"elementor-element elementor-element-fa8eb86 elementor-widget elementor-widget-text-editor\" data-id=\"fa8eb86\" data-element_type=\"widget\" data-widget_type=\"text-editor.default\">\n\t\t\t\t<div class=\"elementor-widget-container\">\n\t\t\t\t\t\t\t\t\t<p>Kimya M\u00fchendisli\u011fi B\u00f6l\u00fcm\u00fcnde; 10 adet laboratuvar (3 \u00f6\u011frenci + 7 ara\u015ft\u0131rma), 5 adet \u00f6l\u00e7\u00fcm odas\u0131, 1 adet kimyasal madde deposu ve 1 adet cam ve di\u011fer malzeme deposu bulunmaktad\u0131r.<\/p>\t\t\t\t\t\t\t\t<\/div>\n\t\t\t\t<\/div>\n\t\t\t\t\t<\/div>\n\t\t<\/div>\n\t\t\t\t\t<\/div>\n\t\t<\/section>\n\t\t\t\t<\/div>\n\t\t","protected":false},"excerpt":{"rendered":"<p>Laboratuvarlar Kimya M\u00fchendisli\u011fi B\u00f6l\u00fcm\u00fcnde; 10 adet laboratuvar (3 \u00f6\u011frenci + 7 ara\u015ft\u0131rma), 5 adet \u00f6l\u00e7\u00fcm odas\u0131, 1 adet kimyasal madde deposu ve 1 adet cam ve di\u011fer malzeme deposu bulunmaktad\u0131r.<\/p>\n","protected":false},"author":281,"featured_media":0,"parent":0,"menu_order":0,"comment_status":"closed","ping_status":"closed","template":"","meta":{"footnotes":""},"class_list":["post-6331","page","type-page","status-publish","hentry"],"_links":{"self":[{"href":"https:\/\/atauni.edu.tr\/kimya-muhendisligi\/wp-json\/wp\/v2\/pages\/6331","targetHints":{"allow":["GET"]}}],"collection":[{"href":"https:\/\/atauni.edu.tr\/kimya-muhendisligi\/wp-json\/wp\/v2\/pages"}],"about":[{"href":"https:\/\/atauni.edu.tr\/kimya-muhendisligi\/wp-json\/wp\/v2\/types\/page"}],"author":[{"embeddable":true,"href":"https:\/\/atauni.edu.tr\/kimya-muhendisligi\/wp-json\/wp\/v2\/users\/281"}],"replies":[{"embeddable":true,"href":"https:\/\/atauni.edu.tr\/kimya-muhendisligi\/wp-json\/wp\/v2\/comments?post=6331"}],"version-history":[{"count":4,"href":"https:\/\/atauni.edu.tr\/kimya-muhendisligi\/wp-json\/wp\/v2\/pages\/6331\/revisions"}],"predecessor-version":[{"id":6335,"href":"https:\/\/atauni.edu.tr\/kimya-muhendisligi\/wp-json\/wp\/v2\/pages\/6331\/revisions\/6335"}],"wp:attachment":[{"href":"https:\/\/atauni.edu.tr\/kimya-muhendisligi\/wp-json\/wp\/v2\/media?parent=6331"}],"curies":[{"name":"wp","href":"https:\/\/api.w.org\/{rel}","templated":true}]}}