{"id":6700,"date":"2023-11-25T18:17:14","date_gmt":"2023-11-25T15:17:14","guid":{"rendered":"https:\/\/birimler.atauni.edu.tr\/kimya-muhendisligi\/?page_id=6700"},"modified":"2023-11-25T18:20:54","modified_gmt":"2023-11-25T15:20:54","slug":"elementor-6700","status":"publish","type":"page","link":"https:\/\/atauni.edu.tr\/kimya-muhendisligi\/elementor-6700\/","title":{"rendered":"Akademik Birim Yap\u0131lanmas\u0131"},"content":{"rendered":"\t\t<div data-elementor-type=\"wp-post\" data-elementor-id=\"6700\" class=\"elementor elementor-6700\" data-elementor-post-type=\"page\">\n\t\t\t\t\t\t<section class=\"elementor-section elementor-top-section elementor-element elementor-element-883fb56 elementor-section-boxed elementor-section-height-default elementor-section-height-default\" data-id=\"883fb56\" data-element_type=\"section\">\n\t\t\t\t\t\t<div class=\"elementor-container elementor-column-gap-default\">\n\t\t\t\t\t<div class=\"elementor-column elementor-col-100 elementor-top-column elementor-element elementor-element-1a4c166\" data-id=\"1a4c166\" data-element_type=\"column\">\n\t\t\t<div class=\"elementor-widget-wrap elementor-element-populated\">\n\t\t\t\t\t\t<div class=\"elementor-element elementor-element-948117a elementor-widget elementor-widget-heading\" data-id=\"948117a\" data-element_type=\"widget\" data-widget_type=\"heading.default\">\n\t\t\t\t<div class=\"elementor-widget-container\">\n\t\t\t\t\t<h2 class=\"elementor-heading-title elementor-size-default\">Akademik Birim Yap\u0131lanmas\u0131<\/h2>\t\t\t\t<\/div>\n\t\t\t\t<\/div>\n\t\t\t\t\t<\/div>\n\t\t<\/div>\n\t\t\t\t\t<\/div>\n\t\t<\/section>\n\t\t\t\t<section class=\"elementor-section elementor-top-section elementor-element elementor-element-6ac17b2 elementor-section-boxed elementor-section-height-default elementor-section-height-default\" data-id=\"6ac17b2\" data-element_type=\"section\">\n\t\t\t\t\t\t<div class=\"elementor-container elementor-column-gap-default\">\n\t\t\t\t\t<div class=\"elementor-column elementor-col-100 elementor-top-column elementor-element elementor-element-ca1e502\" data-id=\"ca1e502\" data-element_type=\"column\">\n\t\t\t<div class=\"elementor-widget-wrap elementor-element-populated\">\n\t\t\t\t\t\t<div class=\"elementor-element elementor-element-305e28a elementor-align-center elementor-widget elementor-widget-button\" data-id=\"305e28a\" data-element_type=\"widget\" data-widget_type=\"button.default\">\n\t\t\t\t<div class=\"elementor-widget-container\">\n\t\t\t\t\t\t\t\t\t<div class=\"elementor-button-wrapper\">\n\t\t\t\t\t<a class=\"elementor-button elementor-button-link elementor-size-sm\" href=\"http:\/\/birimler.atauni.edu.tr\/kimya-muhendisligi\/wp-content\/uploads\/sites\/131\/2020\/07\/Kimya-Muhendisligi-Bolumu-Akademik-Birim-Yapilanmasi.pdf\">\n\t\t\t\t\t\t<span class=\"elementor-button-content-wrapper\">\n\t\t\t\t\t\t\t\t\t<span class=\"elementor-button-text\">Akademik Birim Yap\u0131lanmas\u0131\u200b i\u00e7in t\u0131klay\u0131n\u0131z<\/span>\n\t\t\t\t\t<\/span>\n\t\t\t\t\t<\/a>\n\t\t\t\t<\/div>\n\t\t\t\t\t\t\t\t<\/div>\n\t\t\t\t<\/div>\n\t\t\t\t\t<\/div>\n\t\t<\/div>\n\t\t\t\t\t<\/div>\n\t\t<\/section>\n\t\t\t\t<\/div>\n\t\t","protected":false},"excerpt":{"rendered":"<p>Akademik Birim Yap\u0131lanmas\u0131 Akademik Birim Yap\u0131lanmas\u0131\u200b i\u00e7in t\u0131klay\u0131n\u0131z<\/p>\n","protected":false},"author":281,"featured_media":0,"parent":0,"menu_order":0,"comment_status":"closed","ping_status":"closed","template":"","meta":{"footnotes":""},"class_list":["post-6700","page","type-page","status-publish","hentry"],"_links":{"self":[{"href":"https:\/\/atauni.edu.tr\/kimya-muhendisligi\/wp-json\/wp\/v2\/pages\/6700","targetHints":{"allow":["GET"]}}],"collection":[{"href":"https:\/\/atauni.edu.tr\/kimya-muhendisligi\/wp-json\/wp\/v2\/pages"}],"about":[{"href":"https:\/\/atauni.edu.tr\/kimya-muhendisligi\/wp-json\/wp\/v2\/types\/page"}],"author":[{"embeddable":true,"href":"https:\/\/atauni.edu.tr\/kimya-muhendisligi\/wp-json\/wp\/v2\/users\/281"}],"replies":[{"embeddable":true,"href":"https:\/\/atauni.edu.tr\/kimya-muhendisligi\/wp-json\/wp\/v2\/comments?post=6700"}],"version-history":[{"count":5,"href":"https:\/\/atauni.edu.tr\/kimya-muhendisligi\/wp-json\/wp\/v2\/pages\/6700\/revisions"}],"predecessor-version":[{"id":6707,"href":"https:\/\/atauni.edu.tr\/kimya-muhendisligi\/wp-json\/wp\/v2\/pages\/6700\/revisions\/6707"}],"wp:attachment":[{"href":"https:\/\/atauni.edu.tr\/kimya-muhendisligi\/wp-json\/wp\/v2\/media?parent=6700"}],"curies":[{"name":"wp","href":"https:\/\/api.w.org\/{rel}","templated":true}]}}