{"id":6785,"date":"2025-06-26T12:19:41","date_gmt":"2025-06-26T09:19:41","guid":{"rendered":"https:\/\/birimler.atauni.edu.tr\/kimya-muhendisligi\/?page_id=6785"},"modified":"2025-12-01T14:21:41","modified_gmt":"2025-12-01T11:21:41","slug":"duyurular","status":"publish","type":"page","link":"https:\/\/atauni.edu.tr\/kimya-muhendisligi\/duyurular\/","title":{"rendered":"Duyurular"},"content":{"rendered":"\t\t<div data-elementor-type=\"wp-page\" data-elementor-id=\"6785\" class=\"elementor elementor-6785\" data-elementor-post-type=\"page\">\n\t\t\t\t\t\t<section class=\"elementor-section elementor-top-section elementor-element elementor-element-67d3c735 elementor-section-boxed elementor-section-height-default elementor-section-height-default\" data-id=\"67d3c735\" data-element_type=\"section\">\n\t\t\t\t\t\t<div class=\"elementor-container elementor-column-gap-default\">\n\t\t\t\t\t<div class=\"elementor-column elementor-col-100 elementor-top-column elementor-element elementor-element-3763dc74\" data-id=\"3763dc74\" data-element_type=\"column\">\n\t\t\t<div class=\"elementor-widget-wrap elementor-element-populated\">\n\t\t\t\t\t\t<div class=\"elementor-element elementor-element-8c91321 elementor-widget elementor-widget-text-editor\" data-id=\"8c91321\" data-element_type=\"widget\" data-widget_type=\"text-editor.default\">\n\t\t\t\t<div class=\"elementor-widget-container\">\n\t\t\t\t\t\t\t\t\t<form method=\"get\" class=\"row g-3\" style=\"margin-bottom: 20px;\">\n<div class=\"col-md-3\"><input type=\"text\" name=\"Duyuru_ara\" class=\"form-control\" placeholder=\"Duyuru ara...\" value=\"\"><\/div>\n<div class=\"col-md-3\"><input type=\"date\" name=\"baslangic_tarihi\" class=\"form-control\" value=\"\"><\/div>\n<div class=\"col-md-3\"><input type=\"date\" name=\"bitis_tarihi\" class=\"form-control\" value=\"\"><\/div>\n<div class=\"col-md-3\"><button type=\"submit\" class=\"btn btn-secondary w-50\">Filtrele<\/button><\/div>\n<\/form>\n<ul class=\"kategori-yazilari-liste\">\n<li style=\"display: flex; margin-bottom: 10px; align-items: center;\">\n<div class=\"post-content\" style=\"flex-grow: 1;\"><span class=\"post-date Duyurutarih\" style=\"display: block; font-weight: bold; margin-bottom: 5px;\">30 Ocak 2026<\/span><a class=\"Duyurubaslik\" href=\"https:\/\/atauni.edu.tr\/kimya-muhendisligi\/2026\/01\/30\/2025-2026-bahar-yariyili-taslak-ders-programi\/\">2025-2026 Bahar Yar\u0131y\u0131l\u0131 Taslak Ders Program\u0131<\/a><\/div>\n<\/li>\n<li style=\"display: flex; margin-bottom: 10px; align-items: center;\">\n<div class=\"post-content\" style=\"flex-grow: 1;\"><span class=\"post-date Duyurutarih\" style=\"display: block; font-weight: bold; margin-bottom: 5px;\">28 Ocak 2026<\/span><a class=\"Duyurubaslik\" href=\"https:\/\/atauni.edu.tr\/kimya-muhendisligi\/2026\/01\/28\/akademik-danismanlik-sureclerine-iliskin-bilgilendirme\/\">Akademik Dan\u0131\u015fmanl\u0131k S\u00fcre\u00e7lerine \u0130li\u015fkin Bilgilendirme<\/a><\/div>\n<\/li>\n<li style=\"display: flex; margin-bottom: 10px; align-items: center;\">\n<div class=\"post-content\" style=\"flex-grow: 1;\"><span class=\"post-date Duyurutarih\" style=\"display: block; font-weight: bold; margin-bottom: 5px;\">11 Nisan 2025<\/span><a class=\"Duyurubaslik\" href=\"https:\/\/atauni.edu.tr\/kimya-muhendisligi\/2025\/04\/11\/2024-2025-bahar-kimya-muh-vize-programi\/\">2024-2025 BAHAR K\u0130MYA M\u00dcH. V\u0130ZE PROGRAMI<\/a><\/div>\n<\/li>\n<\/ul>\n\n<p>\u00a0<\/p>\n\t\t\t\t\t\t\t\t<\/div>\n\t\t\t\t<\/div>\n\t\t\t\t\t<\/div>\n\t\t<\/div>\n\t\t\t\t\t<\/div>\n\t\t<\/section>\n\t\t\t\t<section class=\"elementor-section elementor-top-section elementor-element elementor-element-3f6702a elementor-section-boxed elementor-section-height-default elementor-section-height-default\" data-id=\"3f6702a\" data-element_type=\"section\">\n\t\t\t\t\t\t<div class=\"elementor-container elementor-column-gap-default\">\n\t\t\t\t\t<div class=\"elementor-column elementor-col-100 elementor-top-column elementor-element elementor-element-92a8dd1\" data-id=\"92a8dd1\" data-element_type=\"column\">\n\t\t\t<div class=\"elementor-widget-wrap elementor-element-populated\">\n\t\t\t\t\t\t<div class=\"elementor-element elementor-element-e7d5520 elementor-widget elementor-widget-image\" data-id=\"e7d5520\" data-element_type=\"widget\" data-widget_type=\"image.default\">\n\t\t\t\t<div class=\"elementor-widget-container\">\n\t\t\t\t\t\t\t\t\t\t\t\t<figure class=\"wp-caption\">\n\t\t\t\t\t\t\t\t\t\t\t<a href=\"http:\/\/birimler.atauni.edu.tr\/kimya-muhendisligi\/wp-content\/uploads\/sites\/131\/2025\/12\/WhatsApp-Image-2025-11-28-at-13.18.46-2.jpeg\" data-elementor-open-lightbox=\"yes\" data-elementor-lightbox-title=\"WhatsApp Image 2025-11-28 at 13.18.46\" data-e-action-hash=\"#elementor-action%3Aaction%3Dlightbox%26settings%3DeyJpZCI6IjY4MDgiLCJ1cmwiOiJodHRwczpcL1wvYXRhdW5pLmVkdS50clwva2lteWEtbXVoZW5kaXNsaWdpXC93cC1jb250ZW50XC91cGxvYWRzXC9zaXRlc1wvMTMxXC8yMDI1XC8xMlwvV2hhdHNBcHAtSW1hZ2UtMjAyNS0xMS0yOC1hdC0xMy4xOC40Ni0yLmpwZWcifQ%3D%3D\">\n\t\t\t\t\t\t\t<img fetchpriority=\"high\" decoding=\"async\" width=\"1024\" height=\"576\" src=\"https:\/\/atauni.edu.tr\/kimya-muhendisligi\/wp-content\/uploads\/sites\/131\/2025\/12\/WhatsApp-Image-2025-11-28-at-13.18.46-2-1024x576.jpeg\" class=\"attachment-large size-large wp-image-6808\" alt=\"\" srcset=\"https:\/\/atauni.edu.tr\/kimya-muhendisligi\/wp-content\/uploads\/sites\/131\/2025\/12\/WhatsApp-Image-2025-11-28-at-13.18.46-2-1024x576.jpeg 1024w, https:\/\/atauni.edu.tr\/kimya-muhendisligi\/wp-content\/uploads\/sites\/131\/2025\/12\/WhatsApp-Image-2025-11-28-at-13.18.46-2-300x169.jpeg 300w, https:\/\/atauni.edu.tr\/kimya-muhendisligi\/wp-content\/uploads\/sites\/131\/2025\/12\/WhatsApp-Image-2025-11-28-at-13.18.46-2-768x432.jpeg 768w, https:\/\/atauni.edu.tr\/kimya-muhendisligi\/wp-content\/uploads\/sites\/131\/2025\/12\/WhatsApp-Image-2025-11-28-at-13.18.46-2-1536x864.jpeg 1536w, https:\/\/atauni.edu.tr\/kimya-muhendisligi\/wp-content\/uploads\/sites\/131\/2025\/12\/WhatsApp-Image-2025-11-28-at-13.18.46-2-600x338.jpeg 600w, https:\/\/atauni.edu.tr\/kimya-muhendisligi\/wp-content\/uploads\/sites\/131\/2025\/12\/WhatsApp-Image-2025-11-28-at-13.18.46-2-560x315.jpeg 560w, https:\/\/atauni.edu.tr\/kimya-muhendisligi\/wp-content\/uploads\/sites\/131\/2025\/12\/WhatsApp-Image-2025-11-28-at-13.18.46-2.jpeg 1600w\" sizes=\"(max-width: 1024px) 100vw, 1024px\" \/>\t\t\t\t\t\t\t\t<\/a>\n\t\t\t\t\t\t\t\t\t\t\t<figcaption class=\"widget-image-caption wp-caption-text\"><\/figcaption>\n\t\t\t\t\t\t\t\t\t\t<\/figure>\n\t\t\t\t\t\t\t\t\t<\/div>\n\t\t\t\t<\/div>\n\t\t\t\t<div class=\"elementor-element elementor-element-416e1b1 elementor-widget elementor-widget-pdfjs_viewer\" data-id=\"416e1b1\" data-element_type=\"widget\" data-widget_type=\"pdfjs_viewer.default\">\n\t\t\t\t<div class=\"elementor-widget-container\">\n\t\t\t\t\t<iframe src=\"https:\/\/atauni.edu.tr\/kimya-muhendisligi\/wp-content\/plugins\/pdf-viewer-for-elementor\/assets\/pdfjs\/web\/viewer.html?file=http:\/\/birimler.atauni.edu.tr\/kimya-muhendisligi\/wp-content\/uploads\/sites\/131\/2025\/12\/IME-Ogrencileri-1.pdf&amp;embedded=true\" style=\"display: block; margin-left: auto; margin-right: auto; width: 640px; height: 1020px;\" frameborder=\"1\" marginheight=\"0px\" marginwidth=\"0px\" allowfullscreen><\/iframe>\t\t\t\t<\/div>\n\t\t\t\t<\/div>\n\t\t\t\t\t<\/div>\n\t\t<\/div>\n\t\t\t\t\t<\/div>\n\t\t<\/section>\n\t\t\t\t<\/div>\n\t\t","protected":false},"excerpt":{"rendered":"<p>\u00a0<\/p>\n","protected":false},"author":8,"featured_media":0,"parent":0,"menu_order":0,"comment_status":"closed","ping_status":"closed","template":"","meta":{"footnotes":""},"class_list":["post-6785","page","type-page","status-publish","hentry"],"_links":{"self":[{"href":"https:\/\/atauni.edu.tr\/kimya-muhendisligi\/wp-json\/wp\/v2\/pages\/6785","targetHints":{"allow":["GET"]}}],"collection":[{"href":"https:\/\/atauni.edu.tr\/kimya-muhendisligi\/wp-json\/wp\/v2\/pages"}],"about":[{"href":"https:\/\/atauni.edu.tr\/kimya-muhendisligi\/wp-json\/wp\/v2\/types\/page"}],"author":[{"embeddable":true,"href":"https:\/\/atauni.edu.tr\/kimya-muhendisligi\/wp-json\/wp\/v2\/users\/8"}],"replies":[{"embeddable":true,"href":"https:\/\/atauni.edu.tr\/kimya-muhendisligi\/wp-json\/wp\/v2\/comments?post=6785"}],"version-history":[{"count":6,"href":"https:\/\/atauni.edu.tr\/kimya-muhendisligi\/wp-json\/wp\/v2\/pages\/6785\/revisions"}],"predecessor-version":[{"id":6873,"href":"https:\/\/atauni.edu.tr\/kimya-muhendisligi\/wp-json\/wp\/v2\/pages\/6785\/revisions\/6873"}],"wp:attachment":[{"href":"https:\/\/atauni.edu.tr\/kimya-muhendisligi\/wp-json\/wp\/v2\/media?parent=6785"}],"curies":[{"name":"wp","href":"https:\/\/api.w.org\/{rel}","templated":true}]}}