{"id":5638,"date":"2021-07-13T09:49:25","date_gmt":"2021-07-13T06:49:25","guid":{"rendered":"https:\/\/portaltest.atauni.edu.tr\/bilgisayar-muhendisligi\/?page_id=5638"},"modified":"2022-04-14T05:27:21","modified_gmt":"2022-04-14T02:27:21","slug":"tarihce","status":"publish","type":"page","link":"https:\/\/atauni.edu.tr\/kimya\/tarihce\/","title":{"rendered":"Tarih\u00e7e"},"content":{"rendered":"\t\t<div data-elementor-type=\"wp-page\" data-elementor-id=\"5638\" class=\"elementor elementor-5638\" data-elementor-post-type=\"page\">\n\t\t\t\t\t\t<section class=\"elementor-section elementor-top-section elementor-element elementor-element-730d320 elementor-section-boxed elementor-section-height-default elementor-section-height-default\" data-id=\"730d320\" data-element_type=\"section\">\n\t\t\t\t\t\t<div class=\"elementor-container elementor-column-gap-default\">\n\t\t\t\t\t<div class=\"elementor-column elementor-col-100 elementor-top-column elementor-element elementor-element-753d0860\" data-id=\"753d0860\" data-element_type=\"column\">\n\t\t\t<div class=\"elementor-widget-wrap\">\n\t\t\t\t\t\t\t<\/div>\n\t\t<\/div>\n\t\t\t\t\t<\/div>\n\t\t<\/section>\n\t\t\t\t<section class=\"elementor-section elementor-top-section elementor-element elementor-element-9be811a elementor-section-boxed elementor-section-height-default elementor-section-height-default\" data-id=\"9be811a\" data-element_type=\"section\">\n\t\t\t\t\t\t<div class=\"elementor-container elementor-column-gap-default\">\n\t\t\t\t\t<div class=\"elementor-column elementor-col-100 elementor-top-column elementor-element elementor-element-1ed847b7\" data-id=\"1ed847b7\" data-element_type=\"column\">\n\t\t\t<div class=\"elementor-widget-wrap elementor-element-populated\">\n\t\t\t\t\t\t<div class=\"elementor-element elementor-element-4ce0d07f elementor-widget elementor-widget-heading\" data-id=\"4ce0d07f\" data-element_type=\"widget\" data-widget_type=\"heading.default\">\n\t\t\t\t<div class=\"elementor-widget-container\">\n\t\t\t\t\t<h2 class=\"elementor-heading-title elementor-size-default\">Tarih\u00e7e<\/h2>\t\t\t\t<\/div>\n\t\t\t\t<\/div>\n\t\t\t\t<div class=\"elementor-element elementor-element-63260862 elementor-widget-divider--view-line elementor-widget elementor-widget-divider\" data-id=\"63260862\" data-element_type=\"widget\" data-widget_type=\"divider.default\">\n\t\t\t\t<div class=\"elementor-widget-container\">\n\t\t\t\t\t\t\t<div class=\"elementor-divider\">\n\t\t\t<span class=\"elementor-divider-separator\">\n\t\t\t\t\t\t<\/span>\n\t\t<\/div>\n\t\t\t\t\t\t<\/div>\n\t\t\t\t<\/div>\n\t\t\t\t\t<\/div>\n\t\t<\/div>\n\t\t\t\t\t<\/div>\n\t\t<\/section>\n\t\t\t\t<section class=\"elementor-section elementor-top-section elementor-element elementor-element-681db8b elementor-section-boxed elementor-section-height-default elementor-section-height-default\" data-id=\"681db8b\" data-element_type=\"section\">\n\t\t\t\t\t\t<div class=\"elementor-container elementor-column-gap-default\">\n\t\t\t\t\t<div class=\"elementor-column elementor-col-100 elementor-top-column elementor-element elementor-element-ad4dac5\" data-id=\"ad4dac5\" data-element_type=\"column\">\n\t\t\t<div class=\"elementor-widget-wrap elementor-element-populated\">\n\t\t\t\t\t\t<div class=\"elementor-element elementor-element-2f96b3d elementor-widget elementor-widget-text-editor\" data-id=\"2f96b3d\" data-element_type=\"widget\" data-widget_type=\"text-editor.default\">\n\t\t\t\t<div class=\"elementor-widget-container\">\n\t\t\t\t\t\t\t\t\t<div class=\"page\" title=\"Page 9\"><div class=\"layoutArea\"><div class=\"column\"><p>Atatu\u0308rk U\u0308niversitesi 17 Kas\u0131m 1958\u2019de Ziraat ve Fen-Edebiyat Faku\u0308lteleri ile o\u0308g\u0306retime bas\u0327lam\u0131s\u0327t\u0131r. Fen-Edebiyat Faku\u0308ltesine bag\u0306l\u0131 olarak 1974 y\u0131l\u0131ndan beri 17 Eylu\u0308l 2008 tarih ve 2008\/14169 say\u0131l\u0131 Bakanlar Kurulu karar\u0131 ile Fen Faku\u0308ltesi Kimya Bo\u0308lu\u0308mu\u0308 olarak o\u0308g\u0306rencilerine lisans eg\u0306itimi vermektedir. Kimya Bo\u0308lu\u0308mu\u0308nu\u0308n eg\u0306itim dili Tu\u0308rkc\u0327e\u2019 dir. \u201cKimya Lisans Mezunu\u201d u\u0308nvan\u0131 ile mezun olan o\u0308g\u0306rencilerimiz ayn\u0131 zamanda Kimyagerlerin sahip oldug\u0306u tu\u0308m haklara sahiptirler. Bo\u0308lu\u0308m olarak ana hedefimiz u\u0308lkemizin ihtiyac\u0131 olan kimyac\u0131lar\u0131 uluslararas\u0131 standartlarda yetis\u0327tirmektir. Bo\u0308lu\u0308mu\u0308mu\u0308z; 34 o\u0308g\u0306retim u\u0308yesi, 7 aras\u0327t\u0131rma go\u0308revlisi, 1 O\u0308g\u0306retim Go\u0308revlisi ve 1 Laborant ile Analitik Kimya, Anorganik Kimya, Biyokimya, Fizikokimya ve Organik Kimya dallar\u0131nda 17760 Say\u0131l\u0131 Resmi Gazete\u2019de yay\u0131nlanarak, 20 Temmuz 1982 tarihinde yu\u0308ru\u0308rlu\u0308g\u0306e giren Yu\u0308ksek O\u0308g\u0306retim Kurumlar\u0131 Tes\u0327kilat\u0131 Hakk\u0131ndaki 41 Say\u0131l\u0131 Kanun Hu\u0308kmu\u0308nde Kararname ile kurulmus\u0327 olan Fen Bilimleri Enstitu\u0308su\u0308ne bag\u0306l\u0131 Kimya Anabilim Dal\u0131 olarak da yu\u0308ksek lisans ve doktora du\u0308zeyinde eg\u0306itim vermektedir. Bo\u0308lu\u0308mde lisans, lisansu\u0308stu\u0308 ve doktora eg\u0306itimi yan\u0131nda c\u0327es\u0327itli aras\u0327t\u0131rma projeleri yu\u0308ru\u0308tu\u0308lmektedir. Lisans eg\u0306itim-o\u0308g\u0306retim su\u0308recinde kendi faku\u0308ltesine hizmet veren Kimya bo\u0308lu\u0308mu\u0308 ayr\u0131ca u\u0308niversitemizde bulunan dig\u0306er faku\u0308ltelerin mu\u0308fredatlar\u0131nda bulunan Kimya derslerinin teorik ve uygulama bo\u0308lu\u0308mlerini yu\u0308ru\u0308tmektedir.<\/p><p>Bo\u0308lu\u0308mu\u0308mu\u0308z aras\u0327t\u0131rma yapmak ic\u0327in oldukc\u0327a iyi bir donan\u0131ma sahiptir. Bo\u0308lu\u0308mu\u0308mu\u0308z bu\u0308nyesinde NMR, son teknoloji tek kristal X-ray, toz X-ray cihazlar\u0131, taramal\u0131 tu\u0308nelleme ve atomik kuvvet mikroskobu, gaz ve s\u0131v\u0131 kromatografisi, floresans, FT-IR, ultraviyole ve go\u0308ru\u0308nu\u0308r bo\u0308lge spektrofotometre gibi cihazlar mevcuttur. Derslerimizde bilgisayar desteg\u0306i, modern laboratuvarlar ve yenilenmis\u0327 eg\u0306itim teknikleri kullan\u0131lmaktad\u0131r. Bo\u0308lu\u0308mu\u0308mu\u0308z web sayfas\u0131ndan (https:\/\/atauni.edu.tr\/kimya) bo\u0308lu\u0308mu\u0308mu\u0308z o\u0308g\u0306retim u\u0308yeleri ve c\u0327al\u0131s\u0327ma alanlar\u0131 hakk\u0131nda daha genis\u0327 bilgi alabilir ve bo\u0308lu\u0308mu\u0308mu\u0308zu\u0308 ziyaret etmek ic\u0327in bizimle temas kurabilirsiniz.<\/p><\/div><\/div><\/div>\t\t\t\t\t\t\t\t<\/div>\n\t\t\t\t<\/div>\n\t\t\t\t\t<\/div>\n\t\t<\/div>\n\t\t\t\t\t<\/div>\n\t\t<\/section>\n\t\t\t\t<\/div>\n\t\t","protected":false},"excerpt":{"rendered":"<p>Tarih\u00e7e Atatu\u0308rk U\u0308niversitesi 17 Kas\u0131m 1958\u2019de Ziraat ve Fen-Edebiyat Faku\u0308lteleri ile o\u0308g\u0306retime bas\u0327lam\u0131s\u0327t\u0131r. Fen-Edebiyat Faku\u0308ltesine bag\u0306l\u0131 olarak 1974 y\u0131l\u0131ndan beri 17 Eylu\u0308l 2008 tarih ve 2008\/14169 say\u0131l\u0131 Bakanlar Kurulu karar\u0131 ile Fen Faku\u0308ltesi Kimya Bo\u0308lu\u0308mu\u0308 olarak o\u0308g\u0306rencilerine lisans eg\u0306itimi vermektedir. Kimya Bo\u0308lu\u0308mu\u0308nu\u0308n eg\u0306itim dili Tu\u0308rkc\u0327e\u2019 dir. \u201cKimya Lisans Mezunu\u201d u\u0308nvan\u0131 ile mezun olan o\u0308g\u0306rencilerimiz ayn\u0131 [&hellip;]<\/p>\n","protected":false},"author":1,"featured_media":0,"parent":0,"menu_order":0,"comment_status":"closed","ping_status":"closed","template":"","meta":{"footnotes":""},"class_list":["post-5638","page","type-page","status-publish","hentry"],"_links":{"self":[{"href":"https:\/\/atauni.edu.tr\/kimya\/wp-json\/wp\/v2\/pages\/5638","targetHints":{"allow":["GET"]}}],"collection":[{"href":"https:\/\/atauni.edu.tr\/kimya\/wp-json\/wp\/v2\/pages"}],"about":[{"href":"https:\/\/atauni.edu.tr\/kimya\/wp-json\/wp\/v2\/types\/page"}],"author":[{"embeddable":true,"href":"https:\/\/atauni.edu.tr\/kimya\/wp-json\/wp\/v2\/users\/1"}],"replies":[{"embeddable":true,"href":"https:\/\/atauni.edu.tr\/kimya\/wp-json\/wp\/v2\/comments?post=5638"}],"version-history":[{"count":33,"href":"https:\/\/atauni.edu.tr\/kimya\/wp-json\/wp\/v2\/pages\/5638\/revisions"}],"predecessor-version":[{"id":6234,"href":"https:\/\/atauni.edu.tr\/kimya\/wp-json\/wp\/v2\/pages\/5638\/revisions\/6234"}],"wp:attachment":[{"href":"https:\/\/atauni.edu.tr\/kimya\/wp-json\/wp\/v2\/media?parent=5638"}],"curies":[{"name":"wp","href":"https:\/\/api.w.org\/{rel}","templated":true}]}}