{"id":5682,"date":"2021-07-13T10:10:01","date_gmt":"2021-07-13T07:10:01","guid":{"rendered":"https:\/\/portaltest.atauni.edu.tr\/bilgisayar-muhendisligi\/?page_id=5682"},"modified":"2022-04-14T04:43:57","modified_gmt":"2022-04-14T01:43:57","slug":"misyon-vizyon-ve-temel-degerler","status":"publish","type":"page","link":"https:\/\/atauni.edu.tr\/kimya\/misyon-vizyon-ve-temel-degerler\/","title":{"rendered":"Misyon, Vizyon ve Temel De\u011ferler"},"content":{"rendered":"\t\t<div data-elementor-type=\"wp-page\" data-elementor-id=\"5682\" class=\"elementor elementor-5682\" data-elementor-post-type=\"page\">\n\t\t\t\t\t\t<section class=\"elementor-section elementor-top-section elementor-element elementor-element-730d320 elementor-section-boxed elementor-section-height-default elementor-section-height-default\" data-id=\"730d320\" data-element_type=\"section\">\n\t\t\t\t\t\t<div class=\"elementor-container elementor-column-gap-default\">\n\t\t\t\t\t<div class=\"elementor-column elementor-col-100 elementor-top-column elementor-element elementor-element-753d0860\" data-id=\"753d0860\" data-element_type=\"column\">\n\t\t\t<div class=\"elementor-widget-wrap\">\n\t\t\t\t\t\t\t<\/div>\n\t\t<\/div>\n\t\t\t\t\t<\/div>\n\t\t<\/section>\n\t\t\t\t<section class=\"elementor-section elementor-top-section elementor-element elementor-element-9be811a elementor-section-boxed elementor-section-height-default elementor-section-height-default\" data-id=\"9be811a\" data-element_type=\"section\">\n\t\t\t\t\t\t<div class=\"elementor-container elementor-column-gap-default\">\n\t\t\t\t\t<div class=\"elementor-column elementor-col-100 elementor-top-column elementor-element elementor-element-1ed847b7\" data-id=\"1ed847b7\" data-element_type=\"column\">\n\t\t\t<div class=\"elementor-widget-wrap elementor-element-populated\">\n\t\t\t\t\t\t<div class=\"elementor-element elementor-element-4ce0d07f elementor-widget elementor-widget-heading\" data-id=\"4ce0d07f\" data-element_type=\"widget\" data-widget_type=\"heading.default\">\n\t\t\t\t<div class=\"elementor-widget-container\">\n\t\t\t\t\t<h2 class=\"elementor-heading-title elementor-size-default\">Misyon, Vizyon ve Temel De\u011ferler<\/h2>\t\t\t\t<\/div>\n\t\t\t\t<\/div>\n\t\t\t\t<div class=\"elementor-element elementor-element-63260862 elementor-widget-divider--view-line elementor-widget elementor-widget-divider\" data-id=\"63260862\" data-element_type=\"widget\" data-widget_type=\"divider.default\">\n\t\t\t\t<div class=\"elementor-widget-container\">\n\t\t\t\t\t\t\t<div class=\"elementor-divider\">\n\t\t\t<span class=\"elementor-divider-separator\">\n\t\t\t\t\t\t<\/span>\n\t\t<\/div>\n\t\t\t\t\t\t<\/div>\n\t\t\t\t<\/div>\n\t\t\t\t\t<\/div>\n\t\t<\/div>\n\t\t\t\t\t<\/div>\n\t\t<\/section>\n\t\t\t\t<section class=\"elementor-section elementor-top-section elementor-element elementor-element-681db8b elementor-section-boxed elementor-section-height-default elementor-section-height-default\" data-id=\"681db8b\" data-element_type=\"section\">\n\t\t\t\t\t\t<div class=\"elementor-container elementor-column-gap-default\">\n\t\t\t\t\t<div class=\"elementor-column elementor-col-100 elementor-top-column elementor-element elementor-element-ad4dac5\" data-id=\"ad4dac5\" data-element_type=\"column\">\n\t\t\t<div class=\"elementor-widget-wrap elementor-element-populated\">\n\t\t\t\t\t\t<div class=\"elementor-element elementor-element-2f96b3d elementor-widget elementor-widget-text-editor\" data-id=\"2f96b3d\" data-element_type=\"widget\" data-widget_type=\"text-editor.default\">\n\t\t\t\t<div class=\"elementor-widget-container\">\n\t\t\t\t\t\t\t\t\t<div><h2>Misyon<\/h2><div class=\"page\" title=\"Page 49\"><div class=\"section\"><div class=\"layoutArea\"><div class=\"column\"><p>Misyonumuz Bilimsel gelis\u0327meleri teknolojiye, u\u0308retime ve yu\u0308ksek katma deg\u0306erli u\u0308ru\u0308nlere do\u0308nu\u0308s\u0327tu\u0308ren, sanayinin AR-GE ve Kalite bo\u0308lu\u0308mlerinde c\u0327al\u0131s\u0327arak gelis\u0327imine katk\u0131da bulunan, c\u0327al\u0131s\u0327t\u0131g\u0306\u0131 her alanda art\u0131 deg\u0306er katabilen, gelis\u0327en teknolojiye uyumlu, bilimsel gelis\u0327meleri u\u0308retime do\u0308nu\u0308s\u0327tu\u0308ren uluslararas\u0131 standartlarda kimyager, yu\u0308ksek kimyager ve doktora du\u0308zeyinde elemanlar yetis\u0327tirmek. U\u0308lke refah\u0131n\u0131 artt\u0131rmak ve yas\u0327am kalitesini yu\u0308kseltmek u\u0308zere, artan beklentileri kars\u0327\u0131layabilecek u\u0308ru\u0308n teknolojileri yaratan uluslararas\u0131 aras\u0327t\u0131rma ve gelis\u0327tirme c\u0327al\u0131s\u0327malar\u0131 yapmak. Bilim ve teknolojiye dayal\u0131, uluslararas\u0131 standartlarda eg\u0306itim-o\u0308g\u0306retim, aras\u0327t\u0131rma ve dan\u0131s\u0327manl\u0131k hizmetleri sunmak.<\/p><\/div><\/div><\/div><\/div><\/div><div><h2>Vizyon<\/h2><div class=\"page\" title=\"Page 49\"><div class=\"section\"><div class=\"layoutArea\"><div class=\"column\"><p>Eg\u0306itim ve o\u0308g\u0306retim kalitesini uluslararas\u0131 standartta artt\u0131rmak. Devlet aras\u0327t\u0131rma kurumlar\u0131, u\u0308niversiteler, sanayi Ar-Ge is\u0327birlig\u0306i ve uluslararas\u0131 ortak c\u0327al\u0131s\u0327ma projeleri ile yeni teknolojiler ve u\u0308ru\u0308nler gelis\u0327tirmek. Du\u0308nyada yar\u0131s\u0327an, u\u0308lkemizde hem o\u0308g\u0306retimde hem de yapt\u0131g\u0306\u0131 temel bilim ve teknoloji gelis\u0327tirme c\u0327al\u0131s\u0327malar\u0131 ile en tercih edilen, elemanlar\u0131 ulusal ve uluslararas\u0131 o\u0308du\u0308ller kazanan ve ulusal kimya sekto\u0308ru\u0308ne yo\u0308n verebilen o\u0308ncu\u0308 bir bo\u0308lu\u0308m olmak. Ulusal ve uluslararas\u0131 du\u0308zeyde referans laboratuarlar olus\u0327turmak. Mezunlar\u0131n\u0131n en iyi imkanlarla is\u0327 bulabildig\u0306i veya yaratabildig\u0306i toplumda imaj\u0131 yu\u0308ksek bir bo\u0308lu\u0308m olmak.<\/p><\/div><\/div><\/div><\/div><\/div>\t\t\t\t\t\t\t\t<\/div>\n\t\t\t\t<\/div>\n\t\t\t\t\t<\/div>\n\t\t<\/div>\n\t\t\t\t\t<\/div>\n\t\t<\/section>\n\t\t\t\t<\/div>\n\t\t","protected":false},"excerpt":{"rendered":"<p>Misyon, Vizyon ve Temel De\u011ferler Misyon Misyonumuz Bilimsel gelis\u0327meleri teknolojiye, u\u0308retime ve yu\u0308ksek katma deg\u0306erli u\u0308ru\u0308nlere do\u0308nu\u0308s\u0327tu\u0308ren, sanayinin AR-GE ve Kalite bo\u0308lu\u0308mlerinde c\u0327al\u0131s\u0327arak gelis\u0327imine katk\u0131da bulunan, c\u0327al\u0131s\u0327t\u0131g\u0306\u0131 her alanda art\u0131 deg\u0306er katabilen, gelis\u0327en teknolojiye uyumlu, bilimsel gelis\u0327meleri u\u0308retime do\u0308nu\u0308s\u0327tu\u0308ren uluslararas\u0131 standartlarda kimyager, yu\u0308ksek kimyager ve doktora du\u0308zeyinde elemanlar yetis\u0327tirmek. U\u0308lke refah\u0131n\u0131 artt\u0131rmak ve yas\u0327am kalitesini [&hellip;]<\/p>\n","protected":false},"author":1,"featured_media":0,"parent":0,"menu_order":0,"comment_status":"closed","ping_status":"closed","template":"elementor_header_footer","meta":{"footnotes":""},"class_list":["post-5682","page","type-page","status-publish","hentry"],"_links":{"self":[{"href":"https:\/\/atauni.edu.tr\/kimya\/wp-json\/wp\/v2\/pages\/5682","targetHints":{"allow":["GET"]}}],"collection":[{"href":"https:\/\/atauni.edu.tr\/kimya\/wp-json\/wp\/v2\/pages"}],"about":[{"href":"https:\/\/atauni.edu.tr\/kimya\/wp-json\/wp\/v2\/types\/page"}],"author":[{"embeddable":true,"href":"https:\/\/atauni.edu.tr\/kimya\/wp-json\/wp\/v2\/users\/1"}],"replies":[{"embeddable":true,"href":"https:\/\/atauni.edu.tr\/kimya\/wp-json\/wp\/v2\/comments?post=5682"}],"version-history":[{"count":11,"href":"https:\/\/atauni.edu.tr\/kimya\/wp-json\/wp\/v2\/pages\/5682\/revisions"}],"predecessor-version":[{"id":6210,"href":"https:\/\/atauni.edu.tr\/kimya\/wp-json\/wp\/v2\/pages\/5682\/revisions\/6210"}],"wp:attachment":[{"href":"https:\/\/atauni.edu.tr\/kimya\/wp-json\/wp\/v2\/media?parent=5682"}],"curies":[{"name":"wp","href":"https:\/\/api.w.org\/{rel}","templated":true}]}}