{"id":5734,"date":"2021-07-13T11:37:45","date_gmt":"2021-07-13T08:37:45","guid":{"rendered":"https:\/\/portaltest.atauni.edu.tr\/bilgisayar-muhendisligi\/?page_id=5734"},"modified":"2021-08-27T15:50:14","modified_gmt":"2021-08-27T12:50:14","slug":"ogrenci-deneyimi","status":"publish","type":"page","link":"https:\/\/atauni.edu.tr\/kimya\/ogrenci-deneyimi\/","title":{"rendered":"\u00d6\u011frenci Deneyimi"},"content":{"rendered":"\t\t<div data-elementor-type=\"wp-page\" data-elementor-id=\"5734\" class=\"elementor elementor-5734\" data-elementor-post-type=\"page\">\n\t\t\t\t\t\t<section class=\"elementor-section elementor-top-section elementor-element elementor-element-730d320 elementor-section-boxed elementor-section-height-default elementor-section-height-default\" data-id=\"730d320\" data-element_type=\"section\">\n\t\t\t\t\t\t<div class=\"elementor-container elementor-column-gap-default\">\n\t\t\t\t\t<div class=\"elementor-column elementor-col-100 elementor-top-column elementor-element elementor-element-753d0860\" data-id=\"753d0860\" data-element_type=\"column\">\n\t\t\t<div class=\"elementor-widget-wrap\">\n\t\t\t\t\t\t\t<\/div>\n\t\t<\/div>\n\t\t\t\t\t<\/div>\n\t\t<\/section>\n\t\t\t\t<section class=\"elementor-section elementor-top-section elementor-element elementor-element-9be811a elementor-section-boxed elementor-section-height-default elementor-section-height-default\" data-id=\"9be811a\" data-element_type=\"section\">\n\t\t\t\t\t\t<div class=\"elementor-container elementor-column-gap-default\">\n\t\t\t\t\t<div class=\"elementor-column elementor-col-100 elementor-top-column elementor-element elementor-element-1ed847b7\" data-id=\"1ed847b7\" data-element_type=\"column\">\n\t\t\t<div class=\"elementor-widget-wrap elementor-element-populated\">\n\t\t\t\t\t\t<div class=\"elementor-element elementor-element-4ce0d07f elementor-widget elementor-widget-heading\" data-id=\"4ce0d07f\" data-element_type=\"widget\" data-widget_type=\"heading.default\">\n\t\t\t\t<div class=\"elementor-widget-container\">\n\t\t\t\t\t<h2 class=\"elementor-heading-title elementor-size-default\">\u00d6\u011frenci Deneyimi<\/h2>\t\t\t\t<\/div>\n\t\t\t\t<\/div>\n\t\t\t\t<div class=\"elementor-element elementor-element-63260862 elementor-widget-divider--view-line elementor-widget elementor-widget-divider\" data-id=\"63260862\" data-element_type=\"widget\" data-widget_type=\"divider.default\">\n\t\t\t\t<div class=\"elementor-widget-container\">\n\t\t\t\t\t\t\t<div class=\"elementor-divider\">\n\t\t\t<span class=\"elementor-divider-separator\">\n\t\t\t\t\t\t<\/span>\n\t\t<\/div>\n\t\t\t\t\t\t<\/div>\n\t\t\t\t<\/div>\n\t\t\t\t\t<\/div>\n\t\t<\/div>\n\t\t\t\t\t<\/div>\n\t\t<\/section>\n\t\t\t\t<section class=\"elementor-section elementor-top-section elementor-element elementor-element-4debb41 elementor-section-boxed elementor-section-height-default elementor-section-height-default\" data-id=\"4debb41\" data-element_type=\"section\">\n\t\t\t\t\t\t<div class=\"elementor-container elementor-column-gap-default\">\n\t\t\t\t\t<div class=\"elementor-column elementor-col-100 elementor-top-column elementor-element elementor-element-28420b1\" data-id=\"28420b1\" data-element_type=\"column\">\n\t\t\t<div class=\"elementor-widget-wrap elementor-element-populated\">\n\t\t\t\t\t\t<div class=\"elementor-element elementor-element-e007b90 elementor-widget elementor-widget-ova_testimonial\" data-id=\"e007b90\" data-element_type=\"widget\" data-settings=\"{&quot;pause_on_hover&quot;:&quot;yes&quot;,&quot;infinite&quot;:&quot;yes&quot;,&quot;autoplay&quot;:&quot;yes&quot;,&quot;autoplay_speed&quot;:3000,&quot;dot_control&quot;:&quot;yes&quot;}\" data-widget_type=\"ova_testimonial.default\">\n\t\t\t\t<div class=\"elementor-widget-container\">\n\t\t\t\t\t\n\t\t\n\t\t\t<section class=\"ova-testimonial \">\n\t\t\t\t<div class=\"slide-testimonials owl-carousel owl-theme\" data-options=\"{&quot;items&quot;:3,&quot;slideBy&quot;:1,&quot;margin&quot;:30,&quot;autoplayHoverPause&quot;:true,&quot;loop&quot;:true,&quot;autoplay&quot;:true,&quot;autoplayTimeout&quot;:3000,&quot;smartSpeed&quot;:500,&quot;dots&quot;:true}\">\n\t\t\t\t\t\t\t\t\t\t\t<div class=\"item\">\n\t\t\t\t\t\t\t<div class=\"client_info\">\n\t\t\t\t\t\t\t\t\t\t\t\t\t\t\t\t\t<p class=\"evaluate\">Atat\u00fcrk \u00dcniversitesi Kimya b\u00f6l\u00fcm\u00fc \u00f6\u011frencileri, akademik hayatlar\u0131 boyunca \u00e7e\u015fitli deneyimler kazanma f\u0131rsat\u0131 bulurlar. \u00d6\u011frenciler laboratuvar \u00e7al\u0131\u015fmalar\u0131, projeler ve seminerler arac\u0131l\u0131\u011f\u0131yla teorik bilgileri prati\u011fe \u00e7evirme olanaklar\u0131na sahiptir.\n\n\u00d6\u011frenci kul\u00fcpleri ve sosyal aktiviteler, \u00f6\u011frencilerin birbirleriyle ve \u00f6\u011fretim elemanlar\u0131yla etkile\u015fimde bulunmalar\u0131n\u0131 sa\u011flar. Bu sayede kimya b\u00f6l\u00fcm\u00fcndeki \u00f6\u011frenciler, sadece akademik bilgilerini derinle\u015ftirmekle kalmaz, ayn\u0131 zamanda ileti\u015fim becerilerini geli\u015ftirir ve topluluk i\u00e7inde aktif olarak yer al\u0131rlar.\n\nAra\u015ft\u0131rma projelerine kat\u0131l\u0131m, \u00f6\u011frencilere bilimsel ara\u015ft\u0131rma yapma ve sonu\u00e7lar\u0131n\u0131 sunma deneyimini kazand\u0131r\u0131r. \u00d6\u011fretim elemanlar\u0131n\u0131n rehberli\u011finde, \u00f6\u011frenciler ger\u00e7ek d\u00fcnya sorunlar\u0131na \u00e7\u00f6z\u00fcm \u00fcretme f\u0131rsat\u0131 bulurlar ve bu s\u00fcre\u00e7te kritik d\u00fc\u015f\u00fcnebilme, problem \u00e7\u00f6zme gibi \u00f6nemli becerileri geli\u015ftirirler.\n\nStaj ve bitirme tezleri arac\u0131l\u0131\u011f\u0131yla, \u00f6\u011frenciler end\u00fcstriyel veya akademik ortamlarda deneyim kazan\u0131rlar. Bu deneyimler, mezuniyet sonras\u0131nda i\u015f hayat\u0131na ge\u00e7i\u015fte b\u00fcy\u00fck avantaj sa\u011flar ve mezunlar\u0131m\u0131z\u0131n sekt\u00f6rde kendilerini daha rahat hissetmelerini sa\u011flar.\n\n\u00d6\u011frencilerin ki\u015fisel geli\u015fimlerine katk\u0131da bulunmak amac\u0131yla \u00e7e\u015fitli at\u00f6lye \u00e7al\u0131\u015fmalar\u0131 ve kariyer g\u00fcnleri d\u00fczenlenir. \u00d6\u011frenciler, bu etkinlikler arac\u0131l\u0131\u011f\u0131yla CV haz\u0131rlama, m\u00fclakat teknikleri gibi konularda e\u011fitim al\u0131rlar ve mezuniyet sonras\u0131 kariyer hedeflerine ula\u015fmalar\u0131na destek olunur.\n\nAtat\u00fcrk \u00dcniversitesi Kimya b\u00f6l\u00fcm\u00fc, \u00f6\u011frencilerinin akademik ve ki\u015fisel geli\u015fimine \u00f6nem verir. \u00d6\u011frenci deneyimi, yaln\u0131zca derslerin verildi\u011fi bir ortamdan \u00e7ok daha fazlas\u0131n\u0131 i\u00e7erir; \u00f6\u011frencilere ya\u015fam boyu s\u00fcrecek bir \u00f6\u011frenme ve geli\u015fim s\u00fcrecini sunar.<\/p>\n\t\t\t\t\t\t\t\t\n\t\t\t\t\t\t\t\t<div class=\"info\">\n\t\t\t\t\t\t\t\t\t\t\t\t\t\t\t\t\t\t<div class=\"name-job\">\n\t\t\t\t\t\t\t\t\t\t\t\t\t\t\t\t\t\t\t\t\t<p class=\"name second_font\">Atat\u00fcrk \u00dcniversitesi Kimya b\u00f6l\u00fcm\u00fc \u00f6\u011frencileri, akademik hayatlar\u0131 boyunca \u00e7e\u015fitli deneyimler kazanma f\u0131rsat\u0131 bulurlar. \u00d6\u011frenciler laboratuvar \u00e7al\u0131\u015fmalar\u0131, projeler ve seminerler arac\u0131l\u0131\u011f\u0131yla teorik bilgileri prati\u011fe \u00e7evirme olanaklar\u0131na sahiptir.\n\n\u00d6\u011frenci kul\u00fcpleri ve sosyal aktiviteler, \u00f6\u011frencilerin birbirleriyle ve \u00f6\u011fretim elemanlar\u0131yla etkile\u015fimde bulunmalar\u0131n\u0131 sa\u011flar. Bu sayede kimya b\u00f6l\u00fcm\u00fcndeki \u00f6\u011frenciler, sadece akademik bilgilerini derinle\u015ftirmekle kalmaz, ayn\u0131 zamanda ileti\u015fim becerilerini geli\u015ftirir ve topluluk i\u00e7inde aktif olarak yer al\u0131rlar.\n\nAra\u015ft\u0131rma projelerine kat\u0131l\u0131m, \u00f6\u011frencilere bilimsel ara\u015ft\u0131rma yapma ve sonu\u00e7lar\u0131n\u0131 sunma deneyimini kazand\u0131r\u0131r. \u00d6\u011fretim elemanlar\u0131n\u0131n rehberli\u011finde, \u00f6\u011frenciler ger\u00e7ek d\u00fcnya sorunlar\u0131na \u00e7\u00f6z\u00fcm \u00fcretme f\u0131rsat\u0131 bulurlar ve bu s\u00fcre\u00e7te kritik d\u00fc\u015f\u00fcnebilme, problem \u00e7\u00f6zme gibi \u00f6nemli becerileri geli\u015ftirirler.\n\nStaj ve bitirme tezleri arac\u0131l\u0131\u011f\u0131yla, \u00f6\u011frenciler end\u00fcstriyel veya akademik ortamlarda deneyim kazan\u0131rlar. Bu deneyimler, mezuniyet sonras\u0131nda i\u015f hayat\u0131na ge\u00e7i\u015fte b\u00fcy\u00fck avantaj sa\u011flar ve mezunlar\u0131m\u0131z\u0131n sekt\u00f6rde kendilerini daha rahat hissetmelerini sa\u011flar.\n\n\u00d6\u011frencilerin ki\u015fisel geli\u015fimlerine katk\u0131da bulunmak amac\u0131yla \u00e7e\u015fitli at\u00f6lye \u00e7al\u0131\u015fmalar\u0131 ve kariyer g\u00fcnleri d\u00fczenlenir. \u00d6\u011frenciler, bu etkinlikler arac\u0131l\u0131\u011f\u0131yla CV haz\u0131rlama, m\u00fclakat teknikleri gibi konularda e\u011fitim al\u0131rlar ve mezuniyet sonras\u0131 kariyer hedeflerine ula\u015fmalar\u0131na destek olunur.\n\nAtat\u00fcrk \u00dcniversitesi Kimya b\u00f6l\u00fcm\u00fc, \u00f6\u011frencilerinin akademik ve ki\u015fisel geli\u015fimine \u00f6nem verir. \u00d6\u011frenci deneyimi, yaln\u0131zca derslerin verildi\u011fi bir ortamdan \u00e7ok daha fazlas\u0131n\u0131 i\u00e7erir; \u00f6\u011frencilere ya\u015fam boyu s\u00fcrecek bir \u00f6\u011frenme ve geli\u015fim s\u00fcrecini sunar.<\/p>\n\t\t\t\t\t\t\t\t\t\t\t\t\t\t\t\t\t\t\t\t\t\t\t\t\t\t\t\t\t\t\t<p class=\"job\">Atat\u00fcrk \u00dcniversitesi Kimya b\u00f6l\u00fcm\u00fc \u00f6\u011frencileri, akademik hayatlar\u0131 boyunca \u00e7e\u015fitli deneyimler kazanma f\u0131rsat\u0131 bulurlar. \u00d6\u011frenciler laboratuvar \u00e7al\u0131\u015fmalar\u0131, projeler ve seminerler arac\u0131l\u0131\u011f\u0131yla teorik bilgileri prati\u011fe \u00e7evirme olanaklar\u0131na sahiptir.\n\n\u00d6\u011frenci kul\u00fcpleri ve sosyal aktiviteler, \u00f6\u011frencilerin birbirleriyle ve \u00f6\u011fretim elemanlar\u0131yla etkile\u015fimde bulunmalar\u0131n\u0131 sa\u011flar. Bu sayede kimya b\u00f6l\u00fcm\u00fcndeki \u00f6\u011frenciler, sadece akademik bilgilerini derinle\u015ftirmekle kalmaz, ayn\u0131 zamanda ileti\u015fim becerilerini geli\u015ftirir ve topluluk i\u00e7inde aktif olarak yer al\u0131rlar.\n\nAra\u015ft\u0131rma projelerine kat\u0131l\u0131m, \u00f6\u011frencilere bilimsel ara\u015ft\u0131rma yapma ve sonu\u00e7lar\u0131n\u0131 sunma deneyimini kazand\u0131r\u0131r. \u00d6\u011fretim elemanlar\u0131n\u0131n rehberli\u011finde, \u00f6\u011frenciler ger\u00e7ek d\u00fcnya sorunlar\u0131na \u00e7\u00f6z\u00fcm \u00fcretme f\u0131rsat\u0131 bulurlar ve bu s\u00fcre\u00e7te kritik d\u00fc\u015f\u00fcnebilme, problem \u00e7\u00f6zme gibi \u00f6nemli becerileri geli\u015ftirirler.\n\nStaj ve bitirme tezleri arac\u0131l\u0131\u011f\u0131yla, \u00f6\u011frenciler end\u00fcstriyel veya akademik ortamlarda deneyim kazan\u0131rlar. Bu deneyimler, mezuniyet sonras\u0131nda i\u015f hayat\u0131na ge\u00e7i\u015fte b\u00fcy\u00fck avantaj sa\u011flar ve mezunlar\u0131m\u0131z\u0131n sekt\u00f6rde kendilerini daha rahat hissetmelerini sa\u011flar.\n\n\u00d6\u011frencilerin ki\u015fisel geli\u015fimlerine katk\u0131da bulunmak amac\u0131yla \u00e7e\u015fitli at\u00f6lye \u00e7al\u0131\u015fmalar\u0131 ve kariyer g\u00fcnleri d\u00fczenlenir. \u00d6\u011frenciler, bu etkinlikler arac\u0131l\u0131\u011f\u0131yla CV haz\u0131rlama, m\u00fclakat teknikleri gibi konularda e\u011fitim al\u0131rlar ve mezuniyet sonras\u0131 kariyer hedeflerine ula\u015fmalar\u0131na destek olunur.\n\nAtat\u00fcrk \u00dcniversitesi Kimya b\u00f6l\u00fcm\u00fc, \u00f6\u011frencilerinin akademik ve ki\u015fisel geli\u015fimine \u00f6nem verir. \u00d6\u011frenci deneyimi, yaln\u0131zca derslerin verildi\u011fi bir ortamdan \u00e7ok daha fazlas\u0131n\u0131 i\u00e7erir; \u00f6\u011frencilere ya\u015fam boyu s\u00fcrecek bir \u00f6\u011frenme ve geli\u015fim s\u00fcrecini sunar.<\/p>\n\t\t\t\t\t\t\t\t\t\t\t\t\t\t\t\t\t\t\t<\/div>\n\t\t\t\t\t\t\t\t<\/div>\n\t\t\t\t\t\t\t\t\n\t\t\t\t\t\t\t\t\t\t\t\t\t\t\t\t\t<div class=\"icon-quote\">\n\t\t\t\t\t\t\t\t\t\t<span class=\"flaticon-left-quote-1\"><\/span>\n\t\t\t\t\t\t\t\t\t<\/div>\n\t\t\t\t\t\t\t\t\t\t\t\t\t\t\t<\/div>\n\t\t\t\t\t\t<\/div>\n\t\t\t\t\t\t\t\t\t<\/div>\n\t\t\t<\/section>\n\n\t\t\t\t\n\t\t\t\t\t\t<\/div>\n\t\t\t\t<\/div>\n\t\t\t\t\t<\/div>\n\t\t<\/div>\n\t\t\t\t\t<\/div>\n\t\t<\/section>\n\t\t\t\t<\/div>\n\t\t","protected":false},"excerpt":{"rendered":"<p>**\u00d6\u011frenci Deneyimi** Kimya b\u00f6l\u00fcm\u00fcm\u00fczde \u00f6\u011frencilerimize sundu\u011fumuz deneyim, onlar\u0131n akademik ve ki\u015fisel geli\u015fimlerini desteklemek i\u00e7in tasarlanm\u0131\u015ft\u0131r. B\u00f6l\u00fcm\u00fcm\u00fcz\u00fcn g\u00fc\u00e7l\u00fc altyap\u0131s\u0131 ve deneyimli \u00f6\u011fretim \u00fcyeleri ile \u00f6\u011frencilerimiz kimya alan\u0131nda derinlemesine bilgi sahibi olurlar. **E\u011fitim Modelimiz** E\u011fitim modelimiz, teorik bilgilerin yan\u0131 s\u0131ra pratik uygulamalar\u0131 da i\u00e7ermektedir. \u00d6\u011frencilerimiz laboratuvar \u00e7al\u0131\u015fmalar\u0131 ile teorik bilgileri peki\u015ftirirler ve ger\u00e7ek d\u00fcnya sorunlar\u0131n\u0131 \u00e7\u00f6zme becerisi [&hellip;]<\/p>\n","protected":false},"author":1,"featured_media":0,"parent":0,"menu_order":0,"comment_status":"closed","ping_status":"closed","template":"elementor_header_footer","meta":{"footnotes":""},"class_list":["post-5734","page","type-page","status-publish","hentry"],"_links":{"self":[{"href":"https:\/\/atauni.edu.tr\/kimya\/wp-json\/wp\/v2\/pages\/5734","targetHints":{"allow":["GET"]}}],"collection":[{"href":"https:\/\/atauni.edu.tr\/kimya\/wp-json\/wp\/v2\/pages"}],"about":[{"href":"https:\/\/atauni.edu.tr\/kimya\/wp-json\/wp\/v2\/types\/page"}],"author":[{"embeddable":true,"href":"https:\/\/atauni.edu.tr\/kimya\/wp-json\/wp\/v2\/users\/1"}],"replies":[{"embeddable":true,"href":"https:\/\/atauni.edu.tr\/kimya\/wp-json\/wp\/v2\/comments?post=5734"}],"version-history":[{"count":20,"href":"https:\/\/atauni.edu.tr\/kimya\/wp-json\/wp\/v2\/pages\/5734\/revisions"}],"predecessor-version":[{"id":6103,"href":"https:\/\/atauni.edu.tr\/kimya\/wp-json\/wp\/v2\/pages\/5734\/revisions\/6103"}],"wp:attachment":[{"href":"https:\/\/atauni.edu.tr\/kimya\/wp-json\/wp\/v2\/media?parent=5734"}],"curies":[{"name":"wp","href":"https:\/\/api.w.org\/{rel}","templated":true}]}}