{"id":5791,"date":"2021-07-13T13:07:15","date_gmt":"2021-07-13T10:07:15","guid":{"rendered":"https:\/\/portaltest.atauni.edu.tr\/bilgisayar-muhendisligi\/?page_id=5791"},"modified":"2021-08-27T15:49:32","modified_gmt":"2021-08-27T12:49:32","slug":"staj","status":"publish","type":"page","link":"https:\/\/atauni.edu.tr\/kimya\/staj\/","title":{"rendered":"Staj"},"content":{"rendered":"\t\t<div data-elementor-type=\"wp-page\" data-elementor-id=\"5791\" class=\"elementor elementor-5791\" data-elementor-post-type=\"page\">\n\t\t\t\t\t\t<section class=\"elementor-section elementor-top-section elementor-element elementor-element-730d320 elementor-section-boxed elementor-section-height-default elementor-section-height-default\" data-id=\"730d320\" data-element_type=\"section\">\n\t\t\t\t\t\t<div class=\"elementor-container elementor-column-gap-default\">\n\t\t\t\t\t<div class=\"elementor-column elementor-col-100 elementor-top-column elementor-element elementor-element-753d0860\" data-id=\"753d0860\" data-element_type=\"column\">\n\t\t\t<div class=\"elementor-widget-wrap\">\n\t\t\t\t\t\t\t<\/div>\n\t\t<\/div>\n\t\t\t\t\t<\/div>\n\t\t<\/section>\n\t\t\t\t<section class=\"elementor-section elementor-top-section elementor-element elementor-element-9be811a elementor-section-boxed elementor-section-height-default elementor-section-height-default\" data-id=\"9be811a\" data-element_type=\"section\">\n\t\t\t\t\t\t<div class=\"elementor-container elementor-column-gap-default\">\n\t\t\t\t\t<div class=\"elementor-column elementor-col-100 elementor-top-column elementor-element elementor-element-1ed847b7\" data-id=\"1ed847b7\" data-element_type=\"column\">\n\t\t\t<div class=\"elementor-widget-wrap elementor-element-populated\">\n\t\t\t\t\t\t<div class=\"elementor-element elementor-element-4ce0d07f elementor-widget elementor-widget-heading\" data-id=\"4ce0d07f\" data-element_type=\"widget\" data-widget_type=\"heading.default\">\n\t\t\t\t<div class=\"elementor-widget-container\">\n\t\t\t\t\t<h2 class=\"elementor-heading-title elementor-size-default\">Staj<\/h2>\t\t\t\t<\/div>\n\t\t\t\t<\/div>\n\t\t\t\t<div class=\"elementor-element elementor-element-63260862 elementor-widget-divider--view-line elementor-widget elementor-widget-divider\" data-id=\"63260862\" data-element_type=\"widget\" data-widget_type=\"divider.default\">\n\t\t\t\t<div class=\"elementor-widget-container\">\n\t\t\t\t\t\t\t<div class=\"elementor-divider\">\n\t\t\t<span class=\"elementor-divider-separator\">\n\t\t\t\t\t\t<\/span>\n\t\t<\/div>\n\t\t\t\t\t\t<\/div>\n\t\t\t\t<\/div>\n\t\t\t\t\t<\/div>\n\t\t<\/div>\n\t\t\t\t\t<\/div>\n\t\t<\/section>\n\t\t\t\t<section class=\"elementor-section elementor-top-section elementor-element elementor-element-10e8347 elementor-section-boxed elementor-section-height-default elementor-section-height-default\" data-id=\"10e8347\" data-element_type=\"section\">\n\t\t\t\t\t\t<div class=\"elementor-container elementor-column-gap-default\">\n\t\t\t\t\t<div class=\"elementor-column elementor-col-100 elementor-top-column elementor-element elementor-element-795ab05\" data-id=\"795ab05\" data-element_type=\"column\">\n\t\t\t<div class=\"elementor-widget-wrap elementor-element-populated\">\n\t\t\t\t\t\t<div class=\"elementor-element elementor-element-4524745 elementor-widget elementor-widget-text-editor\" data-id=\"4524745\" data-element_type=\"widget\" data-widget_type=\"text-editor.default\">\n\t\t\t\t<div class=\"elementor-widget-container\">\n\t\t\t\t\t\t\t\t\t<p>Atat\u00fcrk \u00dcniversitesi Kimya b\u00f6l\u00fcm\u00fc \u00f6\u011frencilerinin mezuniyet \u00f6ncesi staj deneyimi kazanmalar\u0131 b\u00fcy\u00fck \u00f6nem ta\u015f\u0131maktad\u0131r. Bu exp\u00e9rience, \u00f6\u011frencilerin teorik bilgileri pratikte uygulamalar\u0131na ve sekt\u00f6rde kar\u015f\u0131la\u015fabilecekleri sorunlara kar\u015f\u0131 haz\u0131rlanmalar\u0131na yard\u0131mc\u0131 olur.<\/p>\n<p>Staj programlar\u0131, \u00f6\u011frencilere \u00e7e\u015fitli end\u00fcstriyel ortamlarda deneyim kazand\u0131rarak, kimya sekt\u00f6r\u00fcndeki g\u00fcncel uygulamalar\u0131 yak\u0131ndan tan\u0131malar\u0131n\u0131 sa\u011flar. \u00d6\u011frenciler, staj s\u00fcresince laboratuvar \u00e7al\u0131\u015fmalar\u0131, \u00fcretim s\u00fcre\u00e7leri ve kalite kontrol gibi farkl\u0131 alanlarda g\u00f6rev alabilirler.<\/p>\n<p>Stajyerler, deneyimli profesyonellerin rehberli\u011finde \u00e7al\u0131\u015fmalar\u0131na devam ederken, ba\u011f\u0131ms\u0131z d\u00fc\u015f\u00fcnme, problem \u00e7\u00f6zme ve ileti\u015fim becerilerini de geli\u015ftirirler. Ayr\u0131ca, staj s\u0131ras\u0131nda edindikleri bilgiler ve kazand\u0131klar\u0131 deneyim, mezuniyet sonras\u0131 i\u015f ba\u015fvurular\u0131nda \u00f6nemli bir avantaj olarak de\u011ferlendirilebilir.<\/p\t\t\t\t\t\t\t\t<\/div>\n\t\t\t\t<\/div>\n\t\t\t\t\t<\/div>\n\t\t<\/div>\n\t\t\t\t\t<\/div>\n\t\t<\/section>\n\t\t\t\t<\/div>\n\t\t","protected":false},"excerpt":{"rendered":"<p>**Staj** \u00dcniversite \u00f6\u011frencilerinin e\u011fitim s\u00fcre\u00e7lerinin \u00f6nemli bir par\u00e7as\u0131 olan staj, teorik bilgileri pratikte uygulamalar\u0131na olanak tan\u0131yan de\u011ferli bir deneyimdir. Kimya b\u00f6l\u00fcm\u00fc \u00f6\u011frencileri i\u00e7in staj, laboratuvarlarda ve end\u00fcstriyel ortamlarda \u00e7al\u0131\u015farak kimyasal s\u00fcre\u00e7leri, malzeme analizlerini ve \u00fcretim tekniklerini yak\u0131ndan tan\u0131malar\u0131n\u0131 sa\u011flar. Stajyerler, bu s\u00fcre zarf\u0131nda farkl\u0131 g\u00f6rev ve sorumluluklarla kar\u015f\u0131la\u015farak problem \u00e7\u00f6zme becerilerini geli\u015ftirir, tak\u0131m i\u00e7inde \u00e7al\u0131\u015fman\u0131n [&hellip;]<\/p>\n","protected":false},"author":1,"featured_media":0,"parent":0,"menu_order":0,"comment_status":"closed","ping_status":"closed","template":"elementor_header_footer","meta":{"footnotes":""},"class_list":["post-5791","page","type-page","status-publish","hentry"],"_links":{"self":[{"href":"https:\/\/atauni.edu.tr\/kimya\/wp-json\/wp\/v2\/pages\/5791","targetHints":{"allow":["GET"]}}],"collection":[{"href":"https:\/\/atauni.edu.tr\/kimya\/wp-json\/wp\/v2\/pages"}],"about":[{"href":"https:\/\/atauni.edu.tr\/kimya\/wp-json\/wp\/v2\/types\/page"}],"author":[{"embeddable":true,"href":"https:\/\/atauni.edu.tr\/kimya\/wp-json\/wp\/v2\/users\/1"}],"replies":[{"embeddable":true,"href":"https:\/\/atauni.edu.tr\/kimya\/wp-json\/wp\/v2\/comments?post=5791"}],"version-history":[{"count":8,"href":"https:\/\/atauni.edu.tr\/kimya\/wp-json\/wp\/v2\/pages\/5791\/revisions"}],"predecessor-version":[{"id":6094,"href":"https:\/\/atauni.edu.tr\/kimya\/wp-json\/wp\/v2\/pages\/5791\/revisions\/6094"}],"wp:attachment":[{"href":"https:\/\/atauni.edu.tr\/kimya\/wp-json\/wp\/v2\/media?parent=5791"}],"curies":[{"name":"wp","href":"https:\/\/api.w.org\/{rel}","templated":true}]}}