{"id":5800,"date":"2021-07-13T13:12:45","date_gmt":"2021-07-13T10:12:45","guid":{"rendered":"https:\/\/portaltest.atauni.edu.tr\/bilgisayar-muhendisligi\/?page_id=5800"},"modified":"2021-08-27T15:49:23","modified_gmt":"2021-08-27T12:49:23","slug":"bitirme-projeleri","status":"publish","type":"page","link":"https:\/\/atauni.edu.tr\/kimya\/bitirme-projeleri\/","title":{"rendered":"Bitirme Projeleri"},"content":{"rendered":"\t\t<div data-elementor-type=\"wp-page\" data-elementor-id=\"5800\" class=\"elementor elementor-5800\" data-elementor-post-type=\"page\">\n\t\t\t\t\t\t<section class=\"elementor-section elementor-top-section elementor-element elementor-element-730d320 elementor-section-boxed elementor-section-height-default elementor-section-height-default\" data-id=\"730d320\" data-element_type=\"section\">\n\t\t\t\t\t\t<div class=\"elementor-container elementor-column-gap-default\">\n\t\t\t\t\t<div class=\"elementor-column elementor-col-100 elementor-top-column elementor-element elementor-element-753d0860\" data-id=\"753d0860\" data-element_type=\"column\">\n\t\t\t<div class=\"elementor-widget-wrap\">\n\t\t\t\t\t\t\t<\/div>\n\t\t<\/div>\n\t\t\t\t\t<\/div>\n\t\t<\/section>\n\t\t\t\t<section class=\"elementor-section elementor-top-section elementor-element elementor-element-9be811a elementor-section-boxed elementor-section-height-default elementor-section-height-default\" data-id=\"9be811a\" data-element_type=\"section\">\n\t\t\t\t\t\t<div class=\"elementor-container elementor-column-gap-default\">\n\t\t\t\t\t<div class=\"elementor-column elementor-col-100 elementor-top-column elementor-element elementor-element-1ed847b7\" data-id=\"1ed847b7\" data-element_type=\"column\">\n\t\t\t<div class=\"elementor-widget-wrap elementor-element-populated\">\n\t\t\t\t\t\t<div class=\"elementor-element elementor-element-4ce0d07f elementor-widget elementor-widget-heading\" data-id=\"4ce0d07f\" data-element_type=\"widget\" data-widget_type=\"heading.default\">\n\t\t\t\t<div class=\"elementor-widget-container\">\n\t\t\t\t\t<h2 class=\"elementor-heading-title elementor-size-default\">Bitirme Projeleri<\/h2>\t\t\t\t<\/div>\n\t\t\t\t<\/div>\n\t\t\t\t<div class=\"elementor-element elementor-element-63260862 elementor-widget-divider--view-line elementor-widget elementor-widget-divider\" data-id=\"63260862\" data-element_type=\"widget\" data-widget_type=\"divider.default\">\n\t\t\t\t<div class=\"elementor-widget-container\">\n\t\t\t\t\t\t\t<div class=\"elementor-divider\">\n\t\t\t<span class=\"elementor-divider-separator\">\n\t\t\t\t\t\t<\/span>\n\t\t<\/div>\n\t\t\t\t\t\t<\/div>\n\t\t\t\t<\/div>\n\t\t\t\t\t<\/div>\n\t\t<\/div>\n\t\t\t\t\t<\/div>\n\t\t<\/section>\n\t\t\t\t<section class=\"elementor-section elementor-top-section elementor-element elementor-element-6c18d0b elementor-section-boxed elementor-section-height-default elementor-section-height-default\" data-id=\"6c18d0b\" data-element_type=\"section\">\n\t\t\t\t\t\t<div class=\"elementor-container elementor-column-gap-default\">\n\t\t\t\t\t<div class=\"elementor-column elementor-col-100 elementor-top-column elementor-element elementor-element-5a88ff5\" data-id=\"5a88ff5\" data-element_type=\"column\">\n\t\t\t<div class=\"elementor-widget-wrap elementor-element-populated\">\n\t\t\t\t\t\t<div class=\"elementor-element elementor-element-69d7a2b elementor-widget elementor-widget-accordion\" data-id=\"69d7a2b\" data-element_type=\"widget\" data-widget_type=\"accordion.default\">\n\t\t\t\t<div class=\"elementor-widget-container\">\n\t\t\t\t\t\t\t<div class=\"elementor-accordion\">\n\t\t\t\t\t\t\t<div class=\"elementor-accordion-item\">\n\t\t\t\t\t<div id=\"elementor-tab-title-1101\" class=\"elementor-tab-title\" data-tab=\"1\" role=\"button\" aria-controls=\"elementor-tab-content-1101\" aria-expanded=\"false\">\n\t\t\t\t\t\t\t\t\t\t\t\t\t<span class=\"elementor-accordion-icon elementor-accordion-icon-left\" aria-hidden=\"true\">\n\t\t\t\t\t\t\t\t\t\t\t\t\t\t\t<span class=\"elementor-accordion-icon-closed\"><i class=\"fas fa-plus\"><\/i><\/span>\n\t\t\t\t\t\t\t\t<span class=\"elementor-accordion-icon-opened\"><i class=\"fas fa-minus\"><\/i><\/span>\n\t\t\t\t\t\t\t\t\t\t\t\t\t\t<\/span>\n\t\t\t\t\t\t\t\t\t\t\t\t<a class=\"elementor-accordion-title\" tabindex=\"0\"><html>\n  <body>\n    <h2>Bitirme Projeleri<\/h2>\n    <p>\u00dcniversitemizin Kimya b\u00f6l\u00fcm\u00fcnde e\u011fitim g\u00f6ren \u00f6\u011frencilerin mezuniyet i\u00e7in haz\u0131rlamalar\u0131 gereken bitirme projeleri, onlar\u0131n akademik ve mesleki geli\u015fiminde \u00f6nemli bir rol oynar.<\/p>\n    <p>Bitirme projeleri genellikle \u00f6\u011frencilerin se\u00e7tikleri konular \u00fczerinde derinlemesine ara\u015ft\u0131rma yapmalar\u0131n\u0131 ve elde ettikleri sonu\u00e7lar\u0131 sunmalar\u0131n\u0131 i\u00e7erir. Bu s\u00fcre\u00e7, \u00f6\u011frencilere ba\u011f\u0131ms\u0131z \u00e7al\u0131\u015fma becerileri kazand\u0131r\u0131r ve onlar\u0131 gelecekteki kariyerlerinde ba\u015far\u0131l\u0131 olmaya haz\u0131rlar.<\/p>\n    <p>Kimya b\u00f6l\u00fcm\u00fcnde bitirme projelerinin kapsam\u0131 geni\u015f olup, organik kimya, inorganik kimya, fizikokimya, analitik kimya gibi \u00e7e\u015fitli alt dallar\u0131 i\u00e7erebilir. Projeler, teorik ve deneysel \u00e7al\u0131\u015fmalardan olu\u015fabilir ve sometimes end\u00fcstriy<\/a>\n\t\t\t\t\t<\/div>\n\t\t\t\t\t<div id=\"elementor-tab-content-1101\" class=\"elementor-tab-content elementor-clearfix\" data-tab=\"1\" role=\"region\" aria-labelledby=\"elementor-tab-title-1101\"><html>\n  <body>\n    <h2>Bitirme Projeleri<\/h2>\n    <p>\u00dcniversitemizin Kimya b\u00f6l\u00fcm\u00fcnde e\u011fitim g\u00f6ren \u00f6\u011frencilerin mezuniyet i\u00e7in haz\u0131rlamalar\u0131 gereken bitirme projeleri, onlar\u0131n akademik ve mesleki geli\u015fiminde \u00f6nemli bir rol oynar.<\/p>\n    <p>Bitirme projeleri genellikle \u00f6\u011frencilerin se\u00e7tikleri konular \u00fczerinde derinlemesine ara\u015ft\u0131rma yapmalar\u0131n\u0131 ve elde ettikleri sonu\u00e7lar\u0131 sunmalar\u0131n\u0131 i\u00e7erir. Bu s\u00fcre\u00e7, \u00f6\u011frencilere ba\u011f\u0131ms\u0131z \u00e7al\u0131\u015fma becerileri kazand\u0131r\u0131r ve onlar\u0131 gelecekteki kariyerlerinde ba\u015far\u0131l\u0131 olmaya haz\u0131rlar.<\/p>\n    <p>Kimya b\u00f6l\u00fcm\u00fcnde bitirme projelerinin kapsam\u0131 geni\u015f olup, organik kimya, inorganik kimya, fizikokimya, analitik kimya gibi \u00e7e\u015fitli alt dallar\u0131 i\u00e7erebilir. Projeler, teorik ve deneysel \u00e7al\u0131\u015fmalardan olu\u015fabilir ve sometimes end\u00fcstriy<\/div>\n\t\t\t\t<\/div>\n\t\t\t\t\t\t\t<div class=\"elementor-accordion-item\">\n\t\t\t\t\t<div id=\"elementor-tab-title-1102\" class=\"elementor-tab-title\" data-tab=\"2\" role=\"button\" aria-controls=\"elementor-tab-content-1102\" aria-expanded=\"false\">\n\t\t\t\t\t\t\t\t\t\t\t\t\t<span class=\"elementor-accordion-icon elementor-accordion-icon-left\" aria-hidden=\"true\">\n\t\t\t\t\t\t\t\t\t\t\t\t\t\t\t<span class=\"elementor-accordion-icon-closed\"><i class=\"fas fa-plus\"><\/i><\/span>\n\t\t\t\t\t\t\t\t<span class=\"elementor-accordion-icon-opened\"><i class=\"fas fa-minus\"><\/i><\/span>\n\t\t\t\t\t\t\t\t\t\t\t\t\t\t<\/span>\n\t\t\t\t\t\t\t\t\t\t\t\t<a class=\"elementor-accordion-title\" tabindex=\"0\"><html>\n  <body>\n    <h2>Bitirme Projeleri<\/h2>\n    <p>\u00dcniversitemizin Kimya b\u00f6l\u00fcm\u00fcnde e\u011fitim g\u00f6ren \u00f6\u011frencilerin mezuniyet i\u00e7in haz\u0131rlamalar\u0131 gereken bitirme projeleri, onlar\u0131n akademik ve mesleki geli\u015fiminde \u00f6nemli bir rol oynar.<\/p>\n    <p>Bitirme projeleri genellikle \u00f6\u011frencilerin se\u00e7tikleri konular \u00fczerinde derinlemesine ara\u015ft\u0131rma yapmalar\u0131n\u0131 ve elde ettikleri sonu\u00e7lar\u0131 sunmalar\u0131n\u0131 i\u00e7erir. Bu s\u00fcre\u00e7, \u00f6\u011frencilere ba\u011f\u0131ms\u0131z \u00e7al\u0131\u015fma becerileri kazand\u0131r\u0131r ve onlar\u0131 gelecekteki kariyerlerinde ba\u015far\u0131l\u0131 olmaya haz\u0131rlar.<\/p>\n    <p>Kimya b\u00f6l\u00fcm\u00fcnde bitirme projelerinin kapsam\u0131 geni\u015f olup, organik kimya, inorganik kimya, fizikokimya, analitik kimya gibi \u00e7e\u015fitli alt dallar\u0131 i\u00e7erebilir. Projeler, teorik ve deneysel \u00e7al\u0131\u015fmalardan olu\u015fabilir ve sometimes end\u00fcstriy<\/a>\n\t\t\t\t\t<\/div>\n\t\t\t\t\t<div id=\"elementor-tab-content-1102\" class=\"elementor-tab-content elementor-clearfix\" data-tab=\"2\" role=\"region\" aria-labelledby=\"elementor-tab-title-1102\"><html>\n  <body>\n    <h2>Bitirme Projeleri<\/h2>\n    <p>\u00dcniversitemizin Kimya b\u00f6l\u00fcm\u00fcnde e\u011fitim g\u00f6ren \u00f6\u011frencilerin mezuniyet i\u00e7in haz\u0131rlamalar\u0131 gereken bitirme projeleri, onlar\u0131n akademik ve mesleki geli\u015fiminde \u00f6nemli bir rol oynar.<\/p>\n    <p>Bitirme projeleri genellikle \u00f6\u011frencilerin se\u00e7tikleri konular \u00fczerinde derinlemesine ara\u015ft\u0131rma yapmalar\u0131n\u0131 ve elde ettikleri sonu\u00e7lar\u0131 sunmalar\u0131n\u0131 i\u00e7erir. Bu s\u00fcre\u00e7, \u00f6\u011frencilere ba\u011f\u0131ms\u0131z \u00e7al\u0131\u015fma becerileri kazand\u0131r\u0131r ve onlar\u0131 gelecekteki kariyerlerinde ba\u015far\u0131l\u0131 olmaya haz\u0131rlar.<\/p>\n    <p>Kimya b\u00f6l\u00fcm\u00fcnde bitirme projelerinin kapsam\u0131 geni\u015f olup, organik kimya, inorganik kimya, fizikokimya, analitik kimya gibi \u00e7e\u015fitli alt dallar\u0131 i\u00e7erebilir. Projeler, teorik ve deneysel \u00e7al\u0131\u015fmalardan olu\u015fabilir ve sometimes end\u00fcstriy<\/div>\n\t\t\t\t<\/div>\n\t\t\t\t\t\t\t\t<\/div>\n\t\t\t\t\t\t<\/div>\n\t\t\t\t<\/div>\n\t\t\t\t\t<\/div>\n\t\t<\/div>\n\t\t\t\t\t<\/div>\n\t\t<\/section>\n\t\t\t\t<\/div>\n\t\t","protected":false},"excerpt":{"rendered":"<p>**Bitirme Projeleri** Kimya b\u00f6l\u00fcm\u00fc \u00f6\u011frencileri i\u00e7in bitirme projeleri, akademik e\u011fitimlerinin \u00f6nemli bir par\u00e7as\u0131n\u0131 olu\u015fturur. Bu projeler, \u00f6\u011frencilerin teorik bilgileri pratik uygulamalarla birle\u015ftirmelerine veIndependent olarak \u00e7al\u0131\u015farak problem \u00e7\u00f6zebilmelerine olanak tan\u0131r. Bitirme projelerinin amac\u0131, \u00f6\u011frencilere kendi ilgi alanlar\u0131na uygun konularda derinlemesine ara\u015ft\u0131rma yapma f\u0131rsat\u0131 sunmakt\u0131r. Projeler, genellikle \u00f6\u011frencilerin se\u00e7ti\u011fi \u00f6zel bir konuda literat\u00fcr taramas\u0131, deneysel \u00e7al\u0131\u015fma veya [&hellip;]<\/p>\n","protected":false},"author":1,"featured_media":0,"parent":0,"menu_order":0,"comment_status":"closed","ping_status":"closed","template":"elementor_header_footer","meta":{"footnotes":""},"class_list":["post-5800","page","type-page","status-publish","hentry"],"_links":{"self":[{"href":"https:\/\/atauni.edu.tr\/kimya\/wp-json\/wp\/v2\/pages\/5800","targetHints":{"allow":["GET"]}}],"collection":[{"href":"https:\/\/atauni.edu.tr\/kimya\/wp-json\/wp\/v2\/pages"}],"about":[{"href":"https:\/\/atauni.edu.tr\/kimya\/wp-json\/wp\/v2\/types\/page"}],"author":[{"embeddable":true,"href":"https:\/\/atauni.edu.tr\/kimya\/wp-json\/wp\/v2\/users\/1"}],"replies":[{"embeddable":true,"href":"https:\/\/atauni.edu.tr\/kimya\/wp-json\/wp\/v2\/comments?post=5800"}],"version-history":[{"count":11,"href":"https:\/\/atauni.edu.tr\/kimya\/wp-json\/wp\/v2\/pages\/5800\/revisions"}],"predecessor-version":[{"id":6091,"href":"https:\/\/atauni.edu.tr\/kimya\/wp-json\/wp\/v2\/pages\/5800\/revisions\/6091"}],"wp:attachment":[{"href":"https:\/\/atauni.edu.tr\/kimya\/wp-json\/wp\/v2\/media?parent=5800"}],"curies":[{"name":"wp","href":"https:\/\/api.w.org\/{rel}","templated":true}]}}