{"id":6350,"date":"2022-06-08T15:42:52","date_gmt":"2022-06-08T12:42:52","guid":{"rendered":"https:\/\/birimler.atauni.edu.tr\/kimya\/?page_id=6350"},"modified":"2026-05-07T16:13:17","modified_gmt":"2026-05-07T13:13:17","slug":"fedek","status":"publish","type":"page","link":"https:\/\/atauni.edu.tr\/kimya\/fedek\/","title":{"rendered":"FEDEK"},"content":{"rendered":"\n<p><strong>Kimya B\u00f6l\u00fcm\u00fc 2025 Y\u0131l\u0131 \u00d6zde\u011ferlendirme Raporu<\/strong><\/p>\n\n\n\n<div data-wp-interactive=\"core\/file\" class=\"wp-block-file\"><object data-wp-bind--hidden=\"!state.hasPdfPreview\" hidden class=\"wp-block-file__embed\" data=\"https:\/\/atauni.edu.tr\/kimya\/wp-content\/uploads\/sites\/130\/2026\/05\/FEDEK_Oz-Degerlendirme-Raporu_-2025.pdf\" type=\"application\/pdf\" style=\"width:100%;height:600px\" aria-label=\"FEDEK_\u00d6z De\u011ferlendirme Raporu_ 2025 g\u00f6m\u00fcs\u00fc.\"><\/object><a id=\"wp-block-file--media-72cd5235-f9f6-4bd9-b9f6-8a18f0069157\" href=\"https:\/\/atauni.edu.tr\/kimya\/wp-content\/uploads\/sites\/130\/2026\/05\/FEDEK_Oz-Degerlendirme-Raporu_-2025.pdf\">FEDEK_\u00d6z De\u011ferlendirme Raporu_ 2025<\/a><a href=\"https:\/\/atauni.edu.tr\/kimya\/wp-content\/uploads\/sites\/130\/2026\/05\/FEDEK_Oz-Degerlendirme-Raporu_-2025.pdf\" class=\"wp-block-file__button wp-element-button\" download aria-describedby=\"wp-block-file--media-72cd5235-f9f6-4bd9-b9f6-8a18f0069157\">\u0130ndir<\/a><\/div>\n\n\n\n<p><strong>Kimya B\u00f6l\u00fcm\u00fc 2021 Y\u0131l\u0131 \u00d6zde\u011ferlendirme Raporu<\/strong><\/p>\n\n\n\n<div data-wp-interactive=\"core\/file\" class=\"wp-block-file\"><object data-wp-bind--hidden=\"!state.hasPdfPreview\" hidden class=\"wp-block-file__embed\" data=\"https:\/\/atauni.edu.tr\/kimya\/wp-content\/uploads\/sites\/130\/2026\/05\/FEDEK-Oz-Degerlendirme-Raporu-2021.pdf\" type=\"application\/pdf\" style=\"width:100%;height:600px\" aria-label=\"FEDEK \u00d6z De\u011ferlendirme Raporu-2021 g\u00f6m\u00fcs\u00fc.\"><\/object><a id=\"wp-block-file--media-3f9c3e9f-0bd8-4e7f-9755-9f6ed254adb9\" href=\"https:\/\/atauni.edu.tr\/kimya\/wp-content\/uploads\/sites\/130\/2026\/05\/FEDEK-Oz-Degerlendirme-Raporu-2021.pdf\">FEDEK \u00d6z De\u011ferlendirme Raporu-2021<\/a><a href=\"https:\/\/atauni.edu.tr\/kimya\/wp-content\/uploads\/sites\/130\/2026\/05\/FEDEK-Oz-Degerlendirme-Raporu-2021.pdf\" class=\"wp-block-file__button wp-element-button\" download aria-describedby=\"wp-block-file--media-3f9c3e9f-0bd8-4e7f-9755-9f6ed254adb9\">\u0130ndir<\/a><\/div>\n\n\n\n<p><strong>Kimya B\u00f6l\u00fcm\u00fc 2019 Y\u0131l\u0131 \u00d6zde\u011ferlendirme Raporu  <\/strong><\/p>\n\n\n\n<div data-wp-interactive=\"core\/file\" class=\"wp-block-file\"><object data-wp-bind--hidden=\"!state.hasPdfPreview\" hidden class=\"wp-block-file__embed\" data=\"https:\/\/atauni.edu.tr\/kimya\/wp-content\/uploads\/sites\/130\/2026\/05\/FEDEK_Oz-Degerlendirme-Raporu_2019.pdf\" type=\"application\/pdf\" style=\"width:100%;height:600px\" aria-label=\"FEDEK_\u00d6z De\u011ferlendirme Raporu_2019 g\u00f6m\u00fcs\u00fc.\"><\/object><a id=\"wp-block-file--media-253643b7-30d1-4c3d-9cbe-126c686e303a\" href=\"https:\/\/atauni.edu.tr\/kimya\/wp-content\/uploads\/sites\/130\/2026\/05\/FEDEK_Oz-Degerlendirme-Raporu_2019.pdf\">FEDEK_\u00d6z De\u011ferlendirme Raporu_2019<\/a><a href=\"https:\/\/atauni.edu.tr\/kimya\/wp-content\/uploads\/sites\/130\/2026\/05\/FEDEK_Oz-Degerlendirme-Raporu_2019.pdf\" class=\"wp-block-file__button wp-element-button\" download aria-describedby=\"wp-block-file--media-253643b7-30d1-4c3d-9cbe-126c686e303a\">\u0130ndir<\/a><\/div>\n","protected":false},"excerpt":{"rendered":"<p>Kimya B\u00f6l\u00fcm\u00fc 2025 Y\u0131l\u0131 \u00d6zde\u011ferlendirme Raporu Kimya B\u00f6l\u00fcm\u00fc 2021 Y\u0131l\u0131 \u00d6zde\u011ferlendirme Raporu Kimya B\u00f6l\u00fcm\u00fc 2019 Y\u0131l\u0131 \u00d6zde\u011ferlendirme Raporu<\/p>\n","protected":false},"author":116,"featured_media":0,"parent":0,"menu_order":0,"comment_status":"closed","ping_status":"closed","template":"","meta":{"footnotes":""},"class_list":["post-6350","page","type-page","status-publish","hentry"],"_links":{"self":[{"href":"https:\/\/atauni.edu.tr\/kimya\/wp-json\/wp\/v2\/pages\/6350","targetHints":{"allow":["GET"]}}],"collection":[{"href":"https:\/\/atauni.edu.tr\/kimya\/wp-json\/wp\/v2\/pages"}],"about":[{"href":"https:\/\/atauni.edu.tr\/kimya\/wp-json\/wp\/v2\/types\/page"}],"author":[{"embeddable":true,"href":"https:\/\/atauni.edu.tr\/kimya\/wp-json\/wp\/v2\/users\/116"}],"replies":[{"embeddable":true,"href":"https:\/\/atauni.edu.tr\/kimya\/wp-json\/wp\/v2\/comments?post=6350"}],"version-history":[{"count":3,"href":"https:\/\/atauni.edu.tr\/kimya\/wp-json\/wp\/v2\/pages\/6350\/revisions"}],"predecessor-version":[{"id":7109,"href":"https:\/\/atauni.edu.tr\/kimya\/wp-json\/wp\/v2\/pages\/6350\/revisions\/7109"}],"wp:attachment":[{"href":"https:\/\/atauni.edu.tr\/kimya\/wp-json\/wp\/v2\/media?parent=6350"}],"curies":[{"name":"wp","href":"https:\/\/api.w.org\/{rel}","templated":true}]}}