{"id":7073,"date":"2026-04-14T15:03:16","date_gmt":"2026-04-14T12:03:16","guid":{"rendered":"https:\/\/atauni.edu.tr\/kimya\/?page_id=7073"},"modified":"2026-04-14T15:12:54","modified_gmt":"2026-04-14T12:12:54","slug":"aletsel-analiz","status":"publish","type":"page","link":"https:\/\/atauni.edu.tr\/kimya\/aletsel-analiz\/","title":{"rendered":"Aletsel Analiz"},"content":{"rendered":"\n<p><strong>Atat\u00fcrk \u00dcniversitesi Fen Fak\u00fcltesi Aletsel Analiz Talepleri \u0130\u00e7in Cihaz ve \u0130leti\u015fime Ge\u00e7ilecek \u00d6\u011fretim \u00dcyesi\/Personel Bilgileri<\/strong><\/p>\n\n\n\n<figure class=\"wp-block-table\"><table class=\"has-fixed-layout\"><tbody><tr><td><strong>Cihaz ad\u0131<\/strong><\/td><td><strong>\u0130leti\u015fime ge\u00e7ilecek \u00f6\u011fretim \u00fcyesi\/personel<\/strong><\/td><td><strong>Telefon numaras\u0131<\/strong><\/td><td><strong>e-posta adresi<\/strong><\/td><\/tr><tr><td>NMR Spektroskopisi<\/td><td>\u00d6\u011fr. G\u00f6r. Dr. Bar\u0131\u015f ANIL<\/td><td>+90 532 346 24 76<\/td><td><a href=\"mailto:banil@atauni.edu.tr\">banil@atauni.edu.tr<\/a><\/td><\/tr><tr><td>XRD Spektroskopisi<\/td><td>Prof. Dr. Ertan \u015eAH\u0130N<\/td><td>+90 532 672 45 10<\/td><td><a href=\"mailto:ertan@atauni.edu.tr\">ertan@atauni.edu.tr<\/a><\/td><\/tr><tr><td>IR Spektroskopisi<\/td><td>Do\u00e7. Dr. Kader DA\u011eCI KIRAN\u015eAN<\/td><td>+90 536 514 01 97<\/td><td><a href=\"mailto:kdagci@atauni.edu.tr\">kdagci@atauni.edu.tr<\/a><\/td><\/tr><tr><td>Elementel Analiz<\/td><td>Dr. \u00d6\u011fr. \u00dcyesi Adem ERT\u00dcRK<\/td><td>+90 505 447 57 10<\/td><td><a href=\"mailto:a.erturk@atauni.edu.tr\">a.erturk@atauni.edu.tr<\/a><\/td><\/tr><tr><td>Floresans Spektroskopi<\/td><td>Prof. Dr. Mehmet KAYA<\/td><td>+90 505 480 75 85<\/td><td><a href=\"mailto:mehmetkaya@atauni.edu.tr\">mehmetkaya@atauni.edu.tr<\/a><\/td><\/tr><tr><td>Likit Azot<\/td><td>Sel\u00e7uk KARAKA\u015e<\/td><td>+90 532 374 05 21<\/td><td><a href=\"mailto:selcukkarakas@atauni.edu.tr\">selcukkarakas@atauni.edu.tr<\/a><\/td><\/tr><\/tbody><\/table><\/figure>\n\n\n\n<p>Analiz \u00dccretleri <\/p>\n\n\n\n<div data-wp-interactive=\"core\/file\" class=\"wp-block-file\"><object data-wp-bind--hidden=\"!state.hasPdfPreview\" hidden class=\"wp-block-file__embed\" data=\"https:\/\/atauni.edu.tr\/kimya\/wp-content\/uploads\/sites\/130\/2026\/04\/Analiz-Ucretleri.pdf\" type=\"application\/pdf\" style=\"width:100%;height:600px\" aria-label=\"Analiz \u00dccretleri g\u00f6m\u00fcs\u00fc.\"><\/object><a id=\"wp-block-file--media-8d6fc9ff-a4f8-4ed2-809f-7bbebb1ec6fe\" href=\"https:\/\/atauni.edu.tr\/kimya\/wp-content\/uploads\/sites\/130\/2026\/04\/Analiz-Ucretleri.pdf\">Analiz \u00dccretleri<\/a><a href=\"https:\/\/atauni.edu.tr\/kimya\/wp-content\/uploads\/sites\/130\/2026\/04\/Analiz-Ucretleri.pdf\" class=\"wp-block-file__button wp-element-button\" download aria-describedby=\"wp-block-file--media-8d6fc9ff-a4f8-4ed2-809f-7bbebb1ec6fe\">\u0130ndir<\/a><\/div>\n\n\n\n<div data-wp-interactive=\"core\/file\" class=\"wp-block-file\"><object data-wp-bind--hidden=\"!state.hasPdfPreview\" hidden class=\"wp-block-file__embed\" data=\"https:\/\/atauni.edu.tr\/kimya\/wp-content\/uploads\/sites\/130\/2026\/04\/ATATURK-UNIVERSITESI-FEN-FAKULTESI-ALETSEL-ANALIZ-BASVURU-FORMU.pdf\" type=\"application\/pdf\" style=\"width:100%;height:600px\" aria-label=\"ATAT\u00dcRK \u00dcN\u0130VERS\u0130TES\u0130 FEN FAK\u00dcLTES\u0130 ALETSEL ANAL\u0130Z BA\u015eVURU FORMU g\u00f6m\u00fcs\u00fc.\"><\/object><a id=\"wp-block-file--media-4a91ef87-4841-49ca-92b7-4d07d6ce0ddf\" href=\"https:\/\/atauni.edu.tr\/kimya\/wp-content\/uploads\/sites\/130\/2026\/04\/ATATURK-UNIVERSITESI-FEN-FAKULTESI-ALETSEL-ANALIZ-BASVURU-FORMU.pdf\">ATAT\u00dcRK \u00dcN\u0130VERS\u0130TES\u0130 FEN FAK\u00dcLTES\u0130 ALETSEL ANAL\u0130Z BA\u015eVURU FORMU<\/a><a href=\"https:\/\/atauni.edu.tr\/kimya\/wp-content\/uploads\/sites\/130\/2026\/04\/ATATURK-UNIVERSITESI-FEN-FAKULTESI-ALETSEL-ANALIZ-BASVURU-FORMU.pdf\" class=\"wp-block-file__button wp-element-button\" download aria-describedby=\"wp-block-file--media-4a91ef87-4841-49ca-92b7-4d07d6ce0ddf\">\u0130ndir<\/a><\/div>\n\n\n\n<div data-wp-interactive=\"core\/file\" class=\"wp-block-file\"><object data-wp-bind--hidden=\"!state.hasPdfPreview\" hidden class=\"wp-block-file__embed\" data=\"https:\/\/atauni.edu.tr\/kimya\/wp-content\/uploads\/sites\/130\/2026\/04\/Ek-Numune-kodlari.pdf\" type=\"application\/pdf\" style=\"width:100%;height:600px\" aria-label=\"Ek Numune kodlar\u0131 g\u00f6m\u00fcs\u00fc.\"><\/object><a id=\"wp-block-file--media-459f6bbc-3cc9-4a78-84ec-4be1d3a49865\" href=\"https:\/\/atauni.edu.tr\/kimya\/wp-content\/uploads\/sites\/130\/2026\/04\/Ek-Numune-kodlari.pdf\">Ek Numune kodlar\u0131<\/a><a href=\"https:\/\/atauni.edu.tr\/kimya\/wp-content\/uploads\/sites\/130\/2026\/04\/Ek-Numune-kodlari.pdf\" class=\"wp-block-file__button wp-element-button\" download aria-describedby=\"wp-block-file--media-459f6bbc-3cc9-4a78-84ec-4be1d3a49865\">\u0130ndir<\/a><\/div>\n","protected":false},"excerpt":{"rendered":"<p>Atat\u00fcrk \u00dcniversitesi Fen Fak\u00fcltesi Aletsel Analiz Talepleri \u0130\u00e7in Cihaz ve \u0130leti\u015fime Ge\u00e7ilecek \u00d6\u011fretim \u00dcyesi\/Personel Bilgileri Cihaz ad\u0131 \u0130leti\u015fime ge\u00e7ilecek \u00f6\u011fretim \u00fcyesi\/personel Telefon numaras\u0131 e-posta adresi NMR Spektroskopisi \u00d6\u011fr. G\u00f6r. Dr. Bar\u0131\u015f ANIL +90 532 346 24 76 banil@atauni.edu.tr XRD Spektroskopisi Prof. Dr. Ertan \u015eAH\u0130N +90 532 672 45 10 ertan@atauni.edu.tr IR Spektroskopisi Do\u00e7. Dr. Kader [&hellip;]<\/p>\n","protected":false},"author":381,"featured_media":0,"parent":0,"menu_order":0,"comment_status":"closed","ping_status":"closed","template":"","meta":{"footnotes":""},"class_list":["post-7073","page","type-page","status-publish","hentry"],"_links":{"self":[{"href":"https:\/\/atauni.edu.tr\/kimya\/wp-json\/wp\/v2\/pages\/7073","targetHints":{"allow":["GET"]}}],"collection":[{"href":"https:\/\/atauni.edu.tr\/kimya\/wp-json\/wp\/v2\/pages"}],"about":[{"href":"https:\/\/atauni.edu.tr\/kimya\/wp-json\/wp\/v2\/types\/page"}],"author":[{"embeddable":true,"href":"https:\/\/atauni.edu.tr\/kimya\/wp-json\/wp\/v2\/users\/381"}],"replies":[{"embeddable":true,"href":"https:\/\/atauni.edu.tr\/kimya\/wp-json\/wp\/v2\/comments?post=7073"}],"version-history":[{"count":2,"href":"https:\/\/atauni.edu.tr\/kimya\/wp-json\/wp\/v2\/pages\/7073\/revisions"}],"predecessor-version":[{"id":7081,"href":"https:\/\/atauni.edu.tr\/kimya\/wp-json\/wp\/v2\/pages\/7073\/revisions\/7081"}],"wp:attachment":[{"href":"https:\/\/atauni.edu.tr\/kimya\/wp-json\/wp\/v2\/media?parent=7073"}],"curies":[{"name":"wp","href":"https:\/\/api.w.org\/{rel}","templated":true}]}}