{"id":7088,"date":"2026-04-22T13:24:39","date_gmt":"2026-04-22T10:24:39","guid":{"rendered":"https:\/\/atauni.edu.tr\/kimya\/?page_id=7088"},"modified":"2026-04-22T13:28:27","modified_gmt":"2026-04-22T10:28:27","slug":"kimya-programi-ciktilari","status":"publish","type":"page","link":"https:\/\/atauni.edu.tr\/kimya\/kimya-programi-ciktilari\/","title":{"rendered":"Kimya Program\u0131 \u00c7\u0131kt\u0131lar\u0131"},"content":{"rendered":"\n<p>P\u00c71. Kimyasal prensip ve kavramlar\u0131n geni\u015f bir \u00e7e\u015fitlili\u011fini harmanlamak, benimsemek ve<br>anlamak<br>P\u00c72. Matematiksel ve say\u0131sal hesaplama yeteneklerinin geli\u015fimine sa\u011flamak<br>P\u00c73. Do\u011fru ve g\u00fcvenli deneysel ara\u015ft\u0131rma yapmak<br>P\u00c74. Kendi ba\u015f\u0131na \u00e7al\u0131\u015fma ve \u00e7e\u015fitli ortamlarda problem \u00e7\u00f6zme yetene\u011fini kazanmak P\u00c75.<br>Ki\u015fisel sorumluluk kazanmak<br>P\u00c76. Deneysel bilgiyi yorumlamak ve uygun sonu\u00e7lar\u0131 \u00e7\u0131karmak<br>P\u00c77. Temel kaynaklar\u0131 okumak ve yorumlamak<br>P\u00c78. Yap\u0131 \u00e7izme, spektral sim\u00fclasyon gibi kimya odakl\u0131 standart bilgisayar programlar\u0131n\u0131<br>kullanmak<br>P\u00c79. Di\u011fer disiplinlerdeki ki\u015filerle etkile\u015fip bir tak\u0131mda \u00e7al\u0131\u015fma yetene\u011fini geli\u015ftirmek P\u00c710.<br>Yaz\u0131l\u0131 ve s\u00f6zl\u00fc sunumlar yoluyla etkile\u015fim ve ileti\u015fim kurabilme yetene\u011fini kazanmak P\u00c711.<br>Mesleki \u0130ngilizce dersi ile kimya biliminde kullan\u0131lan spesifik terimleri \u00f6\u011frenme<br>P\u00c712. Genel k\u00fct\u00fcr bilgilerine katk\u0131 sa\u011flamak<br>P\u00c713. Kimyasallar\u0131n insan ve \u00e7evreye etkileri konusunda bilin\u00e7li olmak<br>P\u00c714. Kimya alan\u0131nda veri analizi, modelleme, problem \u00e7\u00f6zme ve bilimsel ileti\u015fim<br>s\u00fcre\u00e7lerinde yapay zek\u00e2 ve \u00fcretken yapay zek\u00e2 ara\u00e7lar\u0131n\u0131 etkin, ele\u015ftirel ve etik bi\u00e7imde<br>kullanabilme yetene\u011fi kazanmak.<\/p>\n","protected":false},"excerpt":{"rendered":"<p>P\u00c71. Kimyasal prensip ve kavramlar\u0131n geni\u015f bir \u00e7e\u015fitlili\u011fini harmanlamak, benimsemek veanlamakP\u00c72. Matematiksel ve say\u0131sal hesaplama yeteneklerinin geli\u015fimine sa\u011flamakP\u00c73. Do\u011fru ve g\u00fcvenli deneysel ara\u015ft\u0131rma yapmakP\u00c74. Kendi ba\u015f\u0131na \u00e7al\u0131\u015fma ve \u00e7e\u015fitli ortamlarda problem \u00e7\u00f6zme yetene\u011fini kazanmak P\u00c75.Ki\u015fisel sorumluluk kazanmakP\u00c76. Deneysel bilgiyi yorumlamak ve uygun sonu\u00e7lar\u0131 \u00e7\u0131karmakP\u00c77. Temel kaynaklar\u0131 okumak ve yorumlamakP\u00c78. Yap\u0131 \u00e7izme, spektral sim\u00fclasyon gibi kimya [&hellip;]<\/p>\n","protected":false},"author":381,"featured_media":0,"parent":0,"menu_order":0,"comment_status":"closed","ping_status":"closed","template":"","meta":{"footnotes":""},"class_list":["post-7088","page","type-page","status-publish","hentry"],"_links":{"self":[{"href":"https:\/\/atauni.edu.tr\/kimya\/wp-json\/wp\/v2\/pages\/7088","targetHints":{"allow":["GET"]}}],"collection":[{"href":"https:\/\/atauni.edu.tr\/kimya\/wp-json\/wp\/v2\/pages"}],"about":[{"href":"https:\/\/atauni.edu.tr\/kimya\/wp-json\/wp\/v2\/types\/page"}],"author":[{"embeddable":true,"href":"https:\/\/atauni.edu.tr\/kimya\/wp-json\/wp\/v2\/users\/381"}],"replies":[{"embeddable":true,"href":"https:\/\/atauni.edu.tr\/kimya\/wp-json\/wp\/v2\/comments?post=7088"}],"version-history":[{"count":2,"href":"https:\/\/atauni.edu.tr\/kimya\/wp-json\/wp\/v2\/pages\/7088\/revisions"}],"predecessor-version":[{"id":7091,"href":"https:\/\/atauni.edu.tr\/kimya\/wp-json\/wp\/v2\/pages\/7088\/revisions\/7091"}],"wp:attachment":[{"href":"https:\/\/atauni.edu.tr\/kimya\/wp-json\/wp\/v2\/media?parent=7088"}],"curies":[{"name":"wp","href":"https:\/\/api.w.org\/{rel}","templated":true}]}}