{"id":5638,"date":"2021-07-13T09:49:25","date_gmt":"2021-07-13T06:49:25","guid":{"rendered":"https:\/\/portaltest.atauni.edu.tr\/sosyal-bilimler-enstitusu\/?page_id=5638"},"modified":"2025-03-24T11:44:40","modified_gmt":"2025-03-24T08:44:40","slug":"tarihce","status":"publish","type":"page","link":"https:\/\/atauni.edu.tr\/kis-sporlari-enstitusu\/tarihce\/","title":{"rendered":"Tarih\u00e7e"},"content":{"rendered":"\t\t<div data-elementor-type=\"wp-page\" data-elementor-id=\"5638\" class=\"elementor elementor-5638\" data-elementor-post-type=\"page\">\n\t\t\t\t\t\t<section class=\"elementor-section elementor-top-section elementor-element elementor-element-83722e4 elementor-section-boxed elementor-section-height-default elementor-section-height-default\" data-id=\"83722e4\" data-element_type=\"section\">\n\t\t\t\t\t\t<div class=\"elementor-container elementor-column-gap-default\">\n\t\t\t\t\t<div class=\"elementor-column elementor-col-100 elementor-top-column elementor-element elementor-element-c8defb2\" data-id=\"c8defb2\" data-element_type=\"column\">\n\t\t\t<div class=\"elementor-widget-wrap elementor-element-populated\">\n\t\t\t\t\t\t<div class=\"elementor-element elementor-element-be148f8 elementor-widget elementor-widget-spacer\" data-id=\"be148f8\" data-element_type=\"widget\" data-widget_type=\"spacer.default\">\n\t\t\t\t<div class=\"elementor-widget-container\">\n\t\t\t\t\t\t\t<div class=\"elementor-spacer\">\n\t\t\t<div class=\"elementor-spacer-inner\"><\/div>\n\t\t<\/div>\n\t\t\t\t\t\t<\/div>\n\t\t\t\t<\/div>\n\t\t\t\t\t<\/div>\n\t\t<\/div>\n\t\t\t\t\t<\/div>\n\t\t<\/section>\n\t\t\t\t<section class=\"elementor-section elementor-top-section elementor-element elementor-element-f252515 elementor-section-boxed elementor-section-height-default elementor-section-height-default\" data-id=\"f252515\" data-element_type=\"section\">\n\t\t\t\t\t\t<div class=\"elementor-container elementor-column-gap-default\">\n\t\t\t\t\t<div class=\"elementor-column elementor-col-100 elementor-top-column elementor-element elementor-element-b67366d\" data-id=\"b67366d\" data-element_type=\"column\">\n\t\t\t<div class=\"elementor-widget-wrap elementor-element-populated\">\n\t\t\t\t\t\t<div class=\"elementor-element elementor-element-d0bdd52 elementor-widget elementor-widget-heading\" data-id=\"d0bdd52\" data-element_type=\"widget\" data-widget_type=\"heading.default\">\n\t\t\t\t<div class=\"elementor-widget-container\">\n\t\t\t\t\t<h2 class=\"elementor-heading-title elementor-size-default\">Tarih\u00e7e<\/h2>\t\t\t\t<\/div>\n\t\t\t\t<\/div>\n\t\t\t\t<div class=\"elementor-element elementor-element-e1df410 elementor-widget-divider--view-line elementor-widget elementor-widget-divider\" data-id=\"e1df410\" data-element_type=\"widget\" data-widget_type=\"divider.default\">\n\t\t\t\t<div class=\"elementor-widget-container\">\n\t\t\t\t\t\t\t<div class=\"elementor-divider\">\n\t\t\t<span class=\"elementor-divider-separator\">\n\t\t\t\t\t\t<\/span>\n\t\t<\/div>\n\t\t\t\t\t\t<\/div>\n\t\t\t\t<\/div>\n\t\t\t\t\t<\/div>\n\t\t<\/div>\n\t\t\t\t\t<\/div>\n\t\t<\/section>\n\t\t\t\t<section class=\"elementor-section elementor-top-section elementor-element elementor-element-2eaace3 elementor-section-boxed elementor-section-height-default elementor-section-height-default\" data-id=\"2eaace3\" data-element_type=\"section\">\n\t\t\t\t\t\t<div class=\"elementor-container elementor-column-gap-default\">\n\t\t\t\t\t<div class=\"elementor-column elementor-col-100 elementor-top-column elementor-element elementor-element-ea8a924\" data-id=\"ea8a924\" data-element_type=\"column\">\n\t\t\t<div class=\"elementor-widget-wrap elementor-element-populated\">\n\t\t\t\t\t\t<div class=\"elementor-element elementor-element-a98026f elementor-widget elementor-widget-text-editor\" data-id=\"a98026f\" data-element_type=\"widget\" data-widget_type=\"text-editor.default\">\n\t\t\t\t<div class=\"elementor-widget-container\">\n\t\t\t\t\t\t\t\t\t<p>\u00dclkemizde k\u0131\u015f sporlar\u0131 alan\u0131nda ilk ve tek olma ayr\u0131cal\u0131\u011f\u0131n\u0131 kazanan Enstit\u00fcm\u00fcz Bakanlar Kurulu\u2019nun 25.01.2016 tarih ve 2016\/8562 say\u0131l\u0131 karar\u0131 ile \u00dcniversitemizde K\u0131\u015f Sporlar\u0131 Enstit\u00fcs\u00fc kurulmas\u0131 karar\u0131 al\u0131nm\u0131\u015f ve 8 Nisan 2016 Tarihli ve 29678 Say\u0131l\u0131 Resm\u00ee Gazete&#8217; de yay\u0131mlanmas\u0131yla birlikte y\u00fcr\u00fcrl\u00fc\u011fe girmi\u015ftir. 22.09.2017 tarih ve 2017\/10975 bakanlar kurulu karar\u0131 ile Atat\u00fcrk \u00dcniversitesi Rekt\u00f6rl\u00fc\u011f\u00fcne ba\u011fl\u0131 olan K\u0131\u015f Sporlar\u0131 Enstit\u00fcs\u00fcn\u00fcn ad\u0131\u00a0<strong>K\u0131\u015f \u00a0Sporlar\u0131 ve Spor Bilimleri<\/strong>\u00a0Enstit\u00fcs\u00fc olarak ad\u0131 de\u011fi\u015ftirilmi\u015ftir.K\u0131\u015f Sporlar\u0131 Enstit\u00fcm\u00fcz\u00fcn \u00e7al\u0131\u015fma alanlar\u0131n\u0131 olu\u015fturan b\u00f6l\u00fcm ve bunlara ba\u011fl\u0131 ana bilim dallar\u0131n\u0131n \u00f6\u011fretim \u00fcyeleri ve \u00f6\u011frencileri ile birlikte K\u0131\u015f Sporlar\u0131 \u00a0ve Spor Bilimleri Enstit\u00fcs\u00fcne aktar\u0131lmas\u0131n\u0131n ger\u00e7ekle\u015fmesinin ard\u0131ndan Y\u00fcksek Lisans ve Doktora Lisans\u00fcst\u00fc e\u011fitim faaliyetlerine devam edecektir.<\/p><p>Atat\u00fcrk \u00dcniversitesi K\u0131\u015f Sporlar\u0131 ve Spor Bilimleri Enstit\u00fcs\u00fcne Y\u00fcksek lisans ve Doktora programlar\u0131 \u00e7al\u0131\u015fmas\u0131na, hangi lisans ve y\u00fcksek lisans programlar\u0131ndan mezun olanlar\u0131n ba\u015fvurabilece\u011fi ilgili enstit\u00fcler taraf\u0131ndan belirlenmekle birlikte gerek g\u00f6r\u00fclmesi durumunda \u00dcniversiteleraras\u0131 Kurulun g\u00f6r\u00fc\u015f\u00fc al\u0131narak Y\u00fcksek\u00f6\u011fretim Kurulu karar\u0131 ile belirlenebilir.<\/p><p>Enstit\u00fcm\u00fczde Lisans\u00fcst\u00fc e\u011fitim; tezli ve tezsiz y\u00fcksek lisans, doktora ile Sporda yeterlilik programlar\u0131ndan olu\u015fur. E\u011fitim ve \u00f6\u011fretim dili, a\u00e7\u0131lacak programlara g\u00f6re Senato taraf\u0131ndan belirlenir. Lisans\u00fcst\u00fc programlar\u0131n m\u00fcfredat\u0131, ba\u015fvurma ko\u015fullar\u0131 ve di\u011fer hususlar ile ilgili kurallar uygulama esaslar\u0131nda belirtilir. Kontenjanlar ile ba\u015fvuru takvimi ve istenilen belgeler Rekt\u00f6rl\u00fck\u00e7e ilan edilir.<\/p>\t\t\t\t\t\t\t\t<\/div>\n\t\t\t\t<\/div>\n\t\t\t\t\t<\/div>\n\t\t<\/div>\n\t\t\t\t\t<\/div>\n\t\t<\/section>\n\t\t\t\t<section class=\"elementor-section elementor-top-section elementor-element elementor-element-c11013b elementor-section-boxed elementor-section-height-default elementor-section-height-default\" data-id=\"c11013b\" data-element_type=\"section\">\n\t\t\t\t\t\t<div class=\"elementor-container elementor-column-gap-default\">\n\t\t\t\t\t<div class=\"elementor-column elementor-col-100 elementor-top-column elementor-element elementor-element-acab739\" data-id=\"acab739\" data-element_type=\"column\">\n\t\t\t<div class=\"elementor-widget-wrap elementor-element-populated\">\n\t\t\t\t\t\t<div class=\"elementor-element elementor-element-7375a9d elementor-widget elementor-widget-spacer\" data-id=\"7375a9d\" data-element_type=\"widget\" data-widget_type=\"spacer.default\">\n\t\t\t\t<div class=\"elementor-widget-container\">\n\t\t\t\t\t\t\t<div class=\"elementor-spacer\">\n\t\t\t<div class=\"elementor-spacer-inner\"><\/div>\n\t\t<\/div>\n\t\t\t\t\t\t<\/div>\n\t\t\t\t<\/div>\n\t\t\t\t\t<\/div>\n\t\t<\/div>\n\t\t\t\t\t<\/div>\n\t\t<\/section>\n\t\t\t\t<\/div>\n\t\t","protected":false},"excerpt":{"rendered":"<p>Tarih\u00e7e \u00dclkemizde k\u0131\u015f sporlar\u0131 alan\u0131nda ilk ve tek olma ayr\u0131cal\u0131\u011f\u0131n\u0131 kazanan Enstit\u00fcm\u00fcz Bakanlar Kurulu\u2019nun 25.01.2016 tarih ve 2016\/8562 say\u0131l\u0131 karar\u0131 ile \u00dcniversitemizde K\u0131\u015f Sporlar\u0131 Enstit\u00fcs\u00fc kurulmas\u0131 karar\u0131 al\u0131nm\u0131\u015f ve 8 Nisan 2016 Tarihli ve 29678 Say\u0131l\u0131 Resm\u00ee Gazete&#8217; de yay\u0131mlanmas\u0131yla birlikte y\u00fcr\u00fcrl\u00fc\u011fe girmi\u015ftir. 22.09.2017 tarih ve 2017\/10975 bakanlar kurulu karar\u0131 ile Atat\u00fcrk \u00dcniversitesi Rekt\u00f6rl\u00fc\u011f\u00fcne ba\u011fl\u0131 [&hellip;]<\/p>\n","protected":false},"author":1,"featured_media":0,"parent":0,"menu_order":0,"comment_status":"closed","ping_status":"closed","template":"","meta":{"footnotes":""},"class_list":["post-5638","page","type-page","status-publish","hentry"],"_links":{"self":[{"href":"https:\/\/atauni.edu.tr\/kis-sporlari-enstitusu\/wp-json\/wp\/v2\/pages\/5638","targetHints":{"allow":["GET"]}}],"collection":[{"href":"https:\/\/atauni.edu.tr\/kis-sporlari-enstitusu\/wp-json\/wp\/v2\/pages"}],"about":[{"href":"https:\/\/atauni.edu.tr\/kis-sporlari-enstitusu\/wp-json\/wp\/v2\/types\/page"}],"author":[{"embeddable":true,"href":"https:\/\/atauni.edu.tr\/kis-sporlari-enstitusu\/wp-json\/wp\/v2\/users\/1"}],"replies":[{"embeddable":true,"href":"https:\/\/atauni.edu.tr\/kis-sporlari-enstitusu\/wp-json\/wp\/v2\/comments?post=5638"}],"version-history":[{"count":49,"href":"https:\/\/atauni.edu.tr\/kis-sporlari-enstitusu\/wp-json\/wp\/v2\/pages\/5638\/revisions"}],"predecessor-version":[{"id":8445,"href":"https:\/\/atauni.edu.tr\/kis-sporlari-enstitusu\/wp-json\/wp\/v2\/pages\/5638\/revisions\/8445"}],"wp:attachment":[{"href":"https:\/\/atauni.edu.tr\/kis-sporlari-enstitusu\/wp-json\/wp\/v2\/media?parent=5638"}],"curies":[{"name":"wp","href":"https:\/\/api.w.org\/{rel}","templated":true}]}}