{"id":6381,"date":"2024-12-04T08:46:36","date_gmt":"2024-12-04T05:46:36","guid":{"rendered":"https:\/\/birimler.atauni.edu.tr\/kis-sporlari-enstitusu\/?page_id=6381"},"modified":"2025-08-28T14:43:31","modified_gmt":"2025-08-28T11:43:31","slug":"tezli-yuksek-lisans-formlari","status":"publish","type":"page","link":"https:\/\/atauni.edu.tr\/kis-sporlari-enstitusu\/tezli-yuksek-lisans-formlari\/","title":{"rendered":"Tezli Y\u00fcksek Lisans Formlar\u0131"},"content":{"rendered":"\t\t<div data-elementor-type=\"wp-page\" data-elementor-id=\"6381\" class=\"elementor elementor-6381\" data-elementor-post-type=\"page\">\n\t\t\t\t\t\t<section class=\"elementor-section elementor-top-section elementor-element elementor-element-f70f371 elementor-section-boxed elementor-section-height-default elementor-section-height-default\" data-id=\"f70f371\" data-element_type=\"section\">\n\t\t\t\t\t\t<div class=\"elementor-container elementor-column-gap-default\">\n\t\t\t\t\t<div class=\"elementor-column elementor-col-100 elementor-top-column elementor-element elementor-element-6ae7733\" data-id=\"6ae7733\" data-element_type=\"column\">\n\t\t\t<div class=\"elementor-widget-wrap elementor-element-populated\">\n\t\t\t\t\t\t<div class=\"elementor-element elementor-element-196d2b0 elementor-widget elementor-widget-spacer\" data-id=\"196d2b0\" data-element_type=\"widget\" data-widget_type=\"spacer.default\">\n\t\t\t\t<div class=\"elementor-widget-container\">\n\t\t\t\t\t\t\t<div class=\"elementor-spacer\">\n\t\t\t<div class=\"elementor-spacer-inner\"><\/div>\n\t\t<\/div>\n\t\t\t\t\t\t<\/div>\n\t\t\t\t<\/div>\n\t\t\t\t\t<\/div>\n\t\t<\/div>\n\t\t\t\t\t<\/div>\n\t\t<\/section>\n\t\t\t\t<section class=\"elementor-section elementor-top-section elementor-element elementor-element-4373dca elementor-section-boxed elementor-section-height-default elementor-section-height-default\" data-id=\"4373dca\" data-element_type=\"section\">\n\t\t\t\t\t\t<div class=\"elementor-container elementor-column-gap-default\">\n\t\t\t\t\t<div class=\"elementor-column elementor-col-100 elementor-top-column elementor-element elementor-element-f8d7cc1\" data-id=\"f8d7cc1\" data-element_type=\"column\">\n\t\t\t<div class=\"elementor-widget-wrap elementor-element-populated\">\n\t\t\t\t\t\t<div class=\"elementor-element elementor-element-7802af8 elementor-widget elementor-widget-heading\" data-id=\"7802af8\" data-element_type=\"widget\" data-widget_type=\"heading.default\">\n\t\t\t\t<div class=\"elementor-widget-container\">\n\t\t\t\t\t<h2 class=\"elementor-heading-title elementor-size-default\">Tezli Y\u00fcksek Lisans Formlar\u0131<\/h2>\t\t\t\t<\/div>\n\t\t\t\t<\/div>\n\t\t\t\t<div class=\"elementor-element elementor-element-05a3830 elementor-widget-divider--view-line elementor-widget elementor-widget-divider\" data-id=\"05a3830\" data-element_type=\"widget\" data-widget_type=\"divider.default\">\n\t\t\t\t<div class=\"elementor-widget-container\">\n\t\t\t\t\t\t\t<div class=\"elementor-divider\">\n\t\t\t<span class=\"elementor-divider-separator\">\n\t\t\t\t\t\t<\/span>\n\t\t<\/div>\n\t\t\t\t\t\t<\/div>\n\t\t\t\t<\/div>\n\t\t\t\t\t<\/div>\n\t\t<\/div>\n\t\t\t\t\t<\/div>\n\t\t<\/section>\n\t\t\t\t<section class=\"elementor-section elementor-top-section elementor-element elementor-element-378381e elementor-section-boxed elementor-section-height-default elementor-section-height-default\" data-id=\"378381e\" data-element_type=\"section\">\n\t\t\t\t\t\t<div class=\"elementor-container elementor-column-gap-default\">\n\t\t\t\t\t<div class=\"elementor-column elementor-col-100 elementor-top-column elementor-element elementor-element-19ea36a\" data-id=\"19ea36a\" data-element_type=\"column\">\n\t\t\t<div class=\"elementor-widget-wrap elementor-element-populated\">\n\t\t\t\t\t\t<div class=\"elementor-element elementor-element-420d4ed elementor-widget elementor-widget-text-editor\" data-id=\"420d4ed\" data-element_type=\"widget\" data-widget_type=\"text-editor.default\">\n\t\t\t\t<div class=\"elementor-widget-container\">\n\t\t\t\t\t\t\t\t\t<p>Sadece Tezli Y\u00fcksek Lisans \u00f6\u011frencileri i\u00e7in \u00f6zel olan dilek\u00e7e ve formlara a\u015fa\u011f\u0131da verilmi\u015ftir. B\u00fct\u00fcn lisans\u00fcst\u00fc \u00f6\u011frencilere y\u00f6nelik olarak kullan\u0131labilen formlara\u00a0Ortak Formlar\u00a0sayfas\u0131ndan eri\u015filebilmektedir. Formlar ihtiya\u00e7 h\u00e2linde s\u00fcrekli g\u00fcncellenmektedir. Bu sebeple l\u00fctfen her seferinde g\u00fcncel formu kulland\u0131\u011f\u0131n\u0131zdan emin olunuz.<\/p><p>Lisans\u00fcst\u00fc e\u011fitim s\u00fcre\u00e7lerinin de\u011fi\u015fik a\u015famalar\u0131nda \u00f6\u011frencilerimize yol g\u00f6stermesi i\u00e7in haz\u0131rlanan k\u0131lavuzlara\u00a0K\u0131lavuzlar\u00a0men\u00fcs\u00fcnde yer alan\u00a0Genel K\u0131lavuzlar\u00a0alt sayfas\u0131ndan eri\u015filebilir. Tez \u00d6neri ve Tez Yaz\u0131m K\u0131lavuzlar\u0131na ise yine\u00a0K\u0131lavuzlar\u00a0men\u00fcs\u00fcnde yer alan\u00a0\u00d6neri ve Tez Yaz\u0131m K\u0131lavuzlar\u0131\u00a0alt sayfas\u0131ndan\u00a0eri\u015filebilir.<\/p>\t\t\t\t\t\t\t\t<\/div>\n\t\t\t\t<\/div>\n\t\t\t\t\t<\/div>\n\t\t<\/div>\n\t\t\t\t\t<\/div>\n\t\t<\/section>\n\t\t\t\t<section class=\"elementor-section elementor-top-section elementor-element elementor-element-432a39a elementor-section-boxed elementor-section-height-default elementor-section-height-default\" data-id=\"432a39a\" data-element_type=\"section\">\n\t\t\t\t\t\t<div class=\"elementor-container elementor-column-gap-default\">\n\t\t\t\t\t<div class=\"elementor-column elementor-col-100 elementor-top-column elementor-element elementor-element-5ead242\" data-id=\"5ead242\" data-element_type=\"column\">\n\t\t\t<div class=\"elementor-widget-wrap elementor-element-populated\">\n\t\t\t\t\t\t<div class=\"elementor-element elementor-element-1635161 elementor-icon-list--layout-traditional elementor-list-item-link-full_width elementor-widget elementor-widget-icon-list\" data-id=\"1635161\" data-element_type=\"widget\" data-widget_type=\"icon-list.default\">\n\t\t\t\t<div class=\"elementor-widget-container\">\n\t\t\t\t\t\t\t<ul class=\"elementor-icon-list-items\">\n\t\t\t\t\t\t\t<li class=\"elementor-icon-list-item\">\n\t\t\t\t\t\t\t\t\t\t\t<a href=\"https:\/\/birimler.atauni.edu.tr\/kis-sporlari-enstitusu\/wp-content\/uploads\/sites\/794\/2025\/08\/YL_01_Tez-Savunma-Oncesi-Kontrol-Formu.docx\">\n\n\t\t\t\t\t\t\t\t\t\t\t\t<span class=\"elementor-icon-list-icon\">\n\t\t\t\t\t\t\t<i aria-hidden=\"true\" class=\"fas fa-link\"><\/i>\t\t\t\t\t\t<\/span>\n\t\t\t\t\t\t\t\t\t\t<span class=\"elementor-icon-list-text\">YL_01_Tez Savunma \u00d6ncesi Kontrol Formu<\/span>\n\t\t\t\t\t\t\t\t\t\t\t<\/a>\n\t\t\t\t\t\t\t\t\t<\/li>\n\t\t\t\t\t\t\t\t<li class=\"elementor-icon-list-item\">\n\t\t\t\t\t\t\t\t\t\t\t<a href=\"https:\/\/birimler.atauni.edu.tr\/kis-sporlari-enstitusu\/wp-content\/uploads\/sites\/794\/2025\/08\/YL_02_Yuksek-Lisans-Kayit-Silme-Kontrol-Formu.docx\">\n\n\t\t\t\t\t\t\t\t\t\t\t\t<span class=\"elementor-icon-list-icon\">\n\t\t\t\t\t\t\t<i aria-hidden=\"true\" class=\"fas fa-link\"><\/i>\t\t\t\t\t\t<\/span>\n\t\t\t\t\t\t\t\t\t\t<span class=\"elementor-icon-list-text\">YL_02_Y\u00fcksek Lisans Kay\u0131t Silme Kontrol Formu<\/span>\n\t\t\t\t\t\t\t\t\t\t\t<\/a>\n\t\t\t\t\t\t\t\t\t<\/li>\n\t\t\t\t\t\t<\/ul>\n\t\t\t\t\t\t<\/div>\n\t\t\t\t<\/div>\n\t\t\t\t\t<\/div>\n\t\t<\/div>\n\t\t\t\t\t<\/div>\n\t\t<\/section>\n\t\t\t\t<section class=\"elementor-section elementor-top-section elementor-element elementor-element-2deefea elementor-section-boxed elementor-section-height-default elementor-section-height-default\" data-id=\"2deefea\" data-element_type=\"section\">\n\t\t\t\t\t\t<div class=\"elementor-container elementor-column-gap-default\">\n\t\t\t\t\t<div class=\"elementor-column elementor-col-100 elementor-top-column elementor-element elementor-element-9e1e616\" data-id=\"9e1e616\" data-element_type=\"column\">\n\t\t\t<div class=\"elementor-widget-wrap elementor-element-populated\">\n\t\t\t\t\t\t<div class=\"elementor-element elementor-element-256d83b elementor-widget elementor-widget-spacer\" data-id=\"256d83b\" data-element_type=\"widget\" data-widget_type=\"spacer.default\">\n\t\t\t\t<div class=\"elementor-widget-container\">\n\t\t\t\t\t\t\t<div class=\"elementor-spacer\">\n\t\t\t<div class=\"elementor-spacer-inner\"><\/div>\n\t\t<\/div>\n\t\t\t\t\t\t<\/div>\n\t\t\t\t<\/div>\n\t\t\t\t\t<\/div>\n\t\t<\/div>\n\t\t\t\t\t<\/div>\n\t\t<\/section>\n\t\t\t\t<\/div>\n\t\t","protected":false},"excerpt":{"rendered":"<p>Tezli Y\u00fcksek Lisans Formlar\u0131 Sadece Tezli Y\u00fcksek Lisans \u00f6\u011frencileri i\u00e7in \u00f6zel olan dilek\u00e7e ve formlara a\u015fa\u011f\u0131da verilmi\u015ftir. B\u00fct\u00fcn lisans\u00fcst\u00fc \u00f6\u011frencilere y\u00f6nelik olarak kullan\u0131labilen formlara\u00a0Ortak Formlar\u00a0sayfas\u0131ndan eri\u015filebilmektedir. Formlar ihtiya\u00e7 h\u00e2linde s\u00fcrekli g\u00fcncellenmektedir. Bu sebeple l\u00fctfen her seferinde g\u00fcncel formu kulland\u0131\u011f\u0131n\u0131zdan emin olunuz. Lisans\u00fcst\u00fc e\u011fitim s\u00fcre\u00e7lerinin de\u011fi\u015fik a\u015famalar\u0131nda \u00f6\u011frencilerimize yol g\u00f6stermesi i\u00e7in haz\u0131rlanan k\u0131lavuzlara\u00a0K\u0131lavuzlar\u00a0men\u00fcs\u00fcnde yer alan\u00a0Genel K\u0131lavuzlar\u00a0alt [&hellip;]<\/p>\n","protected":false},"author":632,"featured_media":0,"parent":0,"menu_order":0,"comment_status":"closed","ping_status":"closed","template":"elementor_header_footer","meta":{"footnotes":""},"class_list":["post-6381","page","type-page","status-publish","hentry"],"_links":{"self":[{"href":"https:\/\/atauni.edu.tr\/kis-sporlari-enstitusu\/wp-json\/wp\/v2\/pages\/6381","targetHints":{"allow":["GET"]}}],"collection":[{"href":"https:\/\/atauni.edu.tr\/kis-sporlari-enstitusu\/wp-json\/wp\/v2\/pages"}],"about":[{"href":"https:\/\/atauni.edu.tr\/kis-sporlari-enstitusu\/wp-json\/wp\/v2\/types\/page"}],"author":[{"embeddable":true,"href":"https:\/\/atauni.edu.tr\/kis-sporlari-enstitusu\/wp-json\/wp\/v2\/users\/632"}],"replies":[{"embeddable":true,"href":"https:\/\/atauni.edu.tr\/kis-sporlari-enstitusu\/wp-json\/wp\/v2\/comments?post=6381"}],"version-history":[{"count":28,"href":"https:\/\/atauni.edu.tr\/kis-sporlari-enstitusu\/wp-json\/wp\/v2\/pages\/6381\/revisions"}],"predecessor-version":[{"id":9358,"href":"https:\/\/atauni.edu.tr\/kis-sporlari-enstitusu\/wp-json\/wp\/v2\/pages\/6381\/revisions\/9358"}],"wp:attachment":[{"href":"https:\/\/atauni.edu.tr\/kis-sporlari-enstitusu\/wp-json\/wp\/v2\/media?parent=6381"}],"curies":[{"name":"wp","href":"https:\/\/api.w.org\/{rel}","templated":true}]}}