{"id":6385,"date":"2024-12-04T08:47:46","date_gmt":"2024-12-04T05:47:46","guid":{"rendered":"https:\/\/birimler.atauni.edu.tr\/kis-sporlari-enstitusu\/?page_id=6385"},"modified":"2025-05-20T16:54:08","modified_gmt":"2025-05-20T13:54:08","slug":"doktora-formlari","status":"publish","type":"page","link":"https:\/\/atauni.edu.tr\/kis-sporlari-enstitusu\/doktora-formlari\/","title":{"rendered":"Doktora Formlar\u0131"},"content":{"rendered":"\t\t<div data-elementor-type=\"wp-page\" data-elementor-id=\"6385\" class=\"elementor elementor-6385\" data-elementor-post-type=\"page\">\n\t\t\t\t\t\t<section class=\"elementor-section elementor-top-section elementor-element elementor-element-bf798c2 elementor-section-boxed elementor-section-height-default elementor-section-height-default\" data-id=\"bf798c2\" data-element_type=\"section\">\n\t\t\t\t\t\t<div class=\"elementor-container elementor-column-gap-default\">\n\t\t\t\t\t<div class=\"elementor-column elementor-col-100 elementor-top-column elementor-element elementor-element-e1aa3a5\" data-id=\"e1aa3a5\" data-element_type=\"column\">\n\t\t\t<div class=\"elementor-widget-wrap elementor-element-populated\">\n\t\t\t\t\t\t<div class=\"elementor-element elementor-element-2e23ff9 elementor-widget elementor-widget-spacer\" data-id=\"2e23ff9\" data-element_type=\"widget\" data-widget_type=\"spacer.default\">\n\t\t\t\t<div class=\"elementor-widget-container\">\n\t\t\t\t\t\t\t<div class=\"elementor-spacer\">\n\t\t\t<div class=\"elementor-spacer-inner\"><\/div>\n\t\t<\/div>\n\t\t\t\t\t\t<\/div>\n\t\t\t\t<\/div>\n\t\t\t\t\t<\/div>\n\t\t<\/div>\n\t\t\t\t\t<\/div>\n\t\t<\/section>\n\t\t\t\t<section class=\"elementor-section elementor-top-section elementor-element elementor-element-b32ead9 elementor-section-boxed elementor-section-height-default elementor-section-height-default\" data-id=\"b32ead9\" data-element_type=\"section\">\n\t\t\t\t\t\t<div class=\"elementor-container elementor-column-gap-default\">\n\t\t\t\t\t<div class=\"elementor-column elementor-col-100 elementor-top-column elementor-element elementor-element-ac2eef8\" data-id=\"ac2eef8\" data-element_type=\"column\">\n\t\t\t<div class=\"elementor-widget-wrap elementor-element-populated\">\n\t\t\t\t\t\t<div class=\"elementor-element elementor-element-5a4de48 elementor-widget elementor-widget-heading\" data-id=\"5a4de48\" data-element_type=\"widget\" data-widget_type=\"heading.default\">\n\t\t\t\t<div class=\"elementor-widget-container\">\n\t\t\t\t\t<h2 class=\"elementor-heading-title elementor-size-default\">Doktora Formlar\u0131<\/h2>\t\t\t\t<\/div>\n\t\t\t\t<\/div>\n\t\t\t\t<div class=\"elementor-element elementor-element-063c15e elementor-widget-divider--view-line elementor-widget elementor-widget-divider\" data-id=\"063c15e\" data-element_type=\"widget\" data-widget_type=\"divider.default\">\n\t\t\t\t<div class=\"elementor-widget-container\">\n\t\t\t\t\t\t\t<div class=\"elementor-divider\">\n\t\t\t<span class=\"elementor-divider-separator\">\n\t\t\t\t\t\t<\/span>\n\t\t<\/div>\n\t\t\t\t\t\t<\/div>\n\t\t\t\t<\/div>\n\t\t\t\t\t<\/div>\n\t\t<\/div>\n\t\t\t\t\t<\/div>\n\t\t<\/section>\n\t\t\t\t<section class=\"elementor-section elementor-top-section elementor-element elementor-element-0692d37 elementor-section-boxed elementor-section-height-default elementor-section-height-default\" data-id=\"0692d37\" data-element_type=\"section\">\n\t\t\t\t\t\t<div class=\"elementor-container elementor-column-gap-default\">\n\t\t\t\t\t<div class=\"elementor-column elementor-col-100 elementor-top-column elementor-element elementor-element-df8734c\" data-id=\"df8734c\" data-element_type=\"column\">\n\t\t\t<div class=\"elementor-widget-wrap elementor-element-populated\">\n\t\t\t\t\t\t<div class=\"elementor-element elementor-element-7399cf5 elementor-widget elementor-widget-text-editor\" data-id=\"7399cf5\" data-element_type=\"widget\" data-widget_type=\"text-editor.default\">\n\t\t\t\t<div class=\"elementor-widget-container\">\n\t\t\t\t\t\t\t\t\t<p>Sadece Doktora \u00f6\u011frencileri i\u00e7in \u00f6zel olan dilek\u00e7e ve formlara a\u015fa\u011f\u0131da verilmi\u015ftir. \u00a0B\u00fct\u00fcn lisans\u00fcst\u00fc \u00f6\u011frencilere y\u00f6nelik olarak kullan\u0131labilen formlara\u00a0Ortak Formlar\u00a0sayfas\u0131ndan eri\u015filebilmektedir. Formlar ihtiya\u00e7 halinde s\u00fcrekli g\u00fcncellenmektedir. Bu sebeple l\u00fctfen her seferinde g\u00fcncel formu kulland\u0131\u011f\u0131n\u0131zdan emin olunuz.<\/p><p>Lisans\u00fcst\u00fc e\u011fitim s\u00fcre\u00e7lerinin de\u011fi\u015fik a\u015famalar\u0131nda \u00f6\u011frencilerimize yol g\u00f6stermesi i\u00e7in haz\u0131rlanan k\u0131lavuzlara\u00a0K\u0131lavuzlar\u00a0men\u00fcs\u00fcnde yer alan\u00a0Genel K\u0131lavuzlar\u00a0alt sayfas\u0131ndan\u00a0eri\u015filebilir. Tez \u00d6neri ve Tez Yaz\u0131m K\u0131lavuzlar\u0131na ise yine\u00a0K\u0131lavuzlar\u00a0men\u00fcs\u00fcnde yer alan\u00a0\u00d6neri ve Tez Yaz\u0131m K\u0131lavuzlar\u0131\u00a0alt sayfas\u0131ndan\u00a0eri\u015filebilir.<\/p>\t\t\t\t\t\t\t\t<\/div>\n\t\t\t\t<\/div>\n\t\t\t\t\t<\/div>\n\t\t<\/div>\n\t\t\t\t\t<\/div>\n\t\t<\/section>\n\t\t\t\t<section class=\"elementor-section elementor-top-section elementor-element elementor-element-d60e93e elementor-section-boxed elementor-section-height-default elementor-section-height-default\" data-id=\"d60e93e\" data-element_type=\"section\">\n\t\t\t\t\t\t<div class=\"elementor-container elementor-column-gap-default\">\n\t\t\t\t\t<div class=\"elementor-column elementor-col-100 elementor-top-column elementor-element elementor-element-f300862\" data-id=\"f300862\" data-element_type=\"column\">\n\t\t\t<div class=\"elementor-widget-wrap elementor-element-populated\">\n\t\t\t\t\t\t<div class=\"elementor-element elementor-element-5f110f6 elementor-icon-list--layout-traditional elementor-list-item-link-full_width elementor-widget elementor-widget-icon-list\" data-id=\"5f110f6\" data-element_type=\"widget\" data-widget_type=\"icon-list.default\">\n\t\t\t\t<div class=\"elementor-widget-container\">\n\t\t\t\t\t\t\t<ul class=\"elementor-icon-list-items\">\n\t\t\t\t\t\t\t<li class=\"elementor-icon-list-item\">\n\t\t\t\t\t\t\t\t\t\t\t<a href=\"https:\/\/birimler.atauni.edu.tr\/kis-sporlari-enstitusu\/wp-content\/uploads\/sites\/794\/2025\/03\/DR_01a_Doktora-Giris-Bilimsel-Degerlendirme-Sinav-Formu.docx\">\n\n\t\t\t\t\t\t\t\t\t\t\t\t<span class=\"elementor-icon-list-icon\">\n\t\t\t\t\t\t\t<i aria-hidden=\"true\" class=\"fas fa-check\"><\/i>\t\t\t\t\t\t<\/span>\n\t\t\t\t\t\t\t\t\t\t<span class=\"elementor-icon-list-text\">DR_01a_Doktora Giri\u015f Bilimsel De\u011ferlendirme S\u0131nav Formu<\/span>\n\t\t\t\t\t\t\t\t\t\t\t<\/a>\n\t\t\t\t\t\t\t\t\t<\/li>\n\t\t\t\t\t\t\t\t<li class=\"elementor-icon-list-item\">\n\t\t\t\t\t\t\t\t\t\t\t<a href=\"https:\/\/birimler.atauni.edu.tr\/kis-sporlari-enstitusu\/wp-content\/uploads\/sites\/794\/2025\/03\/DR_01b_Doktora-Giris-Bilimsel-Degerlendirme-Sinav-Tutanagi.docx\">\n\n\t\t\t\t\t\t\t\t\t\t\t\t<span class=\"elementor-icon-list-icon\">\n\t\t\t\t\t\t\t<i aria-hidden=\"true\" class=\"fas fa-check\"><\/i>\t\t\t\t\t\t<\/span>\n\t\t\t\t\t\t\t\t\t\t<span class=\"elementor-icon-list-text\">DR_01b_Doktora Giri\u015f Bilimsel De\u011ferlendirme S\u0131nav Tutana\u011f\u0131<\/span>\n\t\t\t\t\t\t\t\t\t\t\t<\/a>\n\t\t\t\t\t\t\t\t\t<\/li>\n\t\t\t\t\t\t\t\t<li class=\"elementor-icon-list-item\">\n\t\t\t\t\t\t\t\t\t\t\t<a href=\"https:\/\/birimler.atauni.edu.tr\/kis-sporlari-enstitusu\/wp-content\/uploads\/sites\/794\/2025\/03\/DR_02_Yeterlik-Sinavi-Oncesi-Kontrol-Formu.docx\">\n\n\t\t\t\t\t\t\t\t\t\t\t\t<span class=\"elementor-icon-list-icon\">\n\t\t\t\t\t\t\t<i aria-hidden=\"true\" class=\"fas fa-check\"><\/i>\t\t\t\t\t\t<\/span>\n\t\t\t\t\t\t\t\t\t\t<span class=\"elementor-icon-list-text\">DR_02_Yeterlik S\u0131nav\u0131 \u00d6ncesi Kontrol Formu<\/span>\n\t\t\t\t\t\t\t\t\t\t\t<\/a>\n\t\t\t\t\t\t\t\t\t<\/li>\n\t\t\t\t\t\t\t\t<li class=\"elementor-icon-list-item\">\n\t\t\t\t\t\t\t\t\t\t\t<a href=\"https:\/\/birimler.atauni.edu.tr\/kis-sporlari-enstitusu\/wp-content\/uploads\/sites\/794\/2025\/03\/DR_03_Yeterlik-Yazili-Sinav-Formu.docx\">\n\n\t\t\t\t\t\t\t\t\t\t\t\t<span class=\"elementor-icon-list-icon\">\n\t\t\t\t\t\t\t<i aria-hidden=\"true\" class=\"fas fa-check\"><\/i>\t\t\t\t\t\t<\/span>\n\t\t\t\t\t\t\t\t\t\t<span class=\"elementor-icon-list-text\">DR_03_Yeterlik Yaz\u0131l\u0131 S\u0131nav Formu<\/span>\n\t\t\t\t\t\t\t\t\t\t\t<\/a>\n\t\t\t\t\t\t\t\t\t<\/li>\n\t\t\t\t\t\t\t\t<li class=\"elementor-icon-list-item\">\n\t\t\t\t\t\t\t\t\t\t\t<a href=\"https:\/\/birimler.atauni.edu.tr\/kis-sporlari-enstitusu\/wp-content\/uploads\/sites\/794\/2025\/03\/DR_04_Yeterlik-Sozlu-Sinav-Formu.docx\">\n\n\t\t\t\t\t\t\t\t\t\t\t\t<span class=\"elementor-icon-list-icon\">\n\t\t\t\t\t\t\t<i aria-hidden=\"true\" class=\"fas fa-check\"><\/i>\t\t\t\t\t\t<\/span>\n\t\t\t\t\t\t\t\t\t\t<span class=\"elementor-icon-list-text\">DR_04_Yeterlik S\u00f6zl\u00fc S\u0131nav Formu<\/span>\n\t\t\t\t\t\t\t\t\t\t\t<\/a>\n\t\t\t\t\t\t\t\t\t<\/li>\n\t\t\t\t\t\t\t\t<li class=\"elementor-icon-list-item\">\n\t\t\t\t\t\t\t\t\t\t\t<a href=\"https:\/\/birimler.atauni.edu.tr\/kis-sporlari-enstitusu\/wp-content\/uploads\/sites\/794\/2025\/05\/DR_05_-Tez-Izleme-Komitesi-Ara-Rapor-Formu.docx\">\n\n\t\t\t\t\t\t\t\t\t\t\t\t<span class=\"elementor-icon-list-icon\">\n\t\t\t\t\t\t\t<i aria-hidden=\"true\" class=\"fas fa-check\"><\/i>\t\t\t\t\t\t<\/span>\n\t\t\t\t\t\t\t\t\t\t<span class=\"elementor-icon-list-text\">DR_05_-Tez-Izleme-Komitesi-Ara-Rapor-Formu<\/span>\n\t\t\t\t\t\t\t\t\t\t\t<\/a>\n\t\t\t\t\t\t\t\t\t<\/li>\n\t\t\t\t\t\t\t\t<li class=\"elementor-icon-list-item\">\n\t\t\t\t\t\t\t\t\t\t\t<a href=\"https:\/\/birimler.atauni.edu.tr\/kis-sporlari-enstitusu\/wp-content\/uploads\/sites\/794\/2025\/03\/DR_06_DoktoraTez-Savunma-Oncesi-Kontrol-Formu.docx\">\n\n\t\t\t\t\t\t\t\t\t\t\t\t<span class=\"elementor-icon-list-icon\">\n\t\t\t\t\t\t\t<i aria-hidden=\"true\" class=\"fas fa-check\"><\/i>\t\t\t\t\t\t<\/span>\n\t\t\t\t\t\t\t\t\t\t<span class=\"elementor-icon-list-text\">DR_06_DoktoraTez Savunma \u00d6ncesi Kontrol Formu<\/span>\n\t\t\t\t\t\t\t\t\t\t\t<\/a>\n\t\t\t\t\t\t\t\t\t<\/li>\n\t\t\t\t\t\t\t\t<li class=\"elementor-icon-list-item\">\n\t\t\t\t\t\t\t\t\t\t\t<a href=\"https:\/\/birimler.atauni.edu.tr\/kis-sporlari-enstitusu\/wp-content\/uploads\/sites\/794\/2025\/03\/DR_07_-Doktora-Programindan-Kayit-Silme-Kontrol-Formu.docx\">\n\n\t\t\t\t\t\t\t\t\t\t\t\t<span class=\"elementor-icon-list-icon\">\n\t\t\t\t\t\t\t<i aria-hidden=\"true\" class=\"fas fa-check\"><\/i>\t\t\t\t\t\t<\/span>\n\t\t\t\t\t\t\t\t\t\t<span class=\"elementor-icon-list-text\">DR_07_ Doktora Program\u0131ndan Kay\u0131t Silme Kontrol Formu<\/span>\n\t\t\t\t\t\t\t\t\t\t\t<\/a>\n\t\t\t\t\t\t\t\t\t<\/li>\n\t\t\t\t\t\t<\/ul>\n\t\t\t\t\t\t<\/div>\n\t\t\t\t<\/div>\n\t\t\t\t\t<\/div>\n\t\t<\/div>\n\t\t\t\t\t<\/div>\n\t\t<\/section>\n\t\t\t\t<section class=\"elementor-section elementor-top-section elementor-element elementor-element-dc1bcac elementor-section-boxed elementor-section-height-default elementor-section-height-default\" data-id=\"dc1bcac\" data-element_type=\"section\">\n\t\t\t\t\t\t<div class=\"elementor-container elementor-column-gap-default\">\n\t\t\t\t\t<div class=\"elementor-column elementor-col-100 elementor-top-column elementor-element elementor-element-78bcede\" data-id=\"78bcede\" data-element_type=\"column\">\n\t\t\t<div class=\"elementor-widget-wrap elementor-element-populated\">\n\t\t\t\t\t\t<div class=\"elementor-element elementor-element-fee292c elementor-widget elementor-widget-spacer\" data-id=\"fee292c\" data-element_type=\"widget\" data-widget_type=\"spacer.default\">\n\t\t\t\t<div class=\"elementor-widget-container\">\n\t\t\t\t\t\t\t<div class=\"elementor-spacer\">\n\t\t\t<div class=\"elementor-spacer-inner\"><\/div>\n\t\t<\/div>\n\t\t\t\t\t\t<\/div>\n\t\t\t\t<\/div>\n\t\t\t\t\t<\/div>\n\t\t<\/div>\n\t\t\t\t\t<\/div>\n\t\t<\/section>\n\t\t\t\t<\/div>\n\t\t","protected":false},"excerpt":{"rendered":"<p>Doktora Formlar\u0131 Sadece Doktora \u00f6\u011frencileri i\u00e7in \u00f6zel olan dilek\u00e7e ve formlara a\u015fa\u011f\u0131da verilmi\u015ftir. \u00a0B\u00fct\u00fcn lisans\u00fcst\u00fc \u00f6\u011frencilere y\u00f6nelik olarak kullan\u0131labilen formlara\u00a0Ortak Formlar\u00a0sayfas\u0131ndan eri\u015filebilmektedir. Formlar ihtiya\u00e7 halinde s\u00fcrekli g\u00fcncellenmektedir. Bu sebeple l\u00fctfen her seferinde g\u00fcncel formu kulland\u0131\u011f\u0131n\u0131zdan emin olunuz. Lisans\u00fcst\u00fc e\u011fitim s\u00fcre\u00e7lerinin de\u011fi\u015fik a\u015famalar\u0131nda \u00f6\u011frencilerimize yol g\u00f6stermesi i\u00e7in haz\u0131rlanan k\u0131lavuzlara\u00a0K\u0131lavuzlar\u00a0men\u00fcs\u00fcnde yer alan\u00a0Genel K\u0131lavuzlar\u00a0alt sayfas\u0131ndan\u00a0eri\u015filebilir. Tez \u00d6neri ve [&hellip;]<\/p>\n","protected":false},"author":632,"featured_media":0,"parent":0,"menu_order":0,"comment_status":"closed","ping_status":"closed","template":"elementor_header_footer","meta":{"footnotes":""},"class_list":["post-6385","page","type-page","status-publish","hentry"],"_links":{"self":[{"href":"https:\/\/atauni.edu.tr\/kis-sporlari-enstitusu\/wp-json\/wp\/v2\/pages\/6385","targetHints":{"allow":["GET"]}}],"collection":[{"href":"https:\/\/atauni.edu.tr\/kis-sporlari-enstitusu\/wp-json\/wp\/v2\/pages"}],"about":[{"href":"https:\/\/atauni.edu.tr\/kis-sporlari-enstitusu\/wp-json\/wp\/v2\/types\/page"}],"author":[{"embeddable":true,"href":"https:\/\/atauni.edu.tr\/kis-sporlari-enstitusu\/wp-json\/wp\/v2\/users\/632"}],"replies":[{"embeddable":true,"href":"https:\/\/atauni.edu.tr\/kis-sporlari-enstitusu\/wp-json\/wp\/v2\/comments?post=6385"}],"version-history":[{"count":46,"href":"https:\/\/atauni.edu.tr\/kis-sporlari-enstitusu\/wp-json\/wp\/v2\/pages\/6385\/revisions"}],"predecessor-version":[{"id":8942,"href":"https:\/\/atauni.edu.tr\/kis-sporlari-enstitusu\/wp-json\/wp\/v2\/pages\/6385\/revisions\/8942"}],"wp:attachment":[{"href":"https:\/\/atauni.edu.tr\/kis-sporlari-enstitusu\/wp-json\/wp\/v2\/media?parent=6385"}],"curies":[{"name":"wp","href":"https:\/\/api.w.org\/{rel}","templated":true}]}}