{"id":6539,"date":"2024-12-06T14:05:06","date_gmt":"2024-12-06T11:05:06","guid":{"rendered":"https:\/\/birimler.atauni.edu.tr\/kis-sporlari-enstitusu\/?page_id=6539"},"modified":"2025-06-18T13:56:05","modified_gmt":"2025-06-18T10:56:05","slug":"genel-kilavuzlar","status":"publish","type":"page","link":"https:\/\/atauni.edu.tr\/kis-sporlari-enstitusu\/genel-kilavuzlar\/","title":{"rendered":"Genel K\u0131lavuzlar"},"content":{"rendered":"\t\t<div data-elementor-type=\"wp-page\" data-elementor-id=\"6539\" class=\"elementor elementor-6539\" data-elementor-post-type=\"page\">\n\t\t\t\t\t\t<section class=\"elementor-section elementor-top-section elementor-element elementor-element-6111732 elementor-section-boxed elementor-section-height-default elementor-section-height-default\" data-id=\"6111732\" data-element_type=\"section\">\n\t\t\t\t\t\t<div class=\"elementor-container elementor-column-gap-default\">\n\t\t\t\t\t<div class=\"elementor-column elementor-col-100 elementor-top-column elementor-element elementor-element-df187d1\" data-id=\"df187d1\" data-element_type=\"column\">\n\t\t\t<div class=\"elementor-widget-wrap elementor-element-populated\">\n\t\t\t\t\t\t<div class=\"elementor-element elementor-element-b2d934d elementor-widget elementor-widget-spacer\" data-id=\"b2d934d\" data-element_type=\"widget\" data-widget_type=\"spacer.default\">\n\t\t\t\t<div class=\"elementor-widget-container\">\n\t\t\t\t\t\t\t<div class=\"elementor-spacer\">\n\t\t\t<div class=\"elementor-spacer-inner\"><\/div>\n\t\t<\/div>\n\t\t\t\t\t\t<\/div>\n\t\t\t\t<\/div>\n\t\t\t\t\t<\/div>\n\t\t<\/div>\n\t\t\t\t\t<\/div>\n\t\t<\/section>\n\t\t\t\t<section class=\"elementor-section elementor-top-section elementor-element elementor-element-af205b0 elementor-section-boxed elementor-section-height-default elementor-section-height-default\" data-id=\"af205b0\" data-element_type=\"section\">\n\t\t\t\t\t\t<div class=\"elementor-container elementor-column-gap-default\">\n\t\t\t\t\t<div class=\"elementor-column elementor-col-100 elementor-top-column elementor-element elementor-element-e95e0b3\" data-id=\"e95e0b3\" data-element_type=\"column\">\n\t\t\t<div class=\"elementor-widget-wrap elementor-element-populated\">\n\t\t\t\t\t\t<div class=\"elementor-element elementor-element-6f7b365 elementor-widget elementor-widget-heading\" data-id=\"6f7b365\" data-element_type=\"widget\" data-widget_type=\"heading.default\">\n\t\t\t\t<div class=\"elementor-widget-container\">\n\t\t\t\t\t<h2 class=\"elementor-heading-title elementor-size-default\">Genel K\u0131lavuzlar<\/h2>\t\t\t\t<\/div>\n\t\t\t\t<\/div>\n\t\t\t\t<div class=\"elementor-element elementor-element-c281188 elementor-widget-divider--view-line elementor-widget elementor-widget-divider\" data-id=\"c281188\" data-element_type=\"widget\" data-widget_type=\"divider.default\">\n\t\t\t\t<div class=\"elementor-widget-container\">\n\t\t\t\t\t\t\t<div class=\"elementor-divider\">\n\t\t\t<span class=\"elementor-divider-separator\">\n\t\t\t\t\t\t<\/span>\n\t\t<\/div>\n\t\t\t\t\t\t<\/div>\n\t\t\t\t<\/div>\n\t\t\t\t\t<\/div>\n\t\t<\/div>\n\t\t\t\t\t<\/div>\n\t\t<\/section>\n\t\t\t\t<section class=\"elementor-section elementor-top-section elementor-element elementor-element-eeb8a92 elementor-section-boxed elementor-section-height-default elementor-section-height-default\" data-id=\"eeb8a92\" data-element_type=\"section\">\n\t\t\t\t\t\t<div class=\"elementor-container elementor-column-gap-default\">\n\t\t\t\t\t<div class=\"elementor-column elementor-col-100 elementor-top-column elementor-element elementor-element-b931954\" data-id=\"b931954\" data-element_type=\"column\">\n\t\t\t<div class=\"elementor-widget-wrap elementor-element-populated\">\n\t\t\t\t\t\t<div class=\"elementor-element elementor-element-f7c42d4 elementor-widget elementor-widget-text-editor\" data-id=\"f7c42d4\" data-element_type=\"widget\" data-widget_type=\"text-editor.default\">\n\t\t\t\t<div class=\"elementor-widget-container\">\n\t\t\t\t\t\t\t\t\t<p>Lisans\u00fcst\u00fc e\u011fitim s\u00fcre\u00e7lerinin de\u011fi\u015fik a\u015famalar\u0131nda \u00f6\u011frencilerimize yol g\u00f6stermesi i\u00e7in a\u015fa\u011f\u0131daki k\u0131lavuzlar haz\u0131rlanm\u0131\u015ft\u0131r. K\u0131lavuzlar ihtiya\u00e7 halinde s\u00fcrekli g\u00fcncellenmektedir. Bu sebeple l\u00fctfen her seferinde g\u00fcncel k\u0131lavuzu kulland\u0131\u011f\u0131n\u0131zdan emin olunuz.<\/p><p>Lisans\u00fcst\u00fc e\u011fitim ile ilgili &#8220;Lisans\u00fcst\u00fc Program Ba\u015fvuru Bilgilendirme Rehberi&#8221; i\u00e7in l\u00fctfen <a style=\"color: #a81e01\" href=\"https:\/\/birimler.atauni.edu.tr\/ogrenci-isleri-daire-baskanligi\/lisansustu-programlar\/\">t\u0131klay\u0131n\u0131z&#8230;<\/a><\/p>\t\t\t\t\t\t\t\t<\/div>\n\t\t\t\t<\/div>\n\t\t\t\t\t<\/div>\n\t\t<\/div>\n\t\t\t\t\t<\/div>\n\t\t<\/section>\n\t\t\t\t<section class=\"elementor-section elementor-top-section elementor-element elementor-element-9ffef10 elementor-section-boxed elementor-section-height-default elementor-section-height-default\" data-id=\"9ffef10\" data-element_type=\"section\">\n\t\t\t\t\t\t<div class=\"elementor-container elementor-column-gap-default\">\n\t\t\t\t\t<div class=\"elementor-column elementor-col-100 elementor-top-column elementor-element elementor-element-63edd34\" data-id=\"63edd34\" data-element_type=\"column\">\n\t\t\t<div class=\"elementor-widget-wrap elementor-element-populated\">\n\t\t\t\t\t\t<div class=\"elementor-element elementor-element-886f36e elementor-icon-list--layout-traditional elementor-list-item-link-full_width elementor-widget elementor-widget-icon-list\" data-id=\"886f36e\" data-element_type=\"widget\" data-widget_type=\"icon-list.default\">\n\t\t\t\t<div class=\"elementor-widget-container\">\n\t\t\t\t\t\t\t<ul class=\"elementor-icon-list-items\">\n\t\t\t\t\t\t\t<li class=\"elementor-icon-list-item\">\n\t\t\t\t\t\t\t\t\t\t\t<a href=\"https:\/\/birimler.atauni.edu.tr\/kis-sporlari-enstitusu\/wp-content\/uploads\/sites\/794\/2025\/03\/K_01_Yariyil_Ders_Kayit_Kilavuzu-V3.docx\">\n\n\t\t\t\t\t\t\t\t\t\t\t\t<span class=\"elementor-icon-list-icon\">\n\t\t\t\t\t\t\t<i aria-hidden=\"true\" class=\"fas fa-link\"><\/i>\t\t\t\t\t\t<\/span>\n\t\t\t\t\t\t\t\t\t\t<span class=\"elementor-icon-list-text\">Yar\u0131y\u0131l Ders Kay\u0131t K\u0131lavuzu <\/span>\n\t\t\t\t\t\t\t\t\t\t\t<\/a>\n\t\t\t\t\t\t\t\t\t<\/li>\n\t\t\t\t\t\t\t\t<li class=\"elementor-icon-list-item\">\n\t\t\t\t\t\t\t\t\t\t\t<a href=\"https:\/\/birimler.atauni.edu.tr\/kis-sporlari-enstitusu\/wp-content\/uploads\/sites\/794\/2025\/03\/K_02_Doktora_Yeterlilik_Sinavi_Kilavuzu.docx\">\n\n\t\t\t\t\t\t\t\t\t\t\t\t<span class=\"elementor-icon-list-icon\">\n\t\t\t\t\t\t\t<i aria-hidden=\"true\" class=\"fas fa-link\"><\/i>\t\t\t\t\t\t<\/span>\n\t\t\t\t\t\t\t\t\t\t<span class=\"elementor-icon-list-text\">Doktora Yeterlilik S\u0131nav\u0131 K\u0131lavuzu <\/span>\n\t\t\t\t\t\t\t\t\t\t\t<\/a>\n\t\t\t\t\t\t\t\t\t<\/li>\n\t\t\t\t\t\t\t\t<li class=\"elementor-icon-list-item\">\n\t\t\t\t\t\t\t\t\t\t\t<a href=\"https:\/\/birimler.atauni.edu.tr\/kis-sporlari-enstitusu\/wp-content\/uploads\/sites\/794\/2025\/06\/K_03_Tez-Savunma-ve-Mezuniyet-Kilavuzu.docx\">\n\n\t\t\t\t\t\t\t\t\t\t\t\t<span class=\"elementor-icon-list-icon\">\n\t\t\t\t\t\t\t<i aria-hidden=\"true\" class=\"fas fa-link\"><\/i>\t\t\t\t\t\t<\/span>\n\t\t\t\t\t\t\t\t\t\t<span class=\"elementor-icon-list-text\">Tez Savunma ve Mezuniyet K\u0131lavuzu <\/span>\n\t\t\t\t\t\t\t\t\t\t\t<\/a>\n\t\t\t\t\t\t\t\t\t<\/li>\n\t\t\t\t\t\t\t\t<li class=\"elementor-icon-list-item\">\n\t\t\t\t\t\t\t\t\t\t\t<a href=\"https:\/\/birimler.atauni.edu.tr\/kis-sporlari-enstitusu\/wp-content\/uploads\/sites\/794\/2025\/06\/K_04_Tez-Intihal-Tarama-Kilavuzu.docx\">\n\n\t\t\t\t\t\t\t\t\t\t\t\t<span class=\"elementor-icon-list-icon\">\n\t\t\t\t\t\t\t<i aria-hidden=\"true\" class=\"fas fa-link\"><\/i>\t\t\t\t\t\t<\/span>\n\t\t\t\t\t\t\t\t\t\t<span class=\"elementor-icon-list-text\">Tez \u0130ntihal Tarama K\u0131lavuzu<\/span>\n\t\t\t\t\t\t\t\t\t\t\t<\/a>\n\t\t\t\t\t\t\t\t\t<\/li>\n\t\t\t\t\t\t<\/ul>\n\t\t\t\t\t\t<\/div>\n\t\t\t\t<\/div>\n\t\t\t\t\t<\/div>\n\t\t<\/div>\n\t\t\t\t\t<\/div>\n\t\t<\/section>\n\t\t\t\t<section class=\"elementor-section elementor-top-section elementor-element elementor-element-0246361 elementor-section-boxed elementor-section-height-default elementor-section-height-default\" data-id=\"0246361\" data-element_type=\"section\">\n\t\t\t\t\t\t<div class=\"elementor-container elementor-column-gap-default\">\n\t\t\t\t\t<div class=\"elementor-column elementor-col-100 elementor-top-column elementor-element elementor-element-c010598\" data-id=\"c010598\" data-element_type=\"column\">\n\t\t\t<div class=\"elementor-widget-wrap elementor-element-populated\">\n\t\t\t\t\t\t<div class=\"elementor-element elementor-element-c8c5759 elementor-widget elementor-widget-spacer\" data-id=\"c8c5759\" data-element_type=\"widget\" data-widget_type=\"spacer.default\">\n\t\t\t\t<div class=\"elementor-widget-container\">\n\t\t\t\t\t\t\t<div class=\"elementor-spacer\">\n\t\t\t<div class=\"elementor-spacer-inner\"><\/div>\n\t\t<\/div>\n\t\t\t\t\t\t<\/div>\n\t\t\t\t<\/div>\n\t\t\t\t\t<\/div>\n\t\t<\/div>\n\t\t\t\t\t<\/div>\n\t\t<\/section>\n\t\t\t\t<\/div>\n\t\t","protected":false},"excerpt":{"rendered":"<p>Genel K\u0131lavuzlar Lisans\u00fcst\u00fc e\u011fitim s\u00fcre\u00e7lerinin de\u011fi\u015fik a\u015famalar\u0131nda \u00f6\u011frencilerimize yol g\u00f6stermesi i\u00e7in a\u015fa\u011f\u0131daki k\u0131lavuzlar haz\u0131rlanm\u0131\u015ft\u0131r. K\u0131lavuzlar ihtiya\u00e7 halinde s\u00fcrekli g\u00fcncellenmektedir. Bu sebeple l\u00fctfen her seferinde g\u00fcncel k\u0131lavuzu kulland\u0131\u011f\u0131n\u0131zdan emin olunuz. Lisans\u00fcst\u00fc e\u011fitim ile ilgili &#8220;Lisans\u00fcst\u00fc Program Ba\u015fvuru Bilgilendirme Rehberi&#8221; i\u00e7in l\u00fctfen t\u0131klay\u0131n\u0131z&#8230; Yar\u0131y\u0131l Ders Kay\u0131t K\u0131lavuzu Doktora Yeterlilik S\u0131nav\u0131 K\u0131lavuzu Tez Savunma ve Mezuniyet K\u0131lavuzu Tez [&hellip;]<\/p>\n","protected":false},"author":632,"featured_media":0,"parent":0,"menu_order":0,"comment_status":"closed","ping_status":"closed","template":"elementor_header_footer","meta":{"footnotes":""},"class_list":["post-6539","page","type-page","status-publish","hentry"],"_links":{"self":[{"href":"https:\/\/atauni.edu.tr\/kis-sporlari-enstitusu\/wp-json\/wp\/v2\/pages\/6539","targetHints":{"allow":["GET"]}}],"collection":[{"href":"https:\/\/atauni.edu.tr\/kis-sporlari-enstitusu\/wp-json\/wp\/v2\/pages"}],"about":[{"href":"https:\/\/atauni.edu.tr\/kis-sporlari-enstitusu\/wp-json\/wp\/v2\/types\/page"}],"author":[{"embeddable":true,"href":"https:\/\/atauni.edu.tr\/kis-sporlari-enstitusu\/wp-json\/wp\/v2\/users\/632"}],"replies":[{"embeddable":true,"href":"https:\/\/atauni.edu.tr\/kis-sporlari-enstitusu\/wp-json\/wp\/v2\/comments?post=6539"}],"version-history":[{"count":58,"href":"https:\/\/atauni.edu.tr\/kis-sporlari-enstitusu\/wp-json\/wp\/v2\/pages\/6539\/revisions"}],"predecessor-version":[{"id":9021,"href":"https:\/\/atauni.edu.tr\/kis-sporlari-enstitusu\/wp-json\/wp\/v2\/pages\/6539\/revisions\/9021"}],"wp:attachment":[{"href":"https:\/\/atauni.edu.tr\/kis-sporlari-enstitusu\/wp-json\/wp\/v2\/media?parent=6539"}],"curies":[{"name":"wp","href":"https:\/\/api.w.org\/{rel}","templated":true}]}}