{"id":6573,"date":"2024-12-06T14:40:29","date_gmt":"2024-12-06T11:40:29","guid":{"rendered":"https:\/\/birimler.atauni.edu.tr\/kis-sporlari-enstitusu\/?page_id=6573"},"modified":"2026-03-31T14:37:09","modified_gmt":"2026-03-31T11:37:09","slug":"oneri-ve-tez-yazim-kilavuzlari","status":"publish","type":"page","link":"https:\/\/atauni.edu.tr\/kis-sporlari-enstitusu\/oneri-ve-tez-yazim-kilavuzlari\/","title":{"rendered":"\u00d6neri ve Tez Yaz\u0131m K\u0131lavuzlar\u0131"},"content":{"rendered":"\t\t<div data-elementor-type=\"wp-page\" data-elementor-id=\"6573\" class=\"elementor elementor-6573\" data-elementor-post-type=\"page\">\n\t\t\t\t\t\t<section class=\"elementor-section elementor-top-section elementor-element elementor-element-52a458e elementor-section-boxed elementor-section-height-default elementor-section-height-default\" data-id=\"52a458e\" data-element_type=\"section\">\n\t\t\t\t\t\t<div class=\"elementor-container elementor-column-gap-default\">\n\t\t\t\t\t<div class=\"elementor-column elementor-col-100 elementor-top-column elementor-element elementor-element-58b8678\" data-id=\"58b8678\" data-element_type=\"column\">\n\t\t\t<div class=\"elementor-widget-wrap elementor-element-populated\">\n\t\t\t\t\t\t<div class=\"elementor-element elementor-element-ea5a922 elementor-widget elementor-widget-spacer\" data-id=\"ea5a922\" data-element_type=\"widget\" data-widget_type=\"spacer.default\">\n\t\t\t\t<div class=\"elementor-widget-container\">\n\t\t\t\t\t\t\t<div class=\"elementor-spacer\">\n\t\t\t<div class=\"elementor-spacer-inner\"><\/div>\n\t\t<\/div>\n\t\t\t\t\t\t<\/div>\n\t\t\t\t<\/div>\n\t\t\t\t\t<\/div>\n\t\t<\/div>\n\t\t\t\t\t<\/div>\n\t\t<\/section>\n\t\t\t\t<section class=\"elementor-section elementor-top-section elementor-element elementor-element-7e65e7d elementor-section-boxed elementor-section-height-default elementor-section-height-default\" data-id=\"7e65e7d\" data-element_type=\"section\">\n\t\t\t\t\t\t<div class=\"elementor-container elementor-column-gap-default\">\n\t\t\t\t\t<div class=\"elementor-column elementor-col-100 elementor-top-column elementor-element elementor-element-aea46ad\" data-id=\"aea46ad\" data-element_type=\"column\">\n\t\t\t<div class=\"elementor-widget-wrap elementor-element-populated\">\n\t\t\t\t\t\t<div class=\"elementor-element elementor-element-eacf187 elementor-widget elementor-widget-heading\" data-id=\"eacf187\" data-element_type=\"widget\" data-widget_type=\"heading.default\">\n\t\t\t\t<div class=\"elementor-widget-container\">\n\t\t\t\t\t<h2 class=\"elementor-heading-title elementor-size-default\">\u00d6neri ve Tez Yaz\u0131m K\u0131lavuzlar\u0131<\/h2>\t\t\t\t<\/div>\n\t\t\t\t<\/div>\n\t\t\t\t<div class=\"elementor-element elementor-element-cc97051 elementor-widget-divider--view-line elementor-widget elementor-widget-divider\" data-id=\"cc97051\" data-element_type=\"widget\" data-widget_type=\"divider.default\">\n\t\t\t\t<div class=\"elementor-widget-container\">\n\t\t\t\t\t\t\t<div class=\"elementor-divider\">\n\t\t\t<span class=\"elementor-divider-separator\">\n\t\t\t\t\t\t<\/span>\n\t\t<\/div>\n\t\t\t\t\t\t<\/div>\n\t\t\t\t<\/div>\n\t\t\t\t\t<\/div>\n\t\t<\/div>\n\t\t\t\t\t<\/div>\n\t\t<\/section>\n\t\t\t\t<section class=\"elementor-section elementor-top-section elementor-element elementor-element-cd24cdc elementor-section-boxed elementor-section-height-default elementor-section-height-default\" data-id=\"cd24cdc\" data-element_type=\"section\">\n\t\t\t\t\t\t<div class=\"elementor-container elementor-column-gap-default\">\n\t\t\t\t\t<div class=\"elementor-column elementor-col-100 elementor-top-column elementor-element elementor-element-81e5c78\" data-id=\"81e5c78\" data-element_type=\"column\">\n\t\t\t<div class=\"elementor-widget-wrap elementor-element-populated\">\n\t\t\t\t\t\t<div class=\"elementor-element elementor-element-0f97248 elementor-widget elementor-widget-text-editor\" data-id=\"0f97248\" data-element_type=\"widget\" data-widget_type=\"text-editor.default\">\n\t\t\t\t<div class=\"elementor-widget-container\">\n\t\t\t\t\t\t\t\t\t<p>Lisans\u00fcst\u00fc \u00f6\u011frenciler i\u00e7in Tez \u00d6neri Yaz\u0131m K\u0131lavuzu, Tez Yaz\u0131m K\u0131lavuzu ve Kabul ve Onay Tutana\u011f\u0131 &#8211; Etik ve Bildirim Sayfas\u0131 dosyalar\u0131na a\u015fa\u011f\u0131dan eri\u015filebilir. Yine tez ve\/veya tez \u00f6nerisi yaz\u0131m\u0131nda kolayl\u0131k sa\u011flamas\u0131 amac\u0131yla bi\u00e7im ayarlar\u0131 yap\u0131lm\u0131\u015f tez ve tez \u00f6neri \u015fablonlar\u0131 haz\u0131rlanm\u0131\u015ft\u0131r. Tez veya tez \u00f6nerisi yaz\u0131m\u0131na ba\u015flamadan \u00f6nce kendinize uygun olan \u015fablonu indirip ilgili dosya \u00fczerinde dosyan\u0131n bi\u00e7im \u00f6zelliklerini bozmadan tez veya tez \u00f6nerinizi yaz\u0131n\u0131z.<\/p><p>B\u00fct\u00fcn k\u0131lavuz ve \u015fablonlar ihtiya\u00e7 duyulduk\u00e7a g\u00fcncellenmektedir. Tez \u00f6nerinizi veya tezinizi Enstit\u00fcye teslim etmeden \u00f6nce g\u00fcncel k\u0131lavuza g\u00f6re haz\u0131rlad\u0131\u011f\u0131n\u0131zdan emin olmak i\u00e7in bu sayfay\u0131 mutlaka kontrol ediniz. E\u011fer k\u0131lavuzlarda dikkatinizi \u00e7eken hatalar tespit ederseniz l\u00fctfen kissporlari@atauni.edu.tr adresine hatan\u0131n oldu\u011fu kaynak, sayfa ve hata bilgisiyle birlikte bilgi veriniz.<\/p>\t\t\t\t\t\t\t\t<\/div>\n\t\t\t\t<\/div>\n\t\t\t\t\t<\/div>\n\t\t<\/div>\n\t\t\t\t\t<\/div>\n\t\t<\/section>\n\t\t\t\t<section class=\"elementor-section elementor-top-section elementor-element elementor-element-2c09256 elementor-section-boxed elementor-section-height-default elementor-section-height-default\" data-id=\"2c09256\" data-element_type=\"section\">\n\t\t\t\t\t\t<div class=\"elementor-container elementor-column-gap-default\">\n\t\t\t\t\t<div class=\"elementor-column elementor-col-100 elementor-top-column elementor-element elementor-element-25987a1\" data-id=\"25987a1\" data-element_type=\"column\">\n\t\t\t<div class=\"elementor-widget-wrap elementor-element-populated\">\n\t\t\t\t\t\t<div class=\"elementor-element elementor-element-cdc7698 elementor-icon-list--layout-traditional elementor-list-item-link-full_width elementor-widget elementor-widget-icon-list\" data-id=\"cdc7698\" data-element_type=\"widget\" data-widget_type=\"icon-list.default\">\n\t\t\t\t<div class=\"elementor-widget-container\">\n\t\t\t\t\t\t\t<ul class=\"elementor-icon-list-items\">\n\t\t\t\t\t\t\t<li class=\"elementor-icon-list-item\">\n\t\t\t\t\t\t\t\t\t\t\t<a href=\"https:\/\/birimler.atauni.edu.tr\/kis-sporlari-enstitusu\/wp-content\/uploads\/sites\/794\/2025\/07\/Tez-Yazim-Kilavuzu.pdf\">\n\n\t\t\t\t\t\t\t\t\t\t\t\t<span class=\"elementor-icon-list-icon\">\n\t\t\t\t\t\t\t<i aria-hidden=\"true\" class=\"fas fa-link\"><\/i>\t\t\t\t\t\t<\/span>\n\t\t\t\t\t\t\t\t\t\t<span class=\"elementor-icon-list-text\">Tez Yaz\u0131m K\u0131lavuzu<\/span>\n\t\t\t\t\t\t\t\t\t\t\t<\/a>\n\t\t\t\t\t\t\t\t\t<\/li>\n\t\t\t\t\t\t\t\t<li class=\"elementor-icon-list-item\">\n\t\t\t\t\t\t\t\t\t\t\t<a href=\"https:\/\/birimler.atauni.edu.tr\/kis-sporlari-enstitusu\/wp-content\/uploads\/sites\/794\/2025\/08\/Tez-Oneri-Sablonu.docx\">\n\n\t\t\t\t\t\t\t\t\t\t\t\t<span class=\"elementor-icon-list-icon\">\n\t\t\t\t\t\t\t<i aria-hidden=\"true\" class=\"fas fa-link\"><\/i>\t\t\t\t\t\t<\/span>\n\t\t\t\t\t\t\t\t\t\t<span class=\"elementor-icon-list-text\">Tez \u00d6neri \u015eablonu<\/span>\n\t\t\t\t\t\t\t\t\t\t\t<\/a>\n\t\t\t\t\t\t\t\t\t<\/li>\n\t\t\t\t\t\t\t\t<li class=\"elementor-icon-list-item\">\n\t\t\t\t\t\t\t\t\t\t\t<a href=\"https:\/\/birimler.atauni.edu.tr\/kis-sporlari-enstitusu\/wp-content\/uploads\/sites\/794\/2025\/08\/Yuksek-Lisans-Tezi.docx\">\n\n\t\t\t\t\t\t\t\t\t\t\t\t<span class=\"elementor-icon-list-icon\">\n\t\t\t\t\t\t\t<i aria-hidden=\"true\" class=\"fas fa-link\"><\/i>\t\t\t\t\t\t<\/span>\n\t\t\t\t\t\t\t\t\t\t<span class=\"elementor-icon-list-text\">Y\u00fcksek Lisans Tez \u015eablonu<\/span>\n\t\t\t\t\t\t\t\t\t\t\t<\/a>\n\t\t\t\t\t\t\t\t\t<\/li>\n\t\t\t\t\t\t\t\t<li class=\"elementor-icon-list-item\">\n\t\t\t\t\t\t\t\t\t\t\t<a href=\"https:\/\/birimler.atauni.edu.tr\/kis-sporlari-enstitusu\/wp-content\/uploads\/sites\/794\/2025\/08\/Doktora-Tez-Sablonu.docx\">\n\n\t\t\t\t\t\t\t\t\t\t\t\t<span class=\"elementor-icon-list-icon\">\n\t\t\t\t\t\t\t<i aria-hidden=\"true\" class=\"fas fa-link\"><\/i>\t\t\t\t\t\t<\/span>\n\t\t\t\t\t\t\t\t\t\t<span class=\"elementor-icon-list-text\">Doktora Tez \u015eablonu<\/span>\n\t\t\t\t\t\t\t\t\t\t\t<\/a>\n\t\t\t\t\t\t\t\t\t<\/li>\n\t\t\t\t\t\t\t\t<li class=\"elementor-icon-list-item\">\n\t\t\t\t\t\t\t\t\t\t\t<a href=\"https:\/\/birimler.atauni.edu.tr\/personel-daire-baskanligi\/yonergeler\/ogretim-uyeligine-atama-kriterleri\/\">\n\n\t\t\t\t\t\t\t\t\t\t\t\t<span class=\"elementor-icon-list-icon\">\n\t\t\t\t\t\t\t<i aria-hidden=\"true\" class=\"fas fa-link\"><\/i>\t\t\t\t\t\t<\/span>\n\t\t\t\t\t\t\t\t\t\t<span class=\"elementor-icon-list-text\">Atama Kriterleri<\/span>\n\t\t\t\t\t\t\t\t\t\t\t<\/a>\n\t\t\t\t\t\t\t\t\t<\/li>\n\t\t\t\t\t\t\t\t<li class=\"elementor-icon-list-item\">\n\t\t\t\t\t\t\t\t\t\t\t<a href=\"https:\/\/birimler.atauni.edu.tr\/kis-sporlari-enstitusu\/wp-content\/uploads\/sites\/794\/2025\/05\/Intihalin-Alinmasi.pdf\">\n\n\t\t\t\t\t\t\t\t\t\t\t\t<span class=\"elementor-icon-list-icon\">\n\t\t\t\t\t\t\t<i aria-hidden=\"true\" class=\"fas fa-link\"><\/i>\t\t\t\t\t\t<\/span>\n\t\t\t\t\t\t\t\t\t\t<span class=\"elementor-icon-list-text\">\u0130ntihal Raporunun Al\u0131nmas\u0131na \u0130li\u015fkin Duyuru<\/span>\n\t\t\t\t\t\t\t\t\t\t\t<\/a>\n\t\t\t\t\t\t\t\t\t<\/li>\n\t\t\t\t\t\t\t\t<li class=\"elementor-icon-list-item\">\n\t\t\t\t\t\t\t\t\t\t\t<a href=\"https:\/\/birimler.atauni.edu.tr\/kis-sporlari-enstitusu\/wp-content\/uploads\/sites\/794\/2025\/07\/Basliklandirma-Ornegi.docx\">\n\n\t\t\t\t\t\t\t\t\t\t\t\t<span class=\"elementor-icon-list-icon\">\n\t\t\t\t\t\t\t<i aria-hidden=\"true\" class=\"fas fa-link\"><\/i>\t\t\t\t\t\t<\/span>\n\t\t\t\t\t\t\t\t\t\t<span class=\"elementor-icon-list-text\">Ba\u015fl\u0131k D\u00fczeyleri<\/span>\n\t\t\t\t\t\t\t\t\t\t\t<\/a>\n\t\t\t\t\t\t\t\t\t<\/li>\n\t\t\t\t\t\t\t\t<li class=\"elementor-icon-list-item\">\n\t\t\t\t\t\t\t\t\t\t\t<a href=\"https:\/\/birimler.atauni.edu.tr\/kis-sporlari-enstitusu\/wp-content\/uploads\/sites\/794\/2025\/08\/Proje-Calisma-Belgesi-Ornegi.docx\">\n\n\t\t\t\t\t\t\t\t\t\t\t\t<span class=\"elementor-icon-list-icon\">\n\t\t\t\t\t\t\t<i aria-hidden=\"true\" class=\"fas fa-link\"><\/i>\t\t\t\t\t\t<\/span>\n\t\t\t\t\t\t\t\t\t\t<span class=\"elementor-icon-list-text\">Proje \u00c7al\u0131\u015fma Belgesi \u00d6rne\u011fi (Dan\u0131\u015fman taraf\u0131ndan doldurulacak.)<\/span>\n\t\t\t\t\t\t\t\t\t\t\t<\/a>\n\t\t\t\t\t\t\t\t\t<\/li>\n\t\t\t\t\t\t\t\t<li class=\"elementor-icon-list-item\">\n\t\t\t\t\t\t\t\t\t\t\t<a href=\"https:\/\/birimler.atauni.edu.tr\/kis-sporlari-enstitusu\/wp-content\/uploads\/sites\/794\/2025\/09\/Proje-Kabul-Belgesi-Ornegi.pdf\">\n\n\t\t\t\t\t\t\t\t\t\t\t\t<span class=\"elementor-icon-list-icon\">\n\t\t\t\t\t\t\t<i aria-hidden=\"true\" class=\"fas fa-link\"><\/i>\t\t\t\t\t\t<\/span>\n\t\t\t\t\t\t\t\t\t\t<span class=\"elementor-icon-list-text\">\u00d6rnek Proje Kabul Yaz\u0131s\u0131<\/span>\n\t\t\t\t\t\t\t\t\t\t\t<\/a>\n\t\t\t\t\t\t\t\t\t<\/li>\n\t\t\t\t\t\t<\/ul>\n\t\t\t\t\t\t<\/div>\n\t\t\t\t<\/div>\n\t\t\t\t\t<\/div>\n\t\t<\/div>\n\t\t\t\t\t<\/div>\n\t\t<\/section>\n\t\t\t\t<section class=\"elementor-section elementor-top-section elementor-element elementor-element-40c6b11 elementor-section-boxed elementor-section-height-default elementor-section-height-default\" data-id=\"40c6b11\" data-element_type=\"section\">\n\t\t\t\t\t\t<div class=\"elementor-container elementor-column-gap-default\">\n\t\t\t\t\t<div class=\"elementor-column elementor-col-100 elementor-top-column elementor-element elementor-element-da5aa60\" data-id=\"da5aa60\" data-element_type=\"column\">\n\t\t\t<div class=\"elementor-widget-wrap elementor-element-populated\">\n\t\t\t\t\t\t<div class=\"elementor-element elementor-element-6c03dae elementor-widget elementor-widget-heading\" data-id=\"6c03dae\" data-element_type=\"widget\" data-widget_type=\"heading.default\">\n\t\t\t\t<div class=\"elementor-widget-container\">\n\t\t\t\t\t<h2 class=\"elementor-heading-title elementor-size-default\">Makale \u015eart\u0131 Hakk\u0131nda<\/h2>\t\t\t\t<\/div>\n\t\t\t\t<\/div>\n\t\t\t\t\t<\/div>\n\t\t<\/div>\n\t\t\t\t\t<\/div>\n\t\t<\/section>\n\t\t\t\t<section class=\"elementor-section elementor-top-section elementor-element elementor-element-d19e017 elementor-section-boxed elementor-section-height-default elementor-section-height-default\" data-id=\"d19e017\" data-element_type=\"section\">\n\t\t\t\t\t\t<div class=\"elementor-container elementor-column-gap-default\">\n\t\t\t\t\t<div class=\"elementor-column elementor-col-100 elementor-top-column elementor-element elementor-element-21bc1c6\" data-id=\"21bc1c6\" data-element_type=\"column\">\n\t\t\t<div class=\"elementor-widget-wrap elementor-element-populated\">\n\t\t\t\t\t\t<div class=\"elementor-element elementor-element-9d2b55d elementor-widget elementor-widget-text-editor\" data-id=\"9d2b55d\" data-element_type=\"widget\" data-widget_type=\"text-editor.default\">\n\t\t\t\t<div class=\"elementor-widget-container\">\n\t\t\t\t\t\t\t\t\t<p>\u00dcniversiteleraras\u0131 Kurul (\u00dcAK) Temel Alanlar\u0131: E\u011fitim Bilimleri; Filoloji; G\u00fczel Sanatlar; Hukuk; \u0130lahiyat; Sosyal, Be\u015feri ve \u0130dari Bilimler; Spor Bilimleri Temel Alanlar\u0131 olan programlardaki \u00f6\u011frenciler i\u00e7in Atat\u00fcrk \u00dcniversitesi adresli olarak, SCIE, SSCI, AHCI (Q1, Q2, Q3, Q4), SCOPUS (Q1, Q2, Q3, Q4), ESCI <strong>SPORT DISCUS<\/strong>\u00a0veya ULAKB\u0130M TR Dizin endekslerinde yer alan hakemli dergide yay\u0131mlanm\u0131\u015f (ya da DOIDijital Object Identifier- numaras\u0131 alm\u0131\u015f olmas\u0131) tam ara\u015ft\u0131rma makalesi veya derleme t\u00fcr\u00fc yay\u0131nlardan en az 5 (be\u015f) puana sahip olmak.<\/p>\t\t\t\t\t\t\t\t<\/div>\n\t\t\t\t<\/div>\n\t\t\t\t\t<\/div>\n\t\t<\/div>\n\t\t\t\t\t<\/div>\n\t\t<\/section>\n\t\t\t\t<section class=\"elementor-section elementor-top-section elementor-element elementor-element-b308317 elementor-section-boxed elementor-section-height-default elementor-section-height-default\" data-id=\"b308317\" data-element_type=\"section\">\n\t\t\t\t\t\t<div class=\"elementor-container elementor-column-gap-default\">\n\t\t\t\t\t<div class=\"elementor-column elementor-col-100 elementor-top-column elementor-element elementor-element-132c5cd\" data-id=\"132c5cd\" data-element_type=\"column\">\n\t\t\t<div class=\"elementor-widget-wrap elementor-element-populated\">\n\t\t\t\t\t\t<div class=\"elementor-element elementor-element-0c6b50e elementor-widget elementor-widget-heading\" data-id=\"0c6b50e\" data-element_type=\"widget\" data-widget_type=\"heading.default\">\n\t\t\t\t<div class=\"elementor-widget-container\">\n\t\t\t\t\t<h2 class=\"elementor-heading-title elementor-size-default\">Tezin Projelendirilmesi Hakk\u0131nda<\/h2>\t\t\t\t<\/div>\n\t\t\t\t<\/div>\n\t\t\t\t\t<\/div>\n\t\t<\/div>\n\t\t\t\t\t<\/div>\n\t\t<\/section>\n\t\t\t\t<section class=\"elementor-section elementor-top-section elementor-element elementor-element-32a1227 elementor-section-boxed elementor-section-height-default elementor-section-height-default\" data-id=\"32a1227\" data-element_type=\"section\">\n\t\t\t\t\t\t<div class=\"elementor-container elementor-column-gap-default\">\n\t\t\t\t\t<div class=\"elementor-column elementor-col-100 elementor-top-column elementor-element elementor-element-293fc9d\" data-id=\"293fc9d\" data-element_type=\"column\">\n\t\t\t<div class=\"elementor-widget-wrap elementor-element-populated\">\n\t\t\t\t\t\t<div class=\"elementor-element elementor-element-85cbb0a elementor-widget elementor-widget-text-editor\" data-id=\"85cbb0a\" data-element_type=\"widget\" data-widget_type=\"text-editor.default\">\n\t\t\t\t<div class=\"elementor-widget-container\">\n\t\t\t\t\t\t\t\t\t<p><span style=\"text-align: -webkit-match-parent;font-size: 1rem;letter-spacing: 0px\">\u00dcniversitemiz Lisans\u00fcst\u00fc E\u011fitim ve \u00d6\u011fretim Uygulama Esaslar\u0131 Madde 22\u00a0<\/span><span style=\"text-align: -webkit-match-parent;font-size: 1rem;letter-spacing: 0px\">(6) a) \u00d6\u011frencinin 1. tez izleme komitesi toplant\u0131s\u0131na kat\u0131labilmesi i\u00e7in tez konusunun tez \u00f6\u011frencisi ya da dan\u0131\u015fman\u0131n y\u00fcr\u00fct\u00fcc\u00fcl\u00fc\u011f\u00fcnde kurumsal (BAP), ulusal (T\u00dcB\u0130TAK, SSB, TAGEM, TENMAK, T\u0130TCK, T\u00dcSEB, TUSA\u015e ve Di\u011fer Bakanl\u0131klar) veya uluslararas\u0131 (UFUK AVRUPA, ERASMUS+ [KA2, KA3 ve Jean Monnet], \u0130kili ve \u00c7oklu \u0130\u015f Birlikleri, Di\u011fer Uluslararas\u0131 Kamu Te\u015fkilatlar\u0131 vb.) fon kurulu\u015flar\u0131na bilimsel bir ara\u015ft\u0131rma projesi olarak sunulmas\u0131 \u00f6n \u015fartt\u0131r. Bu \u015fart sa\u011fland\u0131ktan sonra \u00f6\u011frencinin tez \u00e7al\u0131\u015fmas\u0131, komite taraf\u0131ndan de\u011ferlendirmeye al\u0131n\u0131r. (6)<\/span><span style=\"text-align: -webkit-match-parent;font-size: 1rem;letter-spacing: 0px\">b) \u00d6\u011frencinin 2. tez izleme komitesi toplant\u0131s\u0131na kat\u0131labilmesi i\u00e7in tez konusunun tez \u00f6\u011frencisi ya da dan\u0131\u015fman\u0131n y\u00fcr\u00fct\u00fcc\u00fcl\u00fc\u011f\u00fcnde kurumsal (BAP), ulusal (T\u00dcB\u0130TAK, SSB, TAGEM, TENMAK, T\u0130TCK, T\u00dcSEB, TUSA\u015e ve Di\u011fer Bakanl\u0131klar) veya uluslararas\u0131 (UFUK AVRUPA, ERASMUS+ [KA2, KA3 ve Jean Monnet], \u0130kili ve \u00c7oklu \u0130\u015f Birlikleri, Di\u011fer Uluslararas\u0131 Kamu Te\u015fkilatlar\u0131 vb.)fon kurulu\u015flar\u0131 taraf\u0131ndan bilimsel bir ara\u015ft\u0131rma projesi olarak kabul edildi\u011fini belgelemesi \u00f6n \u015fartt\u0131r. Bu \u015fart sa\u011fland\u0131ktan sonra \u00f6\u011frencinin tez \u00e7al\u0131\u015fmas\u0131, komite taraf\u0131ndan de\u011ferlendirmeye al\u0131n\u0131r.<\/span><\/p><p>Doktora tez j\u00fcrisinin atanabilmesi i\u00e7in, tez konusunun tez \u00f6\u011frencisi ya da dan\u0131\u015fman\u0131n y\u00fcr\u00fct\u00fcc\u00fcl\u00fc\u011f\u00fcnde kurumsal (BAP), ulusal (T\u00dcB\u0130TAK, SSB, TAGEM, TENMAK, T\u0130TCK, T\u00dcSEB, TUSA\u015e ve Di\u011fer Bakanl\u0131klar) veya uluslararas\u0131 (UFUK AVRUPA, ERASMUS+ [KA2, KA3 ve Jean Monnet], \u0130kili ve \u00c7oklu \u0130\u015f Birlikleri, Di\u011fer Uluslararas\u0131 Kamu Te\u015fkilatlar\u0131 vb.) fon kurulu\u015flar\u0131 taraf\u0131ndan bilimsel bir ara\u015ft\u0131rma projesi kapsam\u0131nda desteklenmesi gerekmektedir. Tez \u00f6\u011frencisinin doktora savunmas\u0131na girmeden \u00f6nce ilgili projede en az 6 (alt\u0131) ay s\u00fcreyle g\u00f6rev almas\u0131 \u015fartt\u0131r.<\/p>\t\t\t\t\t\t\t\t<\/div>\n\t\t\t\t<\/div>\n\t\t\t\t\t<\/div>\n\t\t<\/div>\n\t\t\t\t\t<\/div>\n\t\t<\/section>\n\t\t\t\t<\/div>\n\t\t","protected":false},"excerpt":{"rendered":"<p>\u00d6neri ve Tez Yaz\u0131m K\u0131lavuzlar\u0131 Lisans\u00fcst\u00fc \u00f6\u011frenciler i\u00e7in Tez \u00d6neri Yaz\u0131m K\u0131lavuzu, Tez Yaz\u0131m K\u0131lavuzu ve Kabul ve Onay Tutana\u011f\u0131 &#8211; Etik ve Bildirim Sayfas\u0131 dosyalar\u0131na a\u015fa\u011f\u0131dan eri\u015filebilir. Yine tez ve\/veya tez \u00f6nerisi yaz\u0131m\u0131nda kolayl\u0131k sa\u011flamas\u0131 amac\u0131yla bi\u00e7im ayarlar\u0131 yap\u0131lm\u0131\u015f tez ve tez \u00f6neri \u015fablonlar\u0131 haz\u0131rlanm\u0131\u015ft\u0131r. Tez veya tez \u00f6nerisi yaz\u0131m\u0131na ba\u015flamadan \u00f6nce kendinize uygun [&hellip;]<\/p>\n","protected":false},"author":632,"featured_media":0,"parent":0,"menu_order":0,"comment_status":"closed","ping_status":"closed","template":"elementor_header_footer","meta":{"footnotes":""},"class_list":["post-6573","page","type-page","status-publish","hentry"],"_links":{"self":[{"href":"https:\/\/atauni.edu.tr\/kis-sporlari-enstitusu\/wp-json\/wp\/v2\/pages\/6573","targetHints":{"allow":["GET"]}}],"collection":[{"href":"https:\/\/atauni.edu.tr\/kis-sporlari-enstitusu\/wp-json\/wp\/v2\/pages"}],"about":[{"href":"https:\/\/atauni.edu.tr\/kis-sporlari-enstitusu\/wp-json\/wp\/v2\/types\/page"}],"author":[{"embeddable":true,"href":"https:\/\/atauni.edu.tr\/kis-sporlari-enstitusu\/wp-json\/wp\/v2\/users\/632"}],"replies":[{"embeddable":true,"href":"https:\/\/atauni.edu.tr\/kis-sporlari-enstitusu\/wp-json\/wp\/v2\/comments?post=6573"}],"version-history":[{"count":145,"href":"https:\/\/atauni.edu.tr\/kis-sporlari-enstitusu\/wp-json\/wp\/v2\/pages\/6573\/revisions"}],"predecessor-version":[{"id":9799,"href":"https:\/\/atauni.edu.tr\/kis-sporlari-enstitusu\/wp-json\/wp\/v2\/pages\/6573\/revisions\/9799"}],"wp:attachment":[{"href":"https:\/\/atauni.edu.tr\/kis-sporlari-enstitusu\/wp-json\/wp\/v2\/media?parent=6573"}],"curies":[{"name":"wp","href":"https:\/\/api.w.org\/{rel}","templated":true}]}}