{"id":6714,"date":"2024-12-17T14:17:18","date_gmt":"2024-12-17T11:17:18","guid":{"rendered":"https:\/\/birimler.atauni.edu.tr\/kis-sporlari-enstitusu\/?page_id=6714"},"modified":"2025-03-24T11:09:36","modified_gmt":"2025-03-24T08:09:36","slug":"enstitu-yonetim-kurulu","status":"publish","type":"page","link":"https:\/\/atauni.edu.tr\/kis-sporlari-enstitusu\/enstitu-yonetim-kurulu\/","title":{"rendered":"Enstit\u00fc Y\u00f6netim Kurulu"},"content":{"rendered":"\t\t<div data-elementor-type=\"wp-page\" data-elementor-id=\"6714\" class=\"elementor elementor-6714\" data-elementor-post-type=\"page\">\n\t\t\t\t\t\t<section class=\"elementor-section elementor-top-section elementor-element elementor-element-028c19c elementor-section-boxed elementor-section-height-default elementor-section-height-default\" data-id=\"028c19c\" data-element_type=\"section\">\n\t\t\t\t\t\t<div class=\"elementor-container elementor-column-gap-default\">\n\t\t\t\t\t<div class=\"elementor-column elementor-col-100 elementor-top-column elementor-element elementor-element-2295cdd\" data-id=\"2295cdd\" data-element_type=\"column\">\n\t\t\t<div class=\"elementor-widget-wrap elementor-element-populated\">\n\t\t\t\t\t\t<div class=\"elementor-element elementor-element-40f4c64 elementor-widget elementor-widget-spacer\" data-id=\"40f4c64\" data-element_type=\"widget\" data-widget_type=\"spacer.default\">\n\t\t\t\t<div class=\"elementor-widget-container\">\n\t\t\t\t\t\t\t<div class=\"elementor-spacer\">\n\t\t\t<div class=\"elementor-spacer-inner\"><\/div>\n\t\t<\/div>\n\t\t\t\t\t\t<\/div>\n\t\t\t\t<\/div>\n\t\t\t\t\t<\/div>\n\t\t<\/div>\n\t\t\t\t\t<\/div>\n\t\t<\/section>\n\t\t\t\t<section class=\"elementor-section elementor-top-section elementor-element elementor-element-76e6b2c elementor-section-boxed elementor-section-height-default elementor-section-height-default\" data-id=\"76e6b2c\" data-element_type=\"section\">\n\t\t\t\t\t\t<div class=\"elementor-container elementor-column-gap-default\">\n\t\t\t\t\t<div class=\"elementor-column elementor-col-100 elementor-top-column elementor-element elementor-element-102fa4e\" data-id=\"102fa4e\" data-element_type=\"column\">\n\t\t\t<div class=\"elementor-widget-wrap elementor-element-populated\">\n\t\t\t\t\t\t<div class=\"elementor-element elementor-element-2de6389 elementor-widget elementor-widget-heading\" data-id=\"2de6389\" data-element_type=\"widget\" data-widget_type=\"heading.default\">\n\t\t\t\t<div class=\"elementor-widget-container\">\n\t\t\t\t\t<h2 class=\"elementor-heading-title elementor-size-default\">Enstit\u00fc Y\u00f6netim Kurulu<\/h2>\t\t\t\t<\/div>\n\t\t\t\t<\/div>\n\t\t\t\t<div class=\"elementor-element elementor-element-cab3ade elementor-widget-divider--view-line elementor-widget elementor-widget-divider\" data-id=\"cab3ade\" data-element_type=\"widget\" data-widget_type=\"divider.default\">\n\t\t\t\t<div class=\"elementor-widget-container\">\n\t\t\t\t\t\t\t<div class=\"elementor-divider\">\n\t\t\t<span class=\"elementor-divider-separator\">\n\t\t\t\t\t\t<\/span>\n\t\t<\/div>\n\t\t\t\t\t\t<\/div>\n\t\t\t\t<\/div>\n\t\t\t\t\t<\/div>\n\t\t<\/div>\n\t\t\t\t\t<\/div>\n\t\t<\/section>\n\t\t\t\t<section class=\"elementor-section elementor-top-section elementor-element elementor-element-d4bc487 elementor-section-boxed elementor-section-height-default elementor-section-height-default\" data-id=\"d4bc487\" data-element_type=\"section\">\n\t\t\t\t\t\t<div class=\"elementor-container elementor-column-gap-default\">\n\t\t\t\t\t<div class=\"elementor-column elementor-col-100 elementor-top-column elementor-element elementor-element-7db3efb\" data-id=\"7db3efb\" data-element_type=\"column\">\n\t\t\t<div class=\"elementor-widget-wrap elementor-element-populated\">\n\t\t\t\t\t\t<div class=\"elementor-element elementor-element-4daff2d elementor-widget elementor-widget-text-editor\" data-id=\"4daff2d\" data-element_type=\"widget\" data-widget_type=\"text-editor.default\">\n\t\t\t\t<div class=\"elementor-widget-container\">\n\t\t\t\t\t\t\t\t\t<p><strong>Prof. Dr.\u00a0 Erdin\u00e7 \u015eIKTAR<\/strong>\u00a0\u2013 Enstit\u00fc M\u00fcd\u00fcr\u00fc<\/p><p><strong>Do\u00e7. Dr.\u00a0 Yunus Sinan B\u0130R\u0130C\u0130K<\/strong><span style=\"font-weight: var( --e-global-typography-text-font-weight )\">\u00a0\u2013 Enstit\u00fc M\u00fcd\u00fcr Yard\u0131mc\u0131s\u0131<\/span><\/p><p><strong>Do\u00e7. Dr. Fatih BED\u0130R<\/strong><span style=\"font-weight: var( --e-global-typography-text-font-weight )\">\u00a0\u2013 Enstit\u00fc M\u00fcd\u00fcr Yard\u0131mc\u0131s\u0131<\/span><\/p><p><strong><span style=\"color: var( --e-global-color-accent );font-size: 1rem;letter-spacing: 0px\">Do\u00e7. Dr. G\u00fcl Eda BURMAO\u011eLU<\/span>\u00a0\u00a0<\/strong><span style=\"font-weight: var( --e-global-typography-text-font-weight )\">\u00a0&#8211; \u00dcye<\/span><\/p><p><span style=\"font-weight: var( --e-global-typography-text-font-weight )\"><strong>Do\u00e7. Dr. Elif AKKU\u015e<\/strong> &#8211; \u00dcye<\/span><\/p><p><span style=\"font-weight: var( --e-global-typography-text-font-weight )\"><strong>Do\u00e7. Dr. Fatmanur ER<\/strong> &#8211; \u00dcye<\/span><\/p><p><span style=\"font-weight: var( --e-global-typography-text-font-weight )\"><strong>U\u011fur K\u00dcMBET<\/strong> &#8211; Raport\u00f6r \u2013 Enstit\u00fc Sekreteri\u00a0<\/span><\/p>\t\t\t\t\t\t\t\t<\/div>\n\t\t\t\t<\/div>\n\t\t\t\t\t<\/div>\n\t\t<\/div>\n\t\t\t\t\t<\/div>\n\t\t<\/section>\n\t\t\t\t<section class=\"elementor-section elementor-top-section elementor-element elementor-element-beab064 elementor-section-boxed elementor-section-height-default elementor-section-height-default\" data-id=\"beab064\" data-element_type=\"section\">\n\t\t\t\t\t\t<div class=\"elementor-container elementor-column-gap-default\">\n\t\t\t\t\t<div class=\"elementor-column elementor-col-100 elementor-top-column elementor-element elementor-element-966d24d\" data-id=\"966d24d\" data-element_type=\"column\">\n\t\t\t<div class=\"elementor-widget-wrap elementor-element-populated\">\n\t\t\t\t\t\t<div class=\"elementor-element elementor-element-51c5388 elementor-widget elementor-widget-spacer\" data-id=\"51c5388\" data-element_type=\"widget\" data-widget_type=\"spacer.default\">\n\t\t\t\t<div class=\"elementor-widget-container\">\n\t\t\t\t\t\t\t<div class=\"elementor-spacer\">\n\t\t\t<div class=\"elementor-spacer-inner\"><\/div>\n\t\t<\/div>\n\t\t\t\t\t\t<\/div>\n\t\t\t\t<\/div>\n\t\t\t\t\t<\/div>\n\t\t<\/div>\n\t\t\t\t\t<\/div>\n\t\t<\/section>\n\t\t\t\t<\/div>\n\t\t","protected":false},"excerpt":{"rendered":"<p>Enstit\u00fc Y\u00f6netim Kurulu Prof. Dr.\u00a0 Erdin\u00e7 \u015eIKTAR\u00a0\u2013 Enstit\u00fc M\u00fcd\u00fcr\u00fc Do\u00e7. Dr.\u00a0 Yunus Sinan B\u0130R\u0130C\u0130K\u00a0\u2013 Enstit\u00fc M\u00fcd\u00fcr Yard\u0131mc\u0131s\u0131 Do\u00e7. Dr. Fatih BED\u0130R\u00a0\u2013 Enstit\u00fc M\u00fcd\u00fcr Yard\u0131mc\u0131s\u0131 Do\u00e7. Dr. G\u00fcl Eda BURMAO\u011eLU\u00a0\u00a0\u00a0&#8211; \u00dcye Do\u00e7. Dr. Elif AKKU\u015e &#8211; \u00dcye Do\u00e7. Dr. Fatmanur ER &#8211; \u00dcye U\u011fur K\u00dcMBET &#8211; Raport\u00f6r \u2013 Enstit\u00fc Sekreteri\u00a0<\/p>\n","protected":false},"author":632,"featured_media":0,"parent":0,"menu_order":0,"comment_status":"closed","ping_status":"closed","template":"elementor_header_footer","meta":{"footnotes":""},"class_list":["post-6714","page","type-page","status-publish","hentry"],"_links":{"self":[{"href":"https:\/\/atauni.edu.tr\/kis-sporlari-enstitusu\/wp-json\/wp\/v2\/pages\/6714","targetHints":{"allow":["GET"]}}],"collection":[{"href":"https:\/\/atauni.edu.tr\/kis-sporlari-enstitusu\/wp-json\/wp\/v2\/pages"}],"about":[{"href":"https:\/\/atauni.edu.tr\/kis-sporlari-enstitusu\/wp-json\/wp\/v2\/types\/page"}],"author":[{"embeddable":true,"href":"https:\/\/atauni.edu.tr\/kis-sporlari-enstitusu\/wp-json\/wp\/v2\/users\/632"}],"replies":[{"embeddable":true,"href":"https:\/\/atauni.edu.tr\/kis-sporlari-enstitusu\/wp-json\/wp\/v2\/comments?post=6714"}],"version-history":[{"count":25,"href":"https:\/\/atauni.edu.tr\/kis-sporlari-enstitusu\/wp-json\/wp\/v2\/pages\/6714\/revisions"}],"predecessor-version":[{"id":8437,"href":"https:\/\/atauni.edu.tr\/kis-sporlari-enstitusu\/wp-json\/wp\/v2\/pages\/6714\/revisions\/8437"}],"wp:attachment":[{"href":"https:\/\/atauni.edu.tr\/kis-sporlari-enstitusu\/wp-json\/wp\/v2\/media?parent=6714"}],"curies":[{"name":"wp","href":"https:\/\/api.w.org\/{rel}","templated":true}]}}