{"id":6731,"date":"2024-12-17T15:43:51","date_gmt":"2024-12-17T12:43:51","guid":{"rendered":"https:\/\/birimler.atauni.edu.tr\/kis-sporlari-enstitusu\/?page_id=6731"},"modified":"2026-01-08T11:27:08","modified_gmt":"2026-01-08T08:27:08","slug":"doktora-yeterlik-komiteleri","status":"publish","type":"page","link":"https:\/\/atauni.edu.tr\/kis-sporlari-enstitusu\/doktora-yeterlik-komiteleri\/","title":{"rendered":"Doktora Yeterlik Komiteleri (11.08.2025-11.08.2027)"},"content":{"rendered":"\t\t<div data-elementor-type=\"wp-page\" data-elementor-id=\"6731\" class=\"elementor elementor-6731\" data-elementor-post-type=\"page\">\n\t\t\t\t\t\t<section class=\"elementor-section elementor-top-section elementor-element elementor-element-a9e53d3 elementor-section-boxed elementor-section-height-default elementor-section-height-default\" data-id=\"a9e53d3\" data-element_type=\"section\">\n\t\t\t\t\t\t<div class=\"elementor-container elementor-column-gap-default\">\n\t\t\t\t\t<div class=\"elementor-column elementor-col-100 elementor-top-column elementor-element elementor-element-27687c0\" data-id=\"27687c0\" data-element_type=\"column\">\n\t\t\t<div class=\"elementor-widget-wrap elementor-element-populated\">\n\t\t\t\t\t\t<div class=\"elementor-element elementor-element-0bbc0c7 elementor-widget elementor-widget-spacer\" data-id=\"0bbc0c7\" data-element_type=\"widget\" data-widget_type=\"spacer.default\">\n\t\t\t\t<div class=\"elementor-widget-container\">\n\t\t\t\t\t\t\t<div class=\"elementor-spacer\">\n\t\t\t<div class=\"elementor-spacer-inner\"><\/div>\n\t\t<\/div>\n\t\t\t\t\t\t<\/div>\n\t\t\t\t<\/div>\n\t\t\t\t\t<\/div>\n\t\t<\/div>\n\t\t\t\t\t<\/div>\n\t\t<\/section>\n\t\t\t\t<section class=\"elementor-section elementor-top-section elementor-element elementor-element-aca32b0 elementor-section-boxed elementor-section-height-default elementor-section-height-default\" data-id=\"aca32b0\" data-element_type=\"section\">\n\t\t\t\t\t\t<div class=\"elementor-container elementor-column-gap-default\">\n\t\t\t\t\t<div class=\"elementor-column elementor-col-100 elementor-top-column elementor-element elementor-element-9d41522\" data-id=\"9d41522\" data-element_type=\"column\">\n\t\t\t<div class=\"elementor-widget-wrap elementor-element-populated\">\n\t\t\t\t\t\t<div class=\"elementor-element elementor-element-a939873 elementor-widget elementor-widget-heading\" data-id=\"a939873\" data-element_type=\"widget\" data-widget_type=\"heading.default\">\n\t\t\t\t<div class=\"elementor-widget-container\">\n\t\t\t\t\t<h2 class=\"elementor-heading-title elementor-size-default\">Doktora Yeterlik Komiteleri (11.08.2025 - 11.08.2027)<\/h2>\t\t\t\t<\/div>\n\t\t\t\t<\/div>\n\t\t\t\t<div class=\"elementor-element elementor-element-3e40781 elementor-widget-divider--view-line elementor-widget elementor-widget-divider\" data-id=\"3e40781\" data-element_type=\"widget\" data-widget_type=\"divider.default\">\n\t\t\t\t<div class=\"elementor-widget-container\">\n\t\t\t\t\t\t\t<div class=\"elementor-divider\">\n\t\t\t<span class=\"elementor-divider-separator\">\n\t\t\t\t\t\t<\/span>\n\t\t<\/div>\n\t\t\t\t\t\t<\/div>\n\t\t\t\t<\/div>\n\t\t\t\t\t<\/div>\n\t\t<\/div>\n\t\t\t\t\t<\/div>\n\t\t<\/section>\n\t\t\t\t<section class=\"elementor-section elementor-top-section elementor-element elementor-element-153bb05 elementor-section-boxed elementor-section-height-default elementor-section-height-default\" data-id=\"153bb05\" data-element_type=\"section\">\n\t\t\t\t\t\t<div class=\"elementor-container elementor-column-gap-default\">\n\t\t\t\t\t<div class=\"elementor-column elementor-col-100 elementor-top-column elementor-element elementor-element-bfc087f\" data-id=\"bfc087f\" data-element_type=\"column\">\n\t\t\t<div class=\"elementor-widget-wrap elementor-element-populated\">\n\t\t\t\t\t\t<div class=\"elementor-element elementor-element-300899a elementor-widget elementor-widget-accordion\" data-id=\"300899a\" data-element_type=\"widget\" data-widget_type=\"accordion.default\">\n\t\t\t\t<div class=\"elementor-widget-container\">\n\t\t\t\t\t\t\t<div class=\"elementor-accordion\">\n\t\t\t\t\t\t\t<div class=\"elementor-accordion-item\">\n\t\t\t\t\t<div id=\"elementor-tab-title-5031\" class=\"elementor-tab-title\" data-tab=\"1\" role=\"button\" aria-controls=\"elementor-tab-content-5031\" aria-expanded=\"false\">\n\t\t\t\t\t\t\t\t\t\t\t\t\t<span class=\"elementor-accordion-icon elementor-accordion-icon-left\" aria-hidden=\"true\">\n\t\t\t\t\t\t\t\t\t\t\t\t\t\t\t<span class=\"elementor-accordion-icon-closed\"><i class=\"fas fa-plus\"><\/i><\/span>\n\t\t\t\t\t\t\t\t<span class=\"elementor-accordion-icon-opened\"><i class=\"fas fa-minus\"><\/i><\/span>\n\t\t\t\t\t\t\t\t\t\t\t\t\t\t<\/span>\n\t\t\t\t\t\t\t\t\t\t\t\t<a class=\"elementor-accordion-title\" tabindex=\"0\">Beden E\u011fitimi ve Spor Ana Bilim Dal\u0131<\/a>\n\t\t\t\t\t<\/div>\n\t\t\t\t\t<div id=\"elementor-tab-content-5031\" class=\"elementor-tab-content elementor-clearfix\" data-tab=\"1\" role=\"region\" aria-labelledby=\"elementor-tab-title-5031\"><p>Prof. Dr. Erdin\u00e7 \u015eIKTAR<\/p><p>Prof. Dr. \u0130lhan \u015eEN<\/p><p>Do\u00e7. Dr. Fatih BED\u0130R<\/p><p>Do\u00e7. Dr. Elif AKKU\u015e<\/p><p>Do\u00e7. Dr. Levent \u00d6NAL<\/p><\/div>\n\t\t\t\t<\/div>\n\t\t\t\t\t\t\t<div class=\"elementor-accordion-item\">\n\t\t\t\t\t<div id=\"elementor-tab-title-5032\" class=\"elementor-tab-title\" data-tab=\"2\" role=\"button\" aria-controls=\"elementor-tab-content-5032\" aria-expanded=\"false\">\n\t\t\t\t\t\t\t\t\t\t\t\t\t<span class=\"elementor-accordion-icon elementor-accordion-icon-left\" aria-hidden=\"true\">\n\t\t\t\t\t\t\t\t\t\t\t\t\t\t\t<span class=\"elementor-accordion-icon-closed\"><i class=\"fas fa-plus\"><\/i><\/span>\n\t\t\t\t\t\t\t\t<span class=\"elementor-accordion-icon-opened\"><i class=\"fas fa-minus\"><\/i><\/span>\n\t\t\t\t\t\t\t\t\t\t\t\t\t\t<\/span>\n\t\t\t\t\t\t\t\t\t\t\t\t<a class=\"elementor-accordion-title\" tabindex=\"0\">Spor Sa\u011fl\u0131k Ana Bilim Dal\u0131<\/a>\n\t\t\t\t\t<\/div>\n\t\t\t\t\t<div id=\"elementor-tab-content-5032\" class=\"elementor-tab-content elementor-clearfix\" data-tab=\"2\" role=\"region\" aria-labelledby=\"elementor-tab-title-5032\"><p>Prof. Dr. Fatih KIYICI<\/p><p>Prof. Dr. Murat KALDIRIMCI<\/p><p>Do\u00e7. Dr. Hasan H\u00fcseyin YILMAZ<\/p><p>Do\u00e7. Dr. Fatmanur ER<\/p><p>Do\u00e7. Dr. Halil \u0130brahim CEYLAN<\/p><\/div>\n\t\t\t\t<\/div>\n\t\t\t\t\t\t\t<div class=\"elementor-accordion-item\">\n\t\t\t\t\t<div id=\"elementor-tab-title-5033\" class=\"elementor-tab-title\" data-tab=\"3\" role=\"button\" aria-controls=\"elementor-tab-content-5033\" aria-expanded=\"false\">\n\t\t\t\t\t\t\t\t\t\t\t\t\t<span class=\"elementor-accordion-icon elementor-accordion-icon-left\" aria-hidden=\"true\">\n\t\t\t\t\t\t\t\t\t\t\t\t\t\t\t<span class=\"elementor-accordion-icon-closed\"><i class=\"fas fa-plus\"><\/i><\/span>\n\t\t\t\t\t\t\t\t<span class=\"elementor-accordion-icon-opened\"><i class=\"fas fa-minus\"><\/i><\/span>\n\t\t\t\t\t\t\t\t\t\t\t\t\t\t<\/span>\n\t\t\t\t\t\t\t\t\t\t\t\t<a class=\"elementor-accordion-title\" tabindex=\"0\">Spor Y\u00f6netimi Ana Bilim Dal\u0131<\/a>\n\t\t\t\t\t<\/div>\n\t\t\t\t\t<div id=\"elementor-tab-content-5033\" class=\"elementor-tab-content elementor-clearfix\" data-tab=\"3\" role=\"region\" aria-labelledby=\"elementor-tab-title-5033\"><p>Prof. Dr. Emre BELL\u0130\u00a0<br \/>Do\u00e7. Dr. G\u00fcl Eda BURMAO\u011eLU<br \/>Do\u00e7. Dr. Muharrem Alparslan KURUD\u0130REK\u00a0<br \/>Do\u00e7. Dr. Yunus Sinan B\u0130R\u0130C\u0130K<br \/>Do\u00e7. Dr. Yunus \u00d6ZTA\u015eYONAR<\/p><\/div>\n\t\t\t\t<\/div>\n\t\t\t\t\t\t\t\t<\/div>\n\t\t\t\t\t\t<\/div>\n\t\t\t\t<\/div>\n\t\t\t\t\t<\/div>\n\t\t<\/div>\n\t\t\t\t\t<\/div>\n\t\t<\/section>\n\t\t\t\t<section class=\"elementor-section elementor-top-section elementor-element elementor-element-65bf487 elementor-section-boxed elementor-section-height-default elementor-section-height-default\" data-id=\"65bf487\" data-element_type=\"section\">\n\t\t\t\t\t\t<div class=\"elementor-container elementor-column-gap-default\">\n\t\t\t\t\t<div class=\"elementor-column elementor-col-100 elementor-top-column elementor-element elementor-element-38962ca\" data-id=\"38962ca\" data-element_type=\"column\">\n\t\t\t<div class=\"elementor-widget-wrap elementor-element-populated\">\n\t\t\t\t\t\t<div class=\"elementor-element elementor-element-20bcc54 elementor-widget elementor-widget-spacer\" data-id=\"20bcc54\" data-element_type=\"widget\" data-widget_type=\"spacer.default\">\n\t\t\t\t<div class=\"elementor-widget-container\">\n\t\t\t\t\t\t\t<div class=\"elementor-spacer\">\n\t\t\t<div class=\"elementor-spacer-inner\"><\/div>\n\t\t<\/div>\n\t\t\t\t\t\t<\/div>\n\t\t\t\t<\/div>\n\t\t\t\t\t<\/div>\n\t\t<\/div>\n\t\t\t\t\t<\/div>\n\t\t<\/section>\n\t\t\t\t<\/div>\n\t\t","protected":false},"excerpt":{"rendered":"<p>Doktora Yeterlik Komiteleri (11.08.2025 &#8211; 11.08.2027) Beden E\u011fitimi ve Spor Ana Bilim Dal\u0131 Prof. Dr. Erdin\u00e7 \u015eIKTAR Prof. Dr. \u0130lhan \u015eEN Do\u00e7. Dr. Fatih BED\u0130R Do\u00e7. Dr. Elif AKKU\u015e Do\u00e7. Dr. Levent \u00d6NAL Spor Sa\u011fl\u0131k Ana Bilim Dal\u0131 Prof. Dr. Fatih KIYICI Prof. Dr. Murat KALDIRIMCI Do\u00e7. Dr. Hasan H\u00fcseyin YILMAZ Do\u00e7. Dr. Fatmanur ER [&hellip;]<\/p>\n","protected":false},"author":632,"featured_media":0,"parent":0,"menu_order":0,"comment_status":"closed","ping_status":"closed","template":"elementor_header_footer","meta":{"footnotes":""},"class_list":["post-6731","page","type-page","status-publish","hentry"],"_links":{"self":[{"href":"https:\/\/atauni.edu.tr\/kis-sporlari-enstitusu\/wp-json\/wp\/v2\/pages\/6731","targetHints":{"allow":["GET"]}}],"collection":[{"href":"https:\/\/atauni.edu.tr\/kis-sporlari-enstitusu\/wp-json\/wp\/v2\/pages"}],"about":[{"href":"https:\/\/atauni.edu.tr\/kis-sporlari-enstitusu\/wp-json\/wp\/v2\/types\/page"}],"author":[{"embeddable":true,"href":"https:\/\/atauni.edu.tr\/kis-sporlari-enstitusu\/wp-json\/wp\/v2\/users\/632"}],"replies":[{"embeddable":true,"href":"https:\/\/atauni.edu.tr\/kis-sporlari-enstitusu\/wp-json\/wp\/v2\/comments?post=6731"}],"version-history":[{"count":37,"href":"https:\/\/atauni.edu.tr\/kis-sporlari-enstitusu\/wp-json\/wp\/v2\/pages\/6731\/revisions"}],"predecessor-version":[{"id":9721,"href":"https:\/\/atauni.edu.tr\/kis-sporlari-enstitusu\/wp-json\/wp\/v2\/pages\/6731\/revisions\/9721"}],"wp:attachment":[{"href":"https:\/\/atauni.edu.tr\/kis-sporlari-enstitusu\/wp-json\/wp\/v2\/media?parent=6731"}],"curies":[{"name":"wp","href":"https:\/\/api.w.org\/{rel}","templated":true}]}}