{"id":6746,"date":"2024-12-17T15:47:04","date_gmt":"2024-12-17T12:47:04","guid":{"rendered":"https:\/\/birimler.atauni.edu.tr\/kis-sporlari-enstitusu\/?page_id=6746"},"modified":"2025-03-24T12:36:52","modified_gmt":"2025-03-24T09:36:52","slug":"strateji-komisyonu","status":"publish","type":"page","link":"https:\/\/atauni.edu.tr\/kis-sporlari-enstitusu\/strateji-komisyonu\/","title":{"rendered":"Strateji Komisyonu"},"content":{"rendered":"\t\t<div data-elementor-type=\"wp-page\" data-elementor-id=\"6746\" class=\"elementor elementor-6746\" data-elementor-post-type=\"page\">\n\t\t\t\t\t\t<section class=\"elementor-section elementor-top-section elementor-element elementor-element-e7fadb9 elementor-section-boxed elementor-section-height-default elementor-section-height-default\" data-id=\"e7fadb9\" data-element_type=\"section\">\n\t\t\t\t\t\t<div class=\"elementor-container elementor-column-gap-default\">\n\t\t\t\t\t<div class=\"elementor-column elementor-col-100 elementor-top-column elementor-element elementor-element-acae5ee\" data-id=\"acae5ee\" data-element_type=\"column\">\n\t\t\t<div class=\"elementor-widget-wrap elementor-element-populated\">\n\t\t\t\t\t\t<div class=\"elementor-element elementor-element-fefff96 elementor-widget elementor-widget-spacer\" data-id=\"fefff96\" data-element_type=\"widget\" data-widget_type=\"spacer.default\">\n\t\t\t\t<div class=\"elementor-widget-container\">\n\t\t\t\t\t\t\t<div class=\"elementor-spacer\">\n\t\t\t<div class=\"elementor-spacer-inner\"><\/div>\n\t\t<\/div>\n\t\t\t\t\t\t<\/div>\n\t\t\t\t<\/div>\n\t\t\t\t\t<\/div>\n\t\t<\/div>\n\t\t\t\t\t<\/div>\n\t\t<\/section>\n\t\t\t\t<section class=\"elementor-section elementor-top-section elementor-element elementor-element-ad0523b elementor-section-boxed elementor-section-height-default elementor-section-height-default\" data-id=\"ad0523b\" data-element_type=\"section\">\n\t\t\t\t\t\t<div class=\"elementor-container elementor-column-gap-default\">\n\t\t\t\t\t<div class=\"elementor-column elementor-col-100 elementor-top-column elementor-element elementor-element-beaad19\" data-id=\"beaad19\" data-element_type=\"column\">\n\t\t\t<div class=\"elementor-widget-wrap elementor-element-populated\">\n\t\t\t\t\t\t<div class=\"elementor-element elementor-element-482658b elementor-widget elementor-widget-heading\" data-id=\"482658b\" data-element_type=\"widget\" data-widget_type=\"heading.default\">\n\t\t\t\t<div class=\"elementor-widget-container\">\n\t\t\t\t\t<h2 class=\"elementor-heading-title elementor-size-default\">Strateji Komisyonu<\/h2>\t\t\t\t<\/div>\n\t\t\t\t<\/div>\n\t\t\t\t<div class=\"elementor-element elementor-element-179f6fc elementor-widget-divider--view-line elementor-widget elementor-widget-divider\" data-id=\"179f6fc\" data-element_type=\"widget\" data-widget_type=\"divider.default\">\n\t\t\t\t<div class=\"elementor-widget-container\">\n\t\t\t\t\t\t\t<div class=\"elementor-divider\">\n\t\t\t<span class=\"elementor-divider-separator\">\n\t\t\t\t\t\t<\/span>\n\t\t<\/div>\n\t\t\t\t\t\t<\/div>\n\t\t\t\t<\/div>\n\t\t\t\t\t<\/div>\n\t\t<\/div>\n\t\t\t\t\t<\/div>\n\t\t<\/section>\n\t\t\t\t<section class=\"elementor-section elementor-top-section elementor-element elementor-element-1a4abda elementor-section-boxed elementor-section-height-default elementor-section-height-default\" data-id=\"1a4abda\" data-element_type=\"section\">\n\t\t\t\t\t\t<div class=\"elementor-container elementor-column-gap-default\">\n\t\t\t\t\t<div class=\"elementor-column elementor-col-100 elementor-top-column elementor-element elementor-element-6b85ec3\" data-id=\"6b85ec3\" data-element_type=\"column\">\n\t\t\t<div class=\"elementor-widget-wrap elementor-element-populated\">\n\t\t\t\t\t\t<div class=\"elementor-element elementor-element-dd0304b elementor-widget elementor-widget-text-editor\" data-id=\"dd0304b\" data-element_type=\"widget\" data-widget_type=\"text-editor.default\">\n\t\t\t\t<div class=\"elementor-widget-container\">\n\t\t\t\t\t\t\t\t\t<p><span style=\"font-weight: bolder\">Prof. Dr. Emre BELL\u0130<\/span>\u00a0\u2013 Ba\u015fkan<\/p><p><span style=\"font-weight: bolder\">Do\u00e7. Dr. \u0130zzet U\u00c7AN<\/span>\u00a0\u2013 Ba\u015fkan Yrd.<\/p><p><span style=\"font-weight: bolder\">Prof. Dr. \u0130lhan \u015eEN<\/span> \u2013 \u00dcye<\/p><p><b>Prof. Dr. Murat KALDIRIMCI <\/b>\u2013 \u00dcye<\/p><p><span style=\"font-weight: bolder\">Prof. Dr. Kenan \u015eEB\u0130N<\/span>\u00a0\u2013 \u00dcye<\/p><p><span style=\"font-weight: bolder\">Do\u00e7. Dr. Murat OZAN<\/span>\u00a0\u2013 \u00dcye<\/p><p><span style=\"font-weight: bolder\">Ar\u015f. G\u00f6r. \u015eeyda POLAT<\/span>\u2013 \u00dcye \u2013 \u00d6\u011frenci Temsilcisi<\/p>\t\t\t\t\t\t\t\t<\/div>\n\t\t\t\t<\/div>\n\t\t\t\t\t<\/div>\n\t\t<\/div>\n\t\t\t\t\t<\/div>\n\t\t<\/section>\n\t\t\t\t<section class=\"elementor-section elementor-top-section elementor-element elementor-element-8b7a464 elementor-section-boxed elementor-section-height-default elementor-section-height-default\" data-id=\"8b7a464\" data-element_type=\"section\">\n\t\t\t\t\t\t<div class=\"elementor-container elementor-column-gap-default\">\n\t\t\t\t\t<div class=\"elementor-column elementor-col-100 elementor-top-column elementor-element elementor-element-399e2d6\" data-id=\"399e2d6\" data-element_type=\"column\">\n\t\t\t<div class=\"elementor-widget-wrap elementor-element-populated\">\n\t\t\t\t\t\t<div class=\"elementor-element elementor-element-3d4cbfa elementor-widget elementor-widget-spacer\" data-id=\"3d4cbfa\" data-element_type=\"widget\" data-widget_type=\"spacer.default\">\n\t\t\t\t<div class=\"elementor-widget-container\">\n\t\t\t\t\t\t\t<div class=\"elementor-spacer\">\n\t\t\t<div class=\"elementor-spacer-inner\"><\/div>\n\t\t<\/div>\n\t\t\t\t\t\t<\/div>\n\t\t\t\t<\/div>\n\t\t\t\t\t<\/div>\n\t\t<\/div>\n\t\t\t\t\t<\/div>\n\t\t<\/section>\n\t\t\t\t<\/div>\n\t\t","protected":false},"excerpt":{"rendered":"<p>Strateji Komisyonu Prof. Dr. Emre BELL\u0130\u00a0\u2013 Ba\u015fkan Do\u00e7. Dr. \u0130zzet U\u00c7AN\u00a0\u2013 Ba\u015fkan Yrd. Prof. Dr. \u0130lhan \u015eEN \u2013 \u00dcye Prof. Dr. Murat KALDIRIMCI \u2013 \u00dcye Prof. Dr. Kenan \u015eEB\u0130N\u00a0\u2013 \u00dcye Do\u00e7. Dr. Murat OZAN\u00a0\u2013 \u00dcye Ar\u015f. G\u00f6r. \u015eeyda POLAT\u2013 \u00dcye \u2013 \u00d6\u011frenci Temsilcisi<\/p>\n","protected":false},"author":632,"featured_media":0,"parent":0,"menu_order":0,"comment_status":"closed","ping_status":"closed","template":"elementor_header_footer","meta":{"footnotes":""},"class_list":["post-6746","page","type-page","status-publish","hentry"],"_links":{"self":[{"href":"https:\/\/atauni.edu.tr\/kis-sporlari-enstitusu\/wp-json\/wp\/v2\/pages\/6746","targetHints":{"allow":["GET"]}}],"collection":[{"href":"https:\/\/atauni.edu.tr\/kis-sporlari-enstitusu\/wp-json\/wp\/v2\/pages"}],"about":[{"href":"https:\/\/atauni.edu.tr\/kis-sporlari-enstitusu\/wp-json\/wp\/v2\/types\/page"}],"author":[{"embeddable":true,"href":"https:\/\/atauni.edu.tr\/kis-sporlari-enstitusu\/wp-json\/wp\/v2\/users\/632"}],"replies":[{"embeddable":true,"href":"https:\/\/atauni.edu.tr\/kis-sporlari-enstitusu\/wp-json\/wp\/v2\/comments?post=6746"}],"version-history":[{"count":22,"href":"https:\/\/atauni.edu.tr\/kis-sporlari-enstitusu\/wp-json\/wp\/v2\/pages\/6746\/revisions"}],"predecessor-version":[{"id":8458,"href":"https:\/\/atauni.edu.tr\/kis-sporlari-enstitusu\/wp-json\/wp\/v2\/pages\/6746\/revisions\/8458"}],"wp:attachment":[{"href":"https:\/\/atauni.edu.tr\/kis-sporlari-enstitusu\/wp-json\/wp\/v2\/media?parent=6746"}],"curies":[{"name":"wp","href":"https:\/\/api.w.org\/{rel}","templated":true}]}}