{"id":8728,"date":"2025-04-14T11:24:21","date_gmt":"2025-04-14T08:24:21","guid":{"rendered":"https:\/\/birimler.atauni.edu.tr\/kis-sporlari-enstitusu\/?page_id=8728"},"modified":"2026-03-24T13:11:12","modified_gmt":"2026-03-24T10:11:12","slug":"genclik-ve-spor-bakanligi-ve-bagli-kurumlardan-talep-edilecek-izinlere-iliskin","status":"publish","type":"page","link":"https:\/\/atauni.edu.tr\/kis-sporlari-enstitusu\/genclik-ve-spor-bakanligi-ve-bagli-kurumlardan-talep-edilecek-izinlere-iliskin\/","title":{"rendered":"Veri Toplama \u0130zin Taleplerine \u0130li\u015fkin"},"content":{"rendered":"\t\t<div data-elementor-type=\"wp-page\" data-elementor-id=\"8728\" class=\"elementor elementor-8728\" data-elementor-post-type=\"page\">\n\t\t\t\t\t\t<section class=\"elementor-section elementor-top-section elementor-element elementor-element-b75dca0 elementor-section-boxed elementor-section-height-default elementor-section-height-default\" data-id=\"b75dca0\" data-element_type=\"section\">\n\t\t\t\t\t\t<div class=\"elementor-container elementor-column-gap-default\">\n\t\t\t\t\t<div class=\"elementor-column elementor-col-100 elementor-top-column elementor-element elementor-element-5883c66\" data-id=\"5883c66\" data-element_type=\"column\">\n\t\t\t<div class=\"elementor-widget-wrap elementor-element-populated\">\n\t\t\t\t\t\t<div class=\"elementor-element elementor-element-30e53a9 elementor-widget elementor-widget-text-editor\" data-id=\"30e53a9\" data-element_type=\"widget\" data-widget_type=\"text-editor.default\">\n\t\t\t\t<div class=\"elementor-widget-container\">\n\t\t\t\t\t\t\t\t\t<p>Bir tez \u00e7al\u0131\u015fmas\u0131n\u0131n uygulamas\u0131 bir kurumdaki personellere, \u00f6\u011frencilere vb. ki\u015filere yap\u0131lacaksa veya antrenman laboratuvar vb. saha kullan\u0131lacaksa o kurumdan kesinlikle izin al\u0131nmas\u0131 gerekmektedir. Genellikle izin taleplerine eklenecek belgeler tez \u00f6nerisi, etik kurul karar\u0131, anket-\u00f6l\u00e7ek-uygulama program\u0131 ve g\u00f6n\u00fcll\u00fc onam formu (\u00e7al\u0131\u015fmaya kat\u0131lacak ki\u015finin re\u015fit olmamas\u0131 durumunda veli onam formu)&#8217;dur.&nbsp; \u0130zin talebine ili\u015fkin t\u00fcm belgeler tek bir PDF dosyas\u0131 halinde haz\u0131rlanmal\u0131 dan\u0131\u015fman taraf\u0131ndan ilgili \u00f6\u011frencinin e\u011fitim g\u00f6rd\u00fc\u011f\u00fc ana bilim dal\u0131 ba\u015fkanl\u0131\u011f\u0131na oradan da enstit\u00fcm\u00fcze g\u00f6nderilmelidir. Dan\u0131\u015fman taraf\u0131ndan ana bilim dal\u0131 ba\u015fkanl\u0131\u011f\u0131na yaz\u0131lacak yaz\u0131n\u0131n \u00f6rne\u011fi a\u015fa\u011f\u0131da sunulmu\u015ftur.<\/p>\t\t\t\t\t\t\t\t<\/div>\n\t\t\t\t<\/div>\n\t\t\t\t\t<\/div>\n\t\t<\/div>\n\t\t\t\t\t<\/div>\n\t\t<\/section>\n\t\t\t\t<section class=\"elementor-section elementor-top-section elementor-element elementor-element-8c022d2 elementor-section-boxed elementor-section-height-default elementor-section-height-default\" data-id=\"8c022d2\" data-element_type=\"section\">\n\t\t\t\t\t\t<div class=\"elementor-container elementor-column-gap-default\">\n\t\t\t\t\t<div class=\"elementor-column elementor-col-100 elementor-top-column elementor-element elementor-element-b5c53d1\" data-id=\"b5c53d1\" data-element_type=\"column\">\n\t\t\t<div class=\"elementor-widget-wrap elementor-element-populated\">\n\t\t\t\t\t\t<div class=\"elementor-element elementor-element-60014a5 elementor-widget elementor-widget-button\" data-id=\"60014a5\" data-element_type=\"widget\" data-widget_type=\"button.default\">\n\t\t\t\t<div class=\"elementor-widget-container\">\n\t\t\t\t\t\t\t\t\t<div class=\"elementor-button-wrapper\">\n\t\t\t\t\t<a class=\"elementor-button elementor-button-link elementor-size-sm\" href=\"https:\/\/birimler.atauni.edu.tr\/kis-sporlari-enstitusu\/wp-content\/uploads\/sites\/794\/2025\/08\/Izin-Talebi-Hakkinda-Ornek-Yazi.docx\">\n\t\t\t\t\t\t<span class=\"elementor-button-content-wrapper\">\n\t\t\t\t\t\t<span class=\"elementor-button-icon\">\n\t\t\t\t<i aria-hidden=\"true\" class=\"fas fa-link\"><\/i>\t\t\t<\/span>\n\t\t\t\t\t\t\t\t\t<span class=\"elementor-button-text\">\u0130zin Talebine \u0130li\u015fkin Dan\u0131\u015fman\u0131n UBYS \u00dczerinden Haz\u0131rlayaca\u011f\u0131 Yaz\u0131 \u00d6rne\u011fi<\/span>\n\t\t\t\t\t<\/span>\n\t\t\t\t\t<\/a>\n\t\t\t\t<\/div>\n\t\t\t\t\t\t\t\t<\/div>\n\t\t\t\t<\/div>\n\t\t\t\t\t<\/div>\n\t\t<\/div>\n\t\t\t\t\t<\/div>\n\t\t<\/section>\n\t\t\t\t<section class=\"elementor-section elementor-top-section elementor-element elementor-element-564981e elementor-section-boxed elementor-section-height-default elementor-section-height-default\" data-id=\"564981e\" data-element_type=\"section\">\n\t\t\t\t\t\t<div class=\"elementor-container elementor-column-gap-default\">\n\t\t\t\t\t<div class=\"elementor-column elementor-col-100 elementor-top-column elementor-element elementor-element-43f9fc5\" data-id=\"43f9fc5\" data-element_type=\"column\">\n\t\t\t<div class=\"elementor-widget-wrap elementor-element-populated\">\n\t\t\t\t\t\t<div class=\"elementor-element elementor-element-e62b3ea elementor-widget elementor-widget-heading\" data-id=\"e62b3ea\" data-element_type=\"widget\" data-widget_type=\"heading.default\">\n\t\t\t\t<div class=\"elementor-widget-container\">\n\t\t\t\t\t<h2 class=\"elementor-heading-title elementor-size-default\">MEB \u0130zinlerine \u0130li\u015fkin<\/h2>\t\t\t\t<\/div>\n\t\t\t\t<\/div>\n\t\t\t\t\t<\/div>\n\t\t<\/div>\n\t\t\t\t\t<\/div>\n\t\t<\/section>\n\t\t\t\t<section class=\"elementor-section elementor-top-section elementor-element elementor-element-3244e60 elementor-section-boxed elementor-section-height-default elementor-section-height-default\" data-id=\"3244e60\" data-element_type=\"section\">\n\t\t\t\t\t\t<div class=\"elementor-container elementor-column-gap-default\">\n\t\t\t\t\t<div class=\"elementor-column elementor-col-100 elementor-top-column elementor-element elementor-element-0485e64\" data-id=\"0485e64\" data-element_type=\"column\">\n\t\t\t<div class=\"elementor-widget-wrap elementor-element-populated\">\n\t\t\t\t\t\t<div class=\"elementor-element elementor-element-83ba076 elementor-widget elementor-widget-text-editor\" data-id=\"83ba076\" data-element_type=\"widget\" data-widget_type=\"text-editor.default\">\n\t\t\t\t<div class=\"elementor-widget-container\">\n\t\t\t\t\t\t\t\t\t<p>Ba\u015fvurular <a href=\"https:\/\/arastirmaizinleri.meb.gov.tr\/\">https:\/\/arastirmaizinleri.meb.gov.tr<\/a> adresinden yap\u0131lacak olup enstit\u00fc \u00fczerinden herhangi bir izin talebinde bulunulmayacakt\u0131r.<\/p>\t\t\t\t\t\t\t\t<\/div>\n\t\t\t\t<\/div>\n\t\t\t\t\t<\/div>\n\t\t<\/div>\n\t\t\t\t\t<\/div>\n\t\t<\/section>\n\t\t\t\t<section class=\"elementor-section elementor-top-section elementor-element elementor-element-648081f elementor-section-boxed elementor-section-height-default elementor-section-height-default\" data-id=\"648081f\" data-element_type=\"section\">\n\t\t\t\t\t\t<div class=\"elementor-container elementor-column-gap-default\">\n\t\t\t\t\t<div class=\"elementor-column elementor-col-100 elementor-top-column elementor-element elementor-element-e1a2807\" data-id=\"e1a2807\" data-element_type=\"column\">\n\t\t\t<div class=\"elementor-widget-wrap elementor-element-populated\">\n\t\t\t\t\t\t<div class=\"elementor-element elementor-element-b2ba992 elementor-widget elementor-widget-button\" data-id=\"b2ba992\" data-element_type=\"widget\" data-widget_type=\"button.default\">\n\t\t\t\t<div class=\"elementor-widget-container\">\n\t\t\t\t\t\t\t\t\t<div class=\"elementor-button-wrapper\">\n\t\t\t\t\t<a class=\"elementor-button elementor-button-link elementor-size-sm\" href=\"https:\/\/birimler.atauni.edu.tr\/kis-sporlari-enstitusu\/wp-content\/uploads\/sites\/794\/2025\/04\/arastirma_uygulama_izinleri_genelgesi.pdf\">\n\t\t\t\t\t\t<span class=\"elementor-button-content-wrapper\">\n\t\t\t\t\t\t\t\t\t<span class=\"elementor-button-text\">MEB Ara\u015ft\u0131rma Uygulama \u0130znine \u0130li\u015fkin Y\u00f6nerge<\/span>\n\t\t\t\t\t<\/span>\n\t\t\t\t\t<\/a>\n\t\t\t\t<\/div>\n\t\t\t\t\t\t\t\t<\/div>\n\t\t\t\t<\/div>\n\t\t\t\t\t<\/div>\n\t\t<\/div>\n\t\t\t\t\t<\/div>\n\t\t<\/section>\n\t\t\t\t<section class=\"elementor-section elementor-top-section elementor-element elementor-element-2a2ebfc elementor-section-boxed elementor-section-height-default elementor-section-height-default\" data-id=\"2a2ebfc\" data-element_type=\"section\">\n\t\t\t\t\t\t<div class=\"elementor-container elementor-column-gap-default\">\n\t\t\t\t\t<div class=\"elementor-column elementor-col-100 elementor-top-column elementor-element elementor-element-185c503\" data-id=\"185c503\" data-element_type=\"column\">\n\t\t\t<div class=\"elementor-widget-wrap elementor-element-populated\">\n\t\t\t\t\t\t<div class=\"elementor-element elementor-element-6f5e11e elementor-widget elementor-widget-heading\" data-id=\"6f5e11e\" data-element_type=\"widget\" data-widget_type=\"heading.default\">\n\t\t\t\t<div class=\"elementor-widget-container\">\n\t\t\t\t\t<h2 class=\"elementor-heading-title elementor-size-default\">Gen\u00e7lik ve Spor Bakanl\u0131\u011f\u0131 ve Ba\u011fl\u0131 Kurumlardan \u0130zin Talepleri<\/h2>\t\t\t\t<\/div>\n\t\t\t\t<\/div>\n\t\t\t\t\t<\/div>\n\t\t<\/div>\n\t\t\t\t\t<\/div>\n\t\t<\/section>\n\t\t\t\t<section class=\"elementor-section elementor-top-section elementor-element elementor-element-e1ad2a4 elementor-section-boxed elementor-section-height-default elementor-section-height-default\" data-id=\"e1ad2a4\" data-element_type=\"section\">\n\t\t\t\t\t\t<div class=\"elementor-container elementor-column-gap-default\">\n\t\t\t\t\t<div class=\"elementor-column elementor-col-100 elementor-top-column elementor-element elementor-element-3ec1bb2\" data-id=\"3ec1bb2\" data-element_type=\"column\">\n\t\t\t<div class=\"elementor-widget-wrap elementor-element-populated\">\n\t\t\t\t\t\t<div class=\"elementor-element elementor-element-10e35a7 elementor-widget elementor-widget-text-editor\" data-id=\"10e35a7\" data-element_type=\"widget\" data-widget_type=\"text-editor.default\">\n\t\t\t\t<div class=\"elementor-widget-container\">\n\t\t\t\t\t\t\t\t\t<p>Gen\u00e7lik ve Spor Bakanl\u0131\u011f\u0131na ba\u011fl\u0131 t\u00fcm kurumlardan talep edilecek izinlerde; tez \u00f6nerisi, etik kurul karar\u0131, anket-\u00f6l\u00e7ek-uygulama program\u0131 ve g\u00f6n\u00fcll\u00fc onam formu (\u00e7al\u0131\u015fmaya kat\u0131lacak ki\u015finin re\u015fit olmamas\u0131 durumunda veli onam formu) haz\u0131rlanarak Gen\u00e7lik ve Spor Bakanl\u0131\u011f\u0131na g\u00f6nderilmek \u00fczere ana bilim dal\u0131 ba\u015fkanl\u0131\u011f\u0131ndan enstit\u00fcm\u00fcze g\u00f6nderilmesi gerekmektedir. T\u00fcm belgeler tek bir PDF dosyas\u0131 \u015feklinde olmal\u0131d\u0131r. Tez ba\u015fl\u0131\u011f\u0131nda Gen\u00e7lik ve Spor Bakanl\u0131\u011f\u0131 ve b\u00fcnyesindeki kurumlar\u0131n ad\u0131 ge\u00e7memelidir.<\/p>\t\t\t\t\t\t\t\t<\/div>\n\t\t\t\t<\/div>\n\t\t\t\t\t<\/div>\n\t\t<\/div>\n\t\t\t\t\t<\/div>\n\t\t<\/section>\n\t\t\t\t<section class=\"elementor-section elementor-top-section elementor-element elementor-element-b3804c4 elementor-section-boxed elementor-section-height-default elementor-section-height-default\" data-id=\"b3804c4\" data-element_type=\"section\">\n\t\t\t\t\t\t<div class=\"elementor-container elementor-column-gap-default\">\n\t\t\t\t\t<div class=\"elementor-column elementor-col-100 elementor-top-column elementor-element elementor-element-1399dba\" data-id=\"1399dba\" data-element_type=\"column\">\n\t\t\t<div class=\"elementor-widget-wrap elementor-element-populated\">\n\t\t\t\t\t\t<div class=\"elementor-element elementor-element-4dc945a elementor-widget elementor-widget-button\" data-id=\"4dc945a\" data-element_type=\"widget\" data-widget_type=\"button.default\">\n\t\t\t\t<div class=\"elementor-widget-container\">\n\t\t\t\t\t\t\t\t\t<div class=\"elementor-button-wrapper\">\n\t\t\t\t\t<a class=\"elementor-button elementor-button-link elementor-size-sm\" href=\"https:\/\/birimler.atauni.edu.tr\/kis-sporlari-enstitusu\/wp-content\/uploads\/sites\/794\/2025\/04\/Genclik-ve-Spor-Bakanligi-Izin-Yonergesi.pdf\">\n\t\t\t\t\t\t<span class=\"elementor-button-content-wrapper\">\n\t\t\t\t\t\t\t\t\t<span class=\"elementor-button-text\">Gen\u00e7lik ve Spor Bakanl\u0131\u011f\u0131 ve Ba\u011fl\u0131 Kurulu\u015flar \u0130zin Y\u00f6nergesi<\/span>\n\t\t\t\t\t<\/span>\n\t\t\t\t\t<\/a>\n\t\t\t\t<\/div>\n\t\t\t\t\t\t\t\t<\/div>\n\t\t\t\t<\/div>\n\t\t\t\t\t<\/div>\n\t\t<\/div>\n\t\t\t\t\t<\/div>\n\t\t<\/section>\n\t\t\t\t<\/div>\n\t\t","protected":false},"excerpt":{"rendered":"<p>Bir tez \u00e7al\u0131\u015fmas\u0131n\u0131n uygulamas\u0131 bir kurumdaki personellere, \u00f6\u011frencilere vb. ki\u015filere yap\u0131lacaksa veya antrenman laboratuvar vb. saha kullan\u0131lacaksa o kurumdan kesinlikle izin al\u0131nmas\u0131 gerekmektedir. Genellikle izin taleplerine eklenecek belgeler tez \u00f6nerisi, etik kurul karar\u0131, anket-\u00f6l\u00e7ek-uygulama program\u0131 ve g\u00f6n\u00fcll\u00fc onam formu (\u00e7al\u0131\u015fmaya kat\u0131lacak ki\u015finin re\u015fit olmamas\u0131 durumunda veli onam formu)&#8217;dur.&nbsp; \u0130zin talebine ili\u015fkin t\u00fcm belgeler tek bir [&hellip;]<\/p>\n","protected":false},"author":648,"featured_media":0,"parent":0,"menu_order":0,"comment_status":"closed","ping_status":"closed","template":"","meta":{"footnotes":""},"class_list":["post-8728","page","type-page","status-publish","hentry"],"_links":{"self":[{"href":"https:\/\/atauni.edu.tr\/kis-sporlari-enstitusu\/wp-json\/wp\/v2\/pages\/8728","targetHints":{"allow":["GET"]}}],"collection":[{"href":"https:\/\/atauni.edu.tr\/kis-sporlari-enstitusu\/wp-json\/wp\/v2\/pages"}],"about":[{"href":"https:\/\/atauni.edu.tr\/kis-sporlari-enstitusu\/wp-json\/wp\/v2\/types\/page"}],"author":[{"embeddable":true,"href":"https:\/\/atauni.edu.tr\/kis-sporlari-enstitusu\/wp-json\/wp\/v2\/users\/648"}],"replies":[{"embeddable":true,"href":"https:\/\/atauni.edu.tr\/kis-sporlari-enstitusu\/wp-json\/wp\/v2\/comments?post=8728"}],"version-history":[{"count":24,"href":"https:\/\/atauni.edu.tr\/kis-sporlari-enstitusu\/wp-json\/wp\/v2\/pages\/8728\/revisions"}],"predecessor-version":[{"id":9786,"href":"https:\/\/atauni.edu.tr\/kis-sporlari-enstitusu\/wp-json\/wp\/v2\/pages\/8728\/revisions\/9786"}],"wp:attachment":[{"href":"https:\/\/atauni.edu.tr\/kis-sporlari-enstitusu\/wp-json\/wp\/v2\/media?parent=8728"}],"curies":[{"name":"wp","href":"https:\/\/api.w.org\/{rel}","templated":true}]}}