{"id":5638,"date":"2021-07-13T09:49:25","date_gmt":"2021-07-13T06:49:25","guid":{"rendered":"https:\/\/portaltest.atauni.edu.tr\/bilgisayar-muhendisligi\/?page_id=5638"},"modified":"2021-09-13T10:21:35","modified_gmt":"2021-09-13T07:21:35","slug":"tarihce","status":"publish","type":"page","link":"https:\/\/atauni.edu.tr\/klinik-bilimler-bolumu\/tarihce\/","title":{"rendered":"Tarih\u00e7e"},"content":{"rendered":"\t\t<div data-elementor-type=\"wp-page\" data-elementor-id=\"5638\" class=\"elementor elementor-5638\" data-elementor-post-type=\"page\">\n\t\t\t\t\t\t<section class=\"elementor-section elementor-top-section elementor-element elementor-element-730d320 elementor-section-boxed elementor-section-height-default elementor-section-height-default\" data-id=\"730d320\" data-element_type=\"section\">\n\t\t\t\t\t\t<div class=\"elementor-container elementor-column-gap-default\">\n\t\t\t\t\t<div class=\"elementor-column elementor-col-100 elementor-top-column elementor-element elementor-element-753d0860\" data-id=\"753d0860\" data-element_type=\"column\">\n\t\t\t<div class=\"elementor-widget-wrap\">\n\t\t\t\t\t\t\t<\/div>\n\t\t<\/div>\n\t\t\t\t\t<\/div>\n\t\t<\/section>\n\t\t\t\t<section class=\"elementor-section elementor-top-section elementor-element elementor-element-9be811a elementor-section-boxed elementor-section-height-default elementor-section-height-default\" data-id=\"9be811a\" data-element_type=\"section\">\n\t\t\t\t\t\t<div class=\"elementor-container elementor-column-gap-default\">\n\t\t\t\t\t<div class=\"elementor-column elementor-col-100 elementor-top-column elementor-element elementor-element-1ed847b7\" data-id=\"1ed847b7\" data-element_type=\"column\">\n\t\t\t<div class=\"elementor-widget-wrap elementor-element-populated\">\n\t\t\t\t\t\t<div class=\"elementor-element elementor-element-4ce0d07f elementor-widget elementor-widget-heading\" data-id=\"4ce0d07f\" data-element_type=\"widget\" data-widget_type=\"heading.default\">\n\t\t\t\t<div class=\"elementor-widget-container\">\n\t\t\t\t\t<h2 class=\"elementor-heading-title elementor-size-default\">Tarih\u00e7e<\/h2>\t\t\t\t<\/div>\n\t\t\t\t<\/div>\n\t\t\t\t<div class=\"elementor-element elementor-element-63260862 elementor-widget-divider--view-line elementor-widget elementor-widget-divider\" data-id=\"63260862\" data-element_type=\"widget\" data-widget_type=\"divider.default\">\n\t\t\t\t<div class=\"elementor-widget-container\">\n\t\t\t\t\t\t\t<div class=\"elementor-divider\">\n\t\t\t<span class=\"elementor-divider-separator\">\n\t\t\t\t\t\t<\/span>\n\t\t<\/div>\n\t\t\t\t\t\t<\/div>\n\t\t\t\t<\/div>\n\t\t\t\t\t<\/div>\n\t\t<\/div>\n\t\t\t\t\t<\/div>\n\t\t<\/section>\n\t\t\t\t<section class=\"elementor-section elementor-top-section elementor-element elementor-element-681db8b elementor-section-boxed elementor-section-height-default elementor-section-height-default\" data-id=\"681db8b\" data-element_type=\"section\">\n\t\t\t\t\t\t<div class=\"elementor-container elementor-column-gap-default\">\n\t\t\t\t\t<div class=\"elementor-column elementor-col-100 elementor-top-column elementor-element elementor-element-ad4dac5\" data-id=\"ad4dac5\" data-element_type=\"column\">\n\t\t\t<div class=\"elementor-widget-wrap elementor-element-populated\">\n\t\t\t\t\t\t<div class=\"elementor-element elementor-element-2f96b3d elementor-widget elementor-widget-text-editor\" data-id=\"2f96b3d\" data-element_type=\"widget\" data-widget_type=\"text-editor.default\">\n\t\t\t\t<div class=\"elementor-widget-container\">\n\t\t\t\t\t\t\t\t\t<p>Atat\u00fcrk \u00dcniversitesi Klinik Bilimler B\u00f6l\u00fcm\u00fc, t\u0131p alan\u0131nda e\u011fitim ve ara\u015ft\u0131rma faaliyetlerini y\u00fcr\u00fctmek amac\u0131yla kurulmu\u015ftur. B\u00f6l\u00fcm\u00fcn tarihi, \u00fcniversitenin kurulu\u015funa kadar uzanmaktad\u0131r.<\/p>\n<p>B\u00f6l\u00fcm\u00fcn kurulu\u015f amac\u0131, \u00f6\u011frencilere klinik bilimleri kapsayan geni\u015f bir yelpazede e\u011fitim vermektir. Bu ama\u00e7la, b\u00f6l\u00fcm b\u00fcnyesinde \u00e7e\u015fitli anabilim dallar\u0131 kurulmu\u015f ve her biri farkl\u0131 alanlarda uzmanla\u015fm\u0131\u015ft\u0131r.<\/p>\n<p>Atat\u00fcrk \u00dcniversitesi Klinik Bilimler B\u00f6l\u00fcm\u00fc, t\u0131p e\u011fitimi veren di\u011fer b\u00f6l\u00fcmlerle birlikte, sa\u011fl\u0131k alan\u0131nda nitelikli personel yeti\u015ftirilmesine katk\u0131da bulunmaktad\u0131r. B\u00f6l\u00fcm\u00fcn mezunlar\u0131, sa\u011fl\u0131k sekt\u00f6r\u00fcn\u00fcn \u00e7e\u015fitli kademelerinde g\u00f6rev almaktad\u0131rlar.<\/p>\n<p>B\u00f6l\u00fcmde e\u011fitim, teorik ve pratik dersler yoluyla y\u00fcr\u00fct\u00fclmektedir. \u00d6\u011frencilere, hastanelerde ve kliniklerde staj imkanlar\u0131 sa\u011flanmaktad\u0131r. Bu sayede, \u00f6\u011frenciler teorik bilgileri pratikte uygulayarak deneyim kazan\u0131rlar.<\/p>\n<p>Atat\u00fcrk \u00dcniversitesi Klinik Bilimler B\u00f6l\u00fcm\u00fc\t\t\t\t\t\t\t\t<\/div>\n\t\t\t\t<\/div>\n\t\t\t\t\t<\/div>\n\t\t<\/div>\n\t\t\t\t\t<\/div>\n\t\t<\/section>\n\t\t\t\t<\/div>\n\t\t","protected":false},"excerpt":{"rendered":"<p>Klinik Bilimler B\u00f6l\u00fcm\u00fcm\u00fcz\u00fcn kurulu\u015fu, t\u0131p alan\u0131ndaki geli\u015fmelerin ve toplumsal ihtiya\u00e7lar\u0131n bir sonucu olarak ger\u00e7ekle\u015fmi\u015ftir. B\u00f6l\u00fcm\u00fcm\u00fcz\u00fcn tarihi, sa\u011fl\u0131k bilimleri alan\u0131nda e\u011fitim veren kurumlar\u0131n tarihinde \u00f6nemli bir yere sahiptir. B\u00f6l\u00fcm\u00fcm\u00fcz\u00fcn kurulmas\u0131na giden s\u00fcre\u00e7, sa\u011fl\u0131k hizmetlerinin \u00e7e\u015fitlenmesi ve derinle\u015fmesiyle birlikte ba\u015flam\u0131\u015ft\u0131r. T\u0131p e\u011fitimi alan \u00f6\u011frencilerin, sadece teorik bilgileri edinmekle kalmay\u0131p, ayn\u0131 zamanda pratik becerileri kazanmalar\u0131n\u0131n \u00f6nemi anla\u015f\u0131lm\u0131\u015ft\u0131r. Bu [&hellip;]<\/p>\n","protected":false},"author":1,"featured_media":0,"parent":0,"menu_order":0,"comment_status":"closed","ping_status":"closed","template":"","meta":{"footnotes":""},"class_list":["post-5638","page","type-page","status-publish","hentry"],"_links":{"self":[{"href":"https:\/\/atauni.edu.tr\/klinik-bilimler-bolumu\/wp-json\/wp\/v2\/pages\/5638","targetHints":{"allow":["GET"]}}],"collection":[{"href":"https:\/\/atauni.edu.tr\/klinik-bilimler-bolumu\/wp-json\/wp\/v2\/pages"}],"about":[{"href":"https:\/\/atauni.edu.tr\/klinik-bilimler-bolumu\/wp-json\/wp\/v2\/types\/page"}],"author":[{"embeddable":true,"href":"https:\/\/atauni.edu.tr\/klinik-bilimler-bolumu\/wp-json\/wp\/v2\/users\/1"}],"replies":[{"embeddable":true,"href":"https:\/\/atauni.edu.tr\/klinik-bilimler-bolumu\/wp-json\/wp\/v2\/comments?post=5638"}],"version-history":[{"count":22,"href":"https:\/\/atauni.edu.tr\/klinik-bilimler-bolumu\/wp-json\/wp\/v2\/pages\/5638\/revisions"}],"predecessor-version":[{"id":6117,"href":"https:\/\/atauni.edu.tr\/klinik-bilimler-bolumu\/wp-json\/wp\/v2\/pages\/5638\/revisions\/6117"}],"wp:attachment":[{"href":"https:\/\/atauni.edu.tr\/klinik-bilimler-bolumu\/wp-json\/wp\/v2\/media?parent=5638"}],"curies":[{"name":"wp","href":"https:\/\/api.w.org\/{rel}","templated":true}]}}