{"id":5682,"date":"2021-07-13T10:10:01","date_gmt":"2021-07-13T07:10:01","guid":{"rendered":"https:\/\/portaltest.atauni.edu.tr\/bilgisayar-muhendisligi\/?page_id=5682"},"modified":"2021-08-27T15:48:11","modified_gmt":"2021-08-27T12:48:11","slug":"misyon-vizyon-ve-temel-degerler","status":"publish","type":"page","link":"https:\/\/atauni.edu.tr\/klinik-bilimler-bolumu\/misyon-vizyon-ve-temel-degerler\/","title":{"rendered":"Misyon, Vizyon ve Temel De\u011ferler"},"content":{"rendered":"\t\t<div data-elementor-type=\"wp-page\" data-elementor-id=\"5682\" class=\"elementor elementor-5682\" data-elementor-post-type=\"page\">\n\t\t\t\t\t\t<section class=\"elementor-section elementor-top-section elementor-element elementor-element-730d320 elementor-section-boxed elementor-section-height-default elementor-section-height-default\" data-id=\"730d320\" data-element_type=\"section\">\n\t\t\t\t\t\t<div class=\"elementor-container elementor-column-gap-default\">\n\t\t\t\t\t<div class=\"elementor-column elementor-col-100 elementor-top-column elementor-element elementor-element-753d0860\" data-id=\"753d0860\" data-element_type=\"column\">\n\t\t\t<div class=\"elementor-widget-wrap\">\n\t\t\t\t\t\t\t<\/div>\n\t\t<\/div>\n\t\t\t\t\t<\/div>\n\t\t<\/section>\n\t\t\t\t<section class=\"elementor-section elementor-top-section elementor-element elementor-element-9be811a elementor-section-boxed elementor-section-height-default elementor-section-height-default\" data-id=\"9be811a\" data-element_type=\"section\">\n\t\t\t\t\t\t<div class=\"elementor-container elementor-column-gap-default\">\n\t\t\t\t\t<div class=\"elementor-column elementor-col-100 elementor-top-column elementor-element elementor-element-1ed847b7\" data-id=\"1ed847b7\" data-element_type=\"column\">\n\t\t\t<div class=\"elementor-widget-wrap elementor-element-populated\">\n\t\t\t\t\t\t<div class=\"elementor-element elementor-element-4ce0d07f elementor-widget elementor-widget-heading\" data-id=\"4ce0d07f\" data-element_type=\"widget\" data-widget_type=\"heading.default\">\n\t\t\t\t<div class=\"elementor-widget-container\">\n\t\t\t\t\t<h2 class=\"elementor-heading-title elementor-size-default\">Misyon, Vizyon ve Temel De\u011ferler<\/h2>\t\t\t\t<\/div>\n\t\t\t\t<\/div>\n\t\t\t\t<div class=\"elementor-element elementor-element-63260862 elementor-widget-divider--view-line elementor-widget elementor-widget-divider\" data-id=\"63260862\" data-element_type=\"widget\" data-widget_type=\"divider.default\">\n\t\t\t\t<div class=\"elementor-widget-container\">\n\t\t\t\t\t\t\t<div class=\"elementor-divider\">\n\t\t\t<span class=\"elementor-divider-separator\">\n\t\t\t\t\t\t<\/span>\n\t\t<\/div>\n\t\t\t\t\t\t<\/div>\n\t\t\t\t<\/div>\n\t\t\t\t\t<\/div>\n\t\t<\/div>\n\t\t\t\t\t<\/div>\n\t\t<\/section>\n\t\t\t\t<section class=\"elementor-section elementor-top-section elementor-element elementor-element-681db8b elementor-section-boxed elementor-section-height-default elementor-section-height-default\" data-id=\"681db8b\" data-element_type=\"section\">\n\t\t\t\t\t\t<div class=\"elementor-container elementor-column-gap-default\">\n\t\t\t\t\t<div class=\"elementor-column elementor-col-100 elementor-top-column elementor-element elementor-element-ad4dac5\" data-id=\"ad4dac5\" data-element_type=\"column\">\n\t\t\t<div class=\"elementor-widget-wrap elementor-element-populated\">\n\t\t\t\t\t\t<div class=\"elementor-element elementor-element-2f96b3d elementor-widget elementor-widget-text-editor\" data-id=\"2f96b3d\" data-element_type=\"widget\" data-widget_type=\"text-editor.default\">\n\t\t\t\t<div class=\"elementor-widget-container\">\n\t\t\t\t\t\t\t\t\t<p>Atat\u00fcrk \u00dcniversitesi Klinik Bilimler B\u00f6l\u00fcm\u00fc, sa\u011fl\u0131k alan\u0131ndaki y\u00fcksek\u00f6\u011fretim faaliyetlerinde liderlik hedefi ile hareket etmektedir. B\u00f6l\u00fcm\u00fcn temel amac\u0131, \u00f6\u011frencilere g\u00fc\u00e7l\u00fc bir akademik temelin yan\u0131 s\u0131ra g\u00fcncel ve gelecekteki sa\u011fl\u0131k sorunlar\u0131n\u0131 \u00e7\u00f6zme yetkinli\u011fi kazand\u0131rmakt\u0131r.<\/p>\n<p>B\u00f6l\u00fcm\u00fcm\u00fcz\u00fcn misyonu; \u00f6\u011frencileri, topluma hizmet vermeye ve sa\u011fl\u0131k sekt\u00f6r\u00fcnde etkili bir \u015fekilde \u00e7al\u0131\u015fmaya haz\u0131rlamakt\u0131r. Bunu ger\u00e7ekle\u015ftirmek i\u00e7in modern e\u011fitim y\u00f6ntemleri, disiplinler aras\u0131 \u00e7al\u0131\u015fmalar ve s\u00fcrekli \u00f6\u011frenme ilkelerine ba\u011fl\u0131 kal\u0131nmaktad\u0131r.<\/p>\n<p>Vizyonumuz, sa\u011fl\u0131k bil\t\t\t\t\t\t\t\t<\/div>\n\t\t\t\t<\/div>\n\t\t\t\t\t<\/div>\n\t\t<\/div>\n\t\t\t\t\t<\/div>\n\t\t<\/section>\n\t\t\t\t<\/div>\n\t\t","protected":false},"excerpt":{"rendered":"<p>**Misyon, Vizyon ve Temel De\u011ferler** Klinik Bilimler B\u00f6l\u00fcm\u00fc olarak, sa\u011fl\u0131k bilimleri alan\u0131ndaki e\u011fitim, ara\u015ft\u0131rma ve uygulama faaliyetlerini en \u00fcst d\u00fczeyde ger\u00e7ekle\u015ftirme hedefi ile hareket ediyoruz. Misyonumuz, \u00f6\u011frencilerimize g\u00fcncel ve dinamik bir e\u011fitim ortam\u0131 sunarak, onlar\u0131 gelece\u011fin sa\u011fl\u0131k profesyonelleri olarak yeti\u015ftirmek ve toplumun sa\u011fl\u0131k ihtiya\u00e7lar\u0131na cevap vermektir. **Misyonumuz:** &#8211; Sa\u011fl\u0131k bilimleri alan\u0131nda \u00f6\u011frencilere m\u00fckemmel bir e\u011fitim [&hellip;]<\/p>\n","protected":false},"author":1,"featured_media":0,"parent":0,"menu_order":0,"comment_status":"closed","ping_status":"closed","template":"elementor_header_footer","meta":{"footnotes":""},"class_list":["post-5682","page","type-page","status-publish","hentry"],"_links":{"self":[{"href":"https:\/\/atauni.edu.tr\/klinik-bilimler-bolumu\/wp-json\/wp\/v2\/pages\/5682","targetHints":{"allow":["GET"]}}],"collection":[{"href":"https:\/\/atauni.edu.tr\/klinik-bilimler-bolumu\/wp-json\/wp\/v2\/pages"}],"about":[{"href":"https:\/\/atauni.edu.tr\/klinik-bilimler-bolumu\/wp-json\/wp\/v2\/types\/page"}],"author":[{"embeddable":true,"href":"https:\/\/atauni.edu.tr\/klinik-bilimler-bolumu\/wp-json\/wp\/v2\/users\/1"}],"replies":[{"embeddable":true,"href":"https:\/\/atauni.edu.tr\/klinik-bilimler-bolumu\/wp-json\/wp\/v2\/comments?post=5682"}],"version-history":[{"count":8,"href":"https:\/\/atauni.edu.tr\/klinik-bilimler-bolumu\/wp-json\/wp\/v2\/pages\/5682\/revisions"}],"predecessor-version":[{"id":6079,"href":"https:\/\/atauni.edu.tr\/klinik-bilimler-bolumu\/wp-json\/wp\/v2\/pages\/5682\/revisions\/6079"}],"wp:attachment":[{"href":"https:\/\/atauni.edu.tr\/klinik-bilimler-bolumu\/wp-json\/wp\/v2\/media?parent=5682"}],"curies":[{"name":"wp","href":"https:\/\/api.w.org\/{rel}","templated":true}]}}