{"id":5762,"date":"2021-07-13T12:55:48","date_gmt":"2021-07-13T09:55:48","guid":{"rendered":"https:\/\/portaltest.atauni.edu.tr\/bilgisayar-muhendisligi\/?page_id=5762"},"modified":"2021-09-13T10:25:33","modified_gmt":"2021-09-13T07:25:33","slug":"lisans-ders-listesi","status":"publish","type":"page","link":"https:\/\/atauni.edu.tr\/klinik-bilimler-bolumu\/lisans-ders-listesi\/","title":{"rendered":"Ders Listesi"},"content":{"rendered":"\t\t<div data-elementor-type=\"wp-page\" data-elementor-id=\"5762\" class=\"elementor elementor-5762\" data-elementor-post-type=\"page\">\n\t\t\t\t\t\t<section class=\"elementor-section elementor-top-section elementor-element elementor-element-730d320 elementor-section-boxed elementor-section-height-default elementor-section-height-default\" data-id=\"730d320\" data-element_type=\"section\">\n\t\t\t\t\t\t<div class=\"elementor-container elementor-column-gap-default\">\n\t\t\t\t\t<div class=\"elementor-column elementor-col-100 elementor-top-column elementor-element elementor-element-753d0860\" data-id=\"753d0860\" data-element_type=\"column\">\n\t\t\t<div class=\"elementor-widget-wrap\">\n\t\t\t\t\t\t\t<\/div>\n\t\t<\/div>\n\t\t\t\t\t<\/div>\n\t\t<\/section>\n\t\t\t\t<section class=\"elementor-section elementor-top-section elementor-element elementor-element-9be811a elementor-section-boxed elementor-section-height-default elementor-section-height-default\" data-id=\"9be811a\" data-element_type=\"section\">\n\t\t\t\t\t\t<div class=\"elementor-container elementor-column-gap-default\">\n\t\t\t\t\t<div class=\"elementor-column elementor-col-100 elementor-top-column elementor-element elementor-element-1ed847b7\" data-id=\"1ed847b7\" data-element_type=\"column\">\n\t\t\t<div class=\"elementor-widget-wrap elementor-element-populated\">\n\t\t\t\t\t\t<div class=\"elementor-element elementor-element-4ce0d07f elementor-widget elementor-widget-heading\" data-id=\"4ce0d07f\" data-element_type=\"widget\" data-widget_type=\"heading.default\">\n\t\t\t\t<div class=\"elementor-widget-container\">\n\t\t\t\t\t<h2 class=\"elementor-heading-title elementor-size-default\">Lisans Ders Listesi<\/h2>\t\t\t\t<\/div>\n\t\t\t\t<\/div>\n\t\t\t\t<div class=\"elementor-element elementor-element-63260862 elementor-widget-divider--view-line elementor-widget elementor-widget-divider\" data-id=\"63260862\" data-element_type=\"widget\" data-widget_type=\"divider.default\">\n\t\t\t\t<div class=\"elementor-widget-container\">\n\t\t\t\t\t\t\t<div class=\"elementor-divider\">\n\t\t\t<span class=\"elementor-divider-separator\">\n\t\t\t\t\t\t<\/span>\n\t\t<\/div>\n\t\t\t\t\t\t<\/div>\n\t\t\t\t<\/div>\n\t\t\t\t\t<\/div>\n\t\t<\/div>\n\t\t\t\t\t<\/div>\n\t\t<\/section>\n\t\t\t\t<section class=\"elementor-section elementor-top-section elementor-element elementor-element-ff12562 elementor-section-boxed elementor-section-height-default elementor-section-height-default\" data-id=\"ff12562\" data-element_type=\"section\">\n\t\t\t\t\t\t<div class=\"elementor-container elementor-column-gap-default\">\n\t\t\t\t\t<div class=\"elementor-column elementor-col-100 elementor-top-column elementor-element elementor-element-2aa5f38\" data-id=\"2aa5f38\" data-element_type=\"column\">\n\t\t\t<div class=\"elementor-widget-wrap elementor-element-populated\">\n\t\t\t\t\t\t<div class=\"elementor-element elementor-element-3f6c81d elementor-widget elementor-widget-text-editor\" data-id=\"3f6c81d\" data-element_type=\"widget\" data-widget_type=\"text-editor.default\">\n\t\t\t\t<div class=\"elementor-widget-container\">\n\t\t\t\t\t\t\t\t\t<html>\n<body>\n<h2>Ders Listesi<\/h2>\n<p>Atat\u00fcrk \u00dcniversitesi Klinik Bilimler B\u00f6l\u00fcm\u00fc&#8217;nde verilen dersler geni\u015f bir yelpazeye sahiptir. \u00d6\u011frencilerin t\u0131p alan\u0131ndaki derinlemesine bilgilerini geli\u015ftirmek amac\u0131yla tasarlanm\u0131\u015f bu dersler, teorik ve pratik e\u011fitimi i\u00e7ermektedir.<\/p>\n<ul>\n  <li>T\u0131bbi Biyokimya<\/li>\n  <li>T\u0131bbi Farmakoloji<\/li>\n  <li>Patoloji<\/li>\n  <li>\u0130mm\u00fcnoloji<\/li>\n  <li>Radyoloji<\/li>\n  <li>Anestezi ve Reanimasyon<\/li>\n  <li>Dahiliye<\/li>\n  <li>Cerrahi<\/li>\n  <li>Kad\u0131n Hastal\u0131klar\u0131 ve Do\u011fum<\/li>\n  <li>\u00c7ocuk Sa\u011fl\u0131\u011f\u0131 ve Hastal\u0131klar\u0131<\/li>\n<\/ul>\n<p>Bu b\u00f6l\u00fcmde verilen dersler, \u00f6\u011frencilerin t\u0131bbi bilgi ve becerilerini geli\u015ftirmelerine yard\u0131mc\u0131 olur. Ayr\u0131ca, \u00f6\u011frencilere ba\u011f\u0131ms\u0131z d\u00fc\u015f\u00fcnme, problem \u00e7\u00f6zme ve ileti\u015fim becerileri kazand\u0131r\u0131l\u0131r.<\/p>\n<p>Ders listesi her y\u0131l g\u00fcncellenebilir ve yeni dersler eklenebilir. \u00d6\u011frencilerin g\u00fcncel bilgiye ula\u015fmalar\u0131 i\u00e7in s\u00fcrekli e\u011fitim faaliyetleri d\u00fczenlenir.<\/p>\n<\/body>\n<\/html>\t\t\t\t\t\t\t\t<\/div>\n\t\t\t\t<\/div>\n\t\t\t\t\t<\/div>\n\t\t<\/div>\n\t\t\t\t\t<\/div>\n\t\t<\/section>\n\t\t\t\t<\/div>\n\t\t","protected":false},"excerpt":{"rendered":"<p>Klinik Bilimler B\u00f6l\u00fcm\u00fcm\u00fcz\u00fcn sundu\u011fu zengin ve \u00e7e\u015fitli ders se\u00e7enekleri, \u00f6\u011frencilerimize t\u0131p alan\u0131ndaki bilgilerini geni\u015fletme ve derinle\u015ftirme f\u0131rsat\u0131 sunar. Bu b\u00f6l\u00fcmde, \u00f6\u011frencilerin farkl\u0131 ilgi alanlar\u0131na hitap eden bir dizi ders mevcuttur. \u0130\u015fte Klinik Bilimler B\u00f6l\u00fcm\u00fc&#8217;m\u00fcz\u00fcn baz\u0131 temel derslerinden \u00f6rnekler: &#8211; **T\u0131bbi Biyokimya**: V\u00fccuttaki biyokimyasal s\u00fcre\u00e7leri inceleyen bu ders, hastal\u0131klar\u0131n molek\u00fcler mekanizmalar\u0131n\u0131 anlamaya yard\u0131mc\u0131 olur. &#8211; **Histoloji [&hellip;]<\/p>\n","protected":false},"author":1,"featured_media":0,"parent":0,"menu_order":0,"comment_status":"closed","ping_status":"closed","template":"elementor_header_footer","meta":{"footnotes":""},"class_list":["post-5762","page","type-page","status-publish","hentry"],"_links":{"self":[{"href":"https:\/\/atauni.edu.tr\/klinik-bilimler-bolumu\/wp-json\/wp\/v2\/pages\/5762","targetHints":{"allow":["GET"]}}],"collection":[{"href":"https:\/\/atauni.edu.tr\/klinik-bilimler-bolumu\/wp-json\/wp\/v2\/pages"}],"about":[{"href":"https:\/\/atauni.edu.tr\/klinik-bilimler-bolumu\/wp-json\/wp\/v2\/types\/page"}],"author":[{"embeddable":true,"href":"https:\/\/atauni.edu.tr\/klinik-bilimler-bolumu\/wp-json\/wp\/v2\/users\/1"}],"replies":[{"embeddable":true,"href":"https:\/\/atauni.edu.tr\/klinik-bilimler-bolumu\/wp-json\/wp\/v2\/comments?post=5762"}],"version-history":[{"count":11,"href":"https:\/\/atauni.edu.tr\/klinik-bilimler-bolumu\/wp-json\/wp\/v2\/pages\/5762\/revisions"}],"predecessor-version":[{"id":6123,"href":"https:\/\/atauni.edu.tr\/klinik-bilimler-bolumu\/wp-json\/wp\/v2\/pages\/5762\/revisions\/6123"}],"wp:attachment":[{"href":"https:\/\/atauni.edu.tr\/klinik-bilimler-bolumu\/wp-json\/wp\/v2\/media?parent=5762"}],"curies":[{"name":"wp","href":"https:\/\/api.w.org\/{rel}","templated":true}]}}