{"id":5765,"date":"2021-07-13T12:56:51","date_gmt":"2021-07-13T09:56:51","guid":{"rendered":"https:\/\/portaltest.atauni.edu.tr\/bilgisayar-muhendisligi\/?page_id=5765"},"modified":"2021-08-27T15:48:18","modified_gmt":"2021-08-27T12:48:18","slug":"anabilim-dallari","status":"publish","type":"page","link":"https:\/\/atauni.edu.tr\/klinik-bilimler-bolumu\/anabilim-dallari\/","title":{"rendered":"Anabilim Dallar\u0131"},"content":{"rendered":"\t\t<div data-elementor-type=\"wp-page\" data-elementor-id=\"5765\" class=\"elementor elementor-5765\" data-elementor-post-type=\"page\">\n\t\t\t\t\t\t<section class=\"elementor-section elementor-top-section elementor-element elementor-element-730d320 elementor-section-boxed elementor-section-height-default elementor-section-height-default\" data-id=\"730d320\" data-element_type=\"section\">\n\t\t\t\t\t\t<div class=\"elementor-container elementor-column-gap-default\">\n\t\t\t\t\t<div class=\"elementor-column elementor-col-100 elementor-top-column elementor-element elementor-element-753d0860\" data-id=\"753d0860\" data-element_type=\"column\">\n\t\t\t<div class=\"elementor-widget-wrap\">\n\t\t\t\t\t\t\t<\/div>\n\t\t<\/div>\n\t\t\t\t\t<\/div>\n\t\t<\/section>\n\t\t\t\t<section class=\"elementor-section elementor-top-section elementor-element elementor-element-9be811a elementor-section-boxed elementor-section-height-default elementor-section-height-default\" data-id=\"9be811a\" data-element_type=\"section\">\n\t\t\t\t\t\t<div class=\"elementor-container elementor-column-gap-default\">\n\t\t\t\t\t<div class=\"elementor-column elementor-col-100 elementor-top-column elementor-element elementor-element-1ed847b7\" data-id=\"1ed847b7\" data-element_type=\"column\">\n\t\t\t<div class=\"elementor-widget-wrap elementor-element-populated\">\n\t\t\t\t\t\t<div class=\"elementor-element elementor-element-4ce0d07f elementor-widget elementor-widget-heading\" data-id=\"4ce0d07f\" data-element_type=\"widget\" data-widget_type=\"heading.default\">\n\t\t\t\t<div class=\"elementor-widget-container\">\n\t\t\t\t\t<h2 class=\"elementor-heading-title elementor-size-default\">Anabilim Dallar\u0131<\/h2>\t\t\t\t<\/div>\n\t\t\t\t<\/div>\n\t\t\t\t<div class=\"elementor-element elementor-element-63260862 elementor-widget-divider--view-line elementor-widget elementor-widget-divider\" data-id=\"63260862\" data-element_type=\"widget\" data-widget_type=\"divider.default\">\n\t\t\t\t<div class=\"elementor-widget-container\">\n\t\t\t\t\t\t\t<div class=\"elementor-divider\">\n\t\t\t<span class=\"elementor-divider-separator\">\n\t\t\t\t\t\t<\/span>\n\t\t<\/div>\n\t\t\t\t\t\t<\/div>\n\t\t\t\t<\/div>\n\t\t\t\t\t<\/div>\n\t\t<\/div>\n\t\t\t\t\t<\/div>\n\t\t<\/section>\n\t\t\t\t<section class=\"elementor-section elementor-top-section elementor-element elementor-element-681db8b elementor-section-boxed elementor-section-height-default elementor-section-height-default\" data-id=\"681db8b\" data-element_type=\"section\">\n\t\t\t\t\t\t<div class=\"elementor-container elementor-column-gap-default\">\n\t\t\t\t\t<div class=\"elementor-column elementor-col-100 elementor-top-column elementor-element elementor-element-ad4dac5\" data-id=\"ad4dac5\" data-element_type=\"column\">\n\t\t\t<div class=\"elementor-widget-wrap elementor-element-populated\">\n\t\t\t\t\t\t<div class=\"elementor-element elementor-element-2f96b3d elementor-widget elementor-widget-text-editor\" data-id=\"2f96b3d\" data-element_type=\"widget\" data-widget_type=\"text-editor.default\">\n\t\t\t\t<div class=\"elementor-widget-container\">\n\t\t\t\t\t\t\t\t\t<p>Anabilim dallar\u0131, t\u0131p fak\u00fcltesinin temel e\u011fitim ve ara\u015ft\u0131rma birimleridir. Bu birimler arac\u0131l\u0131\u011f\u0131yla \u00f6\u011frencilere g\u00fcncel ve bilimsel bilgileri aktar\u0131larak gelece\u011fin hekimlerinin yeti\u015ftirilmesi ama\u00e7lan\u0131r.<\/p>\n<p>Anabilim dallar\u0131nda akademik personel taraf\u0131ndan y\u00fcr\u00fct\u00fclen ara\u015ft\u0131rmalar ve yay\u0131nlar, t\u0131p bilimindeki geli\u015fmelere katk\u0131da bulunur.<\/p>\n<p>Bu birimlerde ara\u015ft\u0131rma projeleri y\u00fcr\u00fct\u00fclmekte ve bu sayede \u00f6\u011frencilere bilimsel ara\u015ft\u0131rma yapma f\u0131rsat\u0131 sunulmaktad\u0131r.<\/p>\n<p>Anabilim dallar\u0131 aras\u0131nda i\u015fbirli\u011fi ve koordinasyon sayesinde multidisipliner bir yakla\u015f\u0131m sa\u011flanarak \u043a\u043e\u043c\u043f\u043b\u0435\u043a\u0441 hastal\u0131klar\u0131n tan\u0131 ve tedavisinde \u00fasp\u011bklere ula\u015f\u0131l\u0131r.<\/p>\t\t\t\t\t\t\t\t<\/div>\n\t\t\t\t<\/div>\n\t\t\t\t\t<\/div>\n\t\t<\/div>\n\t\t\t\t\t<\/div>\n\t\t<\/section>\n\t\t\t\t<\/div>\n\t\t","protected":false},"excerpt":{"rendered":"<p>**Klinik Bilimler B\u00f6l\u00fcm\u00fc Anabilim Dallar\u0131** Klinik Bilimler B\u00f6l\u00fcm\u00fc, sa\u011fl\u0131k bilimleri alan\u0131nda uzmanla\u015fm\u0131\u015f bir\u00e7ok anabilim dal\u0131 ile birlikte sa\u011fl\u0131k sekt\u00f6r\u00fcne nitelikli i\u015fg\u00fcc\u00fc kazand\u0131rmay\u0131 ama\u00e7 edinmi\u015ftir. B\u00f6l\u00fcm\u00fcm\u00fcz\u00fcn anabilim dallar\u0131, \u00f6\u011frencilere teorik ve pratik e\u011fitim olanaklar\u0131 sunarak onlar\u0131n gelecekte ba\u015far\u0131l\u0131 sa\u011fl\u0131k profesyonelleri olarak yeti\u015fmelerine katk\u0131da bulunmay\u0131 hedeflemektedir. A\u015fa\u011f\u0131daki listede Klinik Bilimler B\u00f6l\u00fcm\u00fc i\u00e7erisinde yer alan anabilim dallar\u0131 bulunmaktad\u0131r: [&hellip;]<\/p>\n","protected":false},"author":1,"featured_media":0,"parent":0,"menu_order":0,"comment_status":"closed","ping_status":"closed","template":"elementor_header_footer","meta":{"footnotes":""},"class_list":["post-5765","page","type-page","status-publish","hentry"],"_links":{"self":[{"href":"https:\/\/atauni.edu.tr\/klinik-bilimler-bolumu\/wp-json\/wp\/v2\/pages\/5765","targetHints":{"allow":["GET"]}}],"collection":[{"href":"https:\/\/atauni.edu.tr\/klinik-bilimler-bolumu\/wp-json\/wp\/v2\/pages"}],"about":[{"href":"https:\/\/atauni.edu.tr\/klinik-bilimler-bolumu\/wp-json\/wp\/v2\/types\/page"}],"author":[{"embeddable":true,"href":"https:\/\/atauni.edu.tr\/klinik-bilimler-bolumu\/wp-json\/wp\/v2\/users\/1"}],"replies":[{"embeddable":true,"href":"https:\/\/atauni.edu.tr\/klinik-bilimler-bolumu\/wp-json\/wp\/v2\/comments?post=5765"}],"version-history":[{"count":8,"href":"https:\/\/atauni.edu.tr\/klinik-bilimler-bolumu\/wp-json\/wp\/v2\/pages\/5765\/revisions"}],"predecessor-version":[{"id":6082,"href":"https:\/\/atauni.edu.tr\/klinik-bilimler-bolumu\/wp-json\/wp\/v2\/pages\/5765\/revisions\/6082"}],"wp:attachment":[{"href":"https:\/\/atauni.edu.tr\/klinik-bilimler-bolumu\/wp-json\/wp\/v2\/media?parent=5765"}],"curies":[{"name":"wp","href":"https:\/\/api.w.org\/{rel}","templated":true}]}}