{"id":5791,"date":"2021-07-13T13:07:15","date_gmt":"2021-07-13T10:07:15","guid":{"rendered":"https:\/\/portaltest.atauni.edu.tr\/bilgisayar-muhendisligi\/?page_id=5791"},"modified":"2021-08-27T15:49:32","modified_gmt":"2021-08-27T12:49:32","slug":"staj","status":"publish","type":"page","link":"https:\/\/atauni.edu.tr\/klinik-bilimler-bolumu\/staj\/","title":{"rendered":"Staj"},"content":{"rendered":"\t\t<div data-elementor-type=\"wp-page\" data-elementor-id=\"5791\" class=\"elementor elementor-5791\" data-elementor-post-type=\"page\">\n\t\t\t\t\t\t<section class=\"elementor-section elementor-top-section elementor-element elementor-element-730d320 elementor-section-boxed elementor-section-height-default elementor-section-height-default\" data-id=\"730d320\" data-element_type=\"section\">\n\t\t\t\t\t\t<div class=\"elementor-container elementor-column-gap-default\">\n\t\t\t\t\t<div class=\"elementor-column elementor-col-100 elementor-top-column elementor-element elementor-element-753d0860\" data-id=\"753d0860\" data-element_type=\"column\">\n\t\t\t<div class=\"elementor-widget-wrap\">\n\t\t\t\t\t\t\t<\/div>\n\t\t<\/div>\n\t\t\t\t\t<\/div>\n\t\t<\/section>\n\t\t\t\t<section class=\"elementor-section elementor-top-section elementor-element elementor-element-9be811a elementor-section-boxed elementor-section-height-default elementor-section-height-default\" data-id=\"9be811a\" data-element_type=\"section\">\n\t\t\t\t\t\t<div class=\"elementor-container elementor-column-gap-default\">\n\t\t\t\t\t<div class=\"elementor-column elementor-col-100 elementor-top-column elementor-element elementor-element-1ed847b7\" data-id=\"1ed847b7\" data-element_type=\"column\">\n\t\t\t<div class=\"elementor-widget-wrap elementor-element-populated\">\n\t\t\t\t\t\t<div class=\"elementor-element elementor-element-4ce0d07f elementor-widget elementor-widget-heading\" data-id=\"4ce0d07f\" data-element_type=\"widget\" data-widget_type=\"heading.default\">\n\t\t\t\t<div class=\"elementor-widget-container\">\n\t\t\t\t\t<h2 class=\"elementor-heading-title elementor-size-default\">Staj<\/h2>\t\t\t\t<\/div>\n\t\t\t\t<\/div>\n\t\t\t\t<div class=\"elementor-element elementor-element-63260862 elementor-widget-divider--view-line elementor-widget elementor-widget-divider\" data-id=\"63260862\" data-element_type=\"widget\" data-widget_type=\"divider.default\">\n\t\t\t\t<div class=\"elementor-widget-container\">\n\t\t\t\t\t\t\t<div class=\"elementor-divider\">\n\t\t\t<span class=\"elementor-divider-separator\">\n\t\t\t\t\t\t<\/span>\n\t\t<\/div>\n\t\t\t\t\t\t<\/div>\n\t\t\t\t<\/div>\n\t\t\t\t\t<\/div>\n\t\t<\/div>\n\t\t\t\t\t<\/div>\n\t\t<\/section>\n\t\t\t\t<section class=\"elementor-section elementor-top-section elementor-element elementor-element-10e8347 elementor-section-boxed elementor-section-height-default elementor-section-height-default\" data-id=\"10e8347\" data-element_type=\"section\">\n\t\t\t\t\t\t<div class=\"elementor-container elementor-column-gap-default\">\n\t\t\t\t\t<div class=\"elementor-column elementor-col-100 elementor-top-column elementor-element elementor-element-795ab05\" data-id=\"795ab05\" data-element_type=\"column\">\n\t\t\t<div class=\"elementor-widget-wrap elementor-element-populated\">\n\t\t\t\t\t\t<div class=\"elementor-element elementor-element-4524745 elementor-widget elementor-widget-text-editor\" data-id=\"4524745\" data-element_type=\"widget\" data-widget_type=\"text-editor.default\">\n\t\t\t\t<div class=\"elementor-widget-container\">\n\t\t\t\t\t\t\t\t\t<html>\n<body>\n<h2>Staj<\/h2>\n<p>Klinik Bilimler B\u00f6l\u00fcm\u00fc \u00f6\u011frencileri, e\u011fitimleri s\u0131ras\u0131nda \u00e7e\u015fitli hastanelerde ve sa\u011fl\u0131k kurumlar\u0131nda staj yapma f\u0131rsat\u0131 bulurlar. Bu stajlar, \u00f6\u011frencilerin teorik bilgilerini prati\u011fe d\u00f6kerek tecr\u00fcbe kazanmalar\u0131na yard\u0131mc\u0131 olur.<\/p>\n<p>Staj s\u00fcresince \u00f6\u011frenciler, sa\u011fl\u0131k personeli ile birlikte \u00e7al\u0131\u015farak hasta bak\u0131m\u0131, tedavi uygulamalar\u0131 ve di\u011fer sa\u011fl\u0131k hizmetleri hakk\u0131nda deneyim kazan\u0131rlar. Ayr\u0131ca, \u00f6\u011frencilere staj s\u0131ras\u0131nda mentorl\u00fck yapan uzmanlar taraf\u0131ndan rehberlik ve destek sa\u011flanmaktad\u0131r.<\/p>\n<p>Staj program\u0131, \u00f6\u011frencilerin farkl\u0131 alanlarda uzmanla\u015fmas\u0131na olanak tan\u0131r ve gelecekteki meslek ya\u015famlar\u0131 i\u00e7in de\u011ferli bir deneyim sa\u011flar. \u00d6\u011frenciler, stajlar\u0131 s\u0131ras\u0131nda edindikleri bilgiler ve becerileri ile sa\u011fl\u0131k sekt\u00f6r\u00fcne katk\u0131da bulunmaya haz\u0131r olurlar.<\/p>\n<\/body>\n<\/html>\t\t\t\t\t\t\t\t<\/div>\n\t\t\t\t<\/div>\n\t\t\t\t\t<\/div>\n\t\t<\/div>\n\t\t\t\t\t<\/div>\n\t\t<\/section>\n\t\t\t\t<\/div>\n\t\t","protected":false},"excerpt":{"rendered":"<p>**Staj** Klinik Bilimler B\u00f6l\u00fcm\u00fcm\u00fcz\u00fcn temel amac\u0131, \u00f6\u011frencilerimizi sa\u011fl\u0131k sekt\u00f6r\u00fcn\u00fcn \u00e7e\u015fitli alanlar\u0131nda ba\u015far\u0131l\u0131 ve donan\u0131ml\u0131 profesyoneller olarak yeti\u015ftirmektir. Bu ama\u00e7 do\u011frultusunda, staj programlar\u0131m\u0131z \u00f6\u011frencilerin teorik bilgiyi pratikte uygulayarak deneyim kazanmalar\u0131n\u0131 sa\u011flar. Staj programlar\u0131m\u0131z, \u00f6\u011frencilerin farkl\u0131 sa\u011fl\u0131k kurumlar\u0131 ve kurulu\u015flar\u0131nda \u00e7al\u0131\u015farak, klinik ortamlarda deneyim kazan\u0131p, ger\u00e7ek hastalara bak\u0131m hizmeti sunma f\u0131rsat\u0131 elde etmelerini ama\u00e7lar. Bu sayede, \u00f6\u011frencilerimiz [&hellip;]<\/p>\n","protected":false},"author":1,"featured_media":0,"parent":0,"menu_order":0,"comment_status":"closed","ping_status":"closed","template":"elementor_header_footer","meta":{"footnotes":""},"class_list":["post-5791","page","type-page","status-publish","hentry"],"_links":{"self":[{"href":"https:\/\/atauni.edu.tr\/klinik-bilimler-bolumu\/wp-json\/wp\/v2\/pages\/5791","targetHints":{"allow":["GET"]}}],"collection":[{"href":"https:\/\/atauni.edu.tr\/klinik-bilimler-bolumu\/wp-json\/wp\/v2\/pages"}],"about":[{"href":"https:\/\/atauni.edu.tr\/klinik-bilimler-bolumu\/wp-json\/wp\/v2\/types\/page"}],"author":[{"embeddable":true,"href":"https:\/\/atauni.edu.tr\/klinik-bilimler-bolumu\/wp-json\/wp\/v2\/users\/1"}],"replies":[{"embeddable":true,"href":"https:\/\/atauni.edu.tr\/klinik-bilimler-bolumu\/wp-json\/wp\/v2\/comments?post=5791"}],"version-history":[{"count":8,"href":"https:\/\/atauni.edu.tr\/klinik-bilimler-bolumu\/wp-json\/wp\/v2\/pages\/5791\/revisions"}],"predecessor-version":[{"id":6094,"href":"https:\/\/atauni.edu.tr\/klinik-bilimler-bolumu\/wp-json\/wp\/v2\/pages\/5791\/revisions\/6094"}],"wp:attachment":[{"href":"https:\/\/atauni.edu.tr\/klinik-bilimler-bolumu\/wp-json\/wp\/v2\/media?parent=5791"}],"curies":[{"name":"wp","href":"https:\/\/api.w.org\/{rel}","templated":true}]}}