{"id":5800,"date":"2021-07-13T13:12:45","date_gmt":"2021-07-13T10:12:45","guid":{"rendered":"https:\/\/portaltest.atauni.edu.tr\/bilgisayar-muhendisligi\/?page_id=5800"},"modified":"2021-08-27T15:49:23","modified_gmt":"2021-08-27T12:49:23","slug":"bitirme-projeleri","status":"publish","type":"page","link":"https:\/\/atauni.edu.tr\/klinik-bilimler-bolumu\/bitirme-projeleri\/","title":{"rendered":"Bitirme Projeleri"},"content":{"rendered":"\t\t<div data-elementor-type=\"wp-page\" data-elementor-id=\"5800\" class=\"elementor elementor-5800\" data-elementor-post-type=\"page\">\n\t\t\t\t\t\t<section class=\"elementor-section elementor-top-section elementor-element elementor-element-730d320 elementor-section-boxed elementor-section-height-default elementor-section-height-default\" data-id=\"730d320\" data-element_type=\"section\">\n\t\t\t\t\t\t<div class=\"elementor-container elementor-column-gap-default\">\n\t\t\t\t\t<div class=\"elementor-column elementor-col-100 elementor-top-column elementor-element elementor-element-753d0860\" data-id=\"753d0860\" data-element_type=\"column\">\n\t\t\t<div class=\"elementor-widget-wrap\">\n\t\t\t\t\t\t\t<\/div>\n\t\t<\/div>\n\t\t\t\t\t<\/div>\n\t\t<\/section>\n\t\t\t\t<section class=\"elementor-section elementor-top-section elementor-element elementor-element-9be811a elementor-section-boxed elementor-section-height-default elementor-section-height-default\" data-id=\"9be811a\" data-element_type=\"section\">\n\t\t\t\t\t\t<div class=\"elementor-container elementor-column-gap-default\">\n\t\t\t\t\t<div class=\"elementor-column elementor-col-100 elementor-top-column elementor-element elementor-element-1ed847b7\" data-id=\"1ed847b7\" data-element_type=\"column\">\n\t\t\t<div class=\"elementor-widget-wrap elementor-element-populated\">\n\t\t\t\t\t\t<div class=\"elementor-element elementor-element-4ce0d07f elementor-widget elementor-widget-heading\" data-id=\"4ce0d07f\" data-element_type=\"widget\" data-widget_type=\"heading.default\">\n\t\t\t\t<div class=\"elementor-widget-container\">\n\t\t\t\t\t<h2 class=\"elementor-heading-title elementor-size-default\">Bitirme Projeleri<\/h2>\t\t\t\t<\/div>\n\t\t\t\t<\/div>\n\t\t\t\t<div class=\"elementor-element elementor-element-63260862 elementor-widget-divider--view-line elementor-widget elementor-widget-divider\" data-id=\"63260862\" data-element_type=\"widget\" data-widget_type=\"divider.default\">\n\t\t\t\t<div class=\"elementor-widget-container\">\n\t\t\t\t\t\t\t<div class=\"elementor-divider\">\n\t\t\t<span class=\"elementor-divider-separator\">\n\t\t\t\t\t\t<\/span>\n\t\t<\/div>\n\t\t\t\t\t\t<\/div>\n\t\t\t\t<\/div>\n\t\t\t\t\t<\/div>\n\t\t<\/div>\n\t\t\t\t\t<\/div>\n\t\t<\/section>\n\t\t\t\t<section class=\"elementor-section elementor-top-section elementor-element elementor-element-6c18d0b elementor-section-boxed elementor-section-height-default elementor-section-height-default\" data-id=\"6c18d0b\" data-element_type=\"section\">\n\t\t\t\t\t\t<div class=\"elementor-container elementor-column-gap-default\">\n\t\t\t\t\t<div class=\"elementor-column elementor-col-100 elementor-top-column elementor-element elementor-element-5a88ff5\" data-id=\"5a88ff5\" data-element_type=\"column\">\n\t\t\t<div class=\"elementor-widget-wrap elementor-element-populated\">\n\t\t\t\t\t\t<div class=\"elementor-element elementor-element-69d7a2b elementor-widget elementor-widget-accordion\" data-id=\"69d7a2b\" data-element_type=\"widget\" data-widget_type=\"accordion.default\">\n\t\t\t\t<div class=\"elementor-widget-container\">\n\t\t\t\t\t\t\t<div class=\"elementor-accordion\">\n\t\t\t\t\t\t\t<div class=\"elementor-accordion-item\">\n\t\t\t\t\t<div id=\"elementor-tab-title-1101\" class=\"elementor-tab-title\" data-tab=\"1\" role=\"button\" aria-controls=\"elementor-tab-content-1101\" aria-expanded=\"false\">\n\t\t\t\t\t\t\t\t\t\t\t\t\t<span class=\"elementor-accordion-icon elementor-accordion-icon-left\" aria-hidden=\"true\">\n\t\t\t\t\t\t\t\t\t\t\t\t\t\t\t<span class=\"elementor-accordion-icon-closed\"><i class=\"fas fa-plus\"><\/i><\/span>\n\t\t\t\t\t\t\t\t<span class=\"elementor-accordion-icon-opened\"><i class=\"fas fa-minus\"><\/i><\/span>\n\t\t\t\t\t\t\t\t\t\t\t\t\t\t<\/span>\n\t\t\t\t\t\t\t\t\t\t\t\t<a class=\"elementor-accordion-title\" tabindex=\"0\"><html>\n<p>Atat\u00fcrk \u00dcniversitesi Klinik Bilimler B\u00f6l\u00fcm\u00fc, \u00f6\u011frencilerin mesleki geli\u015fimlerini desteklemek amac\u0131yla \u00e7e\u015fitli bitirme projeleri y\u00fcr\u00fct\u00fcyor. Bu projeler, \u00f6\u011frencilerin teorik bilgileri prati\u011fe d\u00f6kerek sa\u011fl\u0131k alan\u0131ndaki g\u00fcncel sorunlara \u00e7\u00f6z\u00fcmler \u00fcretmelerini hedefliyor.<\/p>\n<p>Bitirme projelerinin konusu genellikle sa\u011fl\u0131k hizmetlerinin kalitesini art\u0131rmaya, hastalar\u0131n ya\u015fam ko\u015fullar\u0131n\u0131 iyile\u015ftirmeye veya t\u0131bbi teknolojiyi geli\u015ftirmeye y\u00f6nelik oluyor. \u00d6\u011frenciler, akademik dan\u0131\u015fmanlar\u0131n\u0131n rehberli\u011finde bu projeleri ger\u00e7ekle\u015ftirdiklerinde, ara\u015ft\u0131rma yapma, veri toplama, analiz doing ve sonu\u00e7lar\u0131 sunma becerilerini geli\u015ftiriyorlar.<\/p>\n<p>Proje \u00e7al\u0131\u015fmalar\u0131, \u00f6\u011frencilerin ba\u011f\u0131ms\u0131z d\u00fc\u015f\u00fcnme, problem \u00e7\u00f6zme ve tak\u0131m \u00e7al\u0131\u015fmas\u0131 gibi \u00f6nemli yeteneklerini peki\u015ftiriyor. Ayr\u0131ca, sa\u011fl\u0131k sekt\u00f6r\u00fcnde kar\u015f\u0131la\u015f\u0131lan ger\u00e7ek sorunlara yarat\u0131c\u0131 \u00e7\u00f6z\u00fcmler \u00fcretilmesine katk\u0131da bulunarak, \u00f6\u011frencileri gelecekteki meslek ya\u015famlar\u0131na haz\u0131rl\u0131yor.<\/p>\n<p>Bitirme projeleri, Atat\u00fcrk \u00dcniversitesi Klinik Bilimler B\u00f6l\u00fcm\u00fc'n\u00fcn e\u011fitim anlay\u0131\u015f\u0131n\u0131n \u00f6nemli bir par\u00e7as\u0131n\u0131 olu\u015fturuyor. Bu projeler arac\u0131l\u0131\u011f\u0131yla, b\u00f6l\u00fcm\u00fcn misyonuna uygun olarak sa\u011fl\u0131k alan\u0131nda yetkin ve donan\u0131ml\u0131 bireyler yeti\u015ftirilmesi hedefleniyor.<\/p>\n<\/html><\/a>\n\t\t\t\t\t<\/div>\n\t\t\t\t\t<div id=\"elementor-tab-content-1101\" class=\"elementor-tab-content elementor-clearfix\" data-tab=\"1\" role=\"region\" aria-labelledby=\"elementor-tab-title-1101\"><html>\n<p>Atat\u00fcrk \u00dcniversitesi Klinik Bilimler B\u00f6l\u00fcm\u00fc, \u00f6\u011frencilerin mesleki geli\u015fimlerini desteklemek amac\u0131yla \u00e7e\u015fitli bitirme projeleri y\u00fcr\u00fct\u00fcyor. Bu projeler, \u00f6\u011frencilerin teorik bilgileri prati\u011fe d\u00f6kerek sa\u011fl\u0131k alan\u0131ndaki g\u00fcncel sorunlara \u00e7\u00f6z\u00fcmler \u00fcretmelerini hedefliyor.<\/p>\n<p>Bitirme projelerinin konusu genellikle sa\u011fl\u0131k hizmetlerinin kalitesini art\u0131rmaya, hastalar\u0131n ya\u015fam ko\u015fullar\u0131n\u0131 iyile\u015ftirmeye veya t\u0131bbi teknolojiyi geli\u015ftirmeye y\u00f6nelik oluyor. \u00d6\u011frenciler, akademik dan\u0131\u015fmanlar\u0131n\u0131n rehberli\u011finde bu projeleri ger\u00e7ekle\u015ftirdiklerinde, ara\u015ft\u0131rma yapma, veri toplama, analiz doing ve sonu\u00e7lar\u0131 sunma becerilerini geli\u015ftiriyorlar.<\/p>\n<p>Proje \u00e7al\u0131\u015fmalar\u0131, \u00f6\u011frencilerin ba\u011f\u0131ms\u0131z d\u00fc\u015f\u00fcnme, problem \u00e7\u00f6zme ve tak\u0131m \u00e7al\u0131\u015fmas\u0131 gibi \u00f6nemli yeteneklerini peki\u015ftiriyor. Ayr\u0131ca, sa\u011fl\u0131k sekt\u00f6r\u00fcnde kar\u015f\u0131la\u015f\u0131lan ger\u00e7ek sorunlara yarat\u0131c\u0131 \u00e7\u00f6z\u00fcmler \u00fcretilmesine katk\u0131da bulunarak, \u00f6\u011frencileri gelecekteki meslek ya\u015famlar\u0131na haz\u0131rl\u0131yor.<\/p>\n<p>Bitirme projeleri, Atat\u00fcrk \u00dcniversitesi Klinik Bilimler B\u00f6l\u00fcm\u00fc&#8217;n\u00fcn e\u011fitim anlay\u0131\u015f\u0131n\u0131n \u00f6nemli bir par\u00e7as\u0131n\u0131 olu\u015fturuyor. Bu projeler arac\u0131l\u0131\u011f\u0131yla, b\u00f6l\u00fcm\u00fcn misyonuna uygun olarak sa\u011fl\u0131k alan\u0131nda yetkin ve donan\u0131ml\u0131 bireyler yeti\u015ftirilmesi hedefleniyor.<\/p>\n<\/html><\/div>\n\t\t\t\t<\/div>\n\t\t\t\t\t\t\t<div class=\"elementor-accordion-item\">\n\t\t\t\t\t<div id=\"elementor-tab-title-1102\" class=\"elementor-tab-title\" data-tab=\"2\" role=\"button\" aria-controls=\"elementor-tab-content-1102\" aria-expanded=\"false\">\n\t\t\t\t\t\t\t\t\t\t\t\t\t<span class=\"elementor-accordion-icon elementor-accordion-icon-left\" aria-hidden=\"true\">\n\t\t\t\t\t\t\t\t\t\t\t\t\t\t\t<span class=\"elementor-accordion-icon-closed\"><i class=\"fas fa-plus\"><\/i><\/span>\n\t\t\t\t\t\t\t\t<span class=\"elementor-accordion-icon-opened\"><i class=\"fas fa-minus\"><\/i><\/span>\n\t\t\t\t\t\t\t\t\t\t\t\t\t\t<\/span>\n\t\t\t\t\t\t\t\t\t\t\t\t<a class=\"elementor-accordion-title\" tabindex=\"0\"><html>\n<p>Atat\u00fcrk \u00dcniversitesi Klinik Bilimler B\u00f6l\u00fcm\u00fc, \u00f6\u011frencilerin mesleki geli\u015fimlerini desteklemek amac\u0131yla \u00e7e\u015fitli bitirme projeleri y\u00fcr\u00fct\u00fcyor. Bu projeler, \u00f6\u011frencilerin teorik bilgileri prati\u011fe d\u00f6kerek sa\u011fl\u0131k alan\u0131ndaki g\u00fcncel sorunlara \u00e7\u00f6z\u00fcmler \u00fcretmelerini hedefliyor.<\/p>\n<p>Bitirme projelerinin konusu genellikle sa\u011fl\u0131k hizmetlerinin kalitesini art\u0131rmaya, hastalar\u0131n ya\u015fam ko\u015fullar\u0131n\u0131 iyile\u015ftirmeye veya t\u0131bbi teknolojiyi geli\u015ftirmeye y\u00f6nelik oluyor. \u00d6\u011frenciler, akademik dan\u0131\u015fmanlar\u0131n\u0131n rehberli\u011finde bu projeleri ger\u00e7ekle\u015ftirdiklerinde, ara\u015ft\u0131rma yapma, veri toplama, analiz doing ve sonu\u00e7lar\u0131 sunma becerilerini geli\u015ftiriyorlar.<\/p>\n<p>Proje \u00e7al\u0131\u015fmalar\u0131, \u00f6\u011frencilerin ba\u011f\u0131ms\u0131z d\u00fc\u015f\u00fcnme, problem \u00e7\u00f6zme ve tak\u0131m \u00e7al\u0131\u015fmas\u0131 gibi \u00f6nemli yeteneklerini peki\u015ftiriyor. Ayr\u0131ca, sa\u011fl\u0131k sekt\u00f6r\u00fcnde kar\u015f\u0131la\u015f\u0131lan ger\u00e7ek sorunlara yarat\u0131c\u0131 \u00e7\u00f6z\u00fcmler \u00fcretilmesine katk\u0131da bulunarak, \u00f6\u011frencileri gelecekteki meslek ya\u015famlar\u0131na haz\u0131rl\u0131yor.<\/p>\n<p>Bitirme projeleri, Atat\u00fcrk \u00dcniversitesi Klinik Bilimler B\u00f6l\u00fcm\u00fc'n\u00fcn e\u011fitim anlay\u0131\u015f\u0131n\u0131n \u00f6nemli bir par\u00e7as\u0131n\u0131 olu\u015fturuyor. Bu projeler arac\u0131l\u0131\u011f\u0131yla, b\u00f6l\u00fcm\u00fcn misyonuna uygun olarak sa\u011fl\u0131k alan\u0131nda yetkin ve donan\u0131ml\u0131 bireyler yeti\u015ftirilmesi hedefleniyor.<\/p>\n<\/html><\/a>\n\t\t\t\t\t<\/div>\n\t\t\t\t\t<div id=\"elementor-tab-content-1102\" class=\"elementor-tab-content elementor-clearfix\" data-tab=\"2\" role=\"region\" aria-labelledby=\"elementor-tab-title-1102\"><html>\n<p>Atat\u00fcrk \u00dcniversitesi Klinik Bilimler B\u00f6l\u00fcm\u00fc, \u00f6\u011frencilerin mesleki geli\u015fimlerini desteklemek amac\u0131yla \u00e7e\u015fitli bitirme projeleri y\u00fcr\u00fct\u00fcyor. Bu projeler, \u00f6\u011frencilerin teorik bilgileri prati\u011fe d\u00f6kerek sa\u011fl\u0131k alan\u0131ndaki g\u00fcncel sorunlara \u00e7\u00f6z\u00fcmler \u00fcretmelerini hedefliyor.<\/p>\n<p>Bitirme projelerinin konusu genellikle sa\u011fl\u0131k hizmetlerinin kalitesini art\u0131rmaya, hastalar\u0131n ya\u015fam ko\u015fullar\u0131n\u0131 iyile\u015ftirmeye veya t\u0131bbi teknolojiyi geli\u015ftirmeye y\u00f6nelik oluyor. \u00d6\u011frenciler, akademik dan\u0131\u015fmanlar\u0131n\u0131n rehberli\u011finde bu projeleri ger\u00e7ekle\u015ftirdiklerinde, ara\u015ft\u0131rma yapma, veri toplama, analiz doing ve sonu\u00e7lar\u0131 sunma becerilerini geli\u015ftiriyorlar.<\/p>\n<p>Proje \u00e7al\u0131\u015fmalar\u0131, \u00f6\u011frencilerin ba\u011f\u0131ms\u0131z d\u00fc\u015f\u00fcnme, problem \u00e7\u00f6zme ve tak\u0131m \u00e7al\u0131\u015fmas\u0131 gibi \u00f6nemli yeteneklerini peki\u015ftiriyor. Ayr\u0131ca, sa\u011fl\u0131k sekt\u00f6r\u00fcnde kar\u015f\u0131la\u015f\u0131lan ger\u00e7ek sorunlara yarat\u0131c\u0131 \u00e7\u00f6z\u00fcmler \u00fcretilmesine katk\u0131da bulunarak, \u00f6\u011frencileri gelecekteki meslek ya\u015famlar\u0131na haz\u0131rl\u0131yor.<\/p>\n<p>Bitirme projeleri, Atat\u00fcrk \u00dcniversitesi Klinik Bilimler B\u00f6l\u00fcm\u00fc&#8217;n\u00fcn e\u011fitim anlay\u0131\u015f\u0131n\u0131n \u00f6nemli bir par\u00e7as\u0131n\u0131 olu\u015fturuyor. Bu projeler arac\u0131l\u0131\u011f\u0131yla, b\u00f6l\u00fcm\u00fcn misyonuna uygun olarak sa\u011fl\u0131k alan\u0131nda yetkin ve donan\u0131ml\u0131 bireyler yeti\u015ftirilmesi hedefleniyor.<\/p>\n<\/html><\/div>\n\t\t\t\t<\/div>\n\t\t\t\t\t\t\t\t<\/div>\n\t\t\t\t\t\t<\/div>\n\t\t\t\t<\/div>\n\t\t\t\t\t<\/div>\n\t\t<\/div>\n\t\t\t\t\t<\/div>\n\t\t<\/section>\n\t\t\t\t<\/div>\n\t\t","protected":false},"excerpt":{"rendered":"<p>**Bitirme Projeleri** Klinik Bilimler B\u00f6l\u00fcm\u00fc olarak \u00f6\u011frencilerimizin mezun olmadan \u00f6nce teorik bilgilerini pratik uygulamalarla peki\u015ftirmelerini ama\u00e7l\u0131yoruz. Bu ba\u011flamda, bitirme projeleri bizim i\u00e7in b\u00fcy\u00fck \u00f6nem ta\u015f\u0131maktad\u0131r. Bitirme projeleri, \u00f6\u011frencilerin ba\u011f\u0131ms\u0131z olarak bir ara\u015ft\u0131rma veya proje konusu se\u00e7erek bu konuyu derinlemesine incelemelerine ve sonu\u00e7lar\u0131n\u0131 sunmalar\u0131na olanak tan\u0131r. **Neden Bitirme Projesi?** Bitirme projelerinin several faydalar\u0131 vard\u0131r: &#8211; \u00d6\u011frencilere [&hellip;]<\/p>\n","protected":false},"author":1,"featured_media":0,"parent":0,"menu_order":0,"comment_status":"closed","ping_status":"closed","template":"elementor_header_footer","meta":{"footnotes":""},"class_list":["post-5800","page","type-page","status-publish","hentry"],"_links":{"self":[{"href":"https:\/\/atauni.edu.tr\/klinik-bilimler-bolumu\/wp-json\/wp\/v2\/pages\/5800","targetHints":{"allow":["GET"]}}],"collection":[{"href":"https:\/\/atauni.edu.tr\/klinik-bilimler-bolumu\/wp-json\/wp\/v2\/pages"}],"about":[{"href":"https:\/\/atauni.edu.tr\/klinik-bilimler-bolumu\/wp-json\/wp\/v2\/types\/page"}],"author":[{"embeddable":true,"href":"https:\/\/atauni.edu.tr\/klinik-bilimler-bolumu\/wp-json\/wp\/v2\/users\/1"}],"replies":[{"embeddable":true,"href":"https:\/\/atauni.edu.tr\/klinik-bilimler-bolumu\/wp-json\/wp\/v2\/comments?post=5800"}],"version-history":[{"count":11,"href":"https:\/\/atauni.edu.tr\/klinik-bilimler-bolumu\/wp-json\/wp\/v2\/pages\/5800\/revisions"}],"predecessor-version":[{"id":6091,"href":"https:\/\/atauni.edu.tr\/klinik-bilimler-bolumu\/wp-json\/wp\/v2\/pages\/5800\/revisions\/6091"}],"wp:attachment":[{"href":"https:\/\/atauni.edu.tr\/klinik-bilimler-bolumu\/wp-json\/wp\/v2\/media?parent=5800"}],"curies":[{"name":"wp","href":"https:\/\/api.w.org\/{rel}","templated":true}]}}