{"id":5638,"date":"2021-07-13T09:49:25","date_gmt":"2021-07-13T06:49:25","guid":{"rendered":"https:\/\/portaltest.atauni.edu.tr\/bilgisayar-muhendisligi\/?page_id=5638"},"modified":"2021-09-13T10:21:35","modified_gmt":"2021-09-13T07:21:35","slug":"tarihce","status":"publish","type":"page","link":"https:\/\/atauni.edu.tr\/klinik-oncesi-bilimler-bolumu\/tarihce\/","title":{"rendered":"Tarih\u00e7e"},"content":{"rendered":"\t\t<div data-elementor-type=\"wp-page\" data-elementor-id=\"5638\" class=\"elementor elementor-5638\" data-elementor-post-type=\"page\">\n\t\t\t\t\t\t<section class=\"elementor-section elementor-top-section elementor-element elementor-element-730d320 elementor-section-boxed elementor-section-height-default elementor-section-height-default\" data-id=\"730d320\" data-element_type=\"section\">\n\t\t\t\t\t\t<div class=\"elementor-container elementor-column-gap-default\">\n\t\t\t\t\t<div class=\"elementor-column elementor-col-100 elementor-top-column elementor-element elementor-element-753d0860\" data-id=\"753d0860\" data-element_type=\"column\">\n\t\t\t<div class=\"elementor-widget-wrap\">\n\t\t\t\t\t\t\t<\/div>\n\t\t<\/div>\n\t\t\t\t\t<\/div>\n\t\t<\/section>\n\t\t\t\t<section class=\"elementor-section elementor-top-section elementor-element elementor-element-9be811a elementor-section-boxed elementor-section-height-default elementor-section-height-default\" data-id=\"9be811a\" data-element_type=\"section\">\n\t\t\t\t\t\t<div class=\"elementor-container elementor-column-gap-default\">\n\t\t\t\t\t<div class=\"elementor-column elementor-col-100 elementor-top-column elementor-element elementor-element-1ed847b7\" data-id=\"1ed847b7\" data-element_type=\"column\">\n\t\t\t<div class=\"elementor-widget-wrap elementor-element-populated\">\n\t\t\t\t\t\t<div class=\"elementor-element elementor-element-4ce0d07f elementor-widget elementor-widget-heading\" data-id=\"4ce0d07f\" data-element_type=\"widget\" data-widget_type=\"heading.default\">\n\t\t\t\t<div class=\"elementor-widget-container\">\n\t\t\t\t\t<h2 class=\"elementor-heading-title elementor-size-default\">Tarih\u00e7e<\/h2>\t\t\t\t<\/div>\n\t\t\t\t<\/div>\n\t\t\t\t<div class=\"elementor-element elementor-element-63260862 elementor-widget-divider--view-line elementor-widget elementor-widget-divider\" data-id=\"63260862\" data-element_type=\"widget\" data-widget_type=\"divider.default\">\n\t\t\t\t<div class=\"elementor-widget-container\">\n\t\t\t\t\t\t\t<div class=\"elementor-divider\">\n\t\t\t<span class=\"elementor-divider-separator\">\n\t\t\t\t\t\t<\/span>\n\t\t<\/div>\n\t\t\t\t\t\t<\/div>\n\t\t\t\t<\/div>\n\t\t\t\t\t<\/div>\n\t\t<\/div>\n\t\t\t\t\t<\/div>\n\t\t<\/section>\n\t\t\t\t<section class=\"elementor-section elementor-top-section elementor-element elementor-element-681db8b elementor-section-boxed elementor-section-height-default elementor-section-height-default\" data-id=\"681db8b\" data-element_type=\"section\">\n\t\t\t\t\t\t<div class=\"elementor-container elementor-column-gap-default\">\n\t\t\t\t\t<div class=\"elementor-column elementor-col-100 elementor-top-column elementor-element elementor-element-ad4dac5\" data-id=\"ad4dac5\" data-element_type=\"column\">\n\t\t\t<div class=\"elementor-widget-wrap elementor-element-populated\">\n\t\t\t\t\t\t<div class=\"elementor-element elementor-element-2f96b3d elementor-widget elementor-widget-text-editor\" data-id=\"2f96b3d\" data-element_type=\"widget\" data-widget_type=\"text-editor.default\">\n\t\t\t\t<div class=\"elementor-widget-container\">\n\t\t\t\t\t\t\t\t\t<p>Atat\u00fcrk \u00dcniversitesi Klinik \u00d6ncesi Bilimler B\u00f6l\u00fcm\u00fc&#8217;n\u00fcn tarihi, e\u011fitim ve ara\u015ft\u0131rma alan\u0131ndaki k\u00f6kl\u00fc ge\u00e7mi\u015fe dayanmaktad\u0131r. B\u00f6l\u00fcm\u00fcn olu\u015fumu ve geli\u015fimi, t\u0131p e\u011fitiminin farkl\u0131 disiplinlerine odaklanan \u00e7e\u015fitli birimlerin bir araya gelmesi sonucu ger\u00e7ekle\u015fmi\u015ftir.<\/p>\n<p>B\u00f6l\u00fcm\u00fcn ana hedefi, sa\u011fl\u0131k bilimleri alan\u0131nda uzmanl\u0131k kazand\u0131rarak \u00f6\u011frencilere geni\u015f bir perspektif sunmakt\u0131r. Bu ama\u00e7la, b\u00f6l\u00fcm b\u00fcnyesinde various ara\u015ft\u0131rma gruplar\u0131 ve laboratuvarlar faaliyet g\u00f6stermekte olup, \u00f6\u011frencilerin teorik bilgileri pratik uygulamalarla peki\u015ftirmesine olanak tan\u0131nmaktad\u0131r.<\/p>\n<p>Klinik \u00d6ncesi Bilimler B\u00f6l\u00fcm\u00fc, t\u0131p e\u011fitiminin temelini olu\u015fturan anatomi, histoloji, embriyoloji, biyokimya, fizyoloji ve benzeri derslerin \u00f6\u011fretimi \u00fczerine odaklanmaktad\u0131r. Ayr\u0131ca, b\u00f6l\u00fcm\u00fcn m\u00fcfredat\u0131, \u00f6\u011frencilerin g\u00fcncel geli\u015fmeleri takip edebilmesi ve ara\u015ft\u0131rma becerilerini geli\u015ftirebilmesi i\u00e7in tasarlanm\u0131\u015ft\u0131r.<\/p>\n<p>B\u00f6l\u00fcm, akademik kadrosunun geni\u015f experiencia ve uzmanl\u0131klar\u0131 sayesinde, \u00f6\u011frencilere zengin bir \u00f6\u011frenim deneyimi sunar. \u00d6\u011fretim \u00fcyeleri, ulusal ve uluslararas\u0131 d\u00fczeyde sayg\u0131n yay\u0131nlar yapmi\u015f ve \u00e7e\u015fitli projelerde g\u00f6rev alm\u0131\u015flard\u0131r.<\/p>\n<p>Atat\u00fcrk \u00dcniversitesi Klinik \u00d6ncesi Bilimler B\u00f6l\u00fcm\u00fc, sa\u011fl\u0131k alan\u0131nda gelece\u011fin uzmanlar\u0131n\u0131 yeti\u015ftirmeyi ama\u00e7lamaktad\u0131r. Bu hedefe ula\u015fmak i\u00e7in, b\u00f6l\u00fcm s\u00fcrekli olarak kendini g\u00fcncellemekte ve e\u011fitim-ara\u015ft\u0131rma faaliyetlerini geli\u015ftirmektedir.<\/p>\t\t\t\t\t\t\t\t<\/div>\n\t\t\t\t<\/div>\n\t\t\t\t\t<\/div>\n\t\t<\/div>\n\t\t\t\t\t<\/div>\n\t\t<\/section>\n\t\t\t\t<\/div>\n\t\t","protected":false},"excerpt":{"rendered":"","protected":false},"author":1,"featured_media":0,"parent":0,"menu_order":0,"comment_status":"closed","ping_status":"closed","template":"","meta":{"footnotes":""},"class_list":["post-5638","page","type-page","status-publish","hentry"],"_links":{"self":[{"href":"https:\/\/atauni.edu.tr\/klinik-oncesi-bilimler-bolumu\/wp-json\/wp\/v2\/pages\/5638","targetHints":{"allow":["GET"]}}],"collection":[{"href":"https:\/\/atauni.edu.tr\/klinik-oncesi-bilimler-bolumu\/wp-json\/wp\/v2\/pages"}],"about":[{"href":"https:\/\/atauni.edu.tr\/klinik-oncesi-bilimler-bolumu\/wp-json\/wp\/v2\/types\/page"}],"author":[{"embeddable":true,"href":"https:\/\/atauni.edu.tr\/klinik-oncesi-bilimler-bolumu\/wp-json\/wp\/v2\/users\/1"}],"replies":[{"embeddable":true,"href":"https:\/\/atauni.edu.tr\/klinik-oncesi-bilimler-bolumu\/wp-json\/wp\/v2\/comments?post=5638"}],"version-history":[{"count":22,"href":"https:\/\/atauni.edu.tr\/klinik-oncesi-bilimler-bolumu\/wp-json\/wp\/v2\/pages\/5638\/revisions"}],"predecessor-version":[{"id":6117,"href":"https:\/\/atauni.edu.tr\/klinik-oncesi-bilimler-bolumu\/wp-json\/wp\/v2\/pages\/5638\/revisions\/6117"}],"wp:attachment":[{"href":"https:\/\/atauni.edu.tr\/klinik-oncesi-bilimler-bolumu\/wp-json\/wp\/v2\/media?parent=5638"}],"curies":[{"name":"wp","href":"https:\/\/api.w.org\/{rel}","templated":true}]}}