{"id":5728,"date":"2021-07-13T11:33:38","date_gmt":"2021-07-13T08:33:38","guid":{"rendered":"https:\/\/portaltest.atauni.edu.tr\/bilgisayar-muhendisligi\/?page_id=5728"},"modified":"2021-08-27T15:49:46","modified_gmt":"2021-08-27T12:49:46","slug":"bolum-tanitimi","status":"publish","type":"page","link":"https:\/\/atauni.edu.tr\/klinik-oncesi-bilimler-bolumu\/bolum-tanitimi\/","title":{"rendered":"B\u00f6l\u00fcm Tan\u0131t\u0131m\u0131"},"content":{"rendered":"\t\t<div data-elementor-type=\"wp-page\" data-elementor-id=\"5728\" class=\"elementor elementor-5728\" data-elementor-post-type=\"page\">\n\t\t\t\t\t\t<section class=\"elementor-section elementor-top-section elementor-element elementor-element-730d320 elementor-section-boxed elementor-section-height-default elementor-section-height-default\" data-id=\"730d320\" data-element_type=\"section\">\n\t\t\t\t\t\t<div class=\"elementor-container elementor-column-gap-default\">\n\t\t\t\t\t<div class=\"elementor-column elementor-col-100 elementor-top-column elementor-element elementor-element-753d0860\" data-id=\"753d0860\" data-element_type=\"column\">\n\t\t\t<div class=\"elementor-widget-wrap\">\n\t\t\t\t\t\t\t<\/div>\n\t\t<\/div>\n\t\t\t\t\t<\/div>\n\t\t<\/section>\n\t\t\t\t<section class=\"elementor-section elementor-top-section elementor-element elementor-element-9be811a elementor-section-boxed elementor-section-height-default elementor-section-height-default\" data-id=\"9be811a\" data-element_type=\"section\">\n\t\t\t\t\t\t<div class=\"elementor-container elementor-column-gap-default\">\n\t\t\t\t\t<div class=\"elementor-column elementor-col-100 elementor-top-column elementor-element elementor-element-1ed847b7\" data-id=\"1ed847b7\" data-element_type=\"column\">\n\t\t\t<div class=\"elementor-widget-wrap elementor-element-populated\">\n\t\t\t\t\t\t<div class=\"elementor-element elementor-element-4ce0d07f elementor-widget elementor-widget-heading\" data-id=\"4ce0d07f\" data-element_type=\"widget\" data-widget_type=\"heading.default\">\n\t\t\t\t<div class=\"elementor-widget-container\">\n\t\t\t\t\t<h2 class=\"elementor-heading-title elementor-size-default\">B\u00f6l\u00fcm Tan\u0131t\u0131m\u0131<\/h2>\t\t\t\t<\/div>\n\t\t\t\t<\/div>\n\t\t\t\t<div class=\"elementor-element elementor-element-63260862 elementor-widget-divider--view-line elementor-widget elementor-widget-divider\" data-id=\"63260862\" data-element_type=\"widget\" data-widget_type=\"divider.default\">\n\t\t\t\t<div class=\"elementor-widget-container\">\n\t\t\t\t\t\t\t<div class=\"elementor-divider\">\n\t\t\t<span class=\"elementor-divider-separator\">\n\t\t\t\t\t\t<\/span>\n\t\t<\/div>\n\t\t\t\t\t\t<\/div>\n\t\t\t\t<\/div>\n\t\t\t\t\t<\/div>\n\t\t<\/div>\n\t\t\t\t\t<\/div>\n\t\t<\/section>\n\t\t\t\t<section class=\"elementor-section elementor-top-section elementor-element elementor-element-681db8b elementor-section-boxed elementor-section-height-default elementor-section-height-default\" data-id=\"681db8b\" data-element_type=\"section\">\n\t\t\t\t\t\t<div class=\"elementor-container elementor-column-gap-default\">\n\t\t\t\t\t<div class=\"elementor-column elementor-col-100 elementor-top-column elementor-element elementor-element-ad4dac5\" data-id=\"ad4dac5\" data-element_type=\"column\">\n\t\t\t<div class=\"elementor-widget-wrap elementor-element-populated\">\n\t\t\t\t\t\t<div class=\"elementor-element elementor-element-2f96b3d elementor-widget elementor-widget-text-editor\" data-id=\"2f96b3d\" data-element_type=\"widget\" data-widget_type=\"text-editor.default\">\n\t\t\t\t<div class=\"elementor-widget-container\">\n\t\t\t\t\t\t\t\t\t<p>Atat\u00fcrk \u00dcniversitesi Klinik \u00d6ncesi Bilimler B\u00f6l\u00fcm\u00fc, sa\u011fl\u0131k bilimleri alan\u0131nda e\u011fitim veren \u00f6nc\u00fc bir b\u00f6l\u00fcmd\u00fcr. Bu b\u00f6l\u00fcm, \u00f6\u011frencilere t\u0131p ve sa\u011fl\u0131kla ilgili temel bilimlerin yan\u0131 s\u0131ra klinik \u00f6ncesi bilgi ve becerileri kazand\u0131rmay\u0131 ama\u00e7lar.<\/p>\n<p>B\u00f6l\u00fcm\u00fcn amac\u0131, gelece\u011fin sa\u011fl\u0131k profesyonellerini yeti\u015ftirmek ve sa\u011fl\u0131k sekt\u00f6r\u00fcnde ihtiya\u00e7 duyulan kalifiye elemanlar\u0131 yeti\u015ftirerek toplumun sa\u011fl\u0131k ihtiya\u00e7lar\u0131n\u0131 kar\u015f\u0131lamakt\u0131r. \u00d6\u011frencilere, anatomi, histoloji, biyokimya, fizyoloji ve farmakoloji gibi temel bilim dallar\u0131nda derinlemesine bilgi verilir.<\/p>\n<p>Ayr\u0131ca, \u00f6\u011frencilerin klinik uygulamalar\u0131 anlamas\u0131 ve sa\u011fl\u0131k hizmetlerinin sunumunda aktif rol almas\u0131 i\u00e7in gerekli teorik ve pratik e\u011fitimler sa\u011flan\u0131r. B\u00f6l\u00fcm\u00fcn m\u00fcfredat\u0131, g\u00fcncel geli\u015fmeler \u0131\u015f\u0131\u011f\u0131nda s\u00fcrekli g\u00fcncellenir ve zenginle\u015ftirilir.<\/p>\n<p>\u00d6\u011frencilere, laboratuvar \u00e7al\u0131\u015fmalar\u0131, at\u00f6lye uygulamalar\u0131 ve projeler arac\u0131l\u0131\u011f\u0131yla pratik deneyim kazand\u0131r\u0131l\u0131r. Bu sayede, mezunlar sa\u011fl\u0131k sekt\u00f6r\u00fcnde \u00e7e\u015fitli pozisyonlarda g\u00f6rev alabilecek donan\u0131ma sahip olurlar.<\/p>\n<p>B\u00f6l\u00fcm\u00fcn e\u011fitim hedefleri aras\u0131nda, \u00f6\u011frencilerin ba\u011f\u0131ms\u0131z d\u00fc\u015f\u00fcnebilmeleri, sorunlara \u00e7\u00f6z\u00fcm \u00fcretebilmeleri ve tak\u0131m i\u00e7inde hi\u1ec7u \u015fekilde \u00e7al\u0131\u015fabilmeleri yer al\u0131r. Ayr\u0131ca, etik de\u011ferlere sayg\u0131l\u0131, toplumsal sorumluluk bilincine sahip ve s\u00fcrekli \u00f6\u011frenme iste\u011fi olan sa\u011fl\u0131k profesyonelleri yeti\u015ftirmek de b\u00f6l\u00fcm\u00fcn temel ama\u00e7lar\u0131 aras\u0131ndad\u0131r.<\/p>\t\t\t\t\t\t\t\t<\/div>\n\t\t\t\t<\/div>\n\t\t\t\t\t<\/div>\n\t\t<\/div>\n\t\t\t\t\t<\/div>\n\t\t<\/section>\n\t\t\t\t<\/div>\n\t\t","protected":false},"excerpt":{"rendered":"","protected":false},"author":1,"featured_media":0,"parent":0,"menu_order":0,"comment_status":"closed","ping_status":"closed","template":"elementor_header_footer","meta":{"footnotes":""},"class_list":["post-5728","page","type-page","status-publish","hentry"],"_links":{"self":[{"href":"https:\/\/atauni.edu.tr\/klinik-oncesi-bilimler-bolumu\/wp-json\/wp\/v2\/pages\/5728","targetHints":{"allow":["GET"]}}],"collection":[{"href":"https:\/\/atauni.edu.tr\/klinik-oncesi-bilimler-bolumu\/wp-json\/wp\/v2\/pages"}],"about":[{"href":"https:\/\/atauni.edu.tr\/klinik-oncesi-bilimler-bolumu\/wp-json\/wp\/v2\/types\/page"}],"author":[{"embeddable":true,"href":"https:\/\/atauni.edu.tr\/klinik-oncesi-bilimler-bolumu\/wp-json\/wp\/v2\/users\/1"}],"replies":[{"embeddable":true,"href":"https:\/\/atauni.edu.tr\/klinik-oncesi-bilimler-bolumu\/wp-json\/wp\/v2\/comments?post=5728"}],"version-history":[{"count":8,"href":"https:\/\/atauni.edu.tr\/klinik-oncesi-bilimler-bolumu\/wp-json\/wp\/v2\/pages\/5728\/revisions"}],"predecessor-version":[{"id":6100,"href":"https:\/\/atauni.edu.tr\/klinik-oncesi-bilimler-bolumu\/wp-json\/wp\/v2\/pages\/5728\/revisions\/6100"}],"wp:attachment":[{"href":"https:\/\/atauni.edu.tr\/klinik-oncesi-bilimler-bolumu\/wp-json\/wp\/v2\/media?parent=5728"}],"curies":[{"name":"wp","href":"https:\/\/api.w.org\/{rel}","templated":true}]}}