{"id":5734,"date":"2021-07-13T11:37:45","date_gmt":"2021-07-13T08:37:45","guid":{"rendered":"https:\/\/portaltest.atauni.edu.tr\/bilgisayar-muhendisligi\/?page_id=5734"},"modified":"2021-08-27T15:50:14","modified_gmt":"2021-08-27T12:50:14","slug":"ogrenci-deneyimi","status":"publish","type":"page","link":"https:\/\/atauni.edu.tr\/klinik-oncesi-bilimler-bolumu\/ogrenci-deneyimi\/","title":{"rendered":"\u00d6\u011frenci Deneyimi"},"content":{"rendered":"\t\t<div data-elementor-type=\"wp-page\" data-elementor-id=\"5734\" class=\"elementor elementor-5734\" data-elementor-post-type=\"page\">\n\t\t\t\t\t\t<section class=\"elementor-section elementor-top-section elementor-element elementor-element-730d320 elementor-section-boxed elementor-section-height-default elementor-section-height-default\" data-id=\"730d320\" data-element_type=\"section\">\n\t\t\t\t\t\t<div class=\"elementor-container elementor-column-gap-default\">\n\t\t\t\t\t<div class=\"elementor-column elementor-col-100 elementor-top-column elementor-element elementor-element-753d0860\" data-id=\"753d0860\" data-element_type=\"column\">\n\t\t\t<div class=\"elementor-widget-wrap\">\n\t\t\t\t\t\t\t<\/div>\n\t\t<\/div>\n\t\t\t\t\t<\/div>\n\t\t<\/section>\n\t\t\t\t<section class=\"elementor-section elementor-top-section elementor-element elementor-element-9be811a elementor-section-boxed elementor-section-height-default elementor-section-height-default\" data-id=\"9be811a\" data-element_type=\"section\">\n\t\t\t\t\t\t<div class=\"elementor-container elementor-column-gap-default\">\n\t\t\t\t\t<div class=\"elementor-column elementor-col-100 elementor-top-column elementor-element elementor-element-1ed847b7\" data-id=\"1ed847b7\" data-element_type=\"column\">\n\t\t\t<div class=\"elementor-widget-wrap elementor-element-populated\">\n\t\t\t\t\t\t<div class=\"elementor-element elementor-element-4ce0d07f elementor-widget elementor-widget-heading\" data-id=\"4ce0d07f\" data-element_type=\"widget\" data-widget_type=\"heading.default\">\n\t\t\t\t<div class=\"elementor-widget-container\">\n\t\t\t\t\t<h2 class=\"elementor-heading-title elementor-size-default\">\u00d6\u011frenci Deneyimi<\/h2>\t\t\t\t<\/div>\n\t\t\t\t<\/div>\n\t\t\t\t<div class=\"elementor-element elementor-element-63260862 elementor-widget-divider--view-line elementor-widget elementor-widget-divider\" data-id=\"63260862\" data-element_type=\"widget\" data-widget_type=\"divider.default\">\n\t\t\t\t<div class=\"elementor-widget-container\">\n\t\t\t\t\t\t\t<div class=\"elementor-divider\">\n\t\t\t<span class=\"elementor-divider-separator\">\n\t\t\t\t\t\t<\/span>\n\t\t<\/div>\n\t\t\t\t\t\t<\/div>\n\t\t\t\t<\/div>\n\t\t\t\t\t<\/div>\n\t\t<\/div>\n\t\t\t\t\t<\/div>\n\t\t<\/section>\n\t\t\t\t<section class=\"elementor-section elementor-top-section elementor-element elementor-element-4debb41 elementor-section-boxed elementor-section-height-default elementor-section-height-default\" data-id=\"4debb41\" data-element_type=\"section\">\n\t\t\t\t\t\t<div class=\"elementor-container elementor-column-gap-default\">\n\t\t\t\t\t<div class=\"elementor-column elementor-col-100 elementor-top-column elementor-element elementor-element-28420b1\" data-id=\"28420b1\" data-element_type=\"column\">\n\t\t\t<div class=\"elementor-widget-wrap elementor-element-populated\">\n\t\t\t\t\t\t<div class=\"elementor-element elementor-element-e007b90 elementor-widget elementor-widget-ova_testimonial\" data-id=\"e007b90\" data-element_type=\"widget\" data-settings=\"{&quot;pause_on_hover&quot;:&quot;yes&quot;,&quot;infinite&quot;:&quot;yes&quot;,&quot;autoplay&quot;:&quot;yes&quot;,&quot;autoplay_speed&quot;:3000,&quot;dot_control&quot;:&quot;yes&quot;}\" data-widget_type=\"ova_testimonial.default\">\n\t\t\t\t<div class=\"elementor-widget-container\">\n\t\t\t\t\t\n\t\t\n\t\t\t<section class=\"ova-testimonial \">\n\t\t\t\t<div class=\"slide-testimonials owl-carousel owl-theme\" data-options=\"{&quot;items&quot;:3,&quot;slideBy&quot;:1,&quot;margin&quot;:30,&quot;autoplayHoverPause&quot;:true,&quot;loop&quot;:true,&quot;autoplay&quot;:true,&quot;autoplayTimeout&quot;:3000,&quot;smartSpeed&quot;:500,&quot;dots&quot;:true}\">\n\t\t\t\t\t\t\t\t\t\t\t<div class=\"item\">\n\t\t\t\t\t\t\t<div class=\"client_info\">\n\t\t\t\t\t\t\t\t\t\t\t\t\t\t\t\t\t<p class=\"evaluate\">Atat\u00fcrk \u00dcniversitesi Klinik \u00d6ncesi Bilimler B\u00f6l\u00fcm\u00fc \u00f6\u011frencileri, zenginle\u015ftirici ve destekleyici bir \u00f6\u011frenim ortam\u0131nda e\u011fitim g\u00f6rme f\u0131rsat\u0131na sahiptirler. \u00d6\u011frencilerin akademik ba\u015far\u0131lar\u0131n\u0131 desteklemek amac\u0131yla \u00e7e\u015fitli kaynaklar ve olanaklar sunulur.\n\nB\u00f6l\u00fcm\u00fcn deneyimli \u00f6\u011fretim \u00fcyeleri, \u00f6\u011frencilere bireysel ilgi g\u00f6stererek onlar\u0131n geli\u015fimini takip eder ve rehberlik yapar. \u00d6\u011fretim \u00fcyelerinin uzmanl\u0131k alanlar\u0131ndaki bilgilerini payla\u015farak, \u00f6\u011frencilerin farkl\u0131 konularda derinlemesine bilgi sahibi olmalar\u0131na yard\u0131mc\u0131 olurlar.\n\n\u00d6\u011frenci kul\u00fcpleri ve sosyal etkinlikler arac\u0131l\u0131\u011f\u0131yla \u00f6\u011frenciler birbirleriyle etkile\u015fime ge\u00e7er, tak\u0131m \u00e7al\u0131\u015fmas\u0131 ve ileti\u015fim becerilerini geli\u015ftirir. \u00d6\u011frencilere ayr\u0131ca staj ve proje \u00e7al\u0131\u015fmalar\u0131 gibi uygulamal\u0131 e\u011fitim f\u0131rsatlar\u0131 sa\u011flanarak, teorik bilgileri pratikte uygulayabilme yetenekleri kazand\u0131r\u0131l\u0131r.\n\nB\u00f6l\u00fcm\u00fcn modern ve donan\u0131ml\u0131 laboratuvar environment\u0131nda \u00f6\u011frenciler, g\u00fcncel ekipman ve teknolojileri kullanarak deneyimler kazan\u0131r. \u00d6\u011frencilerin ara\u015ft\u0131rma ve inovasyon yeteneklerini geli\u015ftirmek amac\u0131yla \u00e7e\u015fitli projelere kat\u0131l\u0131m sa\u011flan\u0131r ve bilimsel \u00e7al\u0131\u015fmalara te\u015fvik edilir.\n\nAtat\u00fcrk \u00dcniversitesi Klinik \u00d6ncesi Bilimler B\u00f6l\u00fcm\u00fcnde ge\u00e7irilen zaman, \u00f6\u011frencilere sadece akademik bir e\u011fitim de\u011fil, ayn\u0131 zamanda ki\u015fisel geli\u015fim ve mesleki haz\u0131rl\u0131k a\u00e7\u0131s\u0131ndan da zengin bir deneyim sunar.<\/p>\n\t\t\t\t\t\t\t\t\n\t\t\t\t\t\t\t\t<div class=\"info\">\n\t\t\t\t\t\t\t\t\t\t\t\t\t\t\t\t\t\t<div class=\"name-job\">\n\t\t\t\t\t\t\t\t\t\t\t\t\t\t\t\t\t\t\t\t\t<p class=\"name second_font\">Atat\u00fcrk \u00dcniversitesi Klinik \u00d6ncesi Bilimler B\u00f6l\u00fcm\u00fc \u00f6\u011frencileri, zenginle\u015ftirici ve destekleyici bir \u00f6\u011frenim ortam\u0131nda e\u011fitim g\u00f6rme f\u0131rsat\u0131na sahiptirler. \u00d6\u011frencilerin akademik ba\u015far\u0131lar\u0131n\u0131 desteklemek amac\u0131yla \u00e7e\u015fitli kaynaklar ve olanaklar sunulur.\n\nB\u00f6l\u00fcm\u00fcn deneyimli \u00f6\u011fretim \u00fcyeleri, \u00f6\u011frencilere bireysel ilgi g\u00f6stererek onlar\u0131n geli\u015fimini takip eder ve rehberlik yapar. \u00d6\u011fretim \u00fcyelerinin uzmanl\u0131k alanlar\u0131ndaki bilgilerini payla\u015farak, \u00f6\u011frencilerin farkl\u0131 konularda derinlemesine bilgi sahibi olmalar\u0131na yard\u0131mc\u0131 olurlar.\n\n\u00d6\u011frenci kul\u00fcpleri ve sosyal etkinlikler arac\u0131l\u0131\u011f\u0131yla \u00f6\u011frenciler birbirleriyle etkile\u015fime ge\u00e7er, tak\u0131m \u00e7al\u0131\u015fmas\u0131 ve ileti\u015fim becerilerini geli\u015ftirir. \u00d6\u011frencilere ayr\u0131ca staj ve proje \u00e7al\u0131\u015fmalar\u0131 gibi uygulamal\u0131 e\u011fitim f\u0131rsatlar\u0131 sa\u011flanarak, teorik bilgileri pratikte uygulayabilme yetenekleri kazand\u0131r\u0131l\u0131r.\n\nB\u00f6l\u00fcm\u00fcn modern ve donan\u0131ml\u0131 laboratuvar environment\u0131nda \u00f6\u011frenciler, g\u00fcncel ekipman ve teknolojileri kullanarak deneyimler kazan\u0131r. \u00d6\u011frencilerin ara\u015ft\u0131rma ve inovasyon yeteneklerini geli\u015ftirmek amac\u0131yla \u00e7e\u015fitli projelere kat\u0131l\u0131m sa\u011flan\u0131r ve bilimsel \u00e7al\u0131\u015fmalara te\u015fvik edilir.\n\nAtat\u00fcrk \u00dcniversitesi Klinik \u00d6ncesi Bilimler B\u00f6l\u00fcm\u00fcnde ge\u00e7irilen zaman, \u00f6\u011frencilere sadece akademik bir e\u011fitim de\u011fil, ayn\u0131 zamanda ki\u015fisel geli\u015fim ve mesleki haz\u0131rl\u0131k a\u00e7\u0131s\u0131ndan da zengin bir deneyim sunar.<\/p>\n\t\t\t\t\t\t\t\t\t\t\t\t\t\t\t\t\t\t\t\t\t\t\t\t\t\t\t\t\t\t\t<p class=\"job\">Atat\u00fcrk \u00dcniversitesi Klinik \u00d6ncesi Bilimler B\u00f6l\u00fcm\u00fc \u00f6\u011frencileri, zenginle\u015ftirici ve destekleyici bir \u00f6\u011frenim ortam\u0131nda e\u011fitim g\u00f6rme f\u0131rsat\u0131na sahiptirler. \u00d6\u011frencilerin akademik ba\u015far\u0131lar\u0131n\u0131 desteklemek amac\u0131yla \u00e7e\u015fitli kaynaklar ve olanaklar sunulur.\n\nB\u00f6l\u00fcm\u00fcn deneyimli \u00f6\u011fretim \u00fcyeleri, \u00f6\u011frencilere bireysel ilgi g\u00f6stererek onlar\u0131n geli\u015fimini takip eder ve rehberlik yapar. \u00d6\u011fretim \u00fcyelerinin uzmanl\u0131k alanlar\u0131ndaki bilgilerini payla\u015farak, \u00f6\u011frencilerin farkl\u0131 konularda derinlemesine bilgi sahibi olmalar\u0131na yard\u0131mc\u0131 olurlar.\n\n\u00d6\u011frenci kul\u00fcpleri ve sosyal etkinlikler arac\u0131l\u0131\u011f\u0131yla \u00f6\u011frenciler birbirleriyle etkile\u015fime ge\u00e7er, tak\u0131m \u00e7al\u0131\u015fmas\u0131 ve ileti\u015fim becerilerini geli\u015ftirir. \u00d6\u011frencilere ayr\u0131ca staj ve proje \u00e7al\u0131\u015fmalar\u0131 gibi uygulamal\u0131 e\u011fitim f\u0131rsatlar\u0131 sa\u011flanarak, teorik bilgileri pratikte uygulayabilme yetenekleri kazand\u0131r\u0131l\u0131r.\n\nB\u00f6l\u00fcm\u00fcn modern ve donan\u0131ml\u0131 laboratuvar environment\u0131nda \u00f6\u011frenciler, g\u00fcncel ekipman ve teknolojileri kullanarak deneyimler kazan\u0131r. \u00d6\u011frencilerin ara\u015ft\u0131rma ve inovasyon yeteneklerini geli\u015ftirmek amac\u0131yla \u00e7e\u015fitli projelere kat\u0131l\u0131m sa\u011flan\u0131r ve bilimsel \u00e7al\u0131\u015fmalara te\u015fvik edilir.\n\nAtat\u00fcrk \u00dcniversitesi Klinik \u00d6ncesi Bilimler B\u00f6l\u00fcm\u00fcnde ge\u00e7irilen zaman, \u00f6\u011frencilere sadece akademik bir e\u011fitim de\u011fil, ayn\u0131 zamanda ki\u015fisel geli\u015fim ve mesleki haz\u0131rl\u0131k a\u00e7\u0131s\u0131ndan da zengin bir deneyim sunar.<\/p>\n\t\t\t\t\t\t\t\t\t\t\t\t\t\t\t\t\t\t\t<\/div>\n\t\t\t\t\t\t\t\t<\/div>\n\t\t\t\t\t\t\t\t\n\t\t\t\t\t\t\t\t\t\t\t\t\t\t\t\t\t<div class=\"icon-quote\">\n\t\t\t\t\t\t\t\t\t\t<span class=\"flaticon-left-quote-1\"><\/span>\n\t\t\t\t\t\t\t\t\t<\/div>\n\t\t\t\t\t\t\t\t\t\t\t\t\t\t\t<\/div>\n\t\t\t\t\t\t<\/div>\n\t\t\t\t\t\t\t\t\t<\/div>\n\t\t\t<\/section>\n\n\t\t\t\t\n\t\t\t\t\t\t<\/div>\n\t\t\t\t<\/div>\n\t\t\t\t\t<\/div>\n\t\t<\/div>\n\t\t\t\t\t<\/div>\n\t\t<\/section>\n\t\t\t\t<\/div>\n\t\t","protected":false},"excerpt":{"rendered":"","protected":false},"author":1,"featured_media":0,"parent":0,"menu_order":0,"comment_status":"closed","ping_status":"closed","template":"elementor_header_footer","meta":{"footnotes":""},"class_list":["post-5734","page","type-page","status-publish","hentry"],"_links":{"self":[{"href":"https:\/\/atauni.edu.tr\/klinik-oncesi-bilimler-bolumu\/wp-json\/wp\/v2\/pages\/5734","targetHints":{"allow":["GET"]}}],"collection":[{"href":"https:\/\/atauni.edu.tr\/klinik-oncesi-bilimler-bolumu\/wp-json\/wp\/v2\/pages"}],"about":[{"href":"https:\/\/atauni.edu.tr\/klinik-oncesi-bilimler-bolumu\/wp-json\/wp\/v2\/types\/page"}],"author":[{"embeddable":true,"href":"https:\/\/atauni.edu.tr\/klinik-oncesi-bilimler-bolumu\/wp-json\/wp\/v2\/users\/1"}],"replies":[{"embeddable":true,"href":"https:\/\/atauni.edu.tr\/klinik-oncesi-bilimler-bolumu\/wp-json\/wp\/v2\/comments?post=5734"}],"version-history":[{"count":20,"href":"https:\/\/atauni.edu.tr\/klinik-oncesi-bilimler-bolumu\/wp-json\/wp\/v2\/pages\/5734\/revisions"}],"predecessor-version":[{"id":6103,"href":"https:\/\/atauni.edu.tr\/klinik-oncesi-bilimler-bolumu\/wp-json\/wp\/v2\/pages\/5734\/revisions\/6103"}],"wp:attachment":[{"href":"https:\/\/atauni.edu.tr\/klinik-oncesi-bilimler-bolumu\/wp-json\/wp\/v2\/media?parent=5734"}],"curies":[{"name":"wp","href":"https:\/\/api.w.org\/{rel}","templated":true}]}}