{"id":5800,"date":"2021-07-13T13:12:45","date_gmt":"2021-07-13T10:12:45","guid":{"rendered":"https:\/\/portaltest.atauni.edu.tr\/bilgisayar-muhendisligi\/?page_id=5800"},"modified":"2021-08-27T15:49:23","modified_gmt":"2021-08-27T12:49:23","slug":"bitirme-projeleri","status":"publish","type":"page","link":"https:\/\/atauni.edu.tr\/klinik-oncesi-bilimler-bolumu\/bitirme-projeleri\/","title":{"rendered":"Bitirme Projeleri"},"content":{"rendered":"\t\t<div data-elementor-type=\"wp-page\" data-elementor-id=\"5800\" class=\"elementor elementor-5800\" data-elementor-post-type=\"page\">\n\t\t\t\t\t\t<section class=\"elementor-section elementor-top-section elementor-element elementor-element-730d320 elementor-section-boxed elementor-section-height-default elementor-section-height-default\" data-id=\"730d320\" data-element_type=\"section\">\n\t\t\t\t\t\t<div class=\"elementor-container elementor-column-gap-default\">\n\t\t\t\t\t<div class=\"elementor-column elementor-col-100 elementor-top-column elementor-element elementor-element-753d0860\" data-id=\"753d0860\" data-element_type=\"column\">\n\t\t\t<div class=\"elementor-widget-wrap\">\n\t\t\t\t\t\t\t<\/div>\n\t\t<\/div>\n\t\t\t\t\t<\/div>\n\t\t<\/section>\n\t\t\t\t<section class=\"elementor-section elementor-top-section elementor-element elementor-element-9be811a elementor-section-boxed elementor-section-height-default elementor-section-height-default\" data-id=\"9be811a\" data-element_type=\"section\">\n\t\t\t\t\t\t<div class=\"elementor-container elementor-column-gap-default\">\n\t\t\t\t\t<div class=\"elementor-column elementor-col-100 elementor-top-column elementor-element elementor-element-1ed847b7\" data-id=\"1ed847b7\" data-element_type=\"column\">\n\t\t\t<div class=\"elementor-widget-wrap elementor-element-populated\">\n\t\t\t\t\t\t<div class=\"elementor-element elementor-element-4ce0d07f elementor-widget elementor-widget-heading\" data-id=\"4ce0d07f\" data-element_type=\"widget\" data-widget_type=\"heading.default\">\n\t\t\t\t<div class=\"elementor-widget-container\">\n\t\t\t\t\t<h2 class=\"elementor-heading-title elementor-size-default\">Bitirme Projeleri<\/h2>\t\t\t\t<\/div>\n\t\t\t\t<\/div>\n\t\t\t\t<div class=\"elementor-element elementor-element-63260862 elementor-widget-divider--view-line elementor-widget elementor-widget-divider\" data-id=\"63260862\" data-element_type=\"widget\" data-widget_type=\"divider.default\">\n\t\t\t\t<div class=\"elementor-widget-container\">\n\t\t\t\t\t\t\t<div class=\"elementor-divider\">\n\t\t\t<span class=\"elementor-divider-separator\">\n\t\t\t\t\t\t<\/span>\n\t\t<\/div>\n\t\t\t\t\t\t<\/div>\n\t\t\t\t<\/div>\n\t\t\t\t\t<\/div>\n\t\t<\/div>\n\t\t\t\t\t<\/div>\n\t\t<\/section>\n\t\t\t\t<section class=\"elementor-section elementor-top-section elementor-element elementor-element-6c18d0b elementor-section-boxed elementor-section-height-default elementor-section-height-default\" data-id=\"6c18d0b\" data-element_type=\"section\">\n\t\t\t\t\t\t<div class=\"elementor-container elementor-column-gap-default\">\n\t\t\t\t\t<div class=\"elementor-column elementor-col-100 elementor-top-column elementor-element elementor-element-5a88ff5\" data-id=\"5a88ff5\" data-element_type=\"column\">\n\t\t\t<div class=\"elementor-widget-wrap elementor-element-populated\">\n\t\t\t\t\t\t<div class=\"elementor-element elementor-element-69d7a2b elementor-widget elementor-widget-accordion\" data-id=\"69d7a2b\" data-element_type=\"widget\" data-widget_type=\"accordion.default\">\n\t\t\t\t<div class=\"elementor-widget-container\">\n\t\t\t\t\t\t\t<div class=\"elementor-accordion\">\n\t\t\t\t\t\t\t<div class=\"elementor-accordion-item\">\n\t\t\t\t\t<div id=\"elementor-tab-title-1101\" class=\"elementor-tab-title\" data-tab=\"1\" role=\"button\" aria-controls=\"elementor-tab-content-1101\" aria-expanded=\"false\">\n\t\t\t\t\t\t\t\t\t\t\t\t\t<span class=\"elementor-accordion-icon elementor-accordion-icon-left\" aria-hidden=\"true\">\n\t\t\t\t\t\t\t\t\t\t\t\t\t\t\t<span class=\"elementor-accordion-icon-closed\"><i class=\"fas fa-plus\"><\/i><\/span>\n\t\t\t\t\t\t\t\t<span class=\"elementor-accordion-icon-opened\"><i class=\"fas fa-minus\"><\/i><\/span>\n\t\t\t\t\t\t\t\t\t\t\t\t\t\t<\/span>\n\t\t\t\t\t\t\t\t\t\t\t\t<a class=\"elementor-accordion-title\" tabindex=\"0\"><p>Atat\u00fcrk \u00dcniversitesi Klinik \u00d6ncesi Bilimler B\u00f6l\u00fcm\u00fc, \u00f6\u011frencilerinin e\u011fitimini tamamlamalar\u0131 s\u0131ras\u0131nda projelere \u00f6nem vermekte ve bitirme projelerinin bir par\u00e7as\u0131 olarak \u00e7e\u015fitli konularda \u00e7al\u0131\u015fmalar y\u00fcr\u00fctmelerini te\u015fvik etmektedir.<\/p>\n<p>Bitirme projeleri, \u00f6\u011frencilerin edindikleri bilgileri uygulamal\u0131 olarak kullanmalar\u0131n\u0131 ve ara\u015ft\u0131rma becerilerini geli\u015ftirmelerini ama\u00e7lar. \u00d6\u011frenciler, kendi ilgi alanlar\u0131na g\u00f6re se\u00e7tikleri konular \u00fczerinde derinlemesine \u00e7al\u0131\u015fma f\u0131rsat\u0131 bulurlar.<\/p>\n<p>Bu projeler sayesinde \u00f6\u011frenciler, ba\u011f\u0131ms\u0131z d\u00fc\u015f\u00fcnme, problem \u00e7\u00f6zme ve proje y\u00f6netimine ili\u015fkin yeteneklerini geli\u015ftirirler. Ayr\u0131ca, akademik camiaya katk\u0131da bulunmak ve g\u00fcncel konularda bilgi \u00fcretmek i\u00e7in \u00f6nemli bir f\u0131rsat sunarlar.<\/p>\n<p>Bitirme projelerinin sonu\u00e7lar\u0131, genellikle b\u00f6l\u00fcm i\u00e7i veya d\u0131\u015f\u0131ndaki di\u011fer \u00f6\u011frenciler ve \u00f6\u011fretim \u00fcyeleriyle payla\u015f\u0131lmaktad\u0131r. B\u00f6ylece, \u00f6\u011frencilerin \u00e7al\u0131\u015fmalar\u0131 hem kendi geli\u015fimleri a\u00e7\u0131s\u0131ndan hem de akademik toplulu\u011fun zenginle\u015fmesi i\u00e7in de\u011ferlidir.<\/p>\n<p>Proje konular\u0131 genellikle t\u0131p, biyoloji, kimya gibi alanlarla ilgili olabilir ve g\u00fcncel sa\u011fl\u0131k sorunlar\u0131na \u00e7\u00f6z\u00fcm \u00f6nerileri getirmeye y\u00f6nelik olabilece\u011fi gibi temel bilimlere katk\u0131da bulunmay\u0131 da hedefleyebilir.<\/p><\/a>\n\t\t\t\t\t<\/div>\n\t\t\t\t\t<div id=\"elementor-tab-content-1101\" class=\"elementor-tab-content elementor-clearfix\" data-tab=\"1\" role=\"region\" aria-labelledby=\"elementor-tab-title-1101\"><p>Atat\u00fcrk \u00dcniversitesi Klinik \u00d6ncesi Bilimler B\u00f6l\u00fcm\u00fc, \u00f6\u011frencilerinin e\u011fitimini tamamlamalar\u0131 s\u0131ras\u0131nda projelere \u00f6nem vermekte ve bitirme projelerinin bir par\u00e7as\u0131 olarak \u00e7e\u015fitli konularda \u00e7al\u0131\u015fmalar y\u00fcr\u00fctmelerini te\u015fvik etmektedir.<\/p>\n<p>Bitirme projeleri, \u00f6\u011frencilerin edindikleri bilgileri uygulamal\u0131 olarak kullanmalar\u0131n\u0131 ve ara\u015ft\u0131rma becerilerini geli\u015ftirmelerini ama\u00e7lar. \u00d6\u011frenciler, kendi ilgi alanlar\u0131na g\u00f6re se\u00e7tikleri konular \u00fczerinde derinlemesine \u00e7al\u0131\u015fma f\u0131rsat\u0131 bulurlar.<\/p>\n<p>Bu projeler sayesinde \u00f6\u011frenciler, ba\u011f\u0131ms\u0131z d\u00fc\u015f\u00fcnme, problem \u00e7\u00f6zme ve proje y\u00f6netimine ili\u015fkin yeteneklerini geli\u015ftirirler. Ayr\u0131ca, akademik camiaya katk\u0131da bulunmak ve g\u00fcncel konularda bilgi \u00fcretmek i\u00e7in \u00f6nemli bir f\u0131rsat sunarlar.<\/p>\n<p>Bitirme projelerinin sonu\u00e7lar\u0131, genellikle b\u00f6l\u00fcm i\u00e7i veya d\u0131\u015f\u0131ndaki di\u011fer \u00f6\u011frenciler ve \u00f6\u011fretim \u00fcyeleriyle payla\u015f\u0131lmaktad\u0131r. B\u00f6ylece, \u00f6\u011frencilerin \u00e7al\u0131\u015fmalar\u0131 hem kendi geli\u015fimleri a\u00e7\u0131s\u0131ndan hem de akademik toplulu\u011fun zenginle\u015fmesi i\u00e7in de\u011ferlidir.<\/p>\n<p>Proje konular\u0131 genellikle t\u0131p, biyoloji, kimya gibi alanlarla ilgili olabilir ve g\u00fcncel sa\u011fl\u0131k sorunlar\u0131na \u00e7\u00f6z\u00fcm \u00f6nerileri getirmeye y\u00f6nelik olabilece\u011fi gibi temel bilimlere katk\u0131da bulunmay\u0131 da hedefleyebilir.<\/p><\/div>\n\t\t\t\t<\/div>\n\t\t\t\t\t\t\t<div class=\"elementor-accordion-item\">\n\t\t\t\t\t<div id=\"elementor-tab-title-1102\" class=\"elementor-tab-title\" data-tab=\"2\" role=\"button\" aria-controls=\"elementor-tab-content-1102\" aria-expanded=\"false\">\n\t\t\t\t\t\t\t\t\t\t\t\t\t<span class=\"elementor-accordion-icon elementor-accordion-icon-left\" aria-hidden=\"true\">\n\t\t\t\t\t\t\t\t\t\t\t\t\t\t\t<span class=\"elementor-accordion-icon-closed\"><i class=\"fas fa-plus\"><\/i><\/span>\n\t\t\t\t\t\t\t\t<span class=\"elementor-accordion-icon-opened\"><i class=\"fas fa-minus\"><\/i><\/span>\n\t\t\t\t\t\t\t\t\t\t\t\t\t\t<\/span>\n\t\t\t\t\t\t\t\t\t\t\t\t<a class=\"elementor-accordion-title\" tabindex=\"0\"><p>Atat\u00fcrk \u00dcniversitesi Klinik \u00d6ncesi Bilimler B\u00f6l\u00fcm\u00fc, \u00f6\u011frencilerinin e\u011fitimini tamamlamalar\u0131 s\u0131ras\u0131nda projelere \u00f6nem vermekte ve bitirme projelerinin bir par\u00e7as\u0131 olarak \u00e7e\u015fitli konularda \u00e7al\u0131\u015fmalar y\u00fcr\u00fctmelerini te\u015fvik etmektedir.<\/p>\n<p>Bitirme projeleri, \u00f6\u011frencilerin edindikleri bilgileri uygulamal\u0131 olarak kullanmalar\u0131n\u0131 ve ara\u015ft\u0131rma becerilerini geli\u015ftirmelerini ama\u00e7lar. \u00d6\u011frenciler, kendi ilgi alanlar\u0131na g\u00f6re se\u00e7tikleri konular \u00fczerinde derinlemesine \u00e7al\u0131\u015fma f\u0131rsat\u0131 bulurlar.<\/p>\n<p>Bu projeler sayesinde \u00f6\u011frenciler, ba\u011f\u0131ms\u0131z d\u00fc\u015f\u00fcnme, problem \u00e7\u00f6zme ve proje y\u00f6netimine ili\u015fkin yeteneklerini geli\u015ftirirler. Ayr\u0131ca, akademik camiaya katk\u0131da bulunmak ve g\u00fcncel konularda bilgi \u00fcretmek i\u00e7in \u00f6nemli bir f\u0131rsat sunarlar.<\/p>\n<p>Bitirme projelerinin sonu\u00e7lar\u0131, genellikle b\u00f6l\u00fcm i\u00e7i veya d\u0131\u015f\u0131ndaki di\u011fer \u00f6\u011frenciler ve \u00f6\u011fretim \u00fcyeleriyle payla\u015f\u0131lmaktad\u0131r. B\u00f6ylece, \u00f6\u011frencilerin \u00e7al\u0131\u015fmalar\u0131 hem kendi geli\u015fimleri a\u00e7\u0131s\u0131ndan hem de akademik toplulu\u011fun zenginle\u015fmesi i\u00e7in de\u011ferlidir.<\/p>\n<p>Proje konular\u0131 genellikle t\u0131p, biyoloji, kimya gibi alanlarla ilgili olabilir ve g\u00fcncel sa\u011fl\u0131k sorunlar\u0131na \u00e7\u00f6z\u00fcm \u00f6nerileri getirmeye y\u00f6nelik olabilece\u011fi gibi temel bilimlere katk\u0131da bulunmay\u0131 da hedefleyebilir.<\/p><\/a>\n\t\t\t\t\t<\/div>\n\t\t\t\t\t<div id=\"elementor-tab-content-1102\" class=\"elementor-tab-content elementor-clearfix\" data-tab=\"2\" role=\"region\" aria-labelledby=\"elementor-tab-title-1102\"><p>Atat\u00fcrk \u00dcniversitesi Klinik \u00d6ncesi Bilimler B\u00f6l\u00fcm\u00fc, \u00f6\u011frencilerinin e\u011fitimini tamamlamalar\u0131 s\u0131ras\u0131nda projelere \u00f6nem vermekte ve bitirme projelerinin bir par\u00e7as\u0131 olarak \u00e7e\u015fitli konularda \u00e7al\u0131\u015fmalar y\u00fcr\u00fctmelerini te\u015fvik etmektedir.<\/p>\n<p>Bitirme projeleri, \u00f6\u011frencilerin edindikleri bilgileri uygulamal\u0131 olarak kullanmalar\u0131n\u0131 ve ara\u015ft\u0131rma becerilerini geli\u015ftirmelerini ama\u00e7lar. \u00d6\u011frenciler, kendi ilgi alanlar\u0131na g\u00f6re se\u00e7tikleri konular \u00fczerinde derinlemesine \u00e7al\u0131\u015fma f\u0131rsat\u0131 bulurlar.<\/p>\n<p>Bu projeler sayesinde \u00f6\u011frenciler, ba\u011f\u0131ms\u0131z d\u00fc\u015f\u00fcnme, problem \u00e7\u00f6zme ve proje y\u00f6netimine ili\u015fkin yeteneklerini geli\u015ftirirler. Ayr\u0131ca, akademik camiaya katk\u0131da bulunmak ve g\u00fcncel konularda bilgi \u00fcretmek i\u00e7in \u00f6nemli bir f\u0131rsat sunarlar.<\/p>\n<p>Bitirme projelerinin sonu\u00e7lar\u0131, genellikle b\u00f6l\u00fcm i\u00e7i veya d\u0131\u015f\u0131ndaki di\u011fer \u00f6\u011frenciler ve \u00f6\u011fretim \u00fcyeleriyle payla\u015f\u0131lmaktad\u0131r. B\u00f6ylece, \u00f6\u011frencilerin \u00e7al\u0131\u015fmalar\u0131 hem kendi geli\u015fimleri a\u00e7\u0131s\u0131ndan hem de akademik toplulu\u011fun zenginle\u015fmesi i\u00e7in de\u011ferlidir.<\/p>\n<p>Proje konular\u0131 genellikle t\u0131p, biyoloji, kimya gibi alanlarla ilgili olabilir ve g\u00fcncel sa\u011fl\u0131k sorunlar\u0131na \u00e7\u00f6z\u00fcm \u00f6nerileri getirmeye y\u00f6nelik olabilece\u011fi gibi temel bilimlere katk\u0131da bulunmay\u0131 da hedefleyebilir.<\/p><\/div>\n\t\t\t\t<\/div>\n\t\t\t\t\t\t\t\t<\/div>\n\t\t\t\t\t\t<\/div>\n\t\t\t\t<\/div>\n\t\t\t\t\t<\/div>\n\t\t<\/div>\n\t\t\t\t\t<\/div>\n\t\t<\/section>\n\t\t\t\t<\/div>\n\t\t","protected":false},"excerpt":{"rendered":"","protected":false},"author":1,"featured_media":0,"parent":0,"menu_order":0,"comment_status":"closed","ping_status":"closed","template":"elementor_header_footer","meta":{"footnotes":""},"class_list":["post-5800","page","type-page","status-publish","hentry"],"_links":{"self":[{"href":"https:\/\/atauni.edu.tr\/klinik-oncesi-bilimler-bolumu\/wp-json\/wp\/v2\/pages\/5800","targetHints":{"allow":["GET"]}}],"collection":[{"href":"https:\/\/atauni.edu.tr\/klinik-oncesi-bilimler-bolumu\/wp-json\/wp\/v2\/pages"}],"about":[{"href":"https:\/\/atauni.edu.tr\/klinik-oncesi-bilimler-bolumu\/wp-json\/wp\/v2\/types\/page"}],"author":[{"embeddable":true,"href":"https:\/\/atauni.edu.tr\/klinik-oncesi-bilimler-bolumu\/wp-json\/wp\/v2\/users\/1"}],"replies":[{"embeddable":true,"href":"https:\/\/atauni.edu.tr\/klinik-oncesi-bilimler-bolumu\/wp-json\/wp\/v2\/comments?post=5800"}],"version-history":[{"count":11,"href":"https:\/\/atauni.edu.tr\/klinik-oncesi-bilimler-bolumu\/wp-json\/wp\/v2\/pages\/5800\/revisions"}],"predecessor-version":[{"id":6091,"href":"https:\/\/atauni.edu.tr\/klinik-oncesi-bilimler-bolumu\/wp-json\/wp\/v2\/pages\/5800\/revisions\/6091"}],"wp:attachment":[{"href":"https:\/\/atauni.edu.tr\/klinik-oncesi-bilimler-bolumu\/wp-json\/wp\/v2\/media?parent=5800"}],"curies":[{"name":"wp","href":"https:\/\/api.w.org\/{rel}","templated":true}]}}