{"id":6071,"date":"2021-08-27T15:45:02","date_gmt":"2021-08-27T12:45:02","guid":{"rendered":"http:\/\/birimler.atauni.edu.tr\/klinik-oncesi-bilimler-bolumu\/?page_id=6071"},"modified":"2021-09-13T10:22:11","modified_gmt":"2021-09-13T07:22:11","slug":"bolum-kurulu-kararlari","status":"publish","type":"page","link":"https:\/\/atauni.edu.tr\/klinik-oncesi-bilimler-bolumu\/bolum-kurulu-kararlari\/","title":{"rendered":"B\u00f6l\u00fcm Kurulu Kararlar\u0131"},"content":{"rendered":"\t\t<div data-elementor-type=\"wp-page\" data-elementor-id=\"6071\" class=\"elementor elementor-6071\" data-elementor-post-type=\"page\">\n\t\t\t\t\t\t<section class=\"elementor-section elementor-top-section elementor-element elementor-element-730d320 elementor-section-boxed elementor-section-height-default elementor-section-height-default\" data-id=\"730d320\" data-element_type=\"section\">\n\t\t\t\t\t\t<div class=\"elementor-container elementor-column-gap-default\">\n\t\t\t\t\t<div class=\"elementor-column elementor-col-100 elementor-top-column elementor-element elementor-element-753d0860\" data-id=\"753d0860\" data-element_type=\"column\">\n\t\t\t<div class=\"elementor-widget-wrap\">\n\t\t\t\t\t\t\t<\/div>\n\t\t<\/div>\n\t\t\t\t\t<\/div>\n\t\t<\/section>\n\t\t\t\t<section class=\"elementor-section elementor-top-section elementor-element elementor-element-9be811a elementor-section-boxed elementor-section-height-default elementor-section-height-default\" data-id=\"9be811a\" data-element_type=\"section\">\n\t\t\t\t\t\t<div class=\"elementor-container elementor-column-gap-default\">\n\t\t\t\t\t<div class=\"elementor-column elementor-col-100 elementor-top-column elementor-element elementor-element-1ed847b7\" data-id=\"1ed847b7\" data-element_type=\"column\">\n\t\t\t<div class=\"elementor-widget-wrap elementor-element-populated\">\n\t\t\t\t\t\t<div class=\"elementor-element elementor-element-4ce0d07f elementor-widget elementor-widget-heading\" data-id=\"4ce0d07f\" data-element_type=\"widget\" data-widget_type=\"heading.default\">\n\t\t\t\t<div class=\"elementor-widget-container\">\n\t\t\t\t\t<h2 class=\"elementor-heading-title elementor-size-default\">B\u00f6l\u00fcm Kurulu Kararlar\u0131<\/h2>\t\t\t\t<\/div>\n\t\t\t\t<\/div>\n\t\t\t\t<div class=\"elementor-element elementor-element-63260862 elementor-widget-divider--view-line elementor-widget elementor-widget-divider\" data-id=\"63260862\" data-element_type=\"widget\" data-widget_type=\"divider.default\">\n\t\t\t\t<div class=\"elementor-widget-container\">\n\t\t\t\t\t\t\t<div class=\"elementor-divider\">\n\t\t\t<span class=\"elementor-divider-separator\">\n\t\t\t\t\t\t<\/span>\n\t\t<\/div>\n\t\t\t\t\t\t<\/div>\n\t\t\t\t<\/div>\n\t\t\t\t\t<\/div>\n\t\t<\/div>\n\t\t\t\t\t<\/div>\n\t\t<\/section>\n\t\t\t\t<section class=\"elementor-section elementor-top-section elementor-element elementor-element-681db8b elementor-section-boxed elementor-section-height-default elementor-section-height-default\" data-id=\"681db8b\" data-element_type=\"section\">\n\t\t\t\t\t\t<div class=\"elementor-container elementor-column-gap-default\">\n\t\t\t\t\t<div class=\"elementor-column elementor-col-100 elementor-top-column elementor-element elementor-element-ad4dac5\" data-id=\"ad4dac5\" data-element_type=\"column\">\n\t\t\t<div class=\"elementor-widget-wrap elementor-element-populated\">\n\t\t\t\t\t\t<div class=\"elementor-element elementor-element-2f96b3d elementor-widget elementor-widget-text-editor\" data-id=\"2f96b3d\" data-element_type=\"widget\" data-widget_type=\"text-editor.default\">\n\t\t\t\t<div class=\"elementor-widget-container\">\n\t\t\t\t\t\t\t\t\t<p>B\u00f6l\u00fcm kurulu kararlar\u0131, Atat\u00fcrk \u00dcniversitesi Klinik \u00d6ncesi Bilimler B\u00f6l\u00fcm\u00fc&#8217;n\u00fcn akademik ve idari i\u015fleyi\u015fini d\u00fczenlemek amac\u0131yla al\u0131nan \u00f6nemli kararlard\u0131r. Bu kararlar, b\u00f6l\u00fcm\u00fcn e\u011fitim-\u00f6\u011fretim faaliyetlerinin y\u00fcr\u00fct\u00fclmesi, ara\u015ft\u0131rma projelerinin y\u00f6netimi, \u00f6\u011frenci kabul\u00fc ve de\u011ferlendirme s\u00fcre\u00e7leri gibi konularda yol g\u00f6sterici niteliktedir.<\/p>\n<p>B\u00f6l\u00fcm kurulu toplant\u0131lar\u0131nda al\u0131nan kararlar, akademik personelin ve ilgili \u00f6\u011frencilerin bilgisine sunularak b\u00f6l\u00fcm i\u00e7i ileti\u015fim ve i\u015fbirli\u011fini g\u00fc\u00e7lendirir. Ayr\u0131ca, kararlar\u0131n uygulanmas\u0131 s\u0131ras\u0131nda ortaya \u00e7\u0131kabilecek sorunlar veya ihtiya\u00e7lar da de\u011ferlendirilerek gerekli d\u00fczenlemeler yap\u0131l\u0131r.<\/p>\n<p>Kararlar genellikle e\u011fitim programlar\u0131n\u0131n g\u00fcncellenmesi, yeni derslerin eklenmesi, \u00f6\u011frenci projelerine destek verilmesi, ara\u015ft\u0131rma faaliyetlerinin te\u015fviki ve b\u00f6l\u00fcm i\u00e7i organizasyonlar\u0131n planlanmas\u0131 konular\u0131n\u0131 i\u00e7erir. Al\u0131nan kararlar\u0131n uygulanmas\u0131, b\u00f6l\u00fcm\u00fcn genel ama\u00e7lar\u0131na ve misyonuna uygun olarak y\u00fcr\u00fct\u00fcl\u00fcr.<\/p>\n<p>Bu \u015fekilde, B\u00f6l\u00fcm Kurulu Kararlar\u0131, Atat\u00fcrk \u00dcniversitesi Klinik \u00d6ncesi Bilimler B\u00f6l\u00fcm\u00fc&#8217;n\u00fcn etkili ve verimli bir \u015fekilde \u00e7al\u0131\u015fmas\u0131n\u0131 sa\u011flar ve akademik ba\u015far\u0131lar\u0131n\u0131 art\u0131rmas\u0131na katk\u0131da bulunur.<\/p>\t\t\t\t\t\t\t\t<\/div>\n\t\t\t\t<\/div>\n\t\t\t\t\t<\/div>\n\t\t<\/div>\n\t\t\t\t\t<\/div>\n\t\t<\/section>\n\t\t\t\t<\/div>\n\t\t","protected":false},"excerpt":{"rendered":"","protected":false},"author":1,"featured_media":0,"parent":0,"menu_order":0,"comment_status":"closed","ping_status":"closed","template":"elementor_header_footer","meta":{"footnotes":""},"class_list":["post-6071","page","type-page","status-publish","hentry"],"_links":{"self":[{"href":"https:\/\/atauni.edu.tr\/klinik-oncesi-bilimler-bolumu\/wp-json\/wp\/v2\/pages\/6071","targetHints":{"allow":["GET"]}}],"collection":[{"href":"https:\/\/atauni.edu.tr\/klinik-oncesi-bilimler-bolumu\/wp-json\/wp\/v2\/pages"}],"about":[{"href":"https:\/\/atauni.edu.tr\/klinik-oncesi-bilimler-bolumu\/wp-json\/wp\/v2\/types\/page"}],"author":[{"embeddable":true,"href":"https:\/\/atauni.edu.tr\/klinik-oncesi-bilimler-bolumu\/wp-json\/wp\/v2\/users\/1"}],"replies":[{"embeddable":true,"href":"https:\/\/atauni.edu.tr\/klinik-oncesi-bilimler-bolumu\/wp-json\/wp\/v2\/comments?post=6071"}],"version-history":[{"count":7,"href":"https:\/\/atauni.edu.tr\/klinik-oncesi-bilimler-bolumu\/wp-json\/wp\/v2\/pages\/6071\/revisions"}],"predecessor-version":[{"id":6120,"href":"https:\/\/atauni.edu.tr\/klinik-oncesi-bilimler-bolumu\/wp-json\/wp\/v2\/pages\/6071\/revisions\/6120"}],"wp:attachment":[{"href":"https:\/\/atauni.edu.tr\/klinik-oncesi-bilimler-bolumu\/wp-json\/wp\/v2\/media?parent=6071"}],"curies":[{"name":"wp","href":"https:\/\/api.w.org\/{rel}","templated":true}]}}