{"id":5638,"date":"2021-07-13T09:49:25","date_gmt":"2021-07-13T06:49:25","guid":{"rendered":"https:\/\/portaltest.atauni.edu.tr\/bilgisayar-muhendisligi\/?page_id=5638"},"modified":"2024-01-29T09:40:46","modified_gmt":"2024-01-29T06:40:46","slug":"tarihce","status":"publish","type":"page","link":"https:\/\/atauni.edu.tr\/koruma-ve-guvenlik-mudurlugu\/tarihce\/","title":{"rendered":"Tarih\u00e7e"},"content":{"rendered":"\t\t<div data-elementor-type=\"wp-page\" data-elementor-id=\"5638\" class=\"elementor elementor-5638\" data-elementor-post-type=\"page\">\n\t\t\t\t\t\t<section class=\"elementor-section elementor-top-section elementor-element elementor-element-730d320 elementor-section-boxed elementor-section-height-default elementor-section-height-default\" data-id=\"730d320\" data-element_type=\"section\">\n\t\t\t\t\t\t<div class=\"elementor-container elementor-column-gap-default\">\n\t\t\t\t\t<div class=\"elementor-column elementor-col-100 elementor-top-column elementor-element elementor-element-753d0860\" data-id=\"753d0860\" data-element_type=\"column\">\n\t\t\t<div class=\"elementor-widget-wrap\">\n\t\t\t\t\t\t\t<\/div>\n\t\t<\/div>\n\t\t\t\t\t<\/div>\n\t\t<\/section>\n\t\t\t\t<section class=\"elementor-section elementor-top-section elementor-element elementor-element-9be811a elementor-section-boxed elementor-section-height-default elementor-section-height-default\" data-id=\"9be811a\" data-element_type=\"section\">\n\t\t\t\t\t\t<div class=\"elementor-container elementor-column-gap-default\">\n\t\t\t\t\t<div class=\"elementor-column elementor-col-100 elementor-top-column elementor-element elementor-element-1ed847b7\" data-id=\"1ed847b7\" data-element_type=\"column\">\n\t\t\t<div class=\"elementor-widget-wrap elementor-element-populated\">\n\t\t\t\t\t\t<div class=\"elementor-element elementor-element-4ce0d07f elementor-widget elementor-widget-heading\" data-id=\"4ce0d07f\" data-element_type=\"widget\" data-widget_type=\"heading.default\">\n\t\t\t\t<div class=\"elementor-widget-container\">\n\t\t\t\t\t<h2 class=\"elementor-heading-title elementor-size-default\">Tarih\u00e7e<\/h2>\t\t\t\t<\/div>\n\t\t\t\t<\/div>\n\t\t\t\t<div class=\"elementor-element elementor-element-63260862 elementor-widget-divider--view-line elementor-widget elementor-widget-divider\" data-id=\"63260862\" data-element_type=\"widget\" data-widget_type=\"divider.default\">\n\t\t\t\t<div class=\"elementor-widget-container\">\n\t\t\t\t\t\t\t<div class=\"elementor-divider\">\n\t\t\t<span class=\"elementor-divider-separator\">\n\t\t\t\t\t\t<\/span>\n\t\t<\/div>\n\t\t\t\t\t\t<\/div>\n\t\t\t\t<\/div>\n\t\t\t\t\t<\/div>\n\t\t<\/div>\n\t\t\t\t\t<\/div>\n\t\t<\/section>\n\t\t\t\t<section class=\"elementor-section elementor-top-section elementor-element elementor-element-681db8b elementor-section-boxed elementor-section-height-default elementor-section-height-default\" data-id=\"681db8b\" data-element_type=\"section\">\n\t\t\t\t\t\t<div class=\"elementor-container elementor-column-gap-default\">\n\t\t\t\t\t<div class=\"elementor-column elementor-col-100 elementor-top-column elementor-element elementor-element-ad4dac5\" data-id=\"ad4dac5\" data-element_type=\"column\">\n\t\t\t<div class=\"elementor-widget-wrap elementor-element-populated\">\n\t\t\t\t\t\t<div class=\"elementor-element elementor-element-2f96b3d elementor-widget elementor-widget-text-editor\" data-id=\"2f96b3d\" data-element_type=\"widget\" data-widget_type=\"text-editor.default\">\n\t\t\t\t<div class=\"elementor-widget-container\">\n\t\t\t\t\t\t\t\t\t<div>\n<p style=\"margin-bottom: 10px;, sans-serif;font-size: 14px;text-align: start\"><span style=\"letter-spacing: 0px\"><b>Erzurum Atat\u00fcrk \u00dcniversitesi b\u00fcnyesinde hizmet veren Koruma ve G\u00fcvenlik M\u00fcd\u00fcrl\u00fc\u011f\u00fc 2495 say\u0131l\u0131 Baz\u0131 Kurum, Kurulu\u015f ve Ki\u015filerin Korunmas\u0131 ile \u00d6zel G\u00fcvenlik Te\u015fkilat\u0131 Kurulmas\u0131 Hakk\u0131ndaki kanun gere\u011fince Aral\u0131k 1995 tarihinde kurulmu\u015f ve 1996 y\u0131l\u0131nda faaliyetlerine ba\u015flam\u0131\u015f olup, bu hizmetini, Haziran 2004 y\u0131l\u0131nda \u00e7\u0131kar\u0131lan 5188 say\u0131l\u0131 kanun h\u00fck\u00fcmlerine g\u00f6re Cumartesi-Pazar, Bayram ve di\u011fer tatil g\u00fcnleri de d\u00e2hil olmak \u00fczere 24 saat aral\u0131ks\u0131z olarak vardiya sisteminde g\u00f6revlerini s\u00fcrd\u00fcrmektedir.<\/b><\/span><\/p>\n<p style=\"margin-bottom: 10px;, sans-serif;font-size: 14px;text-align: start\"><b><span style=\"letter-spacing: 0px\">\u00dcniversitemizde kendi kadrosunda bulunan; 1 M\u00fcd\u00fcr, 1 M\u00fcd\u00fcr Yard\u0131mc\u0131s\u0131, 1 G\u00fcvenlik Sorumlusu, 2 G\u00fcvenlik \u015eefi, 6 G\u00fcvenlik Amiri, 257 G\u00fcvenlik G\u00f6revlisi olmak \u00fczere Toplam 267 Personel g\u00f6rev yapmaktad\u0131r.<\/span><span style=\"letter-spacing: 0px\">&nbsp;Bu personellerden 35 G\u00fcvenlik G\u00f6revlisi H\u0131n\u0131s, Pasinler, Horasan, Tortum, Oltu, Narman, \u0130spir, A\u015fkale Meslek Y\u00fcksek Okullar\u0131 ve Uygulamal\u0131 Bilimler ile Oltu Be\u015feri ve Sosyal Bilimler Fak\u00fcltesinde G\u00fcvenli\u011fi sa\u011flamak amac\u0131yla toplam 10 (On) noktada g\u00f6rev yapmaktad\u0131r.<\/span><\/b><\/p>\n<p style=\"margin-bottom: 10px;, sans-serif;font-size: 14px;text-align: start\"><b><span style=\"letter-spacing: 0px\">Ayr\u0131ca \u00dcniversitemiz Sa\u011fl\u0131k Ara\u015ft\u0131rma ve Uygulama Merkezi M\u00fcd\u00fcrl\u00fc\u011f\u00fc&#8217;nde 5 G\u00fcvenlik Amiri, 91 G\u00fcvenlik G\u00f6revlisi olmak \u00fczere toplam&nbsp;<\/span><span style=\"letter-spacing: 0px\">96 Personel<\/span><span style=\"letter-spacing: 0px\">&nbsp;g\u00f6rev yapmaktad\u0131r.<\/span><span style=\"letter-spacing: 0px\"><br><\/span><\/b><\/p>\n<p style=\"margin-bottom: 10px;, sans-serif;font-size: 14px;text-align: start\"><b>G\u00f6rev yapan personel resmi g\u00f6rev yapmakta olup, 5188 say\u0131l\u0131 yasa ve uygulanmas\u0131na ili\u015fkin y\u00f6netmelikleri ve \u00dcniversitemizin G\u00fcvenlik Y\u00f6nergesi \u00e7er\u00e7evesinde g\u00f6revlerini y\u00fcr\u00fctmektedir. Y\u0131ll\u0131k izinler genellikle E\u011fitim ve \u00d6\u011fretimin olmad\u0131\u011f\u0131 yaz aylar\u0131nda kulland\u0131r\u0131lmakta e\u011fitim ve \u00f6\u011fretim d\u00f6nemi a\u00e7\u0131ld\u0131\u011f\u0131nda ise t\u00fcm personel okullar\u0131n tamam\u0131nda g\u00f6revlendirilmektedir. Motorize ekiplerimiz, yaya devriyelerimiz ve kameralar\u0131m\u0131zla gerekli g\u00fcvenlik \u00f6nlemleri al\u0131narak g\u00fcvenli\u011fi tehlikeye d\u00fc\u015f\u00fcren olaylara kar\u015f\u0131 an\u0131nda m\u00fcdahale edilerek gerekli durumlarda kolluk kuvvetleriyle birlikte \u00e7al\u0131\u015fma yap\u0131lmaktad\u0131r.<\/b><\/p>\n<p style=\"margin-bottom: 10px;, sans-serif;font-size: 14px;text-align: start\"><b>Kamp\u00fcs geneli ara\u00e7 ve yaya trafi\u011fi denetlenerek trafik kurallar\u0131n\u0131 ihlal eden ara\u00e7 s\u00fcr\u00fcc\u00fcleri hakk\u0131nda gerekli yasal i\u015flemler yap\u0131larak tutanak tutulmaktad\u0131r.<\/b><\/p>\n<\/div>\n<div><b>&nbsp;<\/b><\/div>\t\t\t\t\t\t\t\t<\/div>\n\t\t\t\t<\/div>\n\t\t\t\t\t<\/div>\n\t\t<\/div>\n\t\t\t\t\t<\/div>\n\t\t<\/section>\n\t\t\t\t<\/div>\n\t\t","protected":false},"excerpt":{"rendered":"<p>Tarih\u00e7e Erzurum Atat\u00fcrk \u00dcniversitesi b\u00fcnyesinde hizmet veren Koruma ve G\u00fcvenlik M\u00fcd\u00fcrl\u00fc\u011f\u00fc 2495 say\u0131l\u0131 Baz\u0131 Kurum, Kurulu\u015f ve Ki\u015filerin Korunmas\u0131 ile \u00d6zel G\u00fcvenlik Te\u015fkilat\u0131 Kurulmas\u0131 Hakk\u0131ndaki kanun gere\u011fince Aral\u0131k 1995 tarihinde kurulmu\u015f ve 1996 y\u0131l\u0131nda faaliyetlerine ba\u015flam\u0131\u015f olup, bu hizmetini, Haziran 2004 y\u0131l\u0131nda \u00e7\u0131kar\u0131lan 5188 say\u0131l\u0131 kanun h\u00fck\u00fcmlerine g\u00f6re Cumartesi-Pazar, Bayram ve di\u011fer tatil g\u00fcnleri de [&hellip;]<\/p>\n","protected":false},"author":1,"featured_media":0,"parent":0,"menu_order":0,"comment_status":"closed","ping_status":"closed","template":"","meta":{"footnotes":""},"class_list":["post-5638","page","type-page","status-publish","hentry"],"_links":{"self":[{"href":"https:\/\/atauni.edu.tr\/koruma-ve-guvenlik-mudurlugu\/wp-json\/wp\/v2\/pages\/5638","targetHints":{"allow":["GET"]}}],"collection":[{"href":"https:\/\/atauni.edu.tr\/koruma-ve-guvenlik-mudurlugu\/wp-json\/wp\/v2\/pages"}],"about":[{"href":"https:\/\/atauni.edu.tr\/koruma-ve-guvenlik-mudurlugu\/wp-json\/wp\/v2\/types\/page"}],"author":[{"embeddable":true,"href":"https:\/\/atauni.edu.tr\/koruma-ve-guvenlik-mudurlugu\/wp-json\/wp\/v2\/users\/1"}],"replies":[{"embeddable":true,"href":"https:\/\/atauni.edu.tr\/koruma-ve-guvenlik-mudurlugu\/wp-json\/wp\/v2\/comments?post=5638"}],"version-history":[{"count":46,"href":"https:\/\/atauni.edu.tr\/koruma-ve-guvenlik-mudurlugu\/wp-json\/wp\/v2\/pages\/5638\/revisions"}],"predecessor-version":[{"id":7045,"href":"https:\/\/atauni.edu.tr\/koruma-ve-guvenlik-mudurlugu\/wp-json\/wp\/v2\/pages\/5638\/revisions\/7045"}],"wp:attachment":[{"href":"https:\/\/atauni.edu.tr\/koruma-ve-guvenlik-mudurlugu\/wp-json\/wp\/v2\/media?parent=5638"}],"curies":[{"name":"wp","href":"https:\/\/api.w.org\/{rel}","templated":true}]}}