{"id":5682,"date":"2021-07-13T10:10:01","date_gmt":"2021-07-13T07:10:01","guid":{"rendered":"https:\/\/portaltest.atauni.edu.tr\/bilgisayar-muhendisligi\/?page_id=5682"},"modified":"2023-10-21T17:47:19","modified_gmt":"2023-10-21T14:47:19","slug":"misyon-vizyon-ve-temel-degerler","status":"publish","type":"page","link":"https:\/\/atauni.edu.tr\/koruma-ve-guvenlik-mudurlugu\/misyon-vizyon-ve-temel-degerler\/","title":{"rendered":"Misyon, Vizyon ve Temel De\u011ferler"},"content":{"rendered":"\t\t<div data-elementor-type=\"wp-page\" data-elementor-id=\"5682\" class=\"elementor elementor-5682\" data-elementor-post-type=\"page\">\n\t\t\t\t\t\t<section class=\"elementor-section elementor-top-section elementor-element elementor-element-730d320 elementor-section-boxed elementor-section-height-default elementor-section-height-default\" data-id=\"730d320\" data-element_type=\"section\">\n\t\t\t\t\t\t<div class=\"elementor-container elementor-column-gap-default\">\n\t\t\t\t\t<div class=\"elementor-column elementor-col-100 elementor-top-column elementor-element elementor-element-753d0860\" data-id=\"753d0860\" data-element_type=\"column\">\n\t\t\t<div class=\"elementor-widget-wrap\">\n\t\t\t\t\t\t\t<\/div>\n\t\t<\/div>\n\t\t\t\t\t<\/div>\n\t\t<\/section>\n\t\t\t\t<section class=\"elementor-section elementor-top-section elementor-element elementor-element-9be811a elementor-section-boxed elementor-section-height-default elementor-section-height-default\" data-id=\"9be811a\" data-element_type=\"section\">\n\t\t\t\t\t\t<div class=\"elementor-container elementor-column-gap-default\">\n\t\t\t\t\t<div class=\"elementor-column elementor-col-100 elementor-top-column elementor-element elementor-element-1ed847b7\" data-id=\"1ed847b7\" data-element_type=\"column\">\n\t\t\t<div class=\"elementor-widget-wrap elementor-element-populated\">\n\t\t\t\t\t\t<div class=\"elementor-element elementor-element-4ce0d07f elementor-widget elementor-widget-heading\" data-id=\"4ce0d07f\" data-element_type=\"widget\" data-widget_type=\"heading.default\">\n\t\t\t\t<div class=\"elementor-widget-container\">\n\t\t\t\t\t<h2 class=\"elementor-heading-title elementor-size-default\">Misyon, Vizyon ve Temel De\u011ferler<\/h2>\t\t\t\t<\/div>\n\t\t\t\t<\/div>\n\t\t\t\t<div class=\"elementor-element elementor-element-63260862 elementor-widget-divider--view-line elementor-widget elementor-widget-divider\" data-id=\"63260862\" data-element_type=\"widget\" data-widget_type=\"divider.default\">\n\t\t\t\t<div class=\"elementor-widget-container\">\n\t\t\t\t\t\t\t<div class=\"elementor-divider\">\n\t\t\t<span class=\"elementor-divider-separator\">\n\t\t\t\t\t\t<\/span>\n\t\t<\/div>\n\t\t\t\t\t\t<\/div>\n\t\t\t\t<\/div>\n\t\t\t\t\t<\/div>\n\t\t<\/div>\n\t\t\t\t\t<\/div>\n\t\t<\/section>\n\t\t\t\t<section class=\"elementor-section elementor-top-section elementor-element elementor-element-681db8b elementor-section-boxed elementor-section-height-default elementor-section-height-default\" data-id=\"681db8b\" data-element_type=\"section\">\n\t\t\t\t\t\t<div class=\"elementor-container elementor-column-gap-default\">\n\t\t\t\t\t<div class=\"elementor-column elementor-col-100 elementor-top-column elementor-element elementor-element-ad4dac5\" data-id=\"ad4dac5\" data-element_type=\"column\">\n\t\t\t<div class=\"elementor-widget-wrap elementor-element-populated\">\n\t\t\t\t\t\t<div class=\"elementor-element elementor-element-2f96b3d elementor-widget elementor-widget-text-editor\" data-id=\"2f96b3d\" data-element_type=\"widget\" data-widget_type=\"text-editor.default\">\n\t\t\t\t<div class=\"elementor-widget-container\">\n\t\t\t\t\t\t\t\t\t<p><strong>M\u0130SYONUMUZ;<\/strong><\/p>\n<p>Atat\u00fcrk \u00dcniversitesinin strateji ve politikalar\u0131 do\u011frultusunda; 5188 say\u0131l\u0131 kanun ve bunun uygulanmas\u0131na ili\u015fkin y\u00f6netmelikleri ile di\u011fer ilgili yasal mevzuatlar do\u011frultusunda \u00dcniversitemiz ve ba\u011fl\u0131 birimlerinde bulunan binalar\u0131; yang\u0131n, kapka\u00e7, h\u0131rs\u0131zl\u0131k ve sabotaj gibi olaylara kar\u015f\u0131 gerekli g\u00fcvenlik tedbirlerini alarak korumak. \u00dcniversitemizde \u00f6\u011frenim g\u00f6ren \u00f6\u011frencilerimizin, personellerimizin. Ziyaret\u00e7ilerimizin ve lojman sakinlerinin g\u00fcvenliklerinin en \u00fcst seviyede sa\u011flanmas\u0131 i\u00e7in gerekli g\u00fcvenlik tedbirlerini memnuniyet ilkesini \u00f6n planda tutarak etkin ve verimli koruma ve g\u00fcvenlik hizmeti sunmak,<\/p>\n<p>&nbsp;<strong>V\u0130ZYONUMUZ;<\/strong><\/p>\n<p>Teknolojik imkanlarla donanm\u0131\u015f, \u00e7a\u011fda\u015f ve bilimsel t\u00fcm geli\u015fmeleri \u00e7al\u0131\u015fmalar\u0131na yans\u0131tan, uzman, yenilik\u00e7i, her t\u00fcrl\u00fc koruma ve g\u00fcvenlik e\u011fitimini alan personeliyle, her zaman kamunun ve kurumun menfaatini \u00f6n planda tutarak, \u00d6\u011frencilerinin, personellerinin ve ziyaret\u00e7ilerinin g\u00fcvenliklerini en \u00fcst seviyede sa\u011flayarak sorumluluk, ger\u00e7ek\u00e7ilik, kat\u0131l\u0131mc\u0131l\u0131k ve adil olma ilkelerine ba\u011fl\u0131 olarak verece\u011fi hizmet ile \u00dcniversitemizde herkesin sayg\u0131 duyaca\u011f\u0131, di\u011fer \u00fcniversiteler i\u00e7inde \u00f6rnek al\u0131nan bir m\u00fcd\u00fcrl\u00fck olmak,<\/p>\t\t\t\t\t\t\t\t<\/div>\n\t\t\t\t<\/div>\n\t\t\t\t\t<\/div>\n\t\t<\/div>\n\t\t\t\t\t<\/div>\n\t\t<\/section>\n\t\t\t\t<\/div>\n\t\t","protected":false},"excerpt":{"rendered":"<p>Misyon, Vizyon ve Temel De\u011ferler M\u0130SYONUMUZ; Atat\u00fcrk \u00dcniversitesinin strateji ve politikalar\u0131 do\u011frultusunda; 5188 say\u0131l\u0131 kanun ve bunun uygulanmas\u0131na ili\u015fkin y\u00f6netmelikleri ile di\u011fer ilgili yasal mevzuatlar do\u011frultusunda \u00dcniversitemiz ve ba\u011fl\u0131 birimlerinde bulunan binalar\u0131; yang\u0131n, kapka\u00e7, h\u0131rs\u0131zl\u0131k ve sabotaj gibi olaylara kar\u015f\u0131 gerekli g\u00fcvenlik tedbirlerini alarak korumak. \u00dcniversitemizde \u00f6\u011frenim g\u00f6ren \u00f6\u011frencilerimizin, personellerimizin. Ziyaret\u00e7ilerimizin ve lojman sakinlerinin g\u00fcvenliklerinin [&hellip;]<\/p>\n","protected":false},"author":1,"featured_media":0,"parent":0,"menu_order":0,"comment_status":"closed","ping_status":"closed","template":"elementor_header_footer","meta":{"footnotes":""},"class_list":["post-5682","page","type-page","status-publish","hentry"],"_links":{"self":[{"href":"https:\/\/atauni.edu.tr\/koruma-ve-guvenlik-mudurlugu\/wp-json\/wp\/v2\/pages\/5682","targetHints":{"allow":["GET"]}}],"collection":[{"href":"https:\/\/atauni.edu.tr\/koruma-ve-guvenlik-mudurlugu\/wp-json\/wp\/v2\/pages"}],"about":[{"href":"https:\/\/atauni.edu.tr\/koruma-ve-guvenlik-mudurlugu\/wp-json\/wp\/v2\/types\/page"}],"author":[{"embeddable":true,"href":"https:\/\/atauni.edu.tr\/koruma-ve-guvenlik-mudurlugu\/wp-json\/wp\/v2\/users\/1"}],"replies":[{"embeddable":true,"href":"https:\/\/atauni.edu.tr\/koruma-ve-guvenlik-mudurlugu\/wp-json\/wp\/v2\/comments?post=5682"}],"version-history":[{"count":14,"href":"https:\/\/atauni.edu.tr\/koruma-ve-guvenlik-mudurlugu\/wp-json\/wp\/v2\/pages\/5682\/revisions"}],"predecessor-version":[{"id":6974,"href":"https:\/\/atauni.edu.tr\/koruma-ve-guvenlik-mudurlugu\/wp-json\/wp\/v2\/pages\/5682\/revisions\/6974"}],"wp:attachment":[{"href":"https:\/\/atauni.edu.tr\/koruma-ve-guvenlik-mudurlugu\/wp-json\/wp\/v2\/media?parent=5682"}],"curies":[{"name":"wp","href":"https:\/\/api.w.org\/{rel}","templated":true}]}}