{"id":6734,"date":"2022-03-21T09:47:37","date_gmt":"2022-03-21T06:47:37","guid":{"rendered":"https:\/\/birimler.atauni.edu.tr\/koruma-ve-guvenlik-mudurlugu\/?page_id=6734"},"modified":"2024-01-29T09:39:12","modified_gmt":"2024-01-29T06:39:12","slug":"belgeler","status":"publish","type":"page","link":"https:\/\/atauni.edu.tr\/koruma-ve-guvenlik-mudurlugu\/belgeler\/","title":{"rendered":"Y\u00f6netim \u015eemas\u0131"},"content":{"rendered":"\t\t<div data-elementor-type=\"wp-page\" data-elementor-id=\"6734\" class=\"elementor elementor-6734\" data-elementor-post-type=\"page\">\n\t\t\t\t\t\t<section class=\"elementor-section elementor-top-section elementor-element elementor-element-765e998 elementor-section-boxed elementor-section-height-default elementor-section-height-default\" data-id=\"765e998\" data-element_type=\"section\">\n\t\t\t\t\t\t<div class=\"elementor-container elementor-column-gap-default\">\n\t\t\t\t\t<div class=\"elementor-column elementor-col-100 elementor-top-column elementor-element elementor-element-3f8e9e3\" data-id=\"3f8e9e3\" data-element_type=\"column\">\n\t\t\t<div class=\"elementor-widget-wrap elementor-element-populated\">\n\t\t\t\t\t\t<div class=\"elementor-element elementor-element-864a0c4 elementor-widget elementor-widget-image\" data-id=\"864a0c4\" data-element_type=\"widget\" data-widget_type=\"image.default\">\n\t\t\t\t<div class=\"elementor-widget-container\">\n\t\t\t\t\t\t\t\t\t\t\t\t\t\t\t<img fetchpriority=\"high\" decoding=\"async\" width=\"1024\" height=\"576\" src=\"https:\/\/atauni.edu.tr\/koruma-ve-guvenlik-mudurlugu\/wp-content\/uploads\/sites\/410\/2024\/01\/Adsiz-1024x576.png\" class=\"attachment-large size-large wp-image-7039\" alt=\"\" srcset=\"https:\/\/atauni.edu.tr\/koruma-ve-guvenlik-mudurlugu\/wp-content\/uploads\/sites\/410\/2024\/01\/Adsiz-1024x576.png 1024w, https:\/\/atauni.edu.tr\/koruma-ve-guvenlik-mudurlugu\/wp-content\/uploads\/sites\/410\/2024\/01\/Adsiz-300x169.png 300w, https:\/\/atauni.edu.tr\/koruma-ve-guvenlik-mudurlugu\/wp-content\/uploads\/sites\/410\/2024\/01\/Adsiz-768x432.png 768w, https:\/\/atauni.edu.tr\/koruma-ve-guvenlik-mudurlugu\/wp-content\/uploads\/sites\/410\/2024\/01\/Adsiz-1536x864.png 1536w, https:\/\/atauni.edu.tr\/koruma-ve-guvenlik-mudurlugu\/wp-content\/uploads\/sites\/410\/2024\/01\/Adsiz-600x338.png 600w, https:\/\/atauni.edu.tr\/koruma-ve-guvenlik-mudurlugu\/wp-content\/uploads\/sites\/410\/2024\/01\/Adsiz-560x315.png 560w, https:\/\/atauni.edu.tr\/koruma-ve-guvenlik-mudurlugu\/wp-content\/uploads\/sites\/410\/2024\/01\/Adsiz.png 1600w\" sizes=\"(max-width: 1024px) 100vw, 1024px\" \/>\t\t\t\t\t\t\t\t\t\t\t\t\t\t\t<\/div>\n\t\t\t\t<\/div>\n\t\t\t\t\t<\/div>\n\t\t<\/div>\n\t\t\t\t\t<\/div>\n\t\t<\/section>\n\t\t\t\t<\/div>\n\t\t","protected":false},"excerpt":{"rendered":"","protected":false},"author":8,"featured_media":0,"parent":0,"menu_order":0,"comment_status":"closed","ping_status":"closed","template":"","meta":{"footnotes":""},"class_list":["post-6734","page","type-page","status-publish","hentry"],"_links":{"self":[{"href":"https:\/\/atauni.edu.tr\/koruma-ve-guvenlik-mudurlugu\/wp-json\/wp\/v2\/pages\/6734","targetHints":{"allow":["GET"]}}],"collection":[{"href":"https:\/\/atauni.edu.tr\/koruma-ve-guvenlik-mudurlugu\/wp-json\/wp\/v2\/pages"}],"about":[{"href":"https:\/\/atauni.edu.tr\/koruma-ve-guvenlik-mudurlugu\/wp-json\/wp\/v2\/types\/page"}],"author":[{"embeddable":true,"href":"https:\/\/atauni.edu.tr\/koruma-ve-guvenlik-mudurlugu\/wp-json\/wp\/v2\/users\/8"}],"replies":[{"embeddable":true,"href":"https:\/\/atauni.edu.tr\/koruma-ve-guvenlik-mudurlugu\/wp-json\/wp\/v2\/comments?post=6734"}],"version-history":[{"count":17,"href":"https:\/\/atauni.edu.tr\/koruma-ve-guvenlik-mudurlugu\/wp-json\/wp\/v2\/pages\/6734\/revisions"}],"predecessor-version":[{"id":7042,"href":"https:\/\/atauni.edu.tr\/koruma-ve-guvenlik-mudurlugu\/wp-json\/wp\/v2\/pages\/6734\/revisions\/7042"}],"wp:attachment":[{"href":"https:\/\/atauni.edu.tr\/koruma-ve-guvenlik-mudurlugu\/wp-json\/wp\/v2\/media?parent=6734"}],"curies":[{"name":"wp","href":"https:\/\/api.w.org\/{rel}","templated":true}]}}