{"id":5682,"date":"2021-07-13T10:10:01","date_gmt":"2021-07-13T07:10:01","guid":{"rendered":"https:\/\/portaltest.atauni.edu.tr\/bilgisayar-muhendisligi\/?page_id=5682"},"modified":"2021-11-29T11:05:39","modified_gmt":"2021-11-29T08:05:39","slug":"misyon-vizyon-ve-temel-degerler","status":"publish","type":"page","link":"https:\/\/atauni.edu.tr\/kriz-yonetimi-koordinatorlugu\/misyon-vizyon-ve-temel-degerler\/","title":{"rendered":"Misyon, Vizyon ve Temel De\u011ferler"},"content":{"rendered":"\t\t<div data-elementor-type=\"wp-page\" data-elementor-id=\"5682\" class=\"elementor elementor-5682\" data-elementor-post-type=\"page\">\n\t\t\t\t\t\t<section class=\"elementor-section elementor-top-section elementor-element elementor-element-730d320 elementor-section-boxed elementor-section-height-default elementor-section-height-default\" data-id=\"730d320\" data-element_type=\"section\">\n\t\t\t\t\t\t<div class=\"elementor-container elementor-column-gap-default\">\n\t\t\t\t\t<div class=\"elementor-column elementor-col-100 elementor-top-column elementor-element elementor-element-753d0860\" data-id=\"753d0860\" data-element_type=\"column\">\n\t\t\t<div class=\"elementor-widget-wrap\">\n\t\t\t\t\t\t\t<\/div>\n\t\t<\/div>\n\t\t\t\t\t<\/div>\n\t\t<\/section>\n\t\t\t\t<section class=\"elementor-section elementor-top-section elementor-element elementor-element-9be811a elementor-section-boxed elementor-section-height-default elementor-section-height-default\" data-id=\"9be811a\" data-element_type=\"section\">\n\t\t\t\t\t\t<div class=\"elementor-container elementor-column-gap-default\">\n\t\t\t\t\t<div class=\"elementor-column elementor-col-100 elementor-top-column elementor-element elementor-element-1ed847b7\" data-id=\"1ed847b7\" data-element_type=\"column\">\n\t\t\t<div class=\"elementor-widget-wrap elementor-element-populated\">\n\t\t\t\t\t\t<div class=\"elementor-element elementor-element-4ce0d07f elementor-widget elementor-widget-heading\" data-id=\"4ce0d07f\" data-element_type=\"widget\" data-widget_type=\"heading.default\">\n\t\t\t\t<div class=\"elementor-widget-container\">\n\t\t\t\t\t<h2 class=\"elementor-heading-title elementor-size-default\">Misyon, Vizyon <\/h2>\t\t\t\t<\/div>\n\t\t\t\t<\/div>\n\t\t\t\t<div class=\"elementor-element elementor-element-63260862 elementor-widget-divider--view-line elementor-widget elementor-widget-divider\" data-id=\"63260862\" data-element_type=\"widget\" data-widget_type=\"divider.default\">\n\t\t\t\t<div class=\"elementor-widget-container\">\n\t\t\t\t\t\t\t<div class=\"elementor-divider\">\n\t\t\t<span class=\"elementor-divider-separator\">\n\t\t\t\t\t\t<\/span>\n\t\t<\/div>\n\t\t\t\t\t\t<\/div>\n\t\t\t\t<\/div>\n\t\t\t\t\t<\/div>\n\t\t<\/div>\n\t\t\t\t\t<\/div>\n\t\t<\/section>\n\t\t\t\t<section class=\"elementor-section elementor-top-section elementor-element elementor-element-681db8b elementor-section-boxed elementor-section-height-default elementor-section-height-default\" data-id=\"681db8b\" data-element_type=\"section\">\n\t\t\t\t\t\t<div class=\"elementor-container elementor-column-gap-default\">\n\t\t\t\t\t<div class=\"elementor-column elementor-col-100 elementor-top-column elementor-element elementor-element-ad4dac5\" data-id=\"ad4dac5\" data-element_type=\"column\">\n\t\t\t<div class=\"elementor-widget-wrap elementor-element-populated\">\n\t\t\t\t\t\t<div class=\"elementor-element elementor-element-f76f54b elementor-widget elementor-widget-image\" data-id=\"f76f54b\" data-element_type=\"widget\" data-widget_type=\"image.default\">\n\t\t\t\t<div class=\"elementor-widget-container\">\n\t\t\t\t\t\t\t\t\t\t\t\t\t\t\t<img decoding=\"async\" width=\"150\" height=\"150\" src=\"https:\/\/atauni.edu.tr\/kriz-yonetimi-koordinatorlugu\/wp-content\/uploads\/sites\/408\/2021\/11\/misyon-150x150.png\" class=\"attachment-thumbnail size-thumbnail wp-image-6161\" alt=\"Misoyn\" \/>\t\t\t\t\t\t\t\t\t\t\t\t\t\t\t<\/div>\n\t\t\t\t<\/div>\n\t\t\t\t<div class=\"elementor-element elementor-element-2f96b3d elementor-widget elementor-widget-text-editor\" data-id=\"2f96b3d\" data-element_type=\"widget\" data-widget_type=\"text-editor.default\">\n\t\t\t\t<div class=\"elementor-widget-container\">\n\t\t\t\t\t\t\t\t\t<h3><span style=\"letter-spacing: 0px;color: #333333;font-family: monospace;font-size: 14.16px;text-align: start;background-color: #fdfcfa\"><i>Misyon<\/i><\/span><\/h3><p><span style=\"letter-spacing: 0px;color: #333333;font-family: monospace;font-size: 14.16px;text-align: start;background-color: #fdfcfa\">\u00dcniversitemizde krizi yaratan risklerin \u00f6nlenmesi, ortadan kald\u0131r\u0131lmas\u0131 veya \u00dcniversitemiz menfaatleri do\u011frultusunda en az zararla atlat\u0131lmas\u0131n\u0131<\/span><span style=\"letter-spacing: 0px;color: #333333;font-family: monospace;font-size: 14.16px;text-align: start;background-color: #fdfcfa\">\u00a0<\/span><span style=\"letter-spacing: 0px;color: #336699;cursor: pointer;font-family: monospace;font-size: 14.16px;text-align: start;background-color: #fdfcfa\" role=\"link\"><span style=\"cursor: pointer\" role=\"link\">sa<\/span><\/span><span style=\"letter-spacing: 0px;color: #333333;font-family: monospace;font-size: 14.16px;text-align: start;background-color: #fdfcfa\">\u011flamak amac\u0131yla gereken haz\u0131rl\u0131k ve faaliyetlerin y\u00f6nlendirilmesidir.<\/span><\/p><p>\u00a0<\/p>\t\t\t\t\t\t\t\t<\/div>\n\t\t\t\t<\/div>\n\t\t\t\t<div class=\"elementor-element elementor-element-766f97e elementor-widget elementor-widget-image\" data-id=\"766f97e\" data-element_type=\"widget\" data-widget_type=\"image.default\">\n\t\t\t\t<div class=\"elementor-widget-container\">\n\t\t\t\t\t\t\t\t\t\t\t\t\t\t\t<img decoding=\"async\" width=\"150\" height=\"150\" src=\"https:\/\/atauni.edu.tr\/kriz-yonetimi-koordinatorlugu\/wp-content\/uploads\/sites\/408\/2021\/11\/vizyon-150x150.png\" class=\"attachment-thumbnail size-thumbnail wp-image-6163\" alt=\"\" \/>\t\t\t\t\t\t\t\t\t\t\t\t\t\t\t<\/div>\n\t\t\t\t<\/div>\n\t\t\t\t<div class=\"elementor-element elementor-element-4057d1e elementor-widget elementor-widget-text-editor\" data-id=\"4057d1e\" data-element_type=\"widget\" data-widget_type=\"text-editor.default\">\n\t\t\t\t<div class=\"elementor-widget-container\">\n\t\t\t\t\t\t\t\t\t<h1><span style=\"letter-spacing: 0px;color: #333333;font-family: monospace;font-size: 14.16px;text-align: start;background-color: #fdfcfa\"><b><i>Vizyon<\/i><\/b><\/span><\/h1><p><span style=\"color: #333333;font-family: monospace;font-size: 14.16px;text-align: start;background-color: #fdfcfa\">G\u00fcvenli \u00fcniversite, g\u00fcvenli e\u011fitim-\u00f6\u011fretim i\u00e7in etkin koordinasyon.<\/span><\/p>\t\t\t\t\t\t\t\t<\/div>\n\t\t\t\t<\/div>\n\t\t\t\t\t<\/div>\n\t\t<\/div>\n\t\t\t\t\t<\/div>\n\t\t<\/section>\n\t\t\t\t<\/div>\n\t\t","protected":false},"excerpt":{"rendered":"<p>Misyon, Vizyon Misyon \u00dcniversitemizde krizi yaratan risklerin \u00f6nlenmesi, ortadan kald\u0131r\u0131lmas\u0131 veya \u00dcniversitemiz menfaatleri do\u011frultusunda en az zararla atlat\u0131lmas\u0131n\u0131\u00a0sa\u011flamak amac\u0131yla gereken haz\u0131rl\u0131k ve faaliyetlerin y\u00f6nlendirilmesidir. \u00a0 Vizyon G\u00fcvenli \u00fcniversite, g\u00fcvenli e\u011fitim-\u00f6\u011fretim i\u00e7in etkin koordinasyon.<\/p>\n","protected":false},"author":1,"featured_media":0,"parent":0,"menu_order":0,"comment_status":"closed","ping_status":"closed","template":"elementor_header_footer","meta":{"footnotes":""},"class_list":["post-5682","page","type-page","status-publish","hentry"],"_links":{"self":[{"href":"https:\/\/atauni.edu.tr\/kriz-yonetimi-koordinatorlugu\/wp-json\/wp\/v2\/pages\/5682","targetHints":{"allow":["GET"]}}],"collection":[{"href":"https:\/\/atauni.edu.tr\/kriz-yonetimi-koordinatorlugu\/wp-json\/wp\/v2\/pages"}],"about":[{"href":"https:\/\/atauni.edu.tr\/kriz-yonetimi-koordinatorlugu\/wp-json\/wp\/v2\/types\/page"}],"author":[{"embeddable":true,"href":"https:\/\/atauni.edu.tr\/kriz-yonetimi-koordinatorlugu\/wp-json\/wp\/v2\/users\/1"}],"replies":[{"embeddable":true,"href":"https:\/\/atauni.edu.tr\/kriz-yonetimi-koordinatorlugu\/wp-json\/wp\/v2\/comments?post=5682"}],"version-history":[{"count":12,"href":"https:\/\/atauni.edu.tr\/kriz-yonetimi-koordinatorlugu\/wp-json\/wp\/v2\/pages\/5682\/revisions"}],"predecessor-version":[{"id":6166,"href":"https:\/\/atauni.edu.tr\/kriz-yonetimi-koordinatorlugu\/wp-json\/wp\/v2\/pages\/5682\/revisions\/6166"}],"wp:attachment":[{"href":"https:\/\/atauni.edu.tr\/kriz-yonetimi-koordinatorlugu\/wp-json\/wp\/v2\/media?parent=5682"}],"curies":[{"name":"wp","href":"https:\/\/api.w.org\/{rel}","templated":true}]}}