{"id":5682,"date":"2021-07-13T10:10:01","date_gmt":"2021-07-13T07:10:01","guid":{"rendered":"https:\/\/portaltest.atauni.edu.tr\/bilgisayar-muhendisligi\/?page_id=5682"},"modified":"2023-03-09T12:23:36","modified_gmt":"2023-03-09T09:23:36","slug":"misyon-vizyon-ve-temel-degerler","status":"publish","type":"page","link":"https:\/\/atauni.edu.tr\/laborant-ve-veteriner-saglik\/misyon-vizyon-ve-temel-degerler\/","title":{"rendered":"Misyon, Vizyon ve Temel De\u011ferler"},"content":{"rendered":"\t\t<div data-elementor-type=\"wp-page\" data-elementor-id=\"5682\" class=\"elementor elementor-5682\" data-elementor-post-type=\"page\">\n\t\t\t\t\t\t<section class=\"elementor-section elementor-top-section elementor-element elementor-element-730d320 elementor-section-boxed elementor-section-height-default elementor-section-height-default\" data-id=\"730d320\" data-element_type=\"section\">\n\t\t\t\t\t\t<div class=\"elementor-container elementor-column-gap-default\">\n\t\t\t\t\t<div class=\"elementor-column elementor-col-100 elementor-top-column elementor-element elementor-element-753d0860\" data-id=\"753d0860\" data-element_type=\"column\">\n\t\t\t<div class=\"elementor-widget-wrap\">\n\t\t\t\t\t\t\t<\/div>\n\t\t<\/div>\n\t\t\t\t\t<\/div>\n\t\t<\/section>\n\t\t\t\t<section class=\"elementor-section elementor-top-section elementor-element elementor-element-9be811a elementor-section-boxed elementor-section-height-default elementor-section-height-default\" data-id=\"9be811a\" data-element_type=\"section\">\n\t\t\t\t\t\t<div class=\"elementor-container elementor-column-gap-default\">\n\t\t\t\t\t<div class=\"elementor-column elementor-col-100 elementor-top-column elementor-element elementor-element-1ed847b7\" data-id=\"1ed847b7\" data-element_type=\"column\">\n\t\t\t<div class=\"elementor-widget-wrap elementor-element-populated\">\n\t\t\t\t\t\t<div class=\"elementor-element elementor-element-4ce0d07f elementor-widget elementor-widget-heading\" data-id=\"4ce0d07f\" data-element_type=\"widget\" data-widget_type=\"heading.default\">\n\t\t\t\t<div class=\"elementor-widget-container\">\n\t\t\t\t\t<h2 class=\"elementor-heading-title elementor-size-default\">Misyon, Vizyon ve Temel De\u011ferler<\/h2>\t\t\t\t<\/div>\n\t\t\t\t<\/div>\n\t\t\t\t<div class=\"elementor-element elementor-element-63260862 elementor-widget-divider--view-line elementor-widget elementor-widget-divider\" data-id=\"63260862\" data-element_type=\"widget\" data-widget_type=\"divider.default\">\n\t\t\t\t<div class=\"elementor-widget-container\">\n\t\t\t\t\t\t\t<div class=\"elementor-divider\">\n\t\t\t<span class=\"elementor-divider-separator\">\n\t\t\t\t\t\t<\/span>\n\t\t<\/div>\n\t\t\t\t\t\t<\/div>\n\t\t\t\t<\/div>\n\t\t\t\t\t<\/div>\n\t\t<\/div>\n\t\t\t\t\t<\/div>\n\t\t<\/section>\n\t\t\t\t<section class=\"elementor-section elementor-top-section elementor-element elementor-element-681db8b elementor-section-boxed elementor-section-height-default elementor-section-height-default\" data-id=\"681db8b\" data-element_type=\"section\">\n\t\t\t\t\t\t<div class=\"elementor-container elementor-column-gap-default\">\n\t\t\t\t\t<div class=\"elementor-column elementor-col-100 elementor-top-column elementor-element elementor-element-ad4dac5\" data-id=\"ad4dac5\" data-element_type=\"column\">\n\t\t\t<div class=\"elementor-widget-wrap elementor-element-populated\">\n\t\t\t\t\t\t<div class=\"elementor-element elementor-element-2f96b3d elementor-widget elementor-widget-text-editor\" data-id=\"2f96b3d\" data-element_type=\"widget\" data-widget_type=\"text-editor.default\">\n\t\t\t\t<div class=\"elementor-widget-container\">\n\t\t\t\t\t\t\t\t\t<div><h2>M\u0130SYONUMUZ<\/h2><p>Veterinerlik B\u00f6l\u00fcm\u00fc Laborant ve Veteriner Sa\u011fl\u0131k Program\u0131 misyonu; \u00e7a\u011fda\u015f bilgiler ile donanm\u0131\u015f, k\u00fclt\u00fcrel birikimi ve ileti\u015fim becerisine sahip, mesle\u011finde ara\u015ft\u0131rma ve problem \u00e7\u00f6zme yetene\u011fi geli\u015fmi\u015f, \u00e7evresine liderlik edebilecek yap\u0131da, Atat\u00fcrk \u0130lke ve \u0130nk\u0131laplar\u0131n\u0131 \u00f6z\u00fcmsemi\u015f, vatansever bireyler yeti\u015ftiren nitelikli e\u011fitim vermeyi, ara\u015ft\u0131rma ve topluma hizmet sorumlulu\u011funu evrensel standartlarda y\u00fcr\u00fctmeyi, bilgi \u00fcretmeyi, uygulama ve yaymay\u0131 ilke edinmi\u015ftir.<\/p><\/div><div><h2>V\u0130ZYONUMUZ<\/h2><p>Veterinerlik B\u00f6l\u00fcm\u00fc Laborant ve Veteriner Sa\u011fl\u0131k Program\u0131 vizyonu; Hayvanc\u0131l\u0131k alan\u0131nda nitelikli e\u011fitimi ger\u00e7ekle\u015ftirirken \u00fclkemizin kalk\u0131nmas\u0131na katk\u0131 sa\u011flayan, bilgi \u00fcreten, s\u00fcrekli geli\u015fen, hizmet etti\u011fi insanlar ve \u00fcretti\u011fi bilgiler ile \u00f6rnek olabilecek b\u00f6l\u00fcm olmakt\u0131r.<\/p><\/div>\t\t\t\t\t\t\t\t<\/div>\n\t\t\t\t<\/div>\n\t\t\t\t\t<\/div>\n\t\t<\/div>\n\t\t\t\t\t<\/div>\n\t\t<\/section>\n\t\t\t\t<\/div>\n\t\t","protected":false},"excerpt":{"rendered":"<p>Misyon, Vizyon ve Temel De\u011ferler M\u0130SYONUMUZ Veterinerlik B\u00f6l\u00fcm\u00fc Laborant ve Veteriner Sa\u011fl\u0131k Program\u0131 misyonu; \u00e7a\u011fda\u015f bilgiler ile donanm\u0131\u015f, k\u00fclt\u00fcrel birikimi ve ileti\u015fim becerisine sahip, mesle\u011finde ara\u015ft\u0131rma ve problem \u00e7\u00f6zme yetene\u011fi geli\u015fmi\u015f, \u00e7evresine liderlik edebilecek yap\u0131da, Atat\u00fcrk \u0130lke ve \u0130nk\u0131laplar\u0131n\u0131 \u00f6z\u00fcmsemi\u015f, vatansever bireyler yeti\u015ftiren nitelikli e\u011fitim vermeyi, ara\u015ft\u0131rma ve topluma hizmet sorumlulu\u011funu evrensel standartlarda y\u00fcr\u00fctmeyi, bilgi [&hellip;]<\/p>\n","protected":false},"author":1,"featured_media":0,"parent":0,"menu_order":0,"comment_status":"closed","ping_status":"closed","template":"elementor_header_footer","meta":{"footnotes":""},"class_list":["post-5682","page","type-page","status-publish","hentry"],"_links":{"self":[{"href":"https:\/\/atauni.edu.tr\/laborant-ve-veteriner-saglik\/wp-json\/wp\/v2\/pages\/5682","targetHints":{"allow":["GET"]}}],"collection":[{"href":"https:\/\/atauni.edu.tr\/laborant-ve-veteriner-saglik\/wp-json\/wp\/v2\/pages"}],"about":[{"href":"https:\/\/atauni.edu.tr\/laborant-ve-veteriner-saglik\/wp-json\/wp\/v2\/types\/page"}],"author":[{"embeddable":true,"href":"https:\/\/atauni.edu.tr\/laborant-ve-veteriner-saglik\/wp-json\/wp\/v2\/users\/1"}],"replies":[{"embeddable":true,"href":"https:\/\/atauni.edu.tr\/laborant-ve-veteriner-saglik\/wp-json\/wp\/v2\/comments?post=5682"}],"version-history":[{"count":11,"href":"https:\/\/atauni.edu.tr\/laborant-ve-veteriner-saglik\/wp-json\/wp\/v2\/pages\/5682\/revisions"}],"predecessor-version":[{"id":6192,"href":"https:\/\/atauni.edu.tr\/laborant-ve-veteriner-saglik\/wp-json\/wp\/v2\/pages\/5682\/revisions\/6192"}],"wp:attachment":[{"href":"https:\/\/atauni.edu.tr\/laborant-ve-veteriner-saglik\/wp-json\/wp\/v2\/media?parent=5682"}],"curies":[{"name":"wp","href":"https:\/\/api.w.org\/{rel}","templated":true}]}}