{"id":6071,"date":"2021-08-27T15:45:02","date_gmt":"2021-08-27T12:45:02","guid":{"rendered":"https:\/\/birimler.atauni.edu.tr\/laboratuar-veteriner-saglik-bolumu\/?page_id=6071"},"modified":"2021-09-13T10:22:11","modified_gmt":"2021-09-13T07:22:11","slug":"bolum-kurulu-kararlari","status":"publish","type":"page","link":"https:\/\/atauni.edu.tr\/laboratuar-veteriner-saglik-bolumu\/bolum-kurulu-kararlari\/","title":{"rendered":"B\u00f6l\u00fcm Kurulu Kararlar\u0131"},"content":{"rendered":"\t\t<div data-elementor-type=\"wp-page\" data-elementor-id=\"6071\" class=\"elementor elementor-6071\" data-elementor-post-type=\"page\">\n\t\t\t\t\t\t<section class=\"elementor-section elementor-top-section elementor-element elementor-element-730d320 elementor-section-boxed elementor-section-height-default elementor-section-height-default\" data-id=\"730d320\" data-element_type=\"section\">\n\t\t\t\t\t\t<div class=\"elementor-container elementor-column-gap-default\">\n\t\t\t\t\t<div class=\"elementor-column elementor-col-100 elementor-top-column elementor-element elementor-element-753d0860\" data-id=\"753d0860\" data-element_type=\"column\">\n\t\t\t<div class=\"elementor-widget-wrap\">\n\t\t\t\t\t\t\t<\/div>\n\t\t<\/div>\n\t\t\t\t\t<\/div>\n\t\t<\/section>\n\t\t\t\t<section class=\"elementor-section elementor-top-section elementor-element elementor-element-9be811a elementor-section-boxed elementor-section-height-default elementor-section-height-default\" data-id=\"9be811a\" data-element_type=\"section\">\n\t\t\t\t\t\t<div class=\"elementor-container elementor-column-gap-default\">\n\t\t\t\t\t<div class=\"elementor-column elementor-col-100 elementor-top-column elementor-element elementor-element-1ed847b7\" data-id=\"1ed847b7\" data-element_type=\"column\">\n\t\t\t<div class=\"elementor-widget-wrap elementor-element-populated\">\n\t\t\t\t\t\t<div class=\"elementor-element elementor-element-4ce0d07f elementor-widget elementor-widget-heading\" data-id=\"4ce0d07f\" data-element_type=\"widget\" data-widget_type=\"heading.default\">\n\t\t\t\t<div class=\"elementor-widget-container\">\n\t\t\t\t\t<h2 class=\"elementor-heading-title elementor-size-default\">B\u00f6l\u00fcm Kurulu Kararlar\u0131<\/h2>\t\t\t\t<\/div>\n\t\t\t\t<\/div>\n\t\t\t\t<div class=\"elementor-element elementor-element-63260862 elementor-widget-divider--view-line elementor-widget elementor-widget-divider\" data-id=\"63260862\" data-element_type=\"widget\" data-widget_type=\"divider.default\">\n\t\t\t\t<div class=\"elementor-widget-container\">\n\t\t\t\t\t\t\t<div class=\"elementor-divider\">\n\t\t\t<span class=\"elementor-divider-separator\">\n\t\t\t\t\t\t<\/span>\n\t\t<\/div>\n\t\t\t\t\t\t<\/div>\n\t\t\t\t<\/div>\n\t\t\t\t\t<\/div>\n\t\t<\/div>\n\t\t\t\t\t<\/div>\n\t\t<\/section>\n\t\t\t\t<section class=\"elementor-section elementor-top-section elementor-element elementor-element-681db8b elementor-section-boxed elementor-section-height-default elementor-section-height-default\" data-id=\"681db8b\" data-element_type=\"section\">\n\t\t\t\t\t\t<div class=\"elementor-container elementor-column-gap-default\">\n\t\t\t\t\t<div class=\"elementor-column elementor-col-100 elementor-top-column elementor-element elementor-element-ad4dac5\" data-id=\"ad4dac5\" data-element_type=\"column\">\n\t\t\t<div class=\"elementor-widget-wrap elementor-element-populated\">\n\t\t\t\t\t\t<div class=\"elementor-element elementor-element-2f96b3d elementor-widget elementor-widget-text-editor\" data-id=\"2f96b3d\" data-element_type=\"widget\" data-widget_type=\"text-editor.default\">\n\t\t\t\t<div class=\"elementor-widget-container\">\n\t\t\t\t\t\t\t\t\t<html>\n<body>\n<h2>B\u00f6l\u00fcm Kurulu Kararlar\u0131<\/h2>\n<p>Atat\u00fcrk \u00dcniversitesi Veterinerlik B\u00f6l\u00fcm\u00fc&#8217;n\u00fcn b\u00f6l\u00fcm kurulu toplant\u0131lar\u0131nda al\u0131nan kararlar, veterinerlik e\u011fitimi ve mesle\u011finin geli\u015fimine y\u00f6n vermek amac\u0131yla y\u00fcr\u00fct\u00fclen faaliyetlerin belirlenmesi a\u00e7\u0131s\u0131ndan b\u00fcy\u00fck \u00f6nem ta\u015f\u0131r. Bu kararlar genellikle b\u00f6l\u00fcm\u00fcn akademik ve idari i\u015fleyi\u015fini d\u00fczenlemekle birlikte, \u00f6\u011frencilerin e\u011fitim s\u00fcre\u00e7lerini de do\u011frudan etkiler.<\/p>\n<p>B\u00f6l\u00fcm kurulu toplant\u0131lar\u0131nda, \u00e7e\u015fitli konular ele al\u0131narak g\u00f6r\u00fc\u015f\u00fcl\u00fcr ve gerekli g\u00f6r\u00fclen hallerde kararlar al\u0131n\u0131r. Bu kararlar\u0131n i\u00e7eri\u011fi, \u00f6\u011fretim programlar\u0131n\u0131n g\u00fcncellenmesinden, ara\u015ft\u0131rma projelerine verilen desteklere kadar geni\u015f bir yelpazeyi kapsayabilir. Ayr\u0131ca, \u00f6\u011frencilerin staj ve praktik e\u011fitimleri gibi konularda da b\u00f6l\u00fcm kurulu taraf\u0131ndan al\u0131nan kararlar belirleyici rol oynar.<\/p>\n<p>Bu kararlar\u0131n uygulanmas\u0131, veterinerlik b\u00f6l\u00fcm\u00fcn\u00fcn kalitesini art\u0131rmak ve \u00f6\u011frencilere daha iyi bir e\u011fitim ortam\u0131 sa\u011flamak amac\u0131yla ger\u00e7ekle\u015ftirilir. \u00d6\u011fretim \u00fcyeleri ve idari personel, bu kararlar\u0131n y\u00fcr\u00fct\u00fclmesinde aktif olarak g\u00f6rev al\u0131r. Ayn\u0131 zamanda, al\u0131nan kararlar, veterinerlik mesle\u011finin etik ve yasal \u00e7er\u00e7evesi i\u00e7erisinde kalmaya \u00f6zen g\u00f6sterir.<\/p>\n<p>Sonu\u00e7 olarak, Atat\u00fcrk \u00dcniversitesi Veterinerlik B\u00f6l\u00fcm\u00fc&#8217;n\u00fcn b\u00f6l\u00fcm kurulu kararlar\u0131, hem e\u011fitim s\u00fcreci hem de veterinerlik mesle\u011finin genel geli\u015fimi a\u00e7\u0131s\u0131ndan kritik bir \u00f6neme sahiptir. Bu kararlar, \u00f6\u011frencilerin ve \u00f6\u011fretim elemanlar\u0131n\u0131n \u00e7al\u0131\u015fmalar\u0131n\u0131 destekleyerek, sekt\u00f6rde etkili ve bilin\u00e7li bireyler yeti\u015ftirmeyi ama\u00e7lar.<\/p>\n<\/body>\n<\/html>\t\t\t\t\t\t\t\t<\/div>\n\t\t\t\t<\/div>\n\t\t\t\t\t<\/div>\n\t\t<\/div>\n\t\t\t\t\t<\/div>\n\t\t<\/section>\n\t\t\t\t<\/div>\n\t\t","protected":false},"excerpt":{"rendered":"<p>B\u00f6l\u00fcm Kurulu Kararlar\u0131 Lorem Ipsum Nedir? Lorem Ipsum, dizgi ve bask\u0131 end\u00fcstrisinde kullan\u0131lan m\u0131g\u0131r metinlerdir. Lorem Ipsum, ad\u0131 bilinmeyen bir matbaac\u0131n\u0131n bir hurufat numune kitab\u0131 olu\u015fturmak \u00fczere bir yaz\u0131 galerisini alarak kar\u0131\u015ft\u0131rd\u0131\u011f\u0131 1500&#8217;lerden beri end\u00fcstri standard\u0131 sahte metinler olarak kullan\u0131lm\u0131\u015ft\u0131r. Be\u015fy\u00fcz y\u0131l boyunca varl\u0131\u011f\u0131n\u0131 s\u00fcrd\u00fcrmekle kalmam\u0131\u015f, ayn\u0131 zamanda pek de\u011fi\u015fmeden elektronik dizgiye de s\u0131\u00e7ram\u0131\u015ft\u0131r. 1960&#8217;larda [&hellip;]<\/p>\n","protected":false},"author":1,"featured_media":0,"parent":0,"menu_order":0,"comment_status":"closed","ping_status":"closed","template":"elementor_header_footer","meta":{"footnotes":""},"class_list":["post-6071","page","type-page","status-publish","hentry"],"_links":{"self":[{"href":"https:\/\/atauni.edu.tr\/laboratuar-veteriner-saglik-bolumu\/wp-json\/wp\/v2\/pages\/6071","targetHints":{"allow":["GET"]}}],"collection":[{"href":"https:\/\/atauni.edu.tr\/laboratuar-veteriner-saglik-bolumu\/wp-json\/wp\/v2\/pages"}],"about":[{"href":"https:\/\/atauni.edu.tr\/laboratuar-veteriner-saglik-bolumu\/wp-json\/wp\/v2\/types\/page"}],"author":[{"embeddable":true,"href":"https:\/\/atauni.edu.tr\/laboratuar-veteriner-saglik-bolumu\/wp-json\/wp\/v2\/users\/1"}],"replies":[{"embeddable":true,"href":"https:\/\/atauni.edu.tr\/laboratuar-veteriner-saglik-bolumu\/wp-json\/wp\/v2\/comments?post=6071"}],"version-history":[{"count":7,"href":"https:\/\/atauni.edu.tr\/laboratuar-veteriner-saglik-bolumu\/wp-json\/wp\/v2\/pages\/6071\/revisions"}],"predecessor-version":[{"id":6120,"href":"https:\/\/atauni.edu.tr\/laboratuar-veteriner-saglik-bolumu\/wp-json\/wp\/v2\/pages\/6071\/revisions\/6120"}],"wp:attachment":[{"href":"https:\/\/atauni.edu.tr\/laboratuar-veteriner-saglik-bolumu\/wp-json\/wp\/v2\/media?parent=6071"}],"curies":[{"name":"wp","href":"https:\/\/api.w.org\/{rel}","templated":true}]}}