{"id":68,"date":"2020-07-10T03:09:24","date_gmt":"2020-07-10T00:09:24","guid":{"rendered":"http:\/\/demo.ovathemes.com\/egovt\/?page_id=68"},"modified":"2026-03-10T16:26:56","modified_gmt":"2026-03-10T13:26:56","slug":"anasayfa","status":"publish","type":"page","link":"https:\/\/atauni.edu.tr\/lisans-ar-ge-koordinatorlugu\/","title":{"rendered":"Anasayfa"},"content":{"rendered":"\t\t<div data-elementor-type=\"wp-page\" data-elementor-id=\"68\" class=\"elementor elementor-68\" data-elementor-post-type=\"page\">\n\t\t\t\t\t\t<section class=\"elementor-section elementor-top-section elementor-element elementor-element-0bcef74 elementor-section-boxed elementor-section-height-default elementor-section-height-default\" data-id=\"0bcef74\" data-element_type=\"section\">\n\t\t\t\t\t\t<div class=\"elementor-container elementor-column-gap-default\">\n\t\t\t\t\t<div class=\"elementor-column elementor-col-100 elementor-top-column elementor-element elementor-element-70bda4c\" data-id=\"70bda4c\" data-element_type=\"column\">\n\t\t\t<div class=\"elementor-widget-wrap elementor-element-populated\">\n\t\t\t\t\t\t<div class=\"elementor-element elementor-element-ba7af18 elementor--h-position-center elementor--v-position-middle elementor-arrows-position-inside elementor-pagination-position-inside elementor-widget elementor-widget-slides\" data-id=\"ba7af18\" data-element_type=\"widget\" data-settings=\"{&quot;navigation&quot;:&quot;both&quot;,&quot;autoplay&quot;:&quot;yes&quot;,&quot;pause_on_hover&quot;:&quot;yes&quot;,&quot;pause_on_interaction&quot;:&quot;yes&quot;,&quot;autoplay_speed&quot;:5000,&quot;infinite&quot;:&quot;yes&quot;,&quot;transition&quot;:&quot;slide&quot;,&quot;transition_speed&quot;:500}\" data-widget_type=\"slides.default\">\n\t\t\t\t<div class=\"elementor-widget-container\">\n\t\t\t\t\t\t\t\t\t<div class=\"elementor-swiper\">\n\t\t\t\t\t<div class=\"elementor-slides-wrapper elementor-main-swiper swiper\" role=\"region\" aria-roledescription=\"carousel\" aria-label=\"Slides\" dir=\"ltr\" data-animation=\"fadeInUp\">\n\t\t\t\t<div class=\"swiper-wrapper elementor-slides\">\n\t\t\t\t\t\t\t\t\t\t<div class=\"elementor-repeater-item-a38797a swiper-slide\" role=\"group\" aria-roledescription=\"slide\"><div class=\"swiper-slide-bg elementor-ken-burns elementor-ken-burns--in\" role=\"img\" aria-label=\"\"><\/div><a class=\"swiper-slide-inner\" href=\"https:\/\/atauni.edu.tr\/lisans-ar-ge-koordinatorlugu\/?p=6411&#038;preview=true&#038;_thumbnail_id=6418\"><div class=\"swiper-slide-contents\"><\/div><\/a><\/div><div class=\"elementor-repeater-item-549f050 swiper-slide\" role=\"group\" aria-roledescription=\"slide\"><div class=\"swiper-slide-bg elementor-ken-burns elementor-ken-burns--in\" role=\"img\" aria-label=\"hand-drawn-science-education-background_23-2148499325\"><\/div><div class=\"elementor-background-overlay\"><\/div><a class=\"swiper-slide-inner\" href=\"https:\/\/birimler.atauni.edu.tr\/lisans-ar-ge-koordinatorlugu\/tusas-lift-up\/\"><div class=\"swiper-slide-contents\"><div class=\"elementor-slide-heading\">2023-2024 D\u00f6nemi LIFT UP Ba\u015fvurular\u0131 Ba\u015flad\u0131<\/div><div class=\"elementor-slide-description\">Detaylar \u0130\u00e7in<\/div><div  class=\"elementor-button elementor-slide-button elementor-size-sm\">T\u0131klay\u0131n\u0131z<\/div><\/div><\/a><\/div><div class=\"elementor-repeater-item-5d65ecd swiper-slide\" role=\"group\" aria-roledescription=\"slide\"><div class=\"swiper-slide-bg\"><\/div><a class=\"swiper-slide-inner\" href=\"https:\/\/birimler.atauni.edu.tr\/lisans-ar-ge-koordinatorlugu\/2023\/08\/08\/ataturk-universitesi-ogrencilerinin-2209-a-projelerinde-artis-devam-ediyor\/\"><div class=\"swiper-slide-contents\"><div class=\"elementor-slide-heading\">Atat\u00fcrk \u00dcniversitesi \u00d6\u011frencilerinin 2209-A Projelerinde Art\u0131\u015f H\u0131z Kesmeden S\u00fcr\u00fcyor<\/div><div  class=\"elementor-button elementor-slide-button elementor-size-sm\">Click Here<\/div><\/div><\/a><\/div><div class=\"elementor-repeater-item-fe3c740 swiper-slide\" role=\"group\" aria-roledescription=\"slide\"><div class=\"swiper-slide-bg\" role=\"img\" aria-label=\"Screenshot 2022-12-09 at 17.51.48\"><\/div><a class=\"swiper-slide-inner\" href=\"https:\/\/birimler.atauni.edu.tr\/lisans-ar-ge-koordinatorlugu\/2022\/12\/09\/tubitak-2242-universite-ogrencileri-arastirma-proje-yarismalari\/\"><div class=\"swiper-slide-contents\"><div class=\"elementor-slide-heading\">T\u00dcB\u0130TAK 2242 \u00dcniversite Ara\u015ft\u0131rma Proje Yar\u0131\u015fmalar\u0131<\/div><div  class=\"elementor-button elementor-slide-button elementor-size-sm\">Detaylar \u0130\u00e7in T\u0131klay\u0131n\u0131z<\/div><\/div><\/a><\/div><div class=\"elementor-repeater-item-6cc0934 swiper-slide\" role=\"group\" aria-roledescription=\"slide\"><div class=\"swiper-slide-bg elementor-ken-burns elementor-ken-burns--in\" role=\"img\" aria-label=\"general-science\"><\/div><div class=\"elementor-background-overlay\"><\/div><a class=\"swiper-slide-inner\" href=\"https:\/\/birimler.atauni.edu.tr\/lisans-ar-ge-koordinatorlugu\/tubitak-lisans-projeleri\/\"><div class=\"swiper-slide-contents\"><div class=\"elementor-slide-heading\">Lisans Ar-Ge Projeleri (T\u00dcB\u0130TAK)<\/div><div class=\"elementor-slide-description\">Detaylar \u0130\u00e7in<\/div><div  class=\"elementor-button elementor-slide-button elementor-size-sm\">T\u0131klay\u0131n\u0131z<\/div><\/div><\/a><\/div><div class=\"elementor-repeater-item-0f6303e swiper-slide\" role=\"group\" aria-roledescription=\"slide\"><div class=\"swiper-slide-bg\"><\/div><a class=\"swiper-slide-inner\" href=\"https:\/\/birimler.atauni.edu.tr\/lisans-ar-ge-koordinatorlugu\/2023\/08\/23\/tuseb-ogrenci-projelerine-sagladigi-destekleri-artiriyor\/\"><div class=\"swiper-slide-contents\"><div class=\"elementor-slide-heading\">T\u00dcSEB, \u00d6\u011frenci Projelerine Sa\u011flad\u0131\u011f\u0131 Destekleri Art\u0131r\u0131yor<\/div><div  class=\"elementor-button elementor-slide-button elementor-size-sm\">Detaylar \u0130\u00e7in T\u0131klay\u0131n\u0131z<\/div><\/div><\/a><\/div>\t\t\t\t<\/div>\n\t\t\t\t\t\t\t\t\t\t\t\t\t\t\t<div class=\"elementor-swiper-button elementor-swiper-button-prev\" role=\"button\" tabindex=\"0\" aria-label=\"Previous slide\">\n\t\t\t\t\t\t\t<i aria-hidden=\"true\" class=\"eicon-chevron-left\"><\/i>\t\t\t\t\t\t<\/div>\n\t\t\t\t\t\t<div class=\"elementor-swiper-button elementor-swiper-button-next\" role=\"button\" tabindex=\"0\" aria-label=\"Next slide\">\n\t\t\t\t\t\t\t<i aria-hidden=\"true\" class=\"eicon-chevron-right\"><\/i>\t\t\t\t\t\t<\/div>\n\t\t\t\t\t\t\t\t\t\t\t\t\t\t\t\t<div class=\"swiper-pagination\"><\/div>\n\t\t\t\t\t\t\t\t\t\t\t\t<\/div>\n\t\t\t\t<\/div>\n\t\t\t\t\t\t\t\t<\/div>\n\t\t\t\t<\/div>\n\t\t\t\t\t<\/div>\n\t\t<\/div>\n\t\t\t\t\t<\/div>\n\t\t<\/section>\n\t\t\t\t<section class=\"elementor-section elementor-top-section elementor-element elementor-element-97fb895 elementor-section-boxed elementor-section-height-default elementor-section-height-default\" data-id=\"97fb895\" data-element_type=\"section\">\n\t\t\t\t\t\t<div class=\"elementor-container elementor-column-gap-default\">\n\t\t\t\t\t<div class=\"elementor-column elementor-col-100 elementor-top-column elementor-element elementor-element-e754aa9\" data-id=\"e754aa9\" data-element_type=\"column\">\n\t\t\t<div class=\"elementor-widget-wrap elementor-element-populated\">\n\t\t\t\t\t\t<div class=\"elementor-element elementor-element-d7ea900 elementor-headline--style-highlight elementor-widget elementor-widget-animated-headline\" data-id=\"d7ea900\" data-element_type=\"widget\" data-settings=\"{&quot;marker&quot;:&quot;curly&quot;,&quot;highlighted_text&quot;:&quot;\\u00d6n Lisans ve Lisans Ara\\u015ft\\u0131rma ve Geli\\u015ftirme Koordinat\\u00f6rl\\u00fc\\u011f\\u00fc&quot;,&quot;headline_style&quot;:&quot;highlight&quot;,&quot;loop&quot;:&quot;yes&quot;,&quot;highlight_animation_duration&quot;:1200,&quot;highlight_iteration_delay&quot;:8000}\" data-widget_type=\"animated-headline.default\">\n\t\t\t\t<div class=\"elementor-widget-container\">\n\t\t\t\t\t\t\t<h3 class=\"elementor-headline\">\n\t\t\t\t<span class=\"elementor-headline-dynamic-wrapper elementor-headline-text-wrapper\">\n\t\t\t\t\t<span class=\"elementor-headline-dynamic-text elementor-headline-text-active\">\u00d6n Lisans ve Lisans Ara\u015ft\u0131rma ve Geli\u015ftirme Koordinat\u00f6rl\u00fc\u011f\u00fc<\/span>\n\t\t\t\t<\/span>\n\t\t\t\t<\/h3>\n\t\t\t\t\t\t<\/div>\n\t\t\t\t<\/div>\n\t\t\t\t\t<\/div>\n\t\t<\/div>\n\t\t\t\t\t<\/div>\n\t\t<\/section>\n\t\t\t\t<section class=\"elementor-section elementor-top-section elementor-element elementor-element-8833996 elementor-section-boxed elementor-section-height-default elementor-section-height-default\" data-id=\"8833996\" data-element_type=\"section\">\n\t\t\t\t\t\t<div class=\"elementor-container elementor-column-gap-default\">\n\t\t\t\t\t<div class=\"elementor-column elementor-col-100 elementor-top-column elementor-element elementor-element-f02b4f4\" data-id=\"f02b4f4\" data-element_type=\"column\">\n\t\t\t<div class=\"elementor-widget-wrap\">\n\t\t\t\t\t\t\t<\/div>\n\t\t<\/div>\n\t\t\t\t\t<\/div>\n\t\t<\/section>\n\t\t\t\t<section class=\"elementor-section elementor-top-section elementor-element elementor-element-ccecfc2 elementor-section-boxed elementor-section-height-default elementor-section-height-default\" data-id=\"ccecfc2\" data-element_type=\"section\">\n\t\t\t\t\t\t<div class=\"elementor-container elementor-column-gap-default\">\n\t\t\t\t\t<div class=\"elementor-column elementor-col-50 elementor-top-column elementor-element elementor-element-87e4232\" data-id=\"87e4232\" data-element_type=\"column\">\n\t\t\t<div class=\"elementor-widget-wrap elementor-element-populated\">\n\t\t\t\t\t\t<div class=\"elementor-element elementor-element-1723c1b elementor-widget elementor-widget-image\" data-id=\"1723c1b\" data-element_type=\"widget\" data-widget_type=\"image.default\">\n\t\t\t\t<div class=\"elementor-widget-container\">\n\t\t\t\t\t\t\t\t\t\t\t\t\t\t\t<img fetchpriority=\"high\" decoding=\"async\" width=\"1024\" height=\"797\" src=\"https:\/\/atauni.edu.tr\/lisans-ar-ge-koordinatorlugu\/wp-content\/uploads\/sites\/726\/2022\/09\/Lisans-ArGe-Bros\u0327u\u0308r-1024x797.jpg\" class=\"attachment-large size-large wp-image-6250\" alt=\"\" srcset=\"https:\/\/atauni.edu.tr\/lisans-ar-ge-koordinatorlugu\/wp-content\/uploads\/sites\/726\/2022\/09\/Lisans-ArGe-Bros\u0327u\u0308r-1024x797.jpg 1024w, https:\/\/atauni.edu.tr\/lisans-ar-ge-koordinatorlugu\/wp-content\/uploads\/sites\/726\/2022\/09\/Lisans-ArGe-Bros\u0327u\u0308r-300x233.jpg 300w, https:\/\/atauni.edu.tr\/lisans-ar-ge-koordinatorlugu\/wp-content\/uploads\/sites\/726\/2022\/09\/Lisans-ArGe-Bros\u0327u\u0308r-768x598.jpg 768w, https:\/\/atauni.edu.tr\/lisans-ar-ge-koordinatorlugu\/wp-content\/uploads\/sites\/726\/2022\/09\/Lisans-ArGe-Bros\u0327u\u0308r-1536x1195.jpg 1536w, https:\/\/atauni.edu.tr\/lisans-ar-ge-koordinatorlugu\/wp-content\/uploads\/sites\/726\/2022\/09\/Lisans-ArGe-Bros\u0327u\u0308r-2048x1594.jpg 2048w, https:\/\/atauni.edu.tr\/lisans-ar-ge-koordinatorlugu\/wp-content\/uploads\/sites\/726\/2022\/09\/Lisans-ArGe-Bros\u0327u\u0308r-600x467.jpg 600w, https:\/\/atauni.edu.tr\/lisans-ar-ge-koordinatorlugu\/wp-content\/uploads\/sites\/726\/2022\/09\/Lisans-ArGe-Bros\u0327u\u0308r-560x436.jpg 560w\" sizes=\"(max-width: 1024px) 100vw, 1024px\" \/>\t\t\t\t\t\t\t\t\t\t\t\t\t\t\t<\/div>\n\t\t\t\t<\/div>\n\t\t\t\t\t<\/div>\n\t\t<\/div>\n\t\t\t\t<div class=\"elementor-column elementor-col-50 elementor-top-column elementor-element elementor-element-a186bbd\" data-id=\"a186bbd\" data-element_type=\"column\">\n\t\t\t<div class=\"elementor-widget-wrap elementor-element-populated\">\n\t\t\t\t\t\t<div class=\"elementor-element elementor-element-820135d elementor-widget elementor-widget-image\" data-id=\"820135d\" data-element_type=\"widget\" data-widget_type=\"image.default\">\n\t\t\t\t<div class=\"elementor-widget-container\">\n\t\t\t\t\t\t\t\t\t\t\t\t\t\t\t<img decoding=\"async\" width=\"1024\" height=\"797\" src=\"https:\/\/atauni.edu.tr\/lisans-ar-ge-koordinatorlugu\/wp-content\/uploads\/sites\/726\/2022\/09\/Lisans-ArGe-Bros\u0327u\u0308r2-1024x797.jpg\" class=\"attachment-large size-large wp-image-6251\" alt=\"\" srcset=\"https:\/\/atauni.edu.tr\/lisans-ar-ge-koordinatorlugu\/wp-content\/uploads\/sites\/726\/2022\/09\/Lisans-ArGe-Bros\u0327u\u0308r2-1024x797.jpg 1024w, https:\/\/atauni.edu.tr\/lisans-ar-ge-koordinatorlugu\/wp-content\/uploads\/sites\/726\/2022\/09\/Lisans-ArGe-Bros\u0327u\u0308r2-300x233.jpg 300w, https:\/\/atauni.edu.tr\/lisans-ar-ge-koordinatorlugu\/wp-content\/uploads\/sites\/726\/2022\/09\/Lisans-ArGe-Bros\u0327u\u0308r2-768x598.jpg 768w, https:\/\/atauni.edu.tr\/lisans-ar-ge-koordinatorlugu\/wp-content\/uploads\/sites\/726\/2022\/09\/Lisans-ArGe-Bros\u0327u\u0308r2-1536x1195.jpg 1536w, https:\/\/atauni.edu.tr\/lisans-ar-ge-koordinatorlugu\/wp-content\/uploads\/sites\/726\/2022\/09\/Lisans-ArGe-Bros\u0327u\u0308r2-2048x1594.jpg 2048w, https:\/\/atauni.edu.tr\/lisans-ar-ge-koordinatorlugu\/wp-content\/uploads\/sites\/726\/2022\/09\/Lisans-ArGe-Bros\u0327u\u0308r2-600x467.jpg 600w, https:\/\/atauni.edu.tr\/lisans-ar-ge-koordinatorlugu\/wp-content\/uploads\/sites\/726\/2022\/09\/Lisans-ArGe-Bros\u0327u\u0308r2-560x436.jpg 560w\" sizes=\"(max-width: 1024px) 100vw, 1024px\" \/>\t\t\t\t\t\t\t\t\t\t\t\t\t\t\t<\/div>\n\t\t\t\t<\/div>\n\t\t\t\t\t<\/div>\n\t\t<\/div>\n\t\t\t\t\t<\/div>\n\t\t<\/section>\n\t\t\t\t<section class=\"elementor-section elementor-top-section elementor-element elementor-element-1bd079d elementor-section-boxed elementor-section-height-default elementor-section-height-default\" data-id=\"1bd079d\" data-element_type=\"section\">\n\t\t\t\t\t\t<div class=\"elementor-container elementor-column-gap-default\">\n\t\t\t\t\t<div class=\"elementor-column elementor-col-100 elementor-top-column elementor-element elementor-element-9be48f3\" data-id=\"9be48f3\" data-element_type=\"column\">\n\t\t\t<div class=\"elementor-widget-wrap elementor-element-populated\">\n\t\t\t\t\t\t<div class=\"elementor-element elementor-element-64bc805 elementor-shape-rounded elementor-grid-0 e-grid-align-center elementor-widget elementor-widget-social-icons\" data-id=\"64bc805\" data-element_type=\"widget\" data-widget_type=\"social-icons.default\">\n\t\t\t\t<div class=\"elementor-widget-container\">\n\t\t\t\t\t\t\t<div class=\"elementor-social-icons-wrapper elementor-grid\" role=\"list\">\n\t\t\t\t\t\t\t<span class=\"elementor-grid-item\" role=\"listitem\">\n\t\t\t\t\t<a class=\"elementor-icon elementor-social-icon elementor-social-icon-twitter elementor-repeater-item-1ef5f32\" target=\"_blank\">\n\t\t\t\t\t\t<span class=\"elementor-screen-only\">Twitter<\/span>\n\t\t\t\t\t\t<i aria-hidden=\"true\" class=\"fab fa-twitter\"><\/i>\t\t\t\t\t<\/a>\n\t\t\t\t<\/span>\n\t\t\t\t\t\t\t<span class=\"elementor-grid-item\" role=\"listitem\">\n\t\t\t\t\t<a class=\"elementor-icon elementor-social-icon elementor-social-icon-instagram elementor-repeater-item-e9d97a7\" target=\"_blank\">\n\t\t\t\t\t\t<span class=\"elementor-screen-only\">Instagram<\/span>\n\t\t\t\t\t\t<i aria-hidden=\"true\" class=\"fab fa-instagram\"><\/i>\t\t\t\t\t<\/a>\n\t\t\t\t<\/span>\n\t\t\t\t\t<\/div>\n\t\t\t\t\t\t<\/div>\n\t\t\t\t<\/div>\n\t\t\t\t\t<\/div>\n\t\t<\/div>\n\t\t\t\t\t<\/div>\n\t\t<\/section>\n\t\t\t\t<\/div>\n\t\t","protected":false},"excerpt":{"rendered":"<p>2023-2024 D\u00f6nemi LIFT UP Ba\u015fvurular\u0131 Ba\u015flad\u0131Detaylar \u0130\u00e7inT\u0131klay\u0131n\u0131zAtat\u00fcrk \u00dcniversitesi \u00d6\u011frencilerinin 2209-A Projelerinde Art\u0131\u015f H\u0131z Kesmeden S\u00fcr\u00fcyorClick HereT\u00dcB\u0130TAK 2242 \u00dcniversite Ara\u015ft\u0131rma Proje Yar\u0131\u015fmalar\u0131Detaylar \u0130\u00e7in T\u0131klay\u0131n\u0131zLisans Ar-Ge Projeleri (T\u00dcB\u0130TAK)Detaylar \u0130\u00e7inT\u0131klay\u0131n\u0131zT\u00dcSEB, \u00d6\u011frenci Projelerine Sa\u011flad\u0131\u011f\u0131 Destekleri Art\u0131r\u0131yorDetaylar \u0130\u00e7in T\u0131klay\u0131n\u0131z \u00d6n Lisans ve Lisans Ara\u015ft\u0131rma ve Geli\u015ftirme Koordinat\u00f6rl\u00fc\u011f\u00fc Twitter Instagram<\/p>\n","protected":false},"author":1,"featured_media":0,"parent":0,"menu_order":0,"comment_status":"closed","ping_status":"closed","template":"elementor_header_footer","meta":{"footnotes":""},"class_list":["post-68","page","type-page","status-publish","hentry"],"_links":{"self":[{"href":"https:\/\/atauni.edu.tr\/lisans-ar-ge-koordinatorlugu\/wp-json\/wp\/v2\/pages\/68","targetHints":{"allow":["GET"]}}],"collection":[{"href":"https:\/\/atauni.edu.tr\/lisans-ar-ge-koordinatorlugu\/wp-json\/wp\/v2\/pages"}],"about":[{"href":"https:\/\/atauni.edu.tr\/lisans-ar-ge-koordinatorlugu\/wp-json\/wp\/v2\/types\/page"}],"author":[{"embeddable":true,"href":"https:\/\/atauni.edu.tr\/lisans-ar-ge-koordinatorlugu\/wp-json\/wp\/v2\/users\/1"}],"replies":[{"embeddable":true,"href":"https:\/\/atauni.edu.tr\/lisans-ar-ge-koordinatorlugu\/wp-json\/wp\/v2\/comments?post=68"}],"version-history":[{"count":194,"href":"https:\/\/atauni.edu.tr\/lisans-ar-ge-koordinatorlugu\/wp-json\/wp\/v2\/pages\/68\/revisions"}],"predecessor-version":[{"id":6428,"href":"https:\/\/atauni.edu.tr\/lisans-ar-ge-koordinatorlugu\/wp-json\/wp\/v2\/pages\/68\/revisions\/6428"}],"wp:attachment":[{"href":"https:\/\/atauni.edu.tr\/lisans-ar-ge-koordinatorlugu\/wp-json\/wp\/v2\/media?parent=68"}],"curies":[{"name":"wp","href":"https:\/\/api.w.org\/{rel}","templated":true}]}}