{"id":5638,"date":"2021-07-13T09:49:25","date_gmt":"2021-07-13T06:49:25","guid":{"rendered":"https:\/\/portaltest.atauni.edu.tr\/bilgisayar-muhendisligi\/?page_id=5638"},"modified":"2025-07-14T14:02:03","modified_gmt":"2025-07-14T11:02:03","slug":"tarihce","status":"publish","type":"page","link":"https:\/\/atauni.edu.tr\/makine-muhendisligi\/tarihce\/","title":{"rendered":"Tarih\u00e7e"},"content":{"rendered":"\t\t<div data-elementor-type=\"wp-page\" data-elementor-id=\"5638\" class=\"elementor elementor-5638\" data-elementor-post-type=\"page\">\n\t\t\t\t\t\t<section class=\"elementor-section elementor-top-section elementor-element elementor-element-730d320 elementor-section-boxed elementor-section-height-default elementor-section-height-default\" data-id=\"730d320\" data-element_type=\"section\">\n\t\t\t\t\t\t<div class=\"elementor-container elementor-column-gap-default\">\n\t\t\t\t\t<div class=\"elementor-column elementor-col-100 elementor-top-column elementor-element elementor-element-753d0860\" data-id=\"753d0860\" data-element_type=\"column\">\n\t\t\t<div class=\"elementor-widget-wrap\">\n\t\t\t\t\t\t\t<\/div>\n\t\t<\/div>\n\t\t\t\t\t<\/div>\n\t\t<\/section>\n\t\t\t\t<section class=\"elementor-section elementor-top-section elementor-element elementor-element-9be811a elementor-section-boxed elementor-section-height-default elementor-section-height-default\" data-id=\"9be811a\" data-element_type=\"section\">\n\t\t\t\t\t\t<div class=\"elementor-container elementor-column-gap-default\">\n\t\t\t\t\t<div class=\"elementor-column elementor-col-100 elementor-top-column elementor-element elementor-element-1ed847b7\" data-id=\"1ed847b7\" data-element_type=\"column\">\n\t\t\t<div class=\"elementor-widget-wrap elementor-element-populated\">\n\t\t\t\t\t\t<div class=\"elementor-element elementor-element-4ce0d07f elementor-widget elementor-widget-heading\" data-id=\"4ce0d07f\" data-element_type=\"widget\" data-widget_type=\"heading.default\">\n\t\t\t\t<div class=\"elementor-widget-container\">\n\t\t\t\t\t<h2 class=\"elementor-heading-title elementor-size-default\">Tarih\u00e7e<\/h2>\t\t\t\t<\/div>\n\t\t\t\t<\/div>\n\t\t\t\t<div class=\"elementor-element elementor-element-63260862 elementor-widget-divider--view-line elementor-widget elementor-widget-divider\" data-id=\"63260862\" data-element_type=\"widget\" data-widget_type=\"divider.default\">\n\t\t\t\t<div class=\"elementor-widget-container\">\n\t\t\t\t\t\t\t<div class=\"elementor-divider\">\n\t\t\t<span class=\"elementor-divider-separator\">\n\t\t\t\t\t\t<\/span>\n\t\t<\/div>\n\t\t\t\t\t\t<\/div>\n\t\t\t\t<\/div>\n\t\t\t\t\t<\/div>\n\t\t<\/div>\n\t\t\t\t\t<\/div>\n\t\t<\/section>\n\t\t\t\t<section class=\"elementor-section elementor-top-section elementor-element elementor-element-681db8b elementor-section-boxed elementor-section-height-default elementor-section-height-default\" data-id=\"681db8b\" data-element_type=\"section\">\n\t\t\t\t\t\t<div class=\"elementor-container elementor-column-gap-default\">\n\t\t\t\t\t<div class=\"elementor-column elementor-col-100 elementor-top-column elementor-element elementor-element-ad4dac5\" data-id=\"ad4dac5\" data-element_type=\"column\">\n\t\t\t<div class=\"elementor-widget-wrap elementor-element-populated\">\n\t\t\t\t\t\t<div class=\"elementor-element elementor-element-2f96b3d elementor-widget elementor-widget-text-editor\" data-id=\"2f96b3d\" data-element_type=\"widget\" data-widget_type=\"text-editor.default\">\n\t\t\t\t<div class=\"elementor-widget-container\">\n\t\t\t\t\t\t\t\t\t<h6>Makine M\u00fchendisli\u011fi B\u00f6l\u00fcm\u00fc 1990 y\u0131l\u0131nda M\u00fchendislik Fak\u00fcltesi b\u00fcnyesinde \u00f6\u011fretim faaliyetine ba\u015flam\u0131\u015ft\u0131r. 1992 y\u0131l\u0131ndan itibaren de ikinci \u00f6\u011fretime \u00f6\u011frenci kabul edilmi\u015ftir. Lisans\u00fcst\u00fc \u00f6\u011fretim de 1990 tarihinde y\u00fcksek lisans ve doktora program\u0131 olarak Fen Bilimleri Enstit\u00fcs\u00fc b\u00fcnyesinde ba\u015flam\u0131\u015ft\u0131r. 2007 y\u0131l\u0131nda ilk kez akreditasyon ba\u015fvurusu yap\u0131lan Lisans \u00d6\u011fretim Program\u0131m\u0131z, ilk olarak Eyl\u00fcl 2013 tarihine kadar M\u00dcDEK taraf\u0131ndan akredite edilmi\u015ftir. Daha sonra ise 2012 y\u0131l\u0131nda ikinci akreditasyon ba\u015fvurusu yapan b\u00f6l\u00fcm\u00fcm\u00fcz, 2018 y\u0131l\u0131na kadar akredite olmu\u015ftur. 2014 y\u0131l\u0131ndaki M\u00dcDEK ara de\u011ferlendirmesinden sonra b\u00f6l\u00fcm\u00fcm\u00fczde ger\u00e7ekle\u015fen b\u00fcy\u00fck \u00e7apl\u0131 de\u011fi\u015fiklikler a\u015fa\u011f\u0131da maddeler halinde verilmi\u015ftir:<br \/><br \/>-2014-2015 y\u0131l\u0131ndan itibaren lisans program\u0131 g\u00fcncellenmi\u015f ve bu programa g\u00f6re normal ve ikinci \u00f6\u011fretim faaliyetleri ba\u015flam\u0131\u015ft\u0131r (2014).<br \/><br \/>-\u00d6rg\u00fcn ve \u0130kinci \u00d6\u011fretim lisans program\u0131 2015 y\u0131l\u0131nda 141,5 krediden 142 krediye \u00e7\u0131kar\u0131lm\u0131\u015ft\u0131r (2014).<br \/><br \/>-2015 y\u0131l\u0131ndan itibaren Makine M\u00fchendisli\u011fi b\u00f6l\u00fcm\u00fc \u00d6rg\u00fcn ve \u0130kinci \u00d6\u011fretim programlar\u0131n\u0131n dili %100 T\u00fcrk\u00e7e olarak de\u011fi\u015ftirilmi\u015ftir.<br \/><br \/>-2017 y\u0131l\u0131nda \u00dcniversitemiz AKTS \u00e7al\u0131\u015fmalar\u0131 ve fak\u00fcltemiz m\u00fcfredat \u00e7al\u0131\u015fmalar\u0131 do\u011frul-tusunda, \u00d6rg\u00fcn ve \u0130kinci \u00d6\u011fretim m\u00fcfredatlar\u0131nda ve AKTS kredilerinde g\u00fcncellemeler yap\u0131lm\u0131\u015f olup; g\u00fcncel program Dekanl\u0131k onay\u0131 ile \u00dcniversitemiz senatosuna sunulmu\u015ftur.<br \/><br \/>-2022 y\u0131l\u0131nda \u00dcniversitemizde y\u00fcr\u00fct\u00fclen Yeni Nesil \u00dcniversite Tasar\u0131m ve D\u00f6n\u00fc\u015f\u00fcm Pro-jesi \u00e7\u0131kt\u0131lar\u0131ndan ve \u00f6nceki d\u00f6nem M\u00dcDEK de\u011ferlendirmesi sonu\u00e7lar\u0131ndan kaynaklanan nedenlerle \u00d6rg\u00fcn \u00d6\u011fretim m\u00fcfredat\u0131nda yeni d\u00fczenlemeler yap\u0131lm\u0131\u015ft\u0131r.<br \/><br \/>-2023 y\u0131l\u0131nda m\u00fcfredat\u0131m\u0131zda yer alan temel bilimler derslerinin kredi ve laboratuvar uygulamalar\u0131 saatlerinde d\u00fczenlemeler yap\u0131lm\u0131\u015ft\u0131r.<\/h6>\t\t\t\t\t\t\t\t<\/div>\n\t\t\t\t<\/div>\n\t\t\t\t\t<\/div>\n\t\t<\/div>\n\t\t\t\t\t<\/div>\n\t\t<\/section>\n\t\t\t\t<\/div>\n\t\t","protected":false},"excerpt":{"rendered":"<p>Tarih\u00e7e Makine M\u00fchendisli\u011fi B\u00f6l\u00fcm\u00fc 1990 y\u0131l\u0131nda M\u00fchendislik Fak\u00fcltesi b\u00fcnyesinde \u00f6\u011fretim faaliyetine ba\u015flam\u0131\u015ft\u0131r. 1992 y\u0131l\u0131ndan itibaren de ikinci \u00f6\u011fretime \u00f6\u011frenci kabul edilmi\u015ftir. Lisans\u00fcst\u00fc \u00f6\u011fretim de 1990 tarihinde y\u00fcksek lisans ve doktora program\u0131 olarak Fen Bilimleri Enstit\u00fcs\u00fc b\u00fcnyesinde ba\u015flam\u0131\u015ft\u0131r. 2007 y\u0131l\u0131nda ilk kez akreditasyon ba\u015fvurusu yap\u0131lan Lisans \u00d6\u011fretim Program\u0131m\u0131z, ilk olarak Eyl\u00fcl 2013 tarihine kadar M\u00dcDEK taraf\u0131ndan [&hellip;]<\/p>\n","protected":false},"author":1,"featured_media":0,"parent":0,"menu_order":0,"comment_status":"closed","ping_status":"closed","template":"","meta":{"footnotes":""},"class_list":["post-5638","page","type-page","status-publish","hentry"],"_links":{"self":[{"href":"https:\/\/atauni.edu.tr\/makine-muhendisligi\/wp-json\/wp\/v2\/pages\/5638","targetHints":{"allow":["GET"]}}],"collection":[{"href":"https:\/\/atauni.edu.tr\/makine-muhendisligi\/wp-json\/wp\/v2\/pages"}],"about":[{"href":"https:\/\/atauni.edu.tr\/makine-muhendisligi\/wp-json\/wp\/v2\/types\/page"}],"author":[{"embeddable":true,"href":"https:\/\/atauni.edu.tr\/makine-muhendisligi\/wp-json\/wp\/v2\/users\/1"}],"replies":[{"embeddable":true,"href":"https:\/\/atauni.edu.tr\/makine-muhendisligi\/wp-json\/wp\/v2\/comments?post=5638"}],"version-history":[{"count":28,"href":"https:\/\/atauni.edu.tr\/makine-muhendisligi\/wp-json\/wp\/v2\/pages\/5638\/revisions"}],"predecessor-version":[{"id":8933,"href":"https:\/\/atauni.edu.tr\/makine-muhendisligi\/wp-json\/wp\/v2\/pages\/5638\/revisions\/8933"}],"wp:attachment":[{"href":"https:\/\/atauni.edu.tr\/makine-muhendisligi\/wp-json\/wp\/v2\/media?parent=5638"}],"curies":[{"name":"wp","href":"https:\/\/api.w.org\/{rel}","templated":true}]}}