{"id":5682,"date":"2021-07-13T10:10:01","date_gmt":"2021-07-13T07:10:01","guid":{"rendered":"https:\/\/portaltest.atauni.edu.tr\/bilgisayar-muhendisligi\/?page_id=5682"},"modified":"2025-07-14T14:40:41","modified_gmt":"2025-07-14T11:40:41","slug":"misyon-vizyon-ve-temel-degerler","status":"publish","type":"page","link":"https:\/\/atauni.edu.tr\/makine-muhendisligi\/misyon-vizyon-ve-temel-degerler\/","title":{"rendered":"Misyon ve Vizyon"},"content":{"rendered":"\t\t<div data-elementor-type=\"wp-page\" data-elementor-id=\"5682\" class=\"elementor elementor-5682\" data-elementor-post-type=\"page\">\n\t\t\t\t\t\t<section class=\"elementor-section elementor-top-section elementor-element elementor-element-9be811a elementor-section-boxed elementor-section-height-default elementor-section-height-default\" data-id=\"9be811a\" data-element_type=\"section\">\n\t\t\t\t\t\t<div class=\"elementor-container elementor-column-gap-default\">\n\t\t\t\t\t<div class=\"elementor-column elementor-col-100 elementor-top-column elementor-element elementor-element-1ed847b7\" data-id=\"1ed847b7\" data-element_type=\"column\">\n\t\t\t<div class=\"elementor-widget-wrap elementor-element-populated\">\n\t\t\t\t\t\t<div class=\"elementor-element elementor-element-4ce0d07f elementor-widget elementor-widget-heading\" data-id=\"4ce0d07f\" data-element_type=\"widget\" data-widget_type=\"heading.default\">\n\t\t\t\t<div class=\"elementor-widget-container\">\n\t\t\t\t\t<h2 class=\"elementor-heading-title elementor-size-default\">Misyon ve Vizyon<\/h2>\t\t\t\t<\/div>\n\t\t\t\t<\/div>\n\t\t\t\t<div class=\"elementor-element elementor-element-63260862 elementor-widget-divider--view-line elementor-widget elementor-widget-divider\" data-id=\"63260862\" data-element_type=\"widget\" data-widget_type=\"divider.default\">\n\t\t\t\t<div class=\"elementor-widget-container\">\n\t\t\t\t\t\t\t<div class=\"elementor-divider\">\n\t\t\t<span class=\"elementor-divider-separator\">\n\t\t\t\t\t\t<\/span>\n\t\t<\/div>\n\t\t\t\t\t\t<\/div>\n\t\t\t\t<\/div>\n\t\t\t\t\t<\/div>\n\t\t<\/div>\n\t\t\t\t\t<\/div>\n\t\t<\/section>\n\t\t\t\t<section class=\"elementor-section elementor-top-section elementor-element elementor-element-681db8b elementor-section-boxed elementor-section-height-default elementor-section-height-default\" data-id=\"681db8b\" data-element_type=\"section\">\n\t\t\t\t\t\t<div class=\"elementor-container elementor-column-gap-default\">\n\t\t\t\t\t<div class=\"elementor-column elementor-col-100 elementor-top-column elementor-element elementor-element-ad4dac5\" data-id=\"ad4dac5\" data-element_type=\"column\">\n\t\t\t<div class=\"elementor-widget-wrap elementor-element-populated\">\n\t\t\t\t\t\t<div class=\"elementor-element elementor-element-2f96b3d elementor-widget elementor-widget-text-editor\" data-id=\"2f96b3d\" data-element_type=\"widget\" data-widget_type=\"text-editor.default\">\n\t\t\t\t<div class=\"elementor-widget-container\">\n\t\t\t\t\t\t\t\t\t<div><h2>Vizyonumuz<\/h2><h6>Makine M\u00fchendisli\u011fi B\u00f6l\u00fcm\u00fc\u2019n\u00fcn visyonu (\u00d6z\u00fclk\u00fcs\u00fc);<\/h6><h6>-Makine M\u00fchendisli\u011fi e\u011fitimi ile bilim ve teknolojik geli\u015fim alan\u0131nda m\u00fckemmellik merkezi olmakt\u0131r.<\/h6><\/div><div><h2>Misyonumuz<\/h2><h6>Makine M\u00fchendisli\u011fi B\u00f6l\u00fcm\u00fc\u2019n\u00fcn misyonu (\u00d6zg\u00f6revi);<\/h6><h6>&#8211; Bilimi kullanarak, insan odakl\u0131 e\u011fitim ve hizmet vermek,<\/h6><h6>&#8211; Bilgi ve teknoloji \u00fcretecek ara\u015ft\u0131rma yapmak,<\/h6><h6>&#8211; \u00dclkemizin ya\u015fam kalitesini y\u00fckseltecek ve rekabet g\u00fcc\u00fcn\u00fc art\u0131racak nitelikte makine m\u00fchendisleri yeti\u015ftirmektir.<\/h6><\/div>\t\t\t\t\t\t\t\t<\/div>\n\t\t\t\t<\/div>\n\t\t\t\t\t<\/div>\n\t\t<\/div>\n\t\t\t\t\t<\/div>\n\t\t<\/section>\n\t\t\t\t<\/div>\n\t\t","protected":false},"excerpt":{"rendered":"<p>Misyon ve Vizyon Vizyonumuz Makine M\u00fchendisli\u011fi B\u00f6l\u00fcm\u00fc\u2019n\u00fcn visyonu (\u00d6z\u00fclk\u00fcs\u00fc); -Makine M\u00fchendisli\u011fi e\u011fitimi ile bilim ve teknolojik geli\u015fim alan\u0131nda m\u00fckemmellik merkezi olmakt\u0131r. Misyonumuz Makine M\u00fchendisli\u011fi B\u00f6l\u00fcm\u00fc\u2019n\u00fcn misyonu (\u00d6zg\u00f6revi); &#8211; Bilimi kullanarak, insan odakl\u0131 e\u011fitim ve hizmet vermek, &#8211; Bilgi ve teknoloji \u00fcretecek ara\u015ft\u0131rma yapmak, &#8211; \u00dclkemizin ya\u015fam kalitesini y\u00fckseltecek ve rekabet g\u00fcc\u00fcn\u00fc art\u0131racak nitelikte makine m\u00fchendisleri [&hellip;]<\/p>\n","protected":false},"author":1,"featured_media":0,"parent":0,"menu_order":0,"comment_status":"closed","ping_status":"closed","template":"elementor_header_footer","meta":{"footnotes":""},"class_list":["post-5682","page","type-page","status-publish","hentry"],"_links":{"self":[{"href":"https:\/\/atauni.edu.tr\/makine-muhendisligi\/wp-json\/wp\/v2\/pages\/5682","targetHints":{"allow":["GET"]}}],"collection":[{"href":"https:\/\/atauni.edu.tr\/makine-muhendisligi\/wp-json\/wp\/v2\/pages"}],"about":[{"href":"https:\/\/atauni.edu.tr\/makine-muhendisligi\/wp-json\/wp\/v2\/types\/page"}],"author":[{"embeddable":true,"href":"https:\/\/atauni.edu.tr\/makine-muhendisligi\/wp-json\/wp\/v2\/users\/1"}],"replies":[{"embeddable":true,"href":"https:\/\/atauni.edu.tr\/makine-muhendisligi\/wp-json\/wp\/v2\/comments?post=5682"}],"version-history":[{"count":24,"href":"https:\/\/atauni.edu.tr\/makine-muhendisligi\/wp-json\/wp\/v2\/pages\/5682\/revisions"}],"predecessor-version":[{"id":8939,"href":"https:\/\/atauni.edu.tr\/makine-muhendisligi\/wp-json\/wp\/v2\/pages\/5682\/revisions\/8939"}],"wp:attachment":[{"href":"https:\/\/atauni.edu.tr\/makine-muhendisligi\/wp-json\/wp\/v2\/media?parent=5682"}],"curies":[{"name":"wp","href":"https:\/\/api.w.org\/{rel}","templated":true}]}}