{"id":6176,"date":"2021-10-13T20:58:29","date_gmt":"2021-10-13T17:58:29","guid":{"rendered":"https:\/\/birimler.atauni.edu.tr\/makine-muhendisligi\/?page_id=6176"},"modified":"2021-11-06T14:20:31","modified_gmt":"2021-11-06T11:20:31","slug":"yonetimden-mesaj","status":"publish","type":"page","link":"https:\/\/atauni.edu.tr\/makine-muhendisligi\/yonetimden-mesaj\/","title":{"rendered":"Y\u00f6netimden Mesaj"},"content":{"rendered":"\t\t<div data-elementor-type=\"wp-page\" data-elementor-id=\"6176\" class=\"elementor elementor-6176\" data-elementor-post-type=\"page\">\n\t\t\t\t\t\t<section class=\"elementor-section elementor-top-section elementor-element elementor-element-6353215 elementor-section-boxed elementor-section-height-default elementor-section-height-default\" data-id=\"6353215\" data-element_type=\"section\">\n\t\t\t\t\t\t<div class=\"elementor-container elementor-column-gap-default\">\n\t\t\t\t\t<div class=\"elementor-column elementor-col-100 elementor-top-column elementor-element elementor-element-99f5856\" data-id=\"99f5856\" data-element_type=\"column\">\n\t\t\t<div class=\"elementor-widget-wrap elementor-element-populated\">\n\t\t\t\t\t\t<div class=\"elementor-element elementor-element-7244831 elementor-widget-divider--view-line elementor-widget elementor-widget-divider\" data-id=\"7244831\" data-element_type=\"widget\" data-widget_type=\"divider.default\">\n\t\t\t\t<div class=\"elementor-widget-container\">\n\t\t\t\t\t\t\t<div class=\"elementor-divider\">\n\t\t\t<span class=\"elementor-divider-separator\">\n\t\t\t\t\t\t<\/span>\n\t\t<\/div>\n\t\t\t\t\t\t<\/div>\n\t\t\t\t<\/div>\n\t\t\t\t\t<\/div>\n\t\t<\/div>\n\t\t\t\t\t<\/div>\n\t\t<\/section>\n\t\t\t\t<section class=\"elementor-section elementor-top-section elementor-element elementor-element-b07ce4b elementor-section-boxed elementor-section-height-default elementor-section-height-default\" data-id=\"b07ce4b\" data-element_type=\"section\">\n\t\t\t\t\t\t<div class=\"elementor-container elementor-column-gap-default\">\n\t\t\t\t\t<div class=\"elementor-column elementor-col-100 elementor-top-column elementor-element elementor-element-a4e1b2c\" data-id=\"a4e1b2c\" data-element_type=\"column\">\n\t\t\t<div class=\"elementor-widget-wrap elementor-element-populated\">\n\t\t\t\t\t\t<div class=\"elementor-element elementor-element-2b5b0e7 elementor-widget elementor-widget-text-editor\" data-id=\"2b5b0e7\" data-element_type=\"widget\" data-widget_type=\"text-editor.default\">\n\t\t\t\t<div class=\"elementor-widget-container\">\n\t\t\t\t\t\t\t\t\t<p><span style=\"color: #868681;font-family: Ubuntu;font-size: 13px;background-color: #fafafa\">Sayg\u0131de\u011fer Ziyaret\u00e7i, Makine M\u00fchendisli\u011fi B\u00f6l\u00fcm\u00fc Web Sayfas\u0131na ho\u015f geldiniz. M\u00fchendislik; matemati\u011fe dayal\u0131 bilimi kullanarak, tecr\u00fcbeden ve farkl\u0131 fikirlerden yararlanmak suretiyle insanl\u0131k i\u00e7in faydal\u0131 mamuller \u00fcretme sanat\u0131d\u0131r. Ula\u015f\u0131m ara\u00e7lar\u0131, yap\u0131lar, k\u00f6pr\u00fcler, t\u0131bbi cihazlar, sportif aletler, kimyasal maddeler ve tesisler, at\u0131k temizleme sistemleri, ileti\u015fim sistemleri gibi insano\u011flunun yararland\u0131\u011f\u0131 b\u00fct\u00fcn sistemler m\u00fchendisler taraf\u0131ndan tasarlan\u0131r. K\u0131sacas\u0131 m\u00fchendislik, belirli bir ihtiyac\u0131 kar\u015f\u0131lamak i\u00e7in gerekli teknik \u00fcr\u00fcn ve sistemi \u00fcretme ve geli\u015ftirme s\u00fcrecidir. Makine m\u00fchendisli\u011fi ise makine m\u00fchendisli\u011fi \u00f6\u011frencilerinin; mekanik sistemler-mekanizmalar, termodinamik, enerji d\u00f6n\u00fc\u015f\u00fcm sistemleri, m\u00fchendislik malzemeleri ve tasar\u0131m-imalat y\u00f6ntemleri konular\u0131nda \u00f6\u011frenim g\u00f6rd\u00fckleri m\u00fchendislik alan\u0131d\u0131r. Her ne kadar yeni m\u00fchendislik alanlar\u0131 do\u011fsa da makine m\u00fchendisli\u011fi \u00fclkemizde ve d\u00fcnyada ihtiya\u00e7 duyulmaya devam eden temel bir m\u00fchendislik alan\u0131d\u0131r. Makine M\u00fchendisli\u011fi B\u00f6l\u00fcm\u00fc \u00e7ok k\u0131sa bir ge\u00e7mi\u015fine ra\u011fmen h\u0131zl\u0131 bir \u015fekilde geli\u015ferek alt yap\u0131s\u0131n\u0131 b\u00fcy\u00fck \u00f6l\u00e7\u00fcde olu\u015fturmu\u015f M\u00fchendislik Fak\u00fcltesinin en g\u00fc\u00e7l\u00fc b\u00f6l\u00fcmlerinden biri haline gelmi\u015ftir. B\u00f6l\u00fcm\u00fcm\u00fcz \u00f6\u011fretim kadrosu ve altyap\u0131s\u0131 itibariyle T\u00fcrkiye\u2019deki ileri b\u00f6l\u00fcmlerden biri olup \u00f6\u011fretim \u00fcyelerimizin b\u00fcy\u00fck \u00e7o\u011funlu\u011fu Yurti\u00e7i ve Yurtd\u0131\u015f\u0131 \u00fcniversitelerde lisans\u00fcst\u00fc e\u011fitimlerini tamamlayarak b\u00f6l\u00fcm\u00fcm\u00fcz\u00fcn \u00f6\u011fretim kadrosuna kat\u0131lm\u0131\u015flard\u0131r. B\u00f6l\u00fcm\u00fcm\u00fczde Termodinamik, Enerji, Makine Teorisi-Dinami\u011fi, Konstr\u00fcksiyon-\u0130malat ve Mekanik Anabilim Dallar\u0131 bulunmaktad\u0131r. B\u00f6l\u00fcm\u00fcm\u00fcz laboratuar imk\u00e2nlar\u0131 Atat\u00fcrk \u00dcniversitesi, T\u00dcB\u0130TAK ve DPT gibi kurumlar taraf\u0131ndan desteklenen pek \u00e7ok proje sayesinde olduk\u00e7a ileri seviyelere eri\u015fmi\u015f bulunmaktad\u0131r. B\u00f6l\u00fcm\u00fcm\u00fczde \u00f6\u011frencilerimizin de\u011fi\u015fik k\u00fclt\u00fcrel faaliyetler yapma imk\u00e2nlar\u0131 da bulunmaktad\u0131r. B\u00f6l\u00fcm\u00fcm\u00fczle ilgili bir ba\u015fka \u00f6nemli husus ise b\u00f6l\u00fcm\u00fcm\u00fcz\u00fcn M\u00dcDEK (M\u00fchendislik E\u011fitim Programlar\u0131 De\u011ferlendirme ve Akreditasyon Derne\u011fi) taraf\u0131ndan 2013 y\u0131l\u0131na kadar akredite edilmi\u015f olmas\u0131d\u0131r. M\u00dcDEK, hem m\u00fchendislik programlar\u0131n\u0131n akreditasyonu konusunda Y\u00d6K taraf\u0131ndan ulusal bir kalite g\u00fcvence kurulu\u015fu olarak tan\u0131nmaktad\u0131r hem de Avrupa M\u00fchendislik E\u011fitimi Akreditasyon A\u011f\u0131 ENAEE (European Network for Accreditation of Engineering Education) asil \u00fcyesidir ve EUR-ACE Etiketi vermektedir. Bu sayede b\u00f6l\u00fcm\u00fcm\u00fcz statiklikten dinamik bir s\u00fcrece girmi\u015f bulunmaktad\u0131r ki bu mezunlar\u0131m\u0131z a\u00e7\u0131s\u0131ndan son derece \u00f6nemlidir. Mezunlar\u0131m\u0131z\u0131n diplomalar\u0131 art\u0131k AB \u00fclkelerinde de ge\u00e7erlilik kazanabilecektir. De\u011fi\u015fik b\u00f6lgelerden B\u00f6l\u00fcm\u00fcm\u00fcz\u00fc tercih eden \u00f6\u011frencilerimiz, \u00dclkemizin tarihi ve k\u00fclt\u00fcrel bir \u015fehri olan Erzurum\u2019da s\u0131k\u0131lmayacaklard\u0131r. \u00c7\u00fcnk\u00fc Erzurum\u2019un beyaz \u00f6rt\u00fcs\u00fc \u00f6\u011frencilere k\u0131\u015f sporlar\u0131 yapma \u015fans\u0131n\u0131 vermektedir. Erzurum\u2019un yemek k\u00fclt\u00fcr\u00fc de \u00f6\u011frencelerin damak zevkini hitap edecek niteliktedir. Bu vesileyle B\u00f6l\u00fcm\u00fcm\u00fcz\u00fc tercih eden \u00f6\u011frencilerimize, ho\u015f geldiniz diyor, \u00f6\u011frenim hayatlar\u0131nda ve daha sonraki i\u015f hayatlar\u0131nda ba\u015far\u0131lar diliyorum. \u00a0 \u00a0 \u00a0 \u00a0 \u00a0 \u00a0 \u00a0 \u00a0 \u00a0 \u00a0 \u00a0 \u00a0 \u00a0 \u00a0 \u00a0 \u00a0 \u00a0 \u00a0 \u00a0 \u00a0 \u00a0 \u00a0 \u00a0 \u00a0 \u00a0 \u00a0 \u00a0 \u00a0 \u00a0 \u00a0 \u00a0 \u00a0 \u00a0 \u00a0 \u00a0 \u00a0 \u00a0 \u00a0 \u00a0 \u00a0 \u00a0 \u00a0 \u00a0 \u00a0 \u00a0 \u00a0 \u00a0 \u00a0 \u00a0 \u00a0 \u00a0 \u00a0 \u00a0 \u00a0 \u00a0 \u00a0 \u00a0 \u00a0 \u00a0 \u00a0<\/span><br style=\"color: #868681;font-family: Ubuntu;font-size: 13px;background-color: #fafafa\" \/><span style=\"color: #868681;font-family: Ubuntu;font-size: 13px;background-color: #fafafa\">Makine M\u00fchendisli\u011fi B\u00f6l\u00fcm Ba\u015fkan\u0131<\/span><\/p>\t\t\t\t\t\t\t\t<\/div>\n\t\t\t\t<\/div>\n\t\t\t\t\t<\/div>\n\t\t<\/div>\n\t\t\t\t\t<\/div>\n\t\t<\/section>\n\t\t\t\t<\/div>\n\t\t","protected":false},"excerpt":{"rendered":"<p>Sayg\u0131de\u011fer Ziyaret\u00e7i, Makine M\u00fchendisli\u011fi B\u00f6l\u00fcm\u00fc Web Sayfas\u0131na ho\u015f geldiniz. M\u00fchendislik; matemati\u011fe dayal\u0131 bilimi kullanarak, tecr\u00fcbeden ve farkl\u0131 fikirlerden yararlanmak suretiyle insanl\u0131k i\u00e7in faydal\u0131 mamuller \u00fcretme sanat\u0131d\u0131r. Ula\u015f\u0131m ara\u00e7lar\u0131, yap\u0131lar, k\u00f6pr\u00fcler, t\u0131bbi cihazlar, sportif aletler, kimyasal maddeler ve tesisler, at\u0131k temizleme sistemleri, ileti\u015fim sistemleri gibi insano\u011flunun yararland\u0131\u011f\u0131 b\u00fct\u00fcn sistemler m\u00fchendisler taraf\u0131ndan tasarlan\u0131r. K\u0131sacas\u0131 m\u00fchendislik, belirli bir [&hellip;]<\/p>\n","protected":false},"author":247,"featured_media":0,"parent":0,"menu_order":0,"comment_status":"closed","ping_status":"closed","template":"","meta":{"footnotes":""},"class_list":["post-6176","page","type-page","status-publish","hentry"],"_links":{"self":[{"href":"https:\/\/atauni.edu.tr\/makine-muhendisligi\/wp-json\/wp\/v2\/pages\/6176","targetHints":{"allow":["GET"]}}],"collection":[{"href":"https:\/\/atauni.edu.tr\/makine-muhendisligi\/wp-json\/wp\/v2\/pages"}],"about":[{"href":"https:\/\/atauni.edu.tr\/makine-muhendisligi\/wp-json\/wp\/v2\/types\/page"}],"author":[{"embeddable":true,"href":"https:\/\/atauni.edu.tr\/makine-muhendisligi\/wp-json\/wp\/v2\/users\/247"}],"replies":[{"embeddable":true,"href":"https:\/\/atauni.edu.tr\/makine-muhendisligi\/wp-json\/wp\/v2\/comments?post=6176"}],"version-history":[{"count":4,"href":"https:\/\/atauni.edu.tr\/makine-muhendisligi\/wp-json\/wp\/v2\/pages\/6176\/revisions"}],"predecessor-version":[{"id":6446,"href":"https:\/\/atauni.edu.tr\/makine-muhendisligi\/wp-json\/wp\/v2\/pages\/6176\/revisions\/6446"}],"wp:attachment":[{"href":"https:\/\/atauni.edu.tr\/makine-muhendisligi\/wp-json\/wp\/v2\/media?parent=6176"}],"curies":[{"name":"wp","href":"https:\/\/api.w.org\/{rel}","templated":true}]}}