{"id":6210,"date":"2021-10-17T21:51:43","date_gmt":"2021-10-17T18:51:43","guid":{"rendered":"https:\/\/birimler.atauni.edu.tr\/makine-muhendisligi\/?page_id=6210"},"modified":"2025-06-26T13:03:36","modified_gmt":"2025-06-26T10:03:36","slug":"akademik-birim-yapilanmasi","status":"publish","type":"page","link":"https:\/\/atauni.edu.tr\/makine-muhendisligi\/akademik-birim-yapilanmasi\/","title":{"rendered":"Akademik Birim Yap\u0131lanmas\u0131"},"content":{"rendered":"\t\t<div data-elementor-type=\"wp-page\" data-elementor-id=\"6210\" class=\"elementor elementor-6210\" data-elementor-post-type=\"page\">\n\t\t\t\t\t\t<section class=\"elementor-section elementor-top-section elementor-element elementor-element-885475b elementor-section-boxed elementor-section-height-default elementor-section-height-default\" data-id=\"885475b\" data-element_type=\"section\">\n\t\t\t\t\t\t<div class=\"elementor-container elementor-column-gap-default\">\n\t\t\t\t\t<div class=\"elementor-column elementor-col-100 elementor-top-column elementor-element elementor-element-b335269\" data-id=\"b335269\" data-element_type=\"column\">\n\t\t\t<div class=\"elementor-widget-wrap elementor-element-populated\">\n\t\t\t\t\t\t<div class=\"elementor-element elementor-element-144d925 elementor-widget-divider--view-line elementor-widget elementor-widget-divider\" data-id=\"144d925\" data-element_type=\"widget\" data-widget_type=\"divider.default\">\n\t\t\t\t<div class=\"elementor-widget-container\">\n\t\t\t\t\t\t\t<div class=\"elementor-divider\">\n\t\t\t<span class=\"elementor-divider-separator\">\n\t\t\t\t\t\t<\/span>\n\t\t<\/div>\n\t\t\t\t\t\t<\/div>\n\t\t\t\t<\/div>\n\t\t\t\t\t<\/div>\n\t\t<\/div>\n\t\t\t\t\t<\/div>\n\t\t<\/section>\n\t\t\t\t<section class=\"elementor-section elementor-top-section elementor-element elementor-element-e76f488 elementor-section-boxed elementor-section-height-default elementor-section-height-default\" data-id=\"e76f488\" data-element_type=\"section\">\n\t\t\t\t\t\t<div class=\"elementor-container elementor-column-gap-default\">\n\t\t\t\t\t<div class=\"elementor-column elementor-col-100 elementor-top-column elementor-element elementor-element-953524c\" data-id=\"953524c\" data-element_type=\"column\">\n\t\t\t<div class=\"elementor-widget-wrap elementor-element-populated\">\n\t\t\t\t\t\t<div class=\"elementor-element elementor-element-be1ff43 elementor-widget elementor-widget-text-editor\" data-id=\"be1ff43\" data-element_type=\"widget\" data-widget_type=\"text-editor.default\">\n\t\t\t\t<div class=\"elementor-widget-container\">\n\t\t\t\t\t\t\t\t\t<div style=\"width: 855px;color: #63646b;font-family: Ubuntu;background-color: #fafafa\"><div style=\"text-align: center\"><p><strong>MAK\u0130NE M\u00dcHEND\u0130SL\u0130\u011e\u0130 B\u00d6L\u00dcM\u00dc<\/strong><\/p><p><strong>YEN\u0130 NES\u0130L AKADEM\u0130K B\u0130R\u0130M YAPILANMASI VE G\u00d6REV DA\u011eILIMI<\/strong><\/p><p><strong>\u00a0<\/strong><\/p><table width=\"940\"><tbody><tr><td colspan=\"2\" width=\"294\"><p><strong>B\u00f6l\u00fcm Ba\u015fkan\u0131<br \/>Prof.Dr. Ya\u015far TOT\u0130K<\/strong><\/p><\/td><td width=\"271\"><p><strong>B\u00f6l\u00fcm Ba\u015fkan Yard\u0131mc\u0131s\u0131<br \/>Do\u00e7.Dr. Ahmet Numan \u00d6ZAKIN<\/strong><\/p><\/td><td width=\"375\"><p><strong>B\u00f6l\u00fcm Ba\u015fkan Yard\u0131mc\u0131s\u0131<br \/>Dr.\u00d6\u011fr.\u00dc. Volkan ACAR<\/strong><\/p><\/td><\/tr><tr><td colspan=\"2\" width=\"294\"><p>Strateji<\/p><\/td><td width=\"271\"><p>Ar-Ge Kaynaklar\u0131n\u0131n \u00c7e\u015fitlendirilmesi<\/p><\/td><td width=\"375\"><p>E\u011fitim-\u00d6\u011fretim<\/p><\/td><\/tr><tr><td width=\"18\"><p>\u00a0<\/p><\/td><td width=\"276\"><p>Vizyon, Misyon<\/p><\/td><td width=\"271\"><p>Ara\u015ft\u0131rma \u0130\u015f Birlikleri<\/p><\/td><td width=\"375\"><p>Toplumsal Duyarl\u0131l\u0131k Projeleri<\/p><\/td><\/tr><tr><td width=\"18\"><p>\u00a0<\/p><\/td><td width=\"276\"><p>Stratejik Plan<\/p><\/td><td width=\"271\"><p>Sanayi ile \u0130li\u015fkiler<\/p><\/td><td width=\"375\"><p>SDG Stratejileri<\/p><\/td><\/tr><tr><td width=\"18\"><p>\u00a0<\/p><\/td><td width=\"276\"><p>Odak Alanlar<\/p><\/td><td width=\"271\"><p>Kamu STK ve Giri\u015fimcilerle \u0130li\u015fkiler<\/p><\/td><td width=\"375\"><p>Toplumsal Katk\u0131<\/p><\/td><\/tr><tr><td width=\"18\"><p>\u00a0<\/p><\/td><td width=\"276\"><p>Ortakl\u0131klar<\/p><\/td><td width=\"271\"><p>Ara\u015ft\u0131rmac\u0131 Geli\u015ftirme\u00a0<\/p><\/td><td width=\"375\"><p>B\u00fct\u00fcnle\u015fik Ara\u015ft\u0131rma Modeli<\/p><\/td><\/tr><tr><td width=\"18\"><p>\u00a0<\/p><\/td><td width=\"276\"><p>Birimin De\u011ferleri<\/p><\/td><td width=\"271\"><p>Uluslararas\u0131la\u015fma<\/p><\/td><td width=\"375\"><p>Proje Temelli Ara\u015ft\u0131rma Toplumsal\u00a0\u2013\u00a0Katk\u0131\u00a0\u00a0\u2013\u00a0Entegresyonu (ATA-K\u00d6K Y\u00f6netimi)<\/p><\/td><\/tr><tr><td colspan=\"2\" width=\"294\"><p>D\u00f6ner Sermaye \u0130\u015flemleri<\/p><\/td><td width=\"271\"><p>K\u00fct\u00fcphane ve D\u00f6k\u00fcmantasyon<\/p><\/td><td width=\"375\"><p>Teknik Hizmetler<\/p><\/td><\/tr><tr><td colspan=\"2\" width=\"294\"><p>Birim Tasar\u0131m ve D\u00f6n\u00fc\u015f\u00fcm Faaliyetleri<\/p><\/td><td width=\"271\"><p>\u00d6\u011frenci \u0130\u015fleri<\/p><\/td><td width=\"375\"><p>\u00c7evre D\u00fczenleme ve Temizlik<\/p><\/td><\/tr><tr><td colspan=\"2\" width=\"294\"><p>BT ve Dijitalle\u015fme<\/p><\/td><td width=\"271\"><p>Yay\u0131n evi<\/p><\/td><td width=\"375\"><p>At\u0131k Y\u00f6netimi<\/p><\/td><\/tr><tr><td colspan=\"2\" width=\"294\"><p>Kalite\/Akreditasyon<\/p><\/td><td width=\"271\"><p>\u00d6\u011frenci Ya\u015fam\u0131<\/p><\/td><td width=\"375\"><p>Mezunlarla \u0130li\u015fkiler<\/p><\/td><\/tr><tr><td colspan=\"2\" width=\"294\"><p>\u0130leti\u015fim ve Marka<\/p><\/td><td width=\"271\"><p>K\u00fclt\u00fcrel \u0130\u015fler<\/p><\/td><td width=\"375\"><p>Kariyer Planlama<\/p><\/td><\/tr><tr><td colspan=\"2\" width=\"294\"><p>Performans Y\u00f6netimi<\/p><\/td><td width=\"271\"><p>Spor<\/p><\/td><td width=\"375\"><p>E\u011fitimde M\u00fckemmeliyet Modeli<\/p><\/td><\/tr><tr><td colspan=\"2\" width=\"294\"><p>S\u0131ralama Kurulu\u015flar\u0131<\/p><\/td><td width=\"271\">\u00a0<\/td><td width=\"375\"><p>\u00a0<\/p><\/td><\/tr><tr><td colspan=\"2\" width=\"294\"><p>Bilimsel Dergiler<\/p><\/td><td width=\"271\">\u00a0<\/td><td width=\"375\"><p>\u00a0<\/p><\/td><\/tr><tr><td colspan=\"2\" width=\"294\"><p>Teknokent ile \u0130li\u015fkiler<\/p><\/td><td width=\"271\">\u00a0<\/td><td width=\"375\"><p>\u00a0<\/p><\/td><\/tr><tr><td colspan=\"2\" width=\"294\"><p>Kriz Y\u00f6netimi<\/p><\/td><td width=\"271\">\u00a0<\/td><td width=\"375\"><p>\u00a0<\/p><\/td><\/tr><tr><td colspan=\"2\" width=\"294\"><p>\u0130nsan Kaynaklar\u0131<\/p><\/td><td width=\"271\">\u00a0<\/td><td width=\"375\"><p>\u00a0<\/p><\/td><\/tr><tr><td colspan=\"2\" width=\"294\"><p>Etik<\/p><\/td><td width=\"271\"><p>\u00a0<\/p><\/td><td width=\"375\"><p>\u00a0<\/p><\/td><\/tr><\/tbody><\/table><p>\u00a0<\/p><\/div><\/div>\t\t\t\t\t\t\t\t<\/div>\n\t\t\t\t<\/div>\n\t\t\t\t\t<\/div>\n\t\t<\/div>\n\t\t\t\t\t<\/div>\n\t\t<\/section>\n\t\t\t\t<section class=\"elementor-section elementor-top-section elementor-element elementor-element-c1c925b elementor-section-boxed elementor-section-height-default elementor-section-height-default\" data-id=\"c1c925b\" data-element_type=\"section\">\n\t\t\t\t\t\t<div class=\"elementor-container elementor-column-gap-default\">\n\t\t\t\t\t<div class=\"elementor-column elementor-col-100 elementor-top-column elementor-element elementor-element-0b3d5f4\" data-id=\"0b3d5f4\" data-element_type=\"column\">\n\t\t\t<div class=\"elementor-widget-wrap elementor-element-populated\">\n\t\t\t\t\t\t<div class=\"elementor-element elementor-element-87e6012 elementor-align-center elementor-widget elementor-widget-button\" data-id=\"87e6012\" data-element_type=\"widget\" data-widget_type=\"button.default\">\n\t\t\t\t<div class=\"elementor-widget-container\">\n\t\t\t\t\t\t\t\t\t<div class=\"elementor-button-wrapper\">\n\t\t\t\t\t<a class=\"elementor-button elementor-button-link elementor-size-sm\" href=\"https:\/\/birimler.atauni.edu.tr\/makine-muhendisligi\/wp-content\/uploads\/sites\/136\/2025\/06\/9.2.-Akademik-Birim-Yapilanmasi-1.docx\">\n\t\t\t\t\t\t<span class=\"elementor-button-content-wrapper\">\n\t\t\t\t\t\t\t\t\t<span class=\"elementor-button-text\">AKADEM\u0130K B\u0130R\u0130M YAPILANMASI<\/span>\n\t\t\t\t\t<\/span>\n\t\t\t\t\t<\/a>\n\t\t\t\t<\/div>\n\t\t\t\t\t\t\t\t<\/div>\n\t\t\t\t<\/div>\n\t\t\t\t\t<\/div>\n\t\t<\/div>\n\t\t\t\t\t<\/div>\n\t\t<\/section>\n\t\t\t\t<\/div>\n\t\t","protected":false},"excerpt":{"rendered":"<p>MAK\u0130NE M\u00dcHEND\u0130SL\u0130\u011e\u0130 B\u00d6L\u00dcM\u00dc YEN\u0130 NES\u0130L AKADEM\u0130K B\u0130R\u0130M YAPILANMASI VE G\u00d6REV DA\u011eILIMI \u00a0 B\u00f6l\u00fcm Ba\u015fkan\u0131Prof.Dr. Ya\u015far TOT\u0130K B\u00f6l\u00fcm Ba\u015fkan Yard\u0131mc\u0131s\u0131Do\u00e7.Dr. Ahmet Numan \u00d6ZAKIN B\u00f6l\u00fcm Ba\u015fkan Yard\u0131mc\u0131s\u0131Dr.\u00d6\u011fr.\u00dc. Volkan ACAR Strateji Ar-Ge Kaynaklar\u0131n\u0131n \u00c7e\u015fitlendirilmesi E\u011fitim-\u00d6\u011fretim \u00a0 Vizyon, Misyon Ara\u015ft\u0131rma \u0130\u015f Birlikleri Toplumsal Duyarl\u0131l\u0131k Projeleri \u00a0 Stratejik Plan Sanayi ile \u0130li\u015fkiler SDG Stratejileri \u00a0 Odak Alanlar Kamu STK ve [&hellip;]<\/p>\n","protected":false},"author":247,"featured_media":0,"parent":0,"menu_order":0,"comment_status":"closed","ping_status":"closed","template":"","meta":{"footnotes":""},"class_list":["post-6210","page","type-page","status-publish","hentry"],"_links":{"self":[{"href":"https:\/\/atauni.edu.tr\/makine-muhendisligi\/wp-json\/wp\/v2\/pages\/6210","targetHints":{"allow":["GET"]}}],"collection":[{"href":"https:\/\/atauni.edu.tr\/makine-muhendisligi\/wp-json\/wp\/v2\/pages"}],"about":[{"href":"https:\/\/atauni.edu.tr\/makine-muhendisligi\/wp-json\/wp\/v2\/types\/page"}],"author":[{"embeddable":true,"href":"https:\/\/atauni.edu.tr\/makine-muhendisligi\/wp-json\/wp\/v2\/users\/247"}],"replies":[{"embeddable":true,"href":"https:\/\/atauni.edu.tr\/makine-muhendisligi\/wp-json\/wp\/v2\/comments?post=6210"}],"version-history":[{"count":16,"href":"https:\/\/atauni.edu.tr\/makine-muhendisligi\/wp-json\/wp\/v2\/pages\/6210\/revisions"}],"predecessor-version":[{"id":8914,"href":"https:\/\/atauni.edu.tr\/makine-muhendisligi\/wp-json\/wp\/v2\/pages\/6210\/revisions\/8914"}],"wp:attachment":[{"href":"https:\/\/atauni.edu.tr\/makine-muhendisligi\/wp-json\/wp\/v2\/media?parent=6210"}],"curies":[{"name":"wp","href":"https:\/\/api.w.org\/{rel}","templated":true}]}}