{"id":6236,"date":"2021-10-17T22:09:54","date_gmt":"2021-10-17T19:09:54","guid":{"rendered":"https:\/\/birimler.atauni.edu.tr\/makine-muhendisligi\/?page_id=6236"},"modified":"2023-03-08T20:26:05","modified_gmt":"2023-03-08T17:26:05","slug":"paydaslarimiz","status":"publish","type":"page","link":"https:\/\/atauni.edu.tr\/makine-muhendisligi\/paydaslarimiz\/","title":{"rendered":"Payda\u015flar\u0131m\u0131z"},"content":{"rendered":"\t\t<div data-elementor-type=\"wp-page\" data-elementor-id=\"6236\" class=\"elementor elementor-6236\" data-elementor-post-type=\"page\">\n\t\t\t\t\t\t<section class=\"elementor-section elementor-top-section elementor-element elementor-element-c77adb2 elementor-section-boxed elementor-section-height-default elementor-section-height-default\" data-id=\"c77adb2\" data-element_type=\"section\">\n\t\t\t\t\t\t<div class=\"elementor-container elementor-column-gap-default\">\n\t\t\t\t\t<div class=\"elementor-column elementor-col-100 elementor-top-column elementor-element elementor-element-e43145c\" data-id=\"e43145c\" data-element_type=\"column\">\n\t\t\t<div class=\"elementor-widget-wrap elementor-element-populated\">\n\t\t\t\t\t\t<div class=\"elementor-element elementor-element-e90c979 elementor-widget-divider--view-line elementor-widget elementor-widget-divider\" data-id=\"e90c979\" data-element_type=\"widget\" data-widget_type=\"divider.default\">\n\t\t\t\t<div class=\"elementor-widget-container\">\n\t\t\t\t\t\t\t<div class=\"elementor-divider\">\n\t\t\t<span class=\"elementor-divider-separator\">\n\t\t\t\t\t\t<\/span>\n\t\t<\/div>\n\t\t\t\t\t\t<\/div>\n\t\t\t\t<\/div>\n\t\t\t\t\t<\/div>\n\t\t<\/div>\n\t\t\t\t\t<\/div>\n\t\t<\/section>\n\t\t\t\t<section class=\"elementor-section elementor-top-section elementor-element elementor-element-a1b2615 elementor-section-boxed elementor-section-height-default elementor-section-height-default\" data-id=\"a1b2615\" data-element_type=\"section\">\n\t\t\t\t\t\t<div class=\"elementor-container elementor-column-gap-default\">\n\t\t\t\t\t<div class=\"elementor-column elementor-col-100 elementor-top-column elementor-element elementor-element-f2ee9d7\" data-id=\"f2ee9d7\" data-element_type=\"column\">\n\t\t\t<div class=\"elementor-widget-wrap elementor-element-populated\">\n\t\t\t\t\t\t<div class=\"elementor-element elementor-element-82ab93a elementor-align-center elementor-widget elementor-widget-button\" data-id=\"82ab93a\" data-element_type=\"widget\" data-widget_type=\"button.default\">\n\t\t\t\t<div class=\"elementor-widget-container\">\n\t\t\t\t\t\t\t\t\t<div class=\"elementor-button-wrapper\">\n\t\t\t\t\t<a class=\"elementor-button elementor-button-link elementor-size-md elementor-animation-shrink\" href=\"http:\/\/birimler.atauni.edu.tr\/makine-muhendisligi\/wp-content\/uploads\/sites\/136\/2020\/07\/BOLUMUMUZ-PAYDASLAR.pdf\">\n\t\t\t\t\t\t<span class=\"elementor-button-content-wrapper\">\n\t\t\t\t\t\t\t\t\t<span class=\"elementor-button-text\">Payda\u015flar\u0131m\u0131z<\/span>\n\t\t\t\t\t<\/span>\n\t\t\t\t\t<\/a>\n\t\t\t\t<\/div>\n\t\t\t\t\t\t\t\t<\/div>\n\t\t\t\t<\/div>\n\t\t\t\t\t<\/div>\n\t\t<\/div>\n\t\t\t\t\t<\/div>\n\t\t<\/section>\n\t\t\t\t<\/div>\n\t\t","protected":false},"excerpt":{"rendered":"<p>Payda\u015flar\u0131m\u0131z<\/p>\n","protected":false},"author":247,"featured_media":0,"parent":0,"menu_order":0,"comment_status":"closed","ping_status":"closed","template":"","meta":{"footnotes":""},"class_list":["post-6236","page","type-page","status-publish","hentry"],"_links":{"self":[{"href":"https:\/\/atauni.edu.tr\/makine-muhendisligi\/wp-json\/wp\/v2\/pages\/6236","targetHints":{"allow":["GET"]}}],"collection":[{"href":"https:\/\/atauni.edu.tr\/makine-muhendisligi\/wp-json\/wp\/v2\/pages"}],"about":[{"href":"https:\/\/atauni.edu.tr\/makine-muhendisligi\/wp-json\/wp\/v2\/types\/page"}],"author":[{"embeddable":true,"href":"https:\/\/atauni.edu.tr\/makine-muhendisligi\/wp-json\/wp\/v2\/users\/247"}],"replies":[{"embeddable":true,"href":"https:\/\/atauni.edu.tr\/makine-muhendisligi\/wp-json\/wp\/v2\/comments?post=6236"}],"version-history":[{"count":7,"href":"https:\/\/atauni.edu.tr\/makine-muhendisligi\/wp-json\/wp\/v2\/pages\/6236\/revisions"}],"predecessor-version":[{"id":7753,"href":"https:\/\/atauni.edu.tr\/makine-muhendisligi\/wp-json\/wp\/v2\/pages\/6236\/revisions\/7753"}],"wp:attachment":[{"href":"https:\/\/atauni.edu.tr\/makine-muhendisligi\/wp-json\/wp\/v2\/media?parent=6236"}],"curies":[{"name":"wp","href":"https:\/\/api.w.org\/{rel}","templated":true}]}}