{"id":6264,"date":"2021-10-17T22:22:31","date_gmt":"2021-10-17T19:22:31","guid":{"rendered":"https:\/\/birimler.atauni.edu.tr\/makine-muhendisligi\/?page_id=6264"},"modified":"2025-02-18T13:54:44","modified_gmt":"2025-02-18T10:54:44","slug":"sonuclar","status":"publish","type":"page","link":"https:\/\/atauni.edu.tr\/makine-muhendisligi\/sonuclar\/","title":{"rendered":"Sonu\u00e7lar"},"content":{"rendered":"\t\t<div data-elementor-type=\"wp-page\" data-elementor-id=\"6264\" class=\"elementor elementor-6264\" data-elementor-post-type=\"page\">\n\t\t\t\t\t\t<section class=\"elementor-section elementor-top-section elementor-element elementor-element-64e76cc elementor-section-boxed elementor-section-height-default elementor-section-height-default\" data-id=\"64e76cc\" data-element_type=\"section\">\n\t\t\t\t\t\t<div class=\"elementor-container elementor-column-gap-default\">\n\t\t\t\t\t<div class=\"elementor-column elementor-col-100 elementor-top-column elementor-element elementor-element-77b152b\" data-id=\"77b152b\" data-element_type=\"column\">\n\t\t\t<div class=\"elementor-widget-wrap elementor-element-populated\">\n\t\t\t\t\t\t<div class=\"elementor-element elementor-element-4b86b9e elementor-widget-divider--view-line elementor-widget elementor-widget-divider\" data-id=\"4b86b9e\" data-element_type=\"widget\" data-widget_type=\"divider.default\">\n\t\t\t\t<div class=\"elementor-widget-container\">\n\t\t\t\t\t\t\t<div class=\"elementor-divider\">\n\t\t\t<span class=\"elementor-divider-separator\">\n\t\t\t\t\t\t<\/span>\n\t\t<\/div>\n\t\t\t\t\t\t<\/div>\n\t\t\t\t<\/div>\n\t\t\t\t<div class=\"elementor-element elementor-element-862ac72 elementor-widget elementor-widget-text-editor\" data-id=\"862ac72\" data-element_type=\"widget\" data-widget_type=\"text-editor.default\">\n\t\t\t\t<div class=\"elementor-widget-container\">\n\t\t\t\t\t\t\t\t\t<h3>Ana Tasar\u0131m Tercih Sonu\u00e7lar\u0131<\/h3>\n<p>2024-2025 Bahar D\u00f6nemi Se\u00e7meli Tasar\u0131m II gruplar\u0131 belirlenmi\u015ftir. Dersi al\u0131p listede ismi olmayan \u00f6\u011frencilerimizin Ar\u015f. G\u00f6r. Ercan DO\u011eAN ile ileti\u015fime ge\u00e7meleri gerekmektedir.<\/p>\n<h3><span style=\"letter-spacing: 0px\">(Sonu\u00e7lar G\u00fcncellenebilir &#8211; 18.02.2025)<\/span><\/h3>\t\t\t\t\t\t\t\t<\/div>\n\t\t\t\t<\/div>\n\t\t\t\t\t<\/div>\n\t\t<\/div>\n\t\t\t\t\t<\/div>\n\t\t<\/section>\n\t\t\t\t<section class=\"elementor-section elementor-top-section elementor-element elementor-element-b764088 elementor-section-boxed elementor-section-height-default elementor-section-height-default\" data-id=\"b764088\" data-element_type=\"section\">\n\t\t\t\t\t\t<div class=\"elementor-container elementor-column-gap-default\">\n\t\t\t\t\t<div class=\"elementor-column elementor-col-100 elementor-top-column elementor-element elementor-element-151c484\" data-id=\"151c484\" data-element_type=\"column\">\n\t\t\t<div class=\"elementor-widget-wrap elementor-element-populated\">\n\t\t\t\t\t\t<div class=\"elementor-element elementor-element-15be9d6 elementor-icon-list--layout-traditional elementor-list-item-link-full_width elementor-widget elementor-widget-icon-list\" data-id=\"15be9d6\" data-element_type=\"widget\" data-widget_type=\"icon-list.default\">\n\t\t\t\t<div class=\"elementor-widget-container\">\n\t\t\t\t\t\t\t<ul class=\"elementor-icon-list-items\">\n\t\t\t\t\t\t\t<li class=\"elementor-icon-list-item\">\n\t\t\t\t\t\t\t\t\t\t\t<a href=\"https:\/\/birimler.atauni.edu.tr\/makine-muhendisligi\/wp-content\/uploads\/sites\/136\/2025\/02\/2024-2025-Bahar-Secmeli-Tasarim-II-Gruplarr.xlsx\">\n\n\t\t\t\t\t\t\t\t\t\t\t\t<span class=\"elementor-icon-list-icon\">\n\t\t\t\t\t\t\t<i aria-hidden=\"true\" class=\"fas fa-arrow-alt-circle-down\"><\/i>\t\t\t\t\t\t<\/span>\n\t\t\t\t\t\t\t\t\t\t<span class=\"elementor-icon-list-text\">Se\u00e7meli Tasar\u0131m Tercih Sonu\u00e7lar\u0131<\/span>\n\t\t\t\t\t\t\t\t\t\t\t<\/a>\n\t\t\t\t\t\t\t\t\t<\/li>\n\t\t\t\t\t\t<\/ul>\n\t\t\t\t\t\t<\/div>\n\t\t\t\t<\/div>\n\t\t\t\t\t<\/div>\n\t\t<\/div>\n\t\t\t\t\t<\/div>\n\t\t<\/section>\n\t\t\t\t<\/div>\n\t\t","protected":false},"excerpt":{"rendered":"<p>Ana Tasar\u0131m Tercih Sonu\u00e7lar\u0131 2024-2025 Bahar D\u00f6nemi Se\u00e7meli Tasar\u0131m II gruplar\u0131 belirlenmi\u015ftir. Dersi al\u0131p listede ismi olmayan \u00f6\u011frencilerimizin Ar\u015f. G\u00f6r. Ercan DO\u011eAN ile ileti\u015fime ge\u00e7meleri gerekmektedir. (Sonu\u00e7lar G\u00fcncellenebilir &#8211; 18.02.2025) Se\u00e7meli Tasar\u0131m Tercih Sonu\u00e7lar\u0131<\/p>\n","protected":false},"author":247,"featured_media":0,"parent":0,"menu_order":0,"comment_status":"closed","ping_status":"closed","template":"","meta":{"footnotes":""},"class_list":["post-6264","page","type-page","status-publish","hentry"],"_links":{"self":[{"href":"https:\/\/atauni.edu.tr\/makine-muhendisligi\/wp-json\/wp\/v2\/pages\/6264","targetHints":{"allow":["GET"]}}],"collection":[{"href":"https:\/\/atauni.edu.tr\/makine-muhendisligi\/wp-json\/wp\/v2\/pages"}],"about":[{"href":"https:\/\/atauni.edu.tr\/makine-muhendisligi\/wp-json\/wp\/v2\/types\/page"}],"author":[{"embeddable":true,"href":"https:\/\/atauni.edu.tr\/makine-muhendisligi\/wp-json\/wp\/v2\/users\/247"}],"replies":[{"embeddable":true,"href":"https:\/\/atauni.edu.tr\/makine-muhendisligi\/wp-json\/wp\/v2\/comments?post=6264"}],"version-history":[{"count":103,"href":"https:\/\/atauni.edu.tr\/makine-muhendisligi\/wp-json\/wp\/v2\/pages\/6264\/revisions"}],"predecessor-version":[{"id":8819,"href":"https:\/\/atauni.edu.tr\/makine-muhendisligi\/wp-json\/wp\/v2\/pages\/6264\/revisions\/8819"}],"wp:attachment":[{"href":"https:\/\/atauni.edu.tr\/makine-muhendisligi\/wp-json\/wp\/v2\/media?parent=6264"}],"curies":[{"name":"wp","href":"https:\/\/api.w.org\/{rel}","templated":true}]}}