{"id":6273,"date":"2021-10-17T22:28:12","date_gmt":"2021-10-17T19:28:12","guid":{"rendered":"https:\/\/birimler.atauni.edu.tr\/makine-muhendisligi\/?page_id=6273"},"modified":"2024-10-20T17:00:04","modified_gmt":"2024-10-20T14:00:04","slug":"staj-duyurulari","status":"publish","type":"page","link":"https:\/\/atauni.edu.tr\/makine-muhendisligi\/staj-duyurulari\/","title":{"rendered":"Dosyalar ve Duyurular"},"content":{"rendered":"\t\t<div data-elementor-type=\"wp-page\" data-elementor-id=\"6273\" class=\"elementor elementor-6273\" data-elementor-post-type=\"page\">\n\t\t\t\t\t\t<section class=\"elementor-section elementor-top-section elementor-element elementor-element-07bbb37 elementor-section-boxed elementor-section-height-default elementor-section-height-default\" data-id=\"07bbb37\" data-element_type=\"section\">\n\t\t\t\t\t\t<div class=\"elementor-container elementor-column-gap-default\">\n\t\t\t\t\t<div class=\"elementor-column elementor-col-100 elementor-top-column elementor-element elementor-element-21971a4\" data-id=\"21971a4\" data-element_type=\"column\">\n\t\t\t<div class=\"elementor-widget-wrap elementor-element-populated\">\n\t\t\t\t\t\t<div class=\"elementor-element elementor-element-03de6f0 elementor-widget-divider--view-line elementor-widget elementor-widget-divider\" data-id=\"03de6f0\" data-element_type=\"widget\" data-widget_type=\"divider.default\">\n\t\t\t\t<div class=\"elementor-widget-container\">\n\t\t\t\t\t\t\t<div class=\"elementor-divider\">\n\t\t\t<span class=\"elementor-divider-separator\">\n\t\t\t\t\t\t<\/span>\n\t\t<\/div>\n\t\t\t\t\t\t<\/div>\n\t\t\t\t<\/div>\n\t\t\t\t<div class=\"elementor-element elementor-element-14b4e87 elementor-icon-list--layout-traditional elementor-list-item-link-full_width elementor-widget elementor-widget-icon-list\" data-id=\"14b4e87\" data-element_type=\"widget\" data-widget_type=\"icon-list.default\">\n\t\t\t\t<div class=\"elementor-widget-container\">\n\t\t\t\t\t\t\t<ul class=\"elementor-icon-list-items\">\n\t\t\t\t\t\t\t<li class=\"elementor-icon-list-item\">\n\t\t\t\t\t\t\t\t\t\t\t<a href=\"https:\/\/birimler.atauni.edu.tr\/makine-muhendisligi\/wp-content\/uploads\/sites\/136\/2020\/07\/Staj-Sozlu-Sinavi-Hakkin-Bilgilendirme.pdf\">\n\n\t\t\t\t\t\t\t\t\t\t\t\t<span class=\"elementor-icon-list-icon\">\n\t\t\t\t\t\t\t<i aria-hidden=\"true\" class=\"fas fa-chevron-circle-down\"><\/i>\t\t\t\t\t\t<\/span>\n\t\t\t\t\t\t\t\t\t\t<span class=\"elementor-icon-list-text\">Staj S\u00f6zl\u00fc S\u0131nav\u0131 Hakk\u0131n Bilgilendirme<\/span>\n\t\t\t\t\t\t\t\t\t\t\t<\/a>\n\t\t\t\t\t\t\t\t\t<\/li>\n\t\t\t\t\t\t<\/ul>\n\t\t\t\t\t\t<\/div>\n\t\t\t\t<\/div>\n\t\t\t\t<div class=\"elementor-element elementor-element-9738cd6 elementor-widget elementor-widget-ova_blog\" data-id=\"9738cd6\" data-element_type=\"widget\" data-widget_type=\"ova_blog.default\">\n\t\t\t\t<div class=\"elementor-widget-container\">\n\t\t\t\t\t\n\t\t<div class=\"ova-blog blog-grid grid_medium\">\n\t\t\t<div class=\"ova-wrap-grid\">\n\t\t\t\t\t\t<\/div>\n\t\t<\/div>\n\t\t\t\t\t\t<\/div>\n\t\t\t\t<\/div>\n\t\t\t\t<div class=\"elementor-element elementor-element-d4529ad elementor-widget elementor-widget-toggle\" data-id=\"d4529ad\" data-element_type=\"widget\" data-widget_type=\"toggle.default\">\n\t\t\t\t<div class=\"elementor-widget-container\">\n\t\t\t\t\t\t\t<div class=\"elementor-toggle\">\n\t\t\t\t\t\t\t<div class=\"elementor-toggle-item\">\n\t\t\t\t\t<div id=\"elementor-tab-title-2221\" class=\"elementor-tab-title\" data-tab=\"1\" role=\"button\" aria-controls=\"elementor-tab-content-2221\" aria-expanded=\"false\">\n\t\t\t\t\t\t\t\t\t\t\t\t<span class=\"elementor-toggle-icon elementor-toggle-icon-left\" aria-hidden=\"true\">\n\t\t\t\t\t\t\t\t\t\t\t\t\t\t\t<span class=\"elementor-toggle-icon-closed\"><i class=\"fas fa-caret-right\"><\/i><\/span>\n\t\t\t\t\t\t\t\t<span class=\"elementor-toggle-icon-opened\"><i class=\"elementor-toggle-icon-opened fas fa-caret-up\"><\/i><\/span>\n\t\t\t\t\t\t\t\t\t\t\t\t\t<\/span>\n\t\t\t\t\t\t\t\t\t\t\t\t<a class=\"elementor-toggle-title\" tabindex=\"0\">20.10.2024 Ekim Ay\u0131 Staj M\u00fclakat\u0131<\/a>\n\t\t\t\t\t<\/div>\n\n\t\t\t\t\t<div id=\"elementor-tab-content-2221\" class=\"elementor-tab-content elementor-clearfix\" data-tab=\"1\" role=\"region\" aria-labelledby=\"elementor-tab-title-2221\"><p><a href=\"http:\/\/birimler.atauni.edu.tr\/makine-muhendisligi\/wp-content\/uploads\/sites\/136\/2020\/07\/Staj-Komisyonu-Mulakat-Yazisi-Ekim-Ayi.pdf\">Ekim Ay\u0131 Staj M\u00fclakat\u0131\u00a0<\/a><\/p><\/div>\n\t\t\t\t<\/div>\n\t\t\t\t\t\t\t<div class=\"elementor-toggle-item\">\n\t\t\t\t\t<div id=\"elementor-tab-title-2222\" class=\"elementor-tab-title\" data-tab=\"2\" role=\"button\" aria-controls=\"elementor-tab-content-2222\" aria-expanded=\"false\">\n\t\t\t\t\t\t\t\t\t\t\t\t<span class=\"elementor-toggle-icon elementor-toggle-icon-left\" aria-hidden=\"true\">\n\t\t\t\t\t\t\t\t\t\t\t\t\t\t\t<span class=\"elementor-toggle-icon-closed\"><i class=\"fas fa-caret-right\"><\/i><\/span>\n\t\t\t\t\t\t\t\t<span class=\"elementor-toggle-icon-opened\"><i class=\"elementor-toggle-icon-opened fas fa-caret-up\"><\/i><\/span>\n\t\t\t\t\t\t\t\t\t\t\t\t\t<\/span>\n\t\t\t\t\t\t\t\t\t\t\t\t<a class=\"elementor-toggle-title\" tabindex=\"0\">24.09.2024 Eyl\u00fcl Ay\u0131 Staj M\u00fclakat\u0131<\/a>\n\t\t\t\t\t<\/div>\n\n\t\t\t\t\t<div id=\"elementor-tab-content-2222\" class=\"elementor-tab-content elementor-clearfix\" data-tab=\"2\" role=\"region\" aria-labelledby=\"elementor-tab-title-2222\"><p><a href=\"http:\/\/birimler.atauni.edu.tr\/makine-muhendisligi\/wp-content\/uploads\/sites\/136\/2020\/07\/Staj-Komisyonu-Mulakat-Yazisi-Eylul-Ayi.pdf\">Eyl\u00fcl Ay\u0131 Staj M\u00fclakatlar\u0131<\/a><\/p><\/div>\n\t\t\t\t<\/div>\n\t\t\t\t\t\t\t<div class=\"elementor-toggle-item\">\n\t\t\t\t\t<div id=\"elementor-tab-title-2223\" class=\"elementor-tab-title\" data-tab=\"3\" role=\"button\" aria-controls=\"elementor-tab-content-2223\" aria-expanded=\"false\">\n\t\t\t\t\t\t\t\t\t\t\t\t<span class=\"elementor-toggle-icon elementor-toggle-icon-left\" aria-hidden=\"true\">\n\t\t\t\t\t\t\t\t\t\t\t\t\t\t\t<span class=\"elementor-toggle-icon-closed\"><i class=\"fas fa-caret-right\"><\/i><\/span>\n\t\t\t\t\t\t\t\t<span class=\"elementor-toggle-icon-opened\"><i class=\"elementor-toggle-icon-opened fas fa-caret-up\"><\/i><\/span>\n\t\t\t\t\t\t\t\t\t\t\t\t\t<\/span>\n\t\t\t\t\t\t\t\t\t\t\t\t<a class=\"elementor-toggle-title\" tabindex=\"0\">-07.03.2023-<\/a>\n\t\t\t\t\t<\/div>\n\n\t\t\t\t\t<div id=\"elementor-tab-content-2223\" class=\"elementor-tab-content elementor-clearfix\" data-tab=\"3\" role=\"region\" aria-labelledby=\"elementor-tab-title-2223\"><p>3. ve 4. S\u0131n\u0131f \u00d6\u011frencilerine Staj \u0130mkan\u0131 <br \/>Makine M\u00fchendisli\u011fi, Havac\u0131l\u0131k ve Uzay M\u00fchendisli\u011fi, U\u00e7ak M\u00fchendisli\u011fi, Uzay M\u00fchendisli\u011fi, End\u00fcstri M\u00fchendisli\u011fi, Elektrik-Elektronik M\u00fchendisli\u011fi, Metal\u00fcrji ve Malzeme M\u00fchendisli\u011fi, Kimya M\u00fchendisli\u011fi, Mekatronik M\u00fchendisli\u011fi, Bilgisayar M\u00fchendisli\u011fi b\u00f6l\u00fcmleri ba\u015fta olmak \u00fczere havac\u0131l\u0131k ve uzay teknolojilerine temel olacak t\u00fcm b\u00f6l\u00fcmlerden \u00f6\u011frenci kabul edilmektedir.<\/p><p>\u0130lan Linki: <br \/>https:\/\/kariyer.tusas.com\/sky?utm_source=kariyermerkezleri&amp;amp;utm_medium=email&amp;amp;utm_campaign=sky-discover-yaz-staj&amp;amp;utm_content=standartbasvurmailingi#content<\/p><\/div>\n\t\t\t\t<\/div>\n\t\t\t\t\t\t\t<div class=\"elementor-toggle-item\">\n\t\t\t\t\t<div id=\"elementor-tab-title-2224\" class=\"elementor-tab-title\" data-tab=\"4\" role=\"button\" aria-controls=\"elementor-tab-content-2224\" aria-expanded=\"false\">\n\t\t\t\t\t\t\t\t\t\t\t\t<span class=\"elementor-toggle-icon elementor-toggle-icon-left\" aria-hidden=\"true\">\n\t\t\t\t\t\t\t\t\t\t\t\t\t\t\t<span class=\"elementor-toggle-icon-closed\"><i class=\"fas fa-caret-right\"><\/i><\/span>\n\t\t\t\t\t\t\t\t<span class=\"elementor-toggle-icon-opened\"><i class=\"elementor-toggle-icon-opened fas fa-caret-up\"><\/i><\/span>\n\t\t\t\t\t\t\t\t\t\t\t\t\t<\/span>\n\t\t\t\t\t\t\t\t\t\t\t\t<a class=\"elementor-toggle-title\" tabindex=\"0\">-25.01.2023-<\/a>\n\t\t\t\t\t<\/div>\n\n\t\t\t\t\t<div id=\"elementor-tab-content-2224\" class=\"elementor-tab-content elementor-clearfix\" data-tab=\"4\" role=\"region\" aria-labelledby=\"elementor-tab-title-2224\"><p>Staj komisyon bilgileri ve yol haritas\u0131 g\u00fcncellenmi\u015ftir.<\/p><\/div>\n\t\t\t\t<\/div>\n\t\t\t\t\t\t\t<div class=\"elementor-toggle-item\">\n\t\t\t\t\t<div id=\"elementor-tab-title-2225\" class=\"elementor-tab-title\" data-tab=\"5\" role=\"button\" aria-controls=\"elementor-tab-content-2225\" aria-expanded=\"false\">\n\t\t\t\t\t\t\t\t\t\t\t\t<span class=\"elementor-toggle-icon elementor-toggle-icon-left\" aria-hidden=\"true\">\n\t\t\t\t\t\t\t\t\t\t\t\t\t\t\t<span class=\"elementor-toggle-icon-closed\"><i class=\"fas fa-caret-right\"><\/i><\/span>\n\t\t\t\t\t\t\t\t<span class=\"elementor-toggle-icon-opened\"><i class=\"elementor-toggle-icon-opened fas fa-caret-up\"><\/i><\/span>\n\t\t\t\t\t\t\t\t\t\t\t\t\t<\/span>\n\t\t\t\t\t\t\t\t\t\t\t\t<a class=\"elementor-toggle-title\" tabindex=\"0\">-12.12.2022-<\/a>\n\t\t\t\t\t<\/div>\n\n\t\t\t\t\t<div id=\"elementor-tab-content-2225\" class=\"elementor-tab-content elementor-clearfix\" data-tab=\"5\" role=\"region\" aria-labelledby=\"elementor-tab-title-2225\"><p>Ulusal Staj Ba\u015fvurular\u0131 18 Ocak\u2019ta sona erecektir. Bundan faydalanabilmek i\u00e7in ba\u015fvuru yapman\u0131z gerekmektedir. Ba\u015fvurular yetenek kap\u0131s\u0131ndan elektronik olarak yap\u0131lacakt\u0131r.<\/p><\/div>\n\t\t\t\t<\/div>\n\t\t\t\t\t\t\t<div class=\"elementor-toggle-item\">\n\t\t\t\t\t<div id=\"elementor-tab-title-2226\" class=\"elementor-tab-title\" data-tab=\"6\" role=\"button\" aria-controls=\"elementor-tab-content-2226\" aria-expanded=\"false\">\n\t\t\t\t\t\t\t\t\t\t\t\t<span class=\"elementor-toggle-icon elementor-toggle-icon-left\" aria-hidden=\"true\">\n\t\t\t\t\t\t\t\t\t\t\t\t\t\t\t<span class=\"elementor-toggle-icon-closed\"><i class=\"fas fa-caret-right\"><\/i><\/span>\n\t\t\t\t\t\t\t\t<span class=\"elementor-toggle-icon-opened\"><i class=\"elementor-toggle-icon-opened fas fa-caret-up\"><\/i><\/span>\n\t\t\t\t\t\t\t\t\t\t\t\t\t<\/span>\n\t\t\t\t\t\t\t\t\t\t\t\t<a class=\"elementor-toggle-title\" tabindex=\"0\">-24.11.2022-<\/a>\n\t\t\t\t\t<\/div>\n\n\t\t\t\t\t<div id=\"elementor-tab-content-2226\" class=\"elementor-tab-content elementor-clearfix\" data-tab=\"6\" role=\"region\" aria-labelledby=\"elementor-tab-title-2226\"><p>1. Ulusal Staj Ba\u015fvurular\u0131 18 Ocak&#8217;ta sona erecektir. Bundan faydalanablmek i\u00e7in ba\u015fvuru yapman\u0131z geremeketedir. Ba\u015fvuru yetenek kap\u0131s\u0131ndan elektronik olarak yap\u0131lacakt\u0131r.<\/p><p>2. Staj komisyonu de\u011fi\u015fmi\u015ftir. Staj i\u015flemlerinizin aksamamas\u0131 ad\u0131na b\u00f6l\u00fcm sayfas\u0131ndaki Staj Yol Hariats\u0131n\u0131n inceleyiz.<\/p><\/div>\n\t\t\t\t<\/div>\n\t\t\t\t\t\t\t<div class=\"elementor-toggle-item\">\n\t\t\t\t\t<div id=\"elementor-tab-title-2227\" class=\"elementor-tab-title\" data-tab=\"7\" role=\"button\" aria-controls=\"elementor-tab-content-2227\" aria-expanded=\"false\">\n\t\t\t\t\t\t\t\t\t\t\t\t<span class=\"elementor-toggle-icon elementor-toggle-icon-left\" aria-hidden=\"true\">\n\t\t\t\t\t\t\t\t\t\t\t\t\t\t\t<span class=\"elementor-toggle-icon-closed\"><i class=\"fas fa-caret-right\"><\/i><\/span>\n\t\t\t\t\t\t\t\t<span class=\"elementor-toggle-icon-opened\"><i class=\"elementor-toggle-icon-opened fas fa-caret-up\"><\/i><\/span>\n\t\t\t\t\t\t\t\t\t\t\t\t\t<\/span>\n\t\t\t\t\t\t\t\t\t\t\t\t<a class=\"elementor-toggle-title\" tabindex=\"0\">-29.09.2022-<\/a>\n\t\t\t\t\t<\/div>\n\n\t\t\t\t\t<div id=\"elementor-tab-content-2227\" class=\"elementor-tab-content elementor-clearfix\" data-tab=\"7\" role=\"region\" aria-labelledby=\"elementor-tab-title-2227\"><p>M\u00dcFREDAT DE\u011e\u0130\u015e\u0130KL\u0130\u011e\u0130 NEDEN\u0130YLE STAJ HAKKINDA GENEL B\u0130LG\u0130LEND\u0130RME<\/p><p><br \/>1. Mezun durumda olan, b\u00fct\u00fcn derslerini tamamlam\u0131\u015f ve ba\u015far\u0131l\u0131 say\u0131lan ancak sadece stajlar\u0131 kalan<br \/>\u00f6\u011frenciler, yeni m\u00fcfredata intibaklar\u0131 yap\u0131lmayanlarda;<br \/>a. Sadece Staj I\u2019i yapanlar i\u00e7in Staj II\u2019de ayn\u0131 not ile kabul edilecektir. Staj II yap\u0131lmayacakt\u0131r.<br \/>b. Staj I\u2019i yap\u0131p, \u015fu anda Staj II\u2019yi yapanlar, Staj II\u2019yi ba\u015far\u0131l\u0131 bir \u015fekilde tamamlamak zorundad\u0131r.<br \/>c. Hi\u00e7 staj yapmayanlar sadece Staj I\u2019i yapacakt\u0131r ve Staj II\u2019de ayn\u0131 not kabul edilecektir.<\/p><p><br \/>2. Derslerini tamamlamayan \u00f6\u011frenciler yeni m\u00fcfredata intibak yap\u0131lacaklar\u0131 i\u00e7in sadece tek bir Staj\u2019dan<br \/>(40 i\u015f g\u00fcn\u00fc) sorumludur. Yeni m\u00fcfredata tabi olanlardan;<br \/>a. Sadece Staj-I\u2019i (30 i\u015f g\u00fcn\u00fc) yapanlar\u0131n staj\u0131 40 i\u015f g\u00fcn olarak kabul edilecektir. \u00d6\u011frenci ba\u015fka staj<br \/>yapmayacakt\u0131r.<br \/>b. Staj-I (30 i\u015f g\u00fcn\u00fc) ve Staj-II (30 i\u015f g\u00fcn\u00fc) yapanlar i\u00e7in stajlar\u0131, 40 i\u015f g\u00fcn olarak tek staj \u015feklinde<br \/>kabul edilecektir. \u00d6\u011frenci ba\u015fka staj yapmayacakt\u0131r.<br \/>c. Herhangi bir staj yapmayan \u00f6\u011frenciler sadece tek bir staj (40 i\u015f g\u00fcn\u00fc) yapacaklard\u0131r.<br \/>d. 40 i\u015f g\u00fcn\u00fc staj\u0131 yaz d\u00f6neminde tek par\u00e7a halinde yap\u0131lacakt\u0131r. Detaylar Staj Y\u00f6netmeli\u011finde<br \/>mevcuttur.<\/p><p><br \/>Makine M\u00fchendisli\u011fi B\u00f6l\u00fcm\u00fc Staj Komisyonu<\/p><\/div>\n\t\t\t\t<\/div>\n\t\t\t\t\t\t\t<div class=\"elementor-toggle-item\">\n\t\t\t\t\t<div id=\"elementor-tab-title-2228\" class=\"elementor-tab-title\" data-tab=\"8\" role=\"button\" aria-controls=\"elementor-tab-content-2228\" aria-expanded=\"false\">\n\t\t\t\t\t\t\t\t\t\t\t\t<span class=\"elementor-toggle-icon elementor-toggle-icon-left\" aria-hidden=\"true\">\n\t\t\t\t\t\t\t\t\t\t\t\t\t\t\t<span class=\"elementor-toggle-icon-closed\"><i class=\"fas fa-caret-right\"><\/i><\/span>\n\t\t\t\t\t\t\t\t<span class=\"elementor-toggle-icon-opened\"><i class=\"elementor-toggle-icon-opened fas fa-caret-up\"><\/i><\/span>\n\t\t\t\t\t\t\t\t\t\t\t\t\t<\/span>\n\t\t\t\t\t\t\t\t\t\t\t\t<a class=\"elementor-toggle-title\" tabindex=\"0\">-23.03.2022-<\/a>\n\t\t\t\t\t<\/div>\n\n\t\t\t\t\t<div id=\"elementor-tab-content-2228\" class=\"elementor-tab-content elementor-clearfix\" data-tab=\"8\" role=\"region\" aria-labelledby=\"elementor-tab-title-2228\"><p>Cumhurba\u015fkanl\u0131\u011f\u0131 \u0130nsan Kaynaklar\u0131 Ofisi (CB\u0130KO) taraf\u0131ndan y\u00fcr\u00fct\u00fclen \u201cUlusal Staj Program\u0131\u201dna Fak\u00fcltemiz B\u00f6l\u00fcmlerinde \u00f6\u011frenim g\u00f6ren 2, 3 ve 4. s\u0131n\u0131f \u00f6rg\u00fcn ve ikinci \u00f6\u011fretim \u00f6\u011frencileri ve y\u00fcksek lisans \u00f6\u011frencileri Kariyer Kap\u0131s\u0131 Platformu \u00fczerinden ba\u015fvuru yapabilmektedir. Son ba\u015fvuru tarihi 31 Mart 2022 &#8216;dir.<\/p><p><a href=\"https:\/\/kariyerkapisi.cbiko.gov.tr\/\">https:\/\/kariyerkapisi.cbiko.gov.tr\/<\/a><\/p><\/div>\n\t\t\t\t<\/div>\n\t\t\t\t\t\t\t<div class=\"elementor-toggle-item\">\n\t\t\t\t\t<div id=\"elementor-tab-title-2229\" class=\"elementor-tab-title\" data-tab=\"9\" role=\"button\" aria-controls=\"elementor-tab-content-2229\" aria-expanded=\"false\">\n\t\t\t\t\t\t\t\t\t\t\t\t<span class=\"elementor-toggle-icon elementor-toggle-icon-left\" aria-hidden=\"true\">\n\t\t\t\t\t\t\t\t\t\t\t\t\t\t\t<span class=\"elementor-toggle-icon-closed\"><i class=\"fas fa-caret-right\"><\/i><\/span>\n\t\t\t\t\t\t\t\t<span class=\"elementor-toggle-icon-opened\"><i class=\"elementor-toggle-icon-opened fas fa-caret-up\"><\/i><\/span>\n\t\t\t\t\t\t\t\t\t\t\t\t\t<\/span>\n\t\t\t\t\t\t\t\t\t\t\t\t<a class=\"elementor-toggle-title\" tabindex=\"0\">-01.10.2021-<\/a>\n\t\t\t\t\t<\/div>\n\n\t\t\t\t\t<div id=\"elementor-tab-content-2229\" class=\"elementor-tab-content elementor-clearfix\" data-tab=\"9\" role=\"region\" aria-labelledby=\"elementor-tab-title-2229\"><p><strong>T\u00dcB\u0130TAK Stajyer Ara\u015ft\u0131rmac\u0131 Program\u0131;\u00a0<\/strong><\/p><h6><span class=\"fr-just\">Link: <a href=\"https:\/\/star.tubitak.gov.tr\/\">https:\/\/star.tubitak.gov.tr\/<\/a><\/span><\/h6><\/div>\n\t\t\t\t<\/div>\n\t\t\t\t\t\t\t<div class=\"elementor-toggle-item\">\n\t\t\t\t\t<div id=\"elementor-tab-title-22210\" class=\"elementor-tab-title\" data-tab=\"10\" role=\"button\" aria-controls=\"elementor-tab-content-22210\" aria-expanded=\"false\">\n\t\t\t\t\t\t\t\t\t\t\t\t<span class=\"elementor-toggle-icon elementor-toggle-icon-left\" aria-hidden=\"true\">\n\t\t\t\t\t\t\t\t\t\t\t\t\t\t\t<span class=\"elementor-toggle-icon-closed\"><i class=\"fas fa-caret-right\"><\/i><\/span>\n\t\t\t\t\t\t\t\t<span class=\"elementor-toggle-icon-opened\"><i class=\"elementor-toggle-icon-opened fas fa-caret-up\"><\/i><\/span>\n\t\t\t\t\t\t\t\t\t\t\t\t\t<\/span>\n\t\t\t\t\t\t\t\t\t\t\t\t<a class=\"elementor-toggle-title\" tabindex=\"0\">-25.09.2021-<\/a>\n\t\t\t\t\t<\/div>\n\n\t\t\t\t\t<div id=\"elementor-tab-content-22210\" class=\"elementor-tab-content elementor-clearfix\" data-tab=\"10\" role=\"region\" aria-labelledby=\"elementor-tab-title-22210\"><h6><strong>Online ders alanlar\u0131n staj yapabilme durumu hakk\u0131nda;\u00a0<\/strong><\/h6><p>9 saatten az dersi olan \u00f6\u011frenciler y\u00f6netmelik gere\u011fi d\u00f6nem aras\u0131 staj yapabilirler. \u00d6\u011frencinin devam zorunlulu\u011fu olan dersi\/derslerinin (hepsi) online ise, \u00f6\u011frenci staj\u0131n\u0131 Erzurum d\u0131\u015f\u0131nda da yapabilir. Ama ald\u0131\u011f\u0131 derslerden en az birisi y\u00fczy\u00fcze ise (\u00f6\u011frencinin Erzurumda olma zorunlulu\u011fu nedeniyle) d\u00f6nem i\u00e7i staj\u0131n\u0131 Erzurum&#8217;da yapmak zorundad\u0131r.<\/p><\/div>\n\t\t\t\t<\/div>\n\t\t\t\t\t\t\t<div class=\"elementor-toggle-item\">\n\t\t\t\t\t<div id=\"elementor-tab-title-22211\" class=\"elementor-tab-title\" data-tab=\"11\" role=\"button\" aria-controls=\"elementor-tab-content-22211\" aria-expanded=\"false\">\n\t\t\t\t\t\t\t\t\t\t\t\t<span class=\"elementor-toggle-icon elementor-toggle-icon-left\" aria-hidden=\"true\">\n\t\t\t\t\t\t\t\t\t\t\t\t\t\t\t<span class=\"elementor-toggle-icon-closed\"><i class=\"fas fa-caret-right\"><\/i><\/span>\n\t\t\t\t\t\t\t\t<span class=\"elementor-toggle-icon-opened\"><i class=\"elementor-toggle-icon-opened fas fa-caret-up\"><\/i><\/span>\n\t\t\t\t\t\t\t\t\t\t\t\t\t<\/span>\n\t\t\t\t\t\t\t\t\t\t\t\t<a class=\"elementor-toggle-title\" tabindex=\"0\">-Daha Eski Duyurular-<\/a>\n\t\t\t\t\t<\/div>\n\n\t\t\t\t\t<div id=\"elementor-tab-content-22211\" class=\"elementor-tab-content elementor-clearfix\" data-tab=\"11\" role=\"region\" aria-labelledby=\"elementor-tab-title-22211\"><h6><a href=\"https:\/\/atauni.edu.tr\/1-ana-sayfa\">Y\u00f6nlendirme Linki<\/a><\/h6><\/div>\n\t\t\t\t<\/div>\n\t\t\t\t\t\t\t\t<\/div>\n\t\t\t\t\t\t<\/div>\n\t\t\t\t<\/div>\n\t\t\t\t\t<\/div>\n\t\t<\/div>\n\t\t\t\t\t<\/div>\n\t\t<\/section>\n\t\t\t\t<\/div>\n\t\t","protected":false},"excerpt":{"rendered":"<p>Staj S\u00f6zl\u00fc S\u0131nav\u0131 Hakk\u0131n Bilgilendirme 20.10.2024 Ekim Ay\u0131 Staj M\u00fclakat\u0131 Ekim Ay\u0131 Staj M\u00fclakat\u0131\u00a0 24.09.2024 Eyl\u00fcl Ay\u0131 Staj M\u00fclakat\u0131 Eyl\u00fcl Ay\u0131 Staj M\u00fclakatlar\u0131 -07.03.2023- 3. ve 4. S\u0131n\u0131f \u00d6\u011frencilerine Staj \u0130mkan\u0131 Makine M\u00fchendisli\u011fi, Havac\u0131l\u0131k ve Uzay M\u00fchendisli\u011fi, U\u00e7ak M\u00fchendisli\u011fi, Uzay M\u00fchendisli\u011fi, End\u00fcstri M\u00fchendisli\u011fi, Elektrik-Elektronik M\u00fchendisli\u011fi, Metal\u00fcrji ve Malzeme M\u00fchendisli\u011fi, Kimya M\u00fchendisli\u011fi, Mekatronik M\u00fchendisli\u011fi, Bilgisayar M\u00fchendisli\u011fi [&hellip;]<\/p>\n","protected":false},"author":247,"featured_media":0,"parent":0,"menu_order":0,"comment_status":"closed","ping_status":"closed","template":"","meta":{"footnotes":""},"class_list":["post-6273","page","type-page","status-publish","hentry"],"_links":{"self":[{"href":"https:\/\/atauni.edu.tr\/makine-muhendisligi\/wp-json\/wp\/v2\/pages\/6273","targetHints":{"allow":["GET"]}}],"collection":[{"href":"https:\/\/atauni.edu.tr\/makine-muhendisligi\/wp-json\/wp\/v2\/pages"}],"about":[{"href":"https:\/\/atauni.edu.tr\/makine-muhendisligi\/wp-json\/wp\/v2\/types\/page"}],"author":[{"embeddable":true,"href":"https:\/\/atauni.edu.tr\/makine-muhendisligi\/wp-json\/wp\/v2\/users\/247"}],"replies":[{"embeddable":true,"href":"https:\/\/atauni.edu.tr\/makine-muhendisligi\/wp-json\/wp\/v2\/comments?post=6273"}],"version-history":[{"count":74,"href":"https:\/\/atauni.edu.tr\/makine-muhendisligi\/wp-json\/wp\/v2\/pages\/6273\/revisions"}],"predecessor-version":[{"id":8491,"href":"https:\/\/atauni.edu.tr\/makine-muhendisligi\/wp-json\/wp\/v2\/pages\/6273\/revisions\/8491"}],"wp:attachment":[{"href":"https:\/\/atauni.edu.tr\/makine-muhendisligi\/wp-json\/wp\/v2\/media?parent=6273"}],"curies":[{"name":"wp","href":"https:\/\/api.w.org\/{rel}","templated":true}]}}